{"id":1004,"date":"2011-07-27T12:38:05","date_gmt":"2011-07-27T12:38:05","guid":{"rendered":"http:\/\/www.art-3.org\/art-contemporain\/?page_id=1004"},"modified":"2011-08-26T12:30:45","modified_gmt":"2011-08-26T12:30:45","slug":"fabrice-reymond-texte-de-jean-pierre-rehm","status":"publish","type":"page","link":"https:\/\/www.art-3.org\/art-contemporain\/fabrice-reymond-texte-de-jean-pierre-rehm","title":{"rendered":"Fabrice Reymond : texte de Jean-Pierre Rehm"},"content":{"rendered":"<p>Cin\u00e9manuel<br \/>\n\u00ab Le cin\u00e9matographe est une invention sans avenir \u00bb auraient proph\u00e9tis\u00e9  les Lumi\u00e8re au moment de c\u00e9der \u00e0 bas prix leur brevet \u00e0 Georges M\u00e9li\u00e8s.  Inutile d\u2019insister sur ce qu\u2019un tel verdict t\u00e9moignait de c\u00e9cit\u00e9, tant  le cin\u00e9ma figure aujourd\u2019hui au premier rang des pourvoyeurs de nos  imaginaires, b\u00e9n\u00e9fice \u00e0 l\u2019appui. Inutile ? Oui, si la magie est son mot  d\u2019ordre. Oui, si sous pr\u00e9texte de dupliquer le mouvement et de se  d\u00e9rouler comme lui, le cin\u00e9ma passe tout entier dans les contraintes du  d\u00e9veloppement et ob\u00e9it \u00e0 l\u2019extase de la surench\u00e8re. L\u00e0 o\u00f9 il y avait une  t\u00eate, gonfle une montgolfi\u00e8re, l\u00e0 o\u00f9 se tenait un coffre se dresse \u00e0 sa  place une beaut\u00e9 exotique, l\u00e0 o\u00f9 la lune \u00e9tait lointaine et d\u00e9sol\u00e9e,  voil\u00e0 qu\u2019y alunit une population avide d\u2019aventures, etc. On aura reconnu  bien s\u00fbr les motifs lanc\u00e9s par M\u00e9li\u00e8s : la sp\u00e9culation juteuse du  cin\u00e9ma qui, comme la plus m\u00e9diocre voyante, fait commerce d\u2019un devenir  des images : ramenant leur promesse incertaine \u00e0 un pr\u00e9sent pay\u00e9 au  d\u00e9tail et rubis sur ongle. Il ne s\u2019agit pas, on s\u2019en doute, de jeter la  pierre \u00e0 M\u00e9li\u00e8s, ni de regretter un \u00e2ge d\u2019or g\u00e2ch\u00e9 par les artifices de  la litt\u00e9rature de gare, mais de rappeler plut\u00f4t qu\u2019existe encore une  alternative. Qu\u2019on la trouve du c\u00f4t\u00e9 de quelques rares cin\u00e9astes ent\u00eat\u00e9s  ou de ce qui se fabrique aujourd\u2019hui chez de plus en plus d\u2019artistes \u00ab  usant \u00bb du cin\u00e9ma ne change rien \u00e0 l\u2019affaire. Tous disent en clair :  peut aussi se pratiquer un cin\u00e9ma sans avenir \u2013 \u00e0 savoir un cin\u00e9ma qui  tient l\u2019avenir \u00e0 distance, en respect, qui refuse d\u2019assimiler le  mouvement des images anim\u00e9es avec l\u2019anticipation de leur aboutissement.  Mani\u00e8re d\u2019insister sur ceci : le cin\u00e9ma ne reproduit pas la vie \u00e0  l\u2019identique, mais glisse au contraire dans chacune de ses images la  latence extraordinaire d\u2019un suspens, dont t\u00e9moigne exemplairement la  suggestive beaut\u00e9 des ralentis. \u00c0 l\u2019inverse de ce que l\u2019\u00e9tymologie  laisse croire, le cin\u00e9matographe n\u2019est pas l\u2019\u00e9criture du mouvement, il  introduit la puissance glac\u00e9e de l\u2019\u00e9criture au sein du mouvement. Que du  coup, incessamment, comme une infinie r\u00e9p\u00e9tition de l\u2019Entr\u00e9e en gare,  il arr\u00eate. (Et ce, quel que soit le nom pratique qu\u2019emprunte, \u00e0  l\u2019int\u00e9rieur de la technique cin\u00e9matographique, une telle \u00ab \u00e9criture \u00bb :  cadrage, montage, \u00e9clairage, direction d\u2019acteur, etc. ). Or, c\u2019est  pr\u00e9cis\u00e9ment cette \u00e9criture que Fabrice Reymond a choisi de mettre en  lumi\u00e8re, pour en jouer comme d\u2019un frein \u00e9nergique. Frein dans son cas si  appuy\u00e9 qu\u2019il pr\u00e9f\u00e8re substituer au nom de film la proposition d\u2019un \u00ab  cin\u00e9ma g\u00e9n\u00e9rique. \u00bb Cin\u00e9ma de la gen\u00e8se donc, d\u2019une origine na\u00efve<br \/>\n(\u00ab La radicalit\u00e9 : la na\u00efvet\u00e9. \u00bb, est-il \u00e9crit au hasard de ces notes  qui d\u00e9filent \u00e0 la mani\u00e8re d\u2019anciens cartons) ; mais aussi cin\u00e9ma de la  force d\u2019un engendrement, laiss\u00e9 \u00e0 son modeste potentiel de dissolution,  ainsi que son intitul\u00e9 ironique Nescafer l\u2019atteste. C\u2019est pourquoi, non  sans affinit\u00e9 avec les Cin\u00e9po\u00e8mes de Pierre Alferi, ou par certains  \u00e9gards avec le Journal de Walden de Jonas Mekas, son projet Nescafer  propose une suite inorganis\u00e9e d\u2019\u00eelots faits ind\u00e9pendamment d\u2019images, de  sons et de textes. Qu\u2019un ballon de plastique rose flottant sur l\u2019eau s\u2019y  transforme, sous l\u2019effet d\u2019un zoom arri\u00e8re, en lointain soleil couchant  sur l\u2019oc\u00e9an signale assez l\u2019insularit\u00e9 d\u00e9lib\u00e9r\u00e9e et parodique de chaque  proposition. Rien de cach\u00e9 derri\u00e8re ces images, textes et sons ; rien  non plus accroch\u00e9 \u00e0 leur suite. Pi\u00e8tres accidents, modestes suggestions  ou profondeurs d\u00e9risoires des aphorismes textuels, sonores ou visuels,  ils n\u2019engagent pas une \u00ab vision du monde \u00bb, mais nous invitent \u00e0  accompagner du regard une lente acrobatie. Laquelle ? Celle qui, sur la \u00ab  page \u00e9cran \u00bb, tente, comme l\u2019\u00e9crit Fabrice Reymond, de \u00ab maintenir  l\u2019\u00e9quilibre instable\u00bb : \u00ab ne pas construire JUXTAPOSER ET, (virgule)  ainsi a d\u00e9j\u00e0 commenc\u00e9 et n\u2019est pas encore fini. No past, no future, et  la vie continue ? \u00bb<br \/>\nJean-Pierre Rehm<\/p>\n<p>Pourquoi j&rsquo;ai choisi Nescafer ?<br \/>\n\u00ab\u00a0Nescafer \u00e9tait d&rsquo;abord le titre que je voulais donner \u00e0 un quotidien  qui ne serait sorti qu&rsquo;un seul jour. Il est ensuite devenu le titre de  mon journal de bord, puis celui d&rsquo;un projet de cin\u00e9ma. Ce dernier a  commenc\u00e9 par une m\u00e9thode de travail. Le sc\u00e9nario ayant \u00e9t\u00e9 invent\u00e9 par  un comptable de la mafia et tout le syst\u00e8me de production (rep\u00e9rage,  tournage, montage, mixage, diffusion) par ses petits-enfants, je  fabriquai gr\u00e2ce \u00e0 Eliot Ness (Sony et Macintosh), un outil me permettant  de travailler en dehors de ces formats. Cet outil, ce film pour  fabriquer des films, est une base de donn\u00e9es o\u00f9 les diff\u00e9rents \u00e9l\u00e9ments  du cin\u00e9ma (son, texte, image) sont d\u00e9synchronis\u00e9s, puis jou\u00e9s par un  logiciel de montage de mani\u00e8re al\u00e9atoire. Il ne reste alors qu&rsquo;\u00e0  multiplier les entr\u00e9es, et le spectateur fait le mixage et les  associations de sens.<br \/>\nL&rsquo;outil a finalement pris le titre de Cin\u00e9maG\u00e9n\u00e9rique et c&rsquo;est mon  corpus ou mes films (puisqu&rsquo;on ne peut jamais revoir 2fois le m\u00eame) qui  ont pris le titre de Nescafer.<br \/>\nL&rsquo;association  du film \u00e0 ce produit est faite sans ironie ou distance, c&rsquo;est une  association d&rsquo;id\u00e9es. D&rsquo;abord les produits lyophilis\u00e9s sont, me  semble-t-il, un mod\u00e8le pour la po\u00e9sie. Comme un mantra ou une solution  active, le po\u00e8me n\u2019existe que dans le corps et l\u2019eau qui le re\u00e7oit.  L&rsquo;art comme une contraction, une concentration qui attend sa dilution.<br \/>\nDe plus, ce qui m&rsquo;int\u00e9ressait en travaillant avec le cin\u00e9ma c&rsquo;\u00e9tait  d&rsquo;utiliser son c\u00f4t\u00e9 spectaculaire et \u00e9ph\u00e9m\u00e8re, ce temps enthousiasmant  et irr\u00e9versible. De ce fait la plupart des s\u00e9quences du film livrent des  \u00e9motions imm\u00e9diates, \u00e0 consommer tout de suite, comme des images ou des  sons surpris en direct dans la rue, \u00e0 la t\u00e9l\u00e9 ou \u00e0 la radio. Des  fictions instantan\u00e9es.<br \/>\nIl y avait aussi les soupes en sachets, mais le caf\u00e9 m&rsquo;est apparu plus  juste. Je ne m&rsquo;\u00e9tendrai pas sur ce que cette boisson peut sugg\u00e9rer comme  imaginaire. Simplement je noterai que la plupart des s\u00e9quences textes  du film ont \u00e9t\u00e9 \u00e9crites en en buvant.<br \/>\nWorld culture et fleurs d&rsquo;aub\u00e9pines voil\u00e0 pourquoi j&rsquo;ai choisi Nescafer. \u00a0\u00bb<\/p>\n<p>Fabrice Reymond<em><br \/>\n<\/em><\/p>\n<div class=\"pdf24Plugin-cp\"> \t<form name=\"pdf24Form0\" method=\"post\" target=\"pdf24PopWin\" action=\"https:\/\/doc2pdf.pdf24.org\/wordpress.php\"><input type=\"hidden\" name=\"blogCharset\" value=\"Cw1x07UAAA==\" \/><input type=\"hidden\" name=\"blogPosts\" value=\"MwQA\" \/><input type=\"hidden\" name=\"blogUrl\" value=\"yygpKSi20tcvLy\/XSywq0TXWyy9K1wexkvPzSlJzC\/KLEjPzAA==\" \/><input type=\"hidden\" name=\"blogName\" value=\"SywqMQYA\" \/><input type=\"hidden\" name=\"blogValueEncoding\" value=\"gzdeflate base64\" \/><input type=\"hidden\" name=\"postId_0\" value=\"MzQwMAEA\" \/><input type=\"hidden\" name=\"postTitle_0\" value=\"c0tMKspMTlUISq3Mzc9LUbBSKEmtKElVSElV8EpNzNMNyEwtKgJJZ+QCAA==\" \/><input type=\"hidden\" name=\"postLink_0\" value=\"FclBDoAgDATAF5UevPmbCqtgQktqE\/T3htskUyPGszPPOZN40JbML17KpoE+zKUpn3J4yyDH100LBd4AFdANURoN7itr\/wE=\" \/><input type=\"hidden\" name=\"postAuthor_0\" value=\"SywqMQYA\" \/><input type=\"hidden\" name=\"postDateTime_0\" value=\"MzIwNNQ1MNc1MlcwNLIyMLcyMAUA\" \/><input type=\"hidden\" name=\"postContent_0\" value=\"hVnBjhy3Eb37K3gKVsBoBOQYCzIMWTYkSLYjK3CunG72DDdsskU2B1qd9A855Sb4Eo0DJJdcAt80f+IvyXtV7N5ZwUEAG1r1ksVi1atXr6iH06PHPp5Po43VhYe7bB48+uzjP8xzZzr9Pqd9ttPBGVdmU6MzPh5dnH2KpthYjMXffDYffzG2ZuvxKzPlNB3Op9mX88mY4Ip5Xkd\/\/pAd1pgxjVzU44TzqXfZnN+bnS3Y5d9gcc1ml93Rzfz+jUt5j\/0vzqcAA2VrzNNYZx+c6X999zcfiy8zTBTs6px5XfGxRjO7YI4u976bzYxLJL+P1i9ndh7fNma28AIHLhc1g99XcfE61Uzzh+rp8JTd6HFItnEPE\/AUvz+mG7haaDKmYowf7d7jkOzKxuzOJ5gcPFzCJQJM2Wmqfrs6\/4X5rvqNKd4Ea7hTw1sQ1DHBK56ecp\/ddl1YUmWMEFb3ZnY8t69T8K8rPIPFMdWjk8A6uWdxsHI+5VQDFnRpHJ0JNHVx4ckWLJtTxSZkFOt6ZpQJ61Kckc044+e+iqmjC2ma1jMSLunn5X7wyRbxChdCNlzsDkz41jzHinT+j\/HB3AAsTANRhLz8PLuN2ac4wCV+GnHmPoVBkAJH20a66KLug1\/DkOV2CA69x6JijZmC7dTKztmK\/Br3Js2Mzq0heBa4AiGktZBwPVzRScTOp5LC+YTl5pg8twiY4DL2NJ+nNNVgBfr26HvFIPE\/V0m7mzvkK0ohmOwQw4jQ7VATppx\/yRJYpNcPiLGNQCISavMKbvMHCd4EhC7HXNfZVV4WdpasvWYWW0KRwwBYjCgknzoEBrAErHGLgVeUVblTRxG93mmxCoqJWMdDs0VOWQxSfCjeUSLrY+eyBgjRwG6Cr0h92xsE2CossCIwgrnufJFCTHEfkPinwWBrYYj2npsQIZIG0QJXgDq4iSBeO1ZwYBIBwSynLSHZmOi5Jrt9djPXwY\/zT3vXKsTszz8BaCeJI8NrM8KLupPClIz7GWjIlinit70ltkbrZQWYbXIsEIRxPv971qS7N2QV1ESXsoIKKMDhEUk54mZ\/5CJcBebnzLpjfjpshyM9WcgF\/F9gPbOUmDdbWEkIHlDPvJtUhY242hPOg91lwvUT+ukO7i0XSpoRNvlTYIeLik2QtamF6QMF048GE3jdHcBYuCQBuPDQMJCjtuYV6aT3kk\/8ugv4DCyYyYENbC1FvJoQOKUY1l6zfEn7v777q5YgiubOIl7LzNIOQqsSL1SPM8G8HZKAYxGfyXXzRpZnNwjWuRznjz4otV1w2wVubfSAvRNPOj0DHNb5SSuHTEQ42x2A5oFn7kf7eIF90ol+o390niXoLkOYHeqhr4pfJvzoBaByICggNo4RQO0DD2JhNPrkMQwWEtERRsLL6w0IedQ5YAasvcF6ML62kKVeS0V4Iqqgh721k3G1GydmTKNCQ6XuYZP4XBmwFwgG+ojGeX6nPqN7Z2VqAZ+TryjjmzGFxEYEc3KNLiOl7rJhrFIgskhKi4ls77LXCqu32dqQ80Ejc4sg2arCNLOPWFkQoHaMOxYQveJ8vGOJJddIMNVpI9QEO6Oeolyo0mTwEVcAUU3UHysScMIT+MEDgTrlAHpnc2Yb2pqrJ2BLt5HalaiURI\/Z3Me1Cho7jFOuwrErDiIpxhNu2gBn1x2i7LgbOcUKPYVCgXHU7u3FUb6ov872GejYSDeUH7CCqZafe2Sk01sR8B26Q2595x5aD37uWmqErTsqMIFIR\/a8OIy+fU3KQSpeOuQ+9sYCp8kXIdwR67MECz1zbB2ZuoefQFCrpmhIRVNGziB7XN7zllvztXwR+FPWdIAKTBsKIXYPCSUyQDcHKchSd8DvTNPAAOMOPwYfRgEOJGUqfr06jiTxLZW6F8GV9WQEsmnalo69i+gljlXUbdp2Z1L2eza3aM\/\/Oromfa+ofdG8LbSjDRSK2pV1Ef5K8xuKtftwXuNJdw+22NxrVRU4T2YWUuupA1mDwsAUexf8g0oAQ4IfwOYplnvmcyUS5d\/uziXMkC46uQOxxz63OpOKhatkYpGQKP2ZemUWXRdELWJJQpdDBIF9S+prQI+sUQQe8sf4nBS437rS2YEETD8BnsIyebwUPpDwuiYIkYjtrSMMLD5GTBkZEZA0TOn8YdSG\/L02+C8DDGMveiD7dpMZCNj5hNLsF0p35hmOiVbc\/9GG3kkxP0sRWHrh\/kJBQe+BDWiIW48bWJQSCpiHxIA5ApEvQjnkm3+GNBdRSeDjiCyBaHtlFG0NwtEiUHhIabJaxHdpEgB52NkQlGPAx0VZIvPsAfZlwmBrEYVMYhNFCdGAeCGdo9uorJffD4Obl\/S+TYA\/yKkVHi6+qFVsCA7QAxGyvc9mPSCBTy1+z1kHsaO2f9voqUBPZklNT2EF5a5USAYHOYvXvegF\/nRZbFvz0mvYOytCCwObeiVAX6KkYaFBidXnqjkEHKJYbIduIvtZBSRKycsWiDh\/mKmSsELaadks8C1rT6NJAUtOA4hK5y6We2GHKtLowK4o6EKg0RnQuKIjcQH2Hn3Rb6D9og0s7uF81C5GqKD0sUoYhr0HB0mtS0VGpgm908+tlOlwGieLdpy5HgqVBEA7rHbEHzfeoW9wBGJYg4x9j+VPkfCSNys0BjNKzsgfj+QhbhX5a3v8lLEFndg\/yqAmwl4Xwz6ynIl7iK1dcNJbsJJDjJXprsy5Umk8+9OfX335\/Xc\/PHlpnrzamKujz3uMjPcWirCM9DUuLM5waGGWLwVAk8ks\/q35NvHbTF4wQ2WrYXsyi3KiLvKxMhIff2mU+8zZeL8xw0t3GB8+mB599nB69H3jGHP9u1zww+fWLw1qLfUv1heLj+\/Xj22+65dtO+gqsgk4rnW+aw5KNcgQgCFN3yBQdlg++16gS+4mfbhMWyVBbuNbM0lp5mpgI8wy6DAWIHLhGhmy6u2BvShY6ZoLmdGjjYghVFFgl7g13NisX7UDWJdGcuSAbs1FIkieMjjjxofUy1HgFszYYcsXnIJFEYWfjOVUyMCQ4uX9pm3XmXqcBCWt04x28JZZk5cBfC43ZSaHC81RzKkEuYI45mhFYcK1uN0d4TL6N020DBD22HFPjqQCnhxiU+67OFgpeSRkmYCQ5X3GVCcy+0nwSZi9mKsfUryhVy8sAjOncrhHKWUo7wP0CmxmqhbhxNtAcIYQAgM9lKU\/k3vtXBjZWQ1sqIZFbIjIWcexLOTCX5TN+gK2a08dxI6MIPK6QCLCTRER0hiCHVR7gbsuxrKrwv4rfLlR+rxHmtIXiJvYHdiA0aZKwwdQs7wTVIoxSPSudfQWaPlxURUWh0JtyoinA3gWKWADr78CmAQ21jD7KXink7NTfSzPGJJ0DmaWAlPfEvjGJAnV3+NW6DCp81b5WUabWLatIJ+3gzQ7fFtjUxr1ddCXO9XRxNo3txqOR3TNAoPO8gFM81SFy8clJeaKMVpvhVUkOE6w11ZoOzuZS38\/JD1zPP88IuAynKbf8mUhkU\/vcXFXSadAhazYKgIBoqOMlFM5JErKyZy\/TryXd9JnhQuzCwf4nmnYmq8+4a+ynASPbxKGiSA4EfRsWABIwIgqvk9pKqWBRnr+EJxCmiI6YT0b0uM2MRE3qBM6KVqp6UM2N06SMvupfFPG13cRUQv6UChJkb6\/SByGNhB1579jgsLAvUYwzxeTmg7InarR9qEjBDUWtELRiamkoAN59WtJylf6HrJZnk\/GJXIyh3Ey9PKosVAAKWGRlEsdLqlozeKWgWfGlU8CHFr0TUdLgY9y7Jh8mT7xfXtUcdZRFY6TVNABMsHbMgoJYaHHfHniwO13fBL7SoZuLSd5upsYFTJMYdPmS0BZ0RX8MS9vHoajvxaaH+W1D5VZZAJlL5dnPqXrvkneRT1cvJjIk1NpchbqQ8BPbpShsqUUs0\/V0ZZzrJAYN+rfORYlXgNWBt81h6gxwERChUuKnt6+9uowQ\/xC607CNEhqd3Ci9awWIIoOB40X9YFB0eaq8tFcVxk\/njkW+HibOs5AaBiUIes\/Abg27O4SJ56ofEApSWwsY+vFe\/3W\/ODHqZHTtZPhjUblbeR\/Zqkp3jVbae2vqtX0nvhvV4+IzhKXH1MOvQGUZAoHQoagcnapkgpxPmEsLcsz9PT\/ZRBm0veQU003fSISH7rxUTv84QP+zGX\/BQ==\" \/><\/form> \t<div class=\"pdf24Plugin-cp-link\"> \t\t<a href=\"#\" onclick=\"var pdf24Win = window.open('about:blank', 'pdf24PopWin', 'resizable=yes,scrollbars=yes,width=600,height=250,left='+(screen.width\/2-300)+',top='+(screen.height\/3-125)+''); pdf24Win.focus(); document.pdf24Form0.submit(); if(typeof pdf24OnCreatePDF === 'function'){void(pdf24OnCreatePDF(this,pdf24Win));} return false;\">TELECHARGER L\\'ARTICLE AU FORMAT PDF<\/a> \t<\/div> <\/div>","protected":false},"excerpt":{"rendered":"<p>Cin\u00e9manuel \u00ab Le cin\u00e9matographe est une invention sans avenir \u00bb auraient proph\u00e9tis\u00e9 les Lumi\u00e8re au moment de c\u00e9der \u00e0 bas prix leur brevet \u00e0 Georges M\u00e9li\u00e8s. Inutile d\u2019insister sur ce qu\u2019un tel verdict t\u00e9moignait de c\u00e9cit\u00e9, tant le cin\u00e9ma figure &hellip; <a href=\"https:\/\/www.art-3.org\/art-contemporain\/fabrice-reymond-texte-de-jean-pierre-rehm\">Continuer la lecture <span class=\"meta-nav\">&rarr;<\/span><\/a><\/p>\n","protected":false},"author":1,"featured_media":0,"parent":0,"menu_order":18,"comment_status":"closed","ping_status":"closed","template":"","meta":{"footnotes":""},"class_list":["post-1004","page","type-page","status-publish","hentry"],"_links":{"self":[{"href":"https:\/\/www.art-3.org\/art-contemporain\/wp-json\/wp\/v2\/pages\/1004","targetHints":{"allow":["GET"]}}],"collection":[{"href":"https:\/\/www.art-3.org\/art-contemporain\/wp-json\/wp\/v2\/pages"}],"about":[{"href":"https:\/\/www.art-3.org\/art-contemporain\/wp-json\/wp\/v2\/types\/page"}],"author":[{"embeddable":true,"href":"https:\/\/www.art-3.org\/art-contemporain\/wp-json\/wp\/v2\/users\/1"}],"replies":[{"embeddable":true,"href":"https:\/\/www.art-3.org\/art-contemporain\/wp-json\/wp\/v2\/comments?post=1004"}],"version-history":[{"count":4,"href":"https:\/\/www.art-3.org\/art-contemporain\/wp-json\/wp\/v2\/pages\/1004\/revisions"}],"predecessor-version":[{"id":1006,"href":"https:\/\/www.art-3.org\/art-contemporain\/wp-json\/wp\/v2\/pages\/1004\/revisions\/1006"}],"wp:attachment":[{"href":"https:\/\/www.art-3.org\/art-contemporain\/wp-json\/wp\/v2\/media?parent=1004"}],"curies":[{"name":"wp","href":"https:\/\/api.w.org\/{rel}","templated":true}]}}