{"id":862,"date":"2013-03-21T15:19:32","date_gmt":"2013-03-21T15:19:32","guid":{"rendered":"http:\/\/www.art-3.org\/residence-artiste-international"},"modified":"2014-02-06T14:25:46","modified_gmt":"2014-02-06T14:25:46","slug":"temoignages","status":"publish","type":"page","link":"http:\/\/www.art-3.org\/residence-artiste-international\/82-2\/temoignages","title":{"rendered":"T\u00e9moignages"},"content":{"rendered":"<h4><strong>Mathieu Latulippe | r\u00e9sidence \u00e0 Valence d&rsquo;octobre \u00e0 d\u00e9cembre 2012<\/strong><\/h4>\n<h4><\/h4>\n<h4 style=\"text-align: justify;\">Bonjour,<br \/>\nJ&rsquo;aimerais seulement dire ici, en quelques mots, \u00e0 quel point j&rsquo;appr\u00e9cie  la r\u00e9sidence que suis en train de faire \u00e0 Valence (France) gr\u00e2ce \u00e0  Optica (Montr\u00e9al) et art3 (Valence). En effet, Valence est une petite  ville assez tranquille&#8230; mais qui a ses charmes. Cette tranquillit\u00e9 me  permet de me concentrer activement sur mes recherches et mes  explorations techniques. Ma pratique artistique comporte une large part  de lectures et de recherches sur internet, et j&rsquo;essaie de profiter le  plus possible du temps que m&rsquo;offre cette r\u00e9sidence afin d&rsquo;avancer \u00e0 fond  dans l&rsquo;\u00e9laboration de mes projets \u00e0 venir. Bien que ce ne soit pas une  r\u00e9sidence ax\u00e9e sur la production (la r\u00e9sidence ne comporte pas vraiment  d&rsquo;atelier, mais on peut facilement se faire un petit espace de travail  dans le studio&#8230; qui est cela-dit bien confortable&#8230;), je profite tout  de m\u00eame de ce moment pour travailler, par exemples, sur des  photographies qui n\u00e9cessitent un travail \u00e0 partir de photoshop, pour  faire un peu de dessins, gouache, aquarelle, pour r\u00e9aliser de petits  \u00e9l\u00e9ments, pour mettre \u00e0 jour mon site web (bient\u00f4t!), pour m&rsquo;initier \u00e0  certains logiciels obscures et incompr\u00e9hensibles, et parce qu&rsquo;il le faut  bien, pour faire un peu de bureaucratie. De plus, \u00e9tant donn\u00e9 que le  cachet est cons\u00e9quent, et que Valence est situ\u00e9e presque au millieu de  la France, on peut aller visiter des expositions, ou assister \u00e0 des  conf\u00e9rences, dans des villes avoisinantes telles que Lyon, Grenoble,  Gen\u00e8ve, Marseille, en faisant seulement 1 ou 2 heures de train ou  d&rsquo;avion. Personnellement, je prend un peu le studio comme un  pied-\u00e0-terre en Europe, \u00e9tant donn\u00e9 qu&rsquo;il est bien s\u00fbr aussi possible,  et facile, et parfois pas si co\u00fbteux de voyager dans d&rsquo;autres pays  d&rsquo;Europe en avion ou par train. Je suis tr\u00e8s satisfait du travail de la  directrice, Sylvie Vojik, qui est toujours l\u00e0 pour r\u00e9pondre \u00e0 mes  questions et qui m&rsquo;aide beaucoup \u00e0 rencontrer des gens du milieu. Enfin,  pour ceux que \u00e7a int\u00e9resse, le climat est agr\u00e9able et les paysages  pittoresques&#8230; bon moi je pr\u00e9f\u00e8re lire en t-shirt au gros soleil sur le  bord du Rh\u00f4ne qu&rsquo;en soufflant sur mes doigts bleut\u00e9s les deux pieds  dans la slush&#8230; mais je suis peut-\u00eatre un peu capricieux&#8230;<br \/>\nLe programme de r\u00e9sidence art3 \u00e0 Stuttgart est arriv\u00e9 comme une fraction  particuli\u00e8rement importante d&rsquo;un\u00a0moment d\u00e9cisif. Prendre une distance  g\u00e9ographique c&rsquo;est un espace o\u00f9 le travail rentre dans sa dimension  singuli\u00e8re. Recherche est le terme qui caract\u00e9rise ce qui s&rsquo;est pass\u00e9  avant la r\u00e9sidence et \u00e0 son d\u00e9but. Puis la recherche \u00e9tait toujours  pr\u00e9sente, transform\u00e9e en recherche active, ou productive. Dans l&rsquo;atelier  au sein du programme de r\u00e9sidence, se trouvait un axe sur lequel j&rsquo;ai  pu \u00e9tendre les perspectives de mon projet artistique. Ce s\u00e9jour m\u2019a permis de rencontrer le milieu artistique Montr\u00e9alais lors  des vernissages mais aussi lors de rendez-vous et de rencontres  individuelles. Ceux-ci sont en outre facilit\u00e9s par Marie-Jos\u00e9e Lafortune  qui de part son r\u00e9seau professionnel peut permettre \u00e0 l&rsquo;artiste invit\u00e9  des facilit\u00e9s de rencontres.<br \/>\nLe r\u00e9sident b\u00e9n\u00e9ficie d&rsquo;un logement id\u00e9alement situ\u00e9 sur le Plateau. Le  fait de ne pas avoir d&rsquo;atelier est clairement d\u00e9fini dans les conditions  de r\u00e9sidence et personnellement j&rsquo;ai appr\u00e9ci\u00e9 d&rsquo;avoir pour moi, en  quelque sorte, la ville comme espace de travail. Les conditions  climatiques \u00e9tant favorable j&rsquo;ai pu passer le maximum de temps dehors.  De plus, on s&rsquo;aper\u00e7oit qu&rsquo;en cas de n\u00e9cessit\u00e9 les contacts et les  rencontres peuvent permettre au r\u00e9sident de trouver un lieu de travail  temporaire aupr\u00e8s des artistes ou des centres d&rsquo;art autog\u00e9r\u00e9s.La r\u00e9sidence de recherche m&rsquo;a permis de faire le point sur mon travail  et de r\u00e9fl\u00e9chir \u00e0 la poursuite de celui-ci. J&rsquo;ai ainsi pu d\u00e9velopper un  travail photographique auquel je n&rsquo;avais pas pu consacrer beaucoup de  temps auparavant ainsi qu\u2019un travail vid\u00e9o qui m\u2019a accompagn\u00e9 tout le  temps de cette r\u00e9sidence. C\u2019est aussi, et surtout un moment o\u00f9 l\u2019on peut  se tromper, o\u00f9 l\u2019on peut exp\u00e9rimenter des pistes de travail et \u00e9laborer  des projets \u00e0 venir et cibler des structures locales avec lesquelles  ces projets peuvent se r\u00e9aliser.<br \/>\nLa dotation financi\u00e8re assez cons\u00e9quente permet \u00e0 l&rsquo;artiste de voyager  et de d\u00e9couvrir d&rsquo;autres villes afin d&rsquo;avoir un spectre plus large que  Montr\u00e9al. Je pense que ce point est essentiel pour avoir un r\u00e9el aper\u00e7u  de la r\u00e9alit\u00e9 urbaine et de ses particularit\u00e9s g\u00e9ographique.<br \/>\nLe retour sur cette r\u00e9sidence, au travers d&rsquo;une \u00e9dition crois\u00e9e, entre  l&rsquo;artiste fran\u00e7ais et Qu\u00e9b\u00e9cois est tr\u00e8s important car il permet de  cristalliser sous une forme ce temps de r\u00e9sidence.<br \/>\nLa r\u00e9sidence r\u00e9alis\u00e9e dans le cadre de art3 m&rsquo;a permis de me consacrer  pleinement \u00e0 ma pratique dans un cadre favorisant la recherche et la  prise de risque. Les diff\u00e9rents intervenants qui m&rsquo;ont accompagn\u00e9s lors  de ce s\u00e9jour ont nourris m&rsquo;a r\u00e9flexion et favoris\u00e9 mon int\u00e9gration au  milieu culturel de la r\u00e9gion. J&rsquo;ai joui d&rsquo;une grande libert\u00e9, sentant  qu&rsquo;on me faisait confiance et qu&rsquo;on laissait la d\u00e9marche se d\u00e9ployer. Ce  temps privil\u00e9gier \u00e0 r\u00e9fl\u00e9chir et d\u00e9velopper les projets fut donc tr\u00e8s  fertile. J&rsquo;en r\u00e9colte encore les fruits dans ce que je produis  aujourd&rsquo;hui.<\/h4>\n<h4><\/h4>\n<h4><strong>S\u00e9bastien Leseigneur | r\u00e9sidence \u00e0 Stuttgart d\u2019avril \u00e0 juin 2012<br \/>\n<\/strong><\/h4>\n<h4><\/h4>\n<h4 style=\"text-align: justify;\">Le programme de r\u00e9sidence art3 \u00e0 Stuttgart est arriv\u00e9 comme une fraction particuli\u00e8rement importante d&rsquo;un\u00a0moment d\u00e9cisif. Prendre une distance g\u00e9ographique c&rsquo;est un espace o\u00f9 le travail rentre dans sa dimension singuli\u00e8re. Recherche est le terme qui caract\u00e9rise ce qui s&rsquo;est pass\u00e9 avant la r\u00e9sidence et \u00e0 son d\u00e9but. Puis la recherche \u00e9tait toujours pr\u00e9sente, transform\u00e9e en recherche active, ou productive. Dans l&rsquo;atelier au sein du programme de r\u00e9sidence, se trouvait un axe sur lequel j&rsquo;ai pu \u00e9tendre les perspectives de mon projet artistique.<\/h4>\n<h4><\/h4>\n<h4><strong>Laurent Pernel | r\u00e9sidence \u00e0 Montr\u00e9al d\u2019octobre \u00e0 d\u00e9cembre 2011<br \/>\n<\/strong><\/h4>\n<h4><\/h4>\n<h4 style=\"text-align: justify;\">J&rsquo;ai pass\u00e9 les trois derniers mois de l&rsquo;ann\u00e9e 2011 \u00e0 Montr\u00e9al dans le cadre de la\u00a0 r\u00e9sidence de recherche initi\u00e9e par Optica et Art3.\u00a0 J&rsquo;ai postul\u00e9 \u00e0 cette r\u00e9sidence car j&rsquo;avais \u00e9t\u00e9 interpell\u00e9 par l&rsquo;accent mis sur la recherche. Il me semble que le premier int\u00e9r\u00eat de cette r\u00e9sidence, est justement ce temps disponible hors de son cadre de vie, comme une parenth\u00e8se, sans imp\u00e9ratif de r\u00e9sultat et de production et sans calendrier d&rsquo;exposition en fin de s\u00e9jour. Cette d\u00e9finition de r\u00e9sidence est assez rare pour \u00eatre soulign\u00e9.<\/h4>\n<h4><\/h4>\n<h4 style=\"text-align: justify;\">Ce s\u00e9jour m\u2019a permis de rencontrer le milieu artistique Montr\u00e9alais lors des vernissages mais aussi lors de rendez-vous et de rencontres individuelles. Ceux-ci sont en outre facilit\u00e9s par Marie-Jos\u00e9e Lafortune qui de part son r\u00e9seau professionnel peut permettre \u00e0 l&rsquo;artiste invit\u00e9 des facilit\u00e9s de rencontres. Le r\u00e9sident b\u00e9n\u00e9ficie d&rsquo;un logement id\u00e9alement situ\u00e9 sur le Plateau. Le fait de ne pas avoir d&rsquo;atelier est clairement d\u00e9fini dans les conditions de r\u00e9sidence et personnellement j&rsquo;ai appr\u00e9ci\u00e9 d&rsquo;avoir pour moi, en quelque sorte, la ville comme espace de travail. Les conditions climatiques \u00e9tant favorable j&rsquo;ai pu passer le maximum de temps dehors. De plus, on s&rsquo;aper\u00e7oit qu&rsquo;en cas de n\u00e9cessit\u00e9 les contacts et les rencontres peuvent permettre au r\u00e9sident de trouver un lieu de travail temporaire aupr\u00e8s des artistes ou des centres d&rsquo;art autog\u00e9r\u00e9s.<\/h4>\n<h4><\/h4>\n<h4 style=\"text-align: justify;\">La r\u00e9sidence de recherche m&rsquo;a permis de faire le point sur mon travail et de r\u00e9fl\u00e9chir \u00e0 la poursuite de celui-ci. J&rsquo;ai ainsi pu d\u00e9velopper un travail photographique auquel je n&rsquo;avais pas pu consacrer beaucoup de temps auparavant ainsi qu\u2019un travail vid\u00e9o qui m\u2019a accompagn\u00e9 tout le temps de cette r\u00e9sidence. C\u2019est aussi, et surtout un moment o\u00f9 l\u2019on peut se tromper, o\u00f9 l\u2019on peut exp\u00e9rimenter des pistes de travail et \u00e9laborer des projets \u00e0 venir et cibler des structures locales avec lesquelles ces projets peuvent se r\u00e9aliser.<br \/>\nLa dotation financi\u00e8re assez cons\u00e9quente permet \u00e0 l&rsquo;artiste de voyager et de d\u00e9couvrir d&rsquo;autres villes afin d&rsquo;avoir un spectre plus large que Montr\u00e9al. Je pense que ce point est essentiel pour avoir un r\u00e9el aper\u00e7u de la r\u00e9alit\u00e9 urbaine et de ses particularit\u00e9s g\u00e9ographique.<\/h4>\n<h4><\/h4>\n<h4 style=\"text-align: justify;\">Le retour sur cette r\u00e9sidence, au travers d&rsquo;une \u00e9dition crois\u00e9e, entre l&rsquo;artiste fran\u00e7ais et Qu\u00e9b\u00e9cois est tr\u00e8s important car il permet de cristalliser sous une forme ce temps de r\u00e9sidence.<\/h4>\n<h4><\/h4>\n<h4><strong>Olivia Boudreau | r\u00e9sidence \u00e0 Valence d\u2019octobre \u00e0 d\u00e9cembre 2010<br \/>\n<\/strong><\/h4>\n<h4><\/h4>\n<h4 style=\"text-align: justify;\">La r\u00e9sidence r\u00e9alis\u00e9e dans le cadre de art3 m&rsquo;a permis de me consacrer pleinement \u00e0 ma pratique dans un cadre favorisant la recherche et la prise de risque. Les diff\u00e9rents intervenants qui m&rsquo;ont accompagn\u00e9s lors de ce s\u00e9jour ont nourris m&rsquo;a r\u00e9flexion et favoris\u00e9 mon int\u00e9gration au milieu culturel de la r\u00e9gion. J&rsquo;ai joui d&rsquo;une grande libert\u00e9, sentant qu&rsquo;on me faisait confiance et qu&rsquo;on laissait la d\u00e9marche se d\u00e9ployer. Ce temps privil\u00e9gi\u00e9 \u00e0 r\u00e9fl\u00e9chir et d\u00e9velopper les projets fut donc tr\u00e8s fertile. J&rsquo;en r\u00e9colte encore les fruits dans ce que je produis aujourd&rsquo;hui.<\/h4>\n","protected":false},"excerpt":{"rendered":"<p>Mathieu Latulippe | r\u00e9sidence \u00e0 Valence d&rsquo;octobre \u00e0 d\u00e9cembre 2012 Bonjour, J&rsquo;aimerais seulement dire ici, en quelques mots, \u00e0 quel point j&rsquo;appr\u00e9cie la r\u00e9sidence que suis en train de faire \u00e0 Valence (France) gr\u00e2ce \u00e0 Optica (Montr\u00e9al) et art3 (Valence). &hellip; <a href=\"http:\/\/www.art-3.org\/residence-artiste-international\/82-2\/temoignages\">Continuer la lecture <span class=\"meta-nav\">&rarr;<\/span><\/a><\/p>\n","protected":false},"author":1,"featured_media":0,"parent":82,"menu_order":4,"comment_status":"closed","ping_status":"closed","template":"","meta":[],"_links":{"self":[{"href":"http:\/\/www.art-3.org\/residence-artiste-international\/wp-json\/wp\/v2\/pages\/862"}],"collection":[{"href":"http:\/\/www.art-3.org\/residence-artiste-international\/wp-json\/wp\/v2\/pages"}],"about":[{"href":"http:\/\/www.art-3.org\/residence-artiste-international\/wp-json\/wp\/v2\/types\/page"}],"author":[{"embeddable":true,"href":"http:\/\/www.art-3.org\/residence-artiste-international\/wp-json\/wp\/v2\/users\/1"}],"replies":[{"embeddable":true,"href":"http:\/\/www.art-3.org\/residence-artiste-international\/wp-json\/wp\/v2\/comments?post=862"}],"version-history":[{"count":6,"href":"http:\/\/www.art-3.org\/residence-artiste-international\/wp-json\/wp\/v2\/pages\/862\/revisions"}],"predecessor-version":[{"id":898,"href":"http:\/\/www.art-3.org\/residence-artiste-international\/wp-json\/wp\/v2\/pages\/862\/revisions\/898"}],"up":[{"embeddable":true,"href":"http:\/\/www.art-3.org\/residence-artiste-international\/wp-json\/wp\/v2\/pages\/82"}],"wp:attachment":[{"href":"http:\/\/www.art-3.org\/residence-artiste-international\/wp-json\/wp\/v2\/media?parent=862"}],"curies":[{"name":"wp","href":"https:\/\/api.w.org\/{rel}","templated":true}]}}