{"id":854,"date":"2013-03-20T17:58:28","date_gmt":"2013-03-20T17:58:28","guid":{"rendered":"http:\/\/www.art-3.org\/residence-artiste-international"},"modified":"2015-09-17T14:42:46","modified_gmt":"2015-09-17T14:42:46","slug":"appels-a-candidature","status":"publish","type":"page","link":"http:\/\/www.art-3.org\/residence-artiste-international\/82-2\/appels-a-candidature","title":{"rendered":"Appels \u00e0 candidature"},"content":{"rendered":"<h6><a href=\"http:\/\/www.art-3.org\/art-contemporain\/wp-content\/uploads\/2014-Appel-candidature-barcelone.pdf\">_______________________<br \/>\n<\/a>2015-appel-candidature-stuttgart<a href=\"http:\/\/www.art-3.org\/residence-artiste-international\/wp-content\/uploads\/2015-appel-candidature-stuttgart.pdf\"><br \/>\n<\/a>2015-Appel-candidature-barcelone<\/h6>\n<h6><a href=\"http:\/\/www.art-3.org\/art-contemporain\/wp-content\/uploads\/2014-Appel-candidature-barcelone.pdf\">_______________________<\/a><\/h6>\n<h6>2014-appel-candidature-stuttgart<br \/>\n2014-appel-candidature &#8211; Barcelone<\/h6>\n<h6><a href=\"http:\/\/www.art-3.org\/art-contemporain\/wp-content\/uploads\/2014-Appel-candidature-barcelone.pdf\"><strong> <\/strong><\/a><a href=\"http:\/\/www.art-3.org\/art-contemporain\/wp-content\/uploads\/2014-Appel-candidature-barcelone.pdf\">_______________________<\/a><\/h6>\n<h6><strong> <\/strong><strong>R\u00e9sidence GLOBAL ART PROGRAMME<\/strong><strong>-2013<\/strong><br \/>\nR\u00e9sidence &#8211; Stuttgart- 2013<br \/>\nR\u00e9sidence &#8211; Montr\u00e9al-2013 <a href=\"http:\/\/www.art-3.org\/art-contemporain\/wp-content\/uploads\/2014-Appel-candidature-barcelone.pdf\"><br \/>\n_______________________<\/a><\/h6>\n","protected":false},"excerpt":{"rendered":"<p>_______________________ 2015-appel-candidature-stuttgart 2015-Appel-candidature-barcelone _______________________ 2014-appel-candidature-stuttgart 2014-appel-candidature &#8211; Barcelone _______________________ R\u00e9sidence GLOBAL ART PROGRAMME-2013 R\u00e9sidence &#8211; Stuttgart- 2013 R\u00e9sidence &#8211; Montr\u00e9al-2013 _______________________<\/p>\n","protected":false},"author":1,"featured_media":0,"parent":82,"menu_order":4,"comment_status":"closed","ping_status":"closed","template":"","meta":[],"_links":{"self":[{"href":"http:\/\/www.art-3.org\/residence-artiste-international\/wp-json\/wp\/v2\/pages\/854"}],"collection":[{"href":"http:\/\/www.art-3.org\/residence-artiste-international\/wp-json\/wp\/v2\/pages"}],"about":[{"href":"http:\/\/www.art-3.org\/residence-artiste-international\/wp-json\/wp\/v2\/types\/page"}],"author":[{"embeddable":true,"href":"http:\/\/www.art-3.org\/residence-artiste-international\/wp-json\/wp\/v2\/users\/1"}],"replies":[{"embeddable":true,"href":"http:\/\/www.art-3.org\/residence-artiste-international\/wp-json\/wp\/v2\/comments?post=854"}],"version-history":[{"count":27,"href":"http:\/\/www.art-3.org\/residence-artiste-international\/wp-json\/wp\/v2\/pages\/854\/revisions"}],"predecessor-version":[{"id":1164,"href":"http:\/\/www.art-3.org\/residence-artiste-international\/wp-json\/wp\/v2\/pages\/854\/revisions\/1164"}],"up":[{"embeddable":true,"href":"http:\/\/www.art-3.org\/residence-artiste-international\/wp-json\/wp\/v2\/pages\/82"}],"wp:attachment":[{"href":"http:\/\/www.art-3.org\/residence-artiste-international\/wp-json\/wp\/v2\/media?parent=854"}],"curies":[{"name":"wp","href":"https:\/\/api.w.org\/{rel}","templated":true}]}}