{"id":82,"date":"2011-01-27T16:17:05","date_gmt":"2011-01-27T16:17:05","guid":{"rendered":"http:\/\/www.art-3.org\/residence-artiste-international"},"modified":"2017-06-24T14:16:04","modified_gmt":"2017-06-24T14:16:04","slug":"82-2","status":"publish","type":"page","link":"http:\/\/www.art-3.org\/residence-artiste-international\/","title":{"rendered":"Programme de r\u00e9sidences"},"content":{"rendered":"<h5 style=\"text-align: justify;\"><strong>R\u00e9sidences d&rsquo;artistes<\/strong><\/h5>\n<h5 style=\"text-align: justify;\">Le programme international de r\u00e9sidences initi\u00e9 par art3, ax\u00e9 sur la recherche et la production, soutient des artistes issus de la r\u00e9gion Rh\u00f4ne-Alpes en leur donnant la possibilit\u00e9 de r\u00e9sider \u00e0 l\u2019\u00e9tranger (Allemagne, Canada, Espagne, Italie) pour une p\u00e9riode de trois mois. Bas\u00e9 sur l\u2019\u00e9change et des coop\u00e9rations inter-r\u00e9gionales, art3 re\u00e7oit la m\u00eame p\u00e9riode un artiste \u00e9tranger. Ces r\u00e9sidences ont comme objectif de favoriser la mobilit\u00e9 des artistes et de faciliter la connaissance et les relations avec la r\u00e9alit\u00e9 artistique de chaque territoire. art3 s&rsquo;appuie sur un r\u00e9seau de structures \u00e0 l&rsquo;\u00e9tranger impliqu\u00e9es dans ces \u00e9changes qui mettent en commun leur comp\u00e9tence pour accompagner de part et d&rsquo;autres la recherche des artistes.<br \/>\nDes appels \u00e0 candidature sont envoy\u00e9s chaque ann\u00e9e \u00e0 destinations des artistes qui ont fait leurs \u00e9tudes dans la R\u00e9gion Rh\u00f4ne-Alpes ou y habitent. Un jury de professionnels est constitu\u00e9 pour \u00e9tudier les dossiers.<\/h5>\n<h5>Les structures professionnelles \u00e0 l\u2019\u00e9tranger avec lesquelles nous collaborons : Institut  fran\u00e7ais de Stuttgart  | Optica, un Centre d\u2019art contemporain, Montr\u00e9al  | Homesession, Barcelone| l&rsquo;Akademie Schloss Solitude, Stuttgart | a.titolo, Turin.<\/h5>\n<h5><strong>R\u00e9sidence de critiques, commissaires<\/strong><br \/>\nCette r\u00e9sidence de recherche s&rsquo;adresse aux critiques, aux commissaires  ind\u00e9pendants ou rattach\u00e9s \u00e0 un lieu en Auvergne-Rh\u00f4ne-Alpes. Chaque ann\u00e9e, un(e)  critique et\/ou commissaire a l\u2019opportunit\u00e9 de r\u00e9sider deux mois \u00e0  l\u2019<span style=\"text-decoration: underline;\">Akademie Schloss Solitude<\/span> pour poursuivre des recherches en cours.<\/h5>\n<h5><strong>Ce programme est soutenu par<\/strong> :<br \/>\nla R\u00e9gion Auvergne-Rh\u00f4ne-Alpes, le Ministerium f\u00fcr Wissenschaft, Forschung und Kunst Baden-W\u00fcrttemberg, le Minist\u00e8re des Relations Internationales du Qu\u00e9bec, le Consulat g\u00e9n\u00e9ral de France au Qu\u00e9bec, la G\u00e9n\u00e9ralit\u00e9 de Catalogne et la Mairie de Barcelone et la R\u00e9gion Pi\u00e9mont.<\/h5>\n<p><a href=\"http:\/\/www.art-3.org\/residence-artiste-international\/wp-content\/uploads\/DSC01551-copie.jpg\"><img loading=\"lazy\" class=\"alignnone size-full wp-image-1127\" title=\"DSC01551 - copie\" src=\"http:\/\/www.art-3.org\/residence-artiste-international\/wp-content\/uploads\/DSC01551-copie.jpg\" alt=\"\" width=\"797\" height=\"530\" srcset=\"http:\/\/www.art-3.org\/residence-artiste-international\/wp-content\/uploads\/DSC01551-copie.jpg 797w, http:\/\/www.art-3.org\/residence-artiste-international\/wp-content\/uploads\/DSC01551-copie-300x199.jpg 300w\" sizes=\"(max-width: 797px) 100vw, 797px\" \/><br \/>\n<\/a><\/p>\n<h4>studio d&rsquo;art3<\/h4>\n<h5 style=\"text-align: center;\"><a href=\"http:\/\/www.art-3.org\/residence-artiste-international\/wp-content\/uploads\/Sans-titre-1.jpg\"><img loading=\"lazy\" class=\"alignnone size-full wp-image-994\" title=\"Sans titre-1\" src=\"http:\/\/www.art-3.org\/residence-artiste-international\/wp-content\/uploads\/Sans-titre-1.jpg\" alt=\"\" width=\"1176\" height=\"235\" srcset=\"http:\/\/www.art-3.org\/residence-artiste-international\/wp-content\/uploads\/Sans-titre-1.jpg 1176w, http:\/\/www.art-3.org\/residence-artiste-international\/wp-content\/uploads\/Sans-titre-1-300x59.jpg 300w, http:\/\/www.art-3.org\/residence-artiste-international\/wp-content\/uploads\/Sans-titre-1-1024x204.jpg 1024w\" sizes=\"(max-width: 1176px) 100vw, 1176px\" \/><\/a><\/h5>\n<h5 style=\"text-align: center;\"><em>_________________________________________________________________________<\/em><\/h5>\n<h5><em><a href=\"http:\/\/www.art-3.org\/residence-artiste-international\/wp-content\/uploads\/HDtimelapse.net_City_2135_hirez.jpg\"><img loading=\"lazy\" class=\"alignnone size-full wp-image-570\" title=\"HDtimelapse.net_City_2135_hirez\" src=\"http:\/\/www.art-3.org\/residence-artiste-international\/wp-content\/uploads\/HDtimelapse.net_City_2135_hirez.jpg\" alt=\"\" width=\"284\" height=\"160\" \/><\/a> <a href=\"http:\/\/www.art-3.org\/residence-artiste-international\/wp-content\/uploads\/DSC00161.jpg\"><img loading=\"lazy\" class=\"alignnone size-full wp-image-571\" title=\"DSC00161\" src=\"http:\/\/www.art-3.org\/residence-artiste-international\/wp-content\/uploads\/DSC00161.jpg\" alt=\"\" width=\"200\" height=\"160\" \/><\/a><a href=\"http:\/\/www.art-3.org\/residence-artiste-international\/wp-content\/uploads\/Turin.jpg\"><img loading=\"lazy\" class=\"alignnone size-full wp-image-573\" title=\"Turin\" src=\"http:\/\/www.art-3.org\/residence-artiste-international\/wp-content\/uploads\/Turin.jpg\" alt=\"\" width=\"213\" height=\"160\" \/> <\/a><a href=\"http:\/\/www.art-3.org\/residence-artiste-international\/wp-content\/uploads\/media_img_image.png\"><img loading=\"lazy\" class=\"alignnone size-full wp-image-574\" title=\"media_img_image\" src=\"http:\/\/www.art-3.org\/residence-artiste-international\/wp-content\/uploads\/media_img_image.png\" alt=\"\" width=\"235\" height=\"160\" \/><\/a><br \/>\n<\/em><\/h5>\n<h5 style=\"text-align: center;\"><em>_________________________________________________________________________<\/em><\/h5>\n<h5><em> <a href=\"http:\/\/www.art-3.org\/residence-artiste-international\/wp-content\/uploads\/Turin.jpg\"> <\/a><br \/>\n<\/em><\/h5>\n","protected":false},"excerpt":{"rendered":"<p>R\u00e9sidences d&rsquo;artistes Le programme international de r\u00e9sidences initi\u00e9 par art3, ax\u00e9 sur la recherche et la production, soutient des artistes issus de la r\u00e9gion Rh\u00f4ne-Alpes en leur donnant la possibilit\u00e9 de r\u00e9sider \u00e0 l\u2019\u00e9tranger (Allemagne, Canada, Espagne, Italie) pour une &hellip; <a href=\"http:\/\/www.art-3.org\/residence-artiste-international\/\">Continuer la lecture <span class=\"meta-nav\">&rarr;<\/span><\/a><\/p>\n","protected":false},"author":1,"featured_media":0,"parent":0,"menu_order":1,"comment_status":"closed","ping_status":"closed","template":"","meta":[],"_links":{"self":[{"href":"http:\/\/www.art-3.org\/residence-artiste-international\/wp-json\/wp\/v2\/pages\/82"}],"collection":[{"href":"http:\/\/www.art-3.org\/residence-artiste-international\/wp-json\/wp\/v2\/pages"}],"about":[{"href":"http:\/\/www.art-3.org\/residence-artiste-international\/wp-json\/wp\/v2\/types\/page"}],"author":[{"embeddable":true,"href":"http:\/\/www.art-3.org\/residence-artiste-international\/wp-json\/wp\/v2\/users\/1"}],"replies":[{"embeddable":true,"href":"http:\/\/www.art-3.org\/residence-artiste-international\/wp-json\/wp\/v2\/comments?post=82"}],"version-history":[{"count":65,"href":"http:\/\/www.art-3.org\/residence-artiste-international\/wp-json\/wp\/v2\/pages\/82\/revisions"}],"predecessor-version":[{"id":1198,"href":"http:\/\/www.art-3.org\/residence-artiste-international\/wp-json\/wp\/v2\/pages\/82\/revisions\/1198"}],"wp:attachment":[{"href":"http:\/\/www.art-3.org\/residence-artiste-international\/wp-json\/wp\/v2\/media?parent=82"}],"curies":[{"name":"wp","href":"https:\/\/api.w.org\/{rel}","templated":true}]}}