{"id":262,"date":"2011-03-24T14:19:05","date_gmt":"2011-03-24T14:19:05","guid":{"rendered":"http:\/\/www.art-3.org\/residence-artiste-international"},"modified":"2014-03-28T16:33:32","modified_gmt":"2014-03-28T16:33:32","slug":"les-artistes-en-residence-depuis-1991","status":"publish","type":"page","link":"http:\/\/www.art-3.org\/residence-artiste-international\/82-2\/les-artistes-en-residence-depuis-1991","title":{"rendered":"Les r\u00e9sident(e)s depuis 1991"},"content":{"rendered":"<h4>2014 Claudia de la Tore (Valence), Tom Castinel (Stuttgart), Ga\u00eblle Choisne (Montr\u00e9al),<\/h4>\n<h4>2013 Simon Feydieu (Stuttgart), \u00dcta Putz (Valence), Emanuela Ascari (Valence), Julie Vacher (Milan), Fabien Pinaroli (Akademie Schloss Solitude).<\/h4>\n<h4>2012 S\u00e9bastien Leseigneur (Stuttgart), Florian Klette (Valence), Mathieu Latulippe (Valence)<\/h4>\n<h4>2011 Laure Vigna (Stuttgart), Laurent Pernel (Montr\u00e9al), Caroline Soyez-Petithomme (Akademie Schloss Solitude)<\/h4>\n<h4>2010 Krystyna Poltowicz (Stuttgart), Gabriela Oberkofler (Valence), Maurizio Cilli (Valence), Olivia Boudreau (Valence)<\/h4>\n<h4>2009 Fabienne Ballandras (Stuttgart), Anne-Lise Seusse (Montr\u00e9al), Maurizio Cilli (Valence), Katrin Str\u00f6bel (Valence)<\/h4>\n<h4>2008 Roselyne Titaud (Stuttgart), Benjamin Hochart (Stuttgart), Philip Metz (Valence)<\/h4>\n<h4>2007 Magali Lefebvre (Stuttgart), Olivier Grosset\u00eate (Turin), Diane Morin (Valence), Astrid S. Klein (Valence)<\/h4>\n<h4>2006 Mathias Schmied (Stuttgart), David Dupont (Montr\u00e9al), Pascal Thevenet (Montr\u00e9al)<br \/>\nClaude Horstmann (Valence)<\/h4>\n<h4>2005 Delta Traum (Barcelone), Arno Piroud (Stuttgart)<\/h4>\n<h4>2004 Pierre-Olivier Arnaud (Stuttgart), Pauline Fondevilla (Sabadell), Juande Jarillo (Valence), Marisa Maria Lehrmann (Valence)<\/h4>\n<h4><!--more-->2003 Marie-B\u00e9atrice Auvity (Sabadell), Laurent Faulon (Stuttgart), Sarah Focke Levin (Valence)<\/h4>\n<h4>2002 Ingrid Luche (Stuttgart), Frances Ruiz (Valence), Susanne B\u00fcrner (Valence)<\/h4>\n<h4>2001 Fabrice Reymond (Stuttgart), Andreas Opiolka (Valence), Mireya Maso (Valence)<\/h4>\n<h4>2000 Fr\u00e9d\u00e9ric H\u00e9ritier (Stuttgart), Samuel Rousseau (Sabadell), Dorothea Schultz (Valence)<\/h4>\n<h4>1999 Robin Nicolas (Stuttgart), Audrey Marlhens (Sabadell), Kirstin Arndt (Valence),<br \/>\nLuis Bisbe (Valence)<\/h4>\n<h4>1998 R\u00e9gis Pinault (Stuttgart), Guillaume Leblon (Sabadell), Olaf Probst (Valence)<br \/>\nMireya Maso (Valence), Eulalia Valldosera (Valence)<\/h4>\n<h4>1997 C\u00e9cile Dupaquier (Stuttgart), Boris Morange (Sabadell), Georg Winter (Valence)<br \/>\nTere Recarens (Valence)<\/h4>\n<h4>1996<br \/>\nMarie-Claire Mitout (Stuttgart), Anna Tretter (Valence)<\/h4>\n<h4>1995 Christophe Gonnet (Stuttgart), Elisabeth Heine (Valence)<\/h4>\n<h4>1994 Djamila Hanafi (Stuttgart), Ulrich Bernardt (Valence)<\/h4>\n<h4>1993 Melanie Lachieze-Rey (Stuttgart), Erwin Holl (Valence)<\/h4>\n<h4>1992 Samuel La Roze (Stuttgart), Susanne Sovhasse (Valence)<\/h4>\n<h4>1991 Jeannette Oellers (Valence)<\/h4>\n","protected":false},"excerpt":{"rendered":"<p>2014 Claudia de la Tore (Valence), Tom Castinel (Stuttgart), Ga\u00eblle Choisne (Montr\u00e9al), 2013 Simon Feydieu (Stuttgart), \u00dcta Putz (Valence), Emanuela Ascari (Valence), Julie Vacher (Milan), Fabien Pinaroli (Akademie Schloss Solitude). 2012 S\u00e9bastien Leseigneur (Stuttgart), Florian Klette (Valence), Mathieu Latulippe (Valence) &hellip; <a href=\"http:\/\/www.art-3.org\/residence-artiste-international\/82-2\/les-artistes-en-residence-depuis-1991\">Continuer la lecture <span class=\"meta-nav\">&rarr;<\/span><\/a><\/p>\n","protected":false},"author":1,"featured_media":0,"parent":82,"menu_order":2,"comment_status":"closed","ping_status":"closed","template":"","meta":[],"_links":{"self":[{"href":"http:\/\/www.art-3.org\/residence-artiste-international\/wp-json\/wp\/v2\/pages\/262"}],"collection":[{"href":"http:\/\/www.art-3.org\/residence-artiste-international\/wp-json\/wp\/v2\/pages"}],"about":[{"href":"http:\/\/www.art-3.org\/residence-artiste-international\/wp-json\/wp\/v2\/types\/page"}],"author":[{"embeddable":true,"href":"http:\/\/www.art-3.org\/residence-artiste-international\/wp-json\/wp\/v2\/users\/1"}],"replies":[{"embeddable":true,"href":"http:\/\/www.art-3.org\/residence-artiste-international\/wp-json\/wp\/v2\/comments?post=262"}],"version-history":[{"count":31,"href":"http:\/\/www.art-3.org\/residence-artiste-international\/wp-json\/wp\/v2\/pages\/262\/revisions"}],"predecessor-version":[{"id":315,"href":"http:\/\/www.art-3.org\/residence-artiste-international\/wp-json\/wp\/v2\/pages\/262\/revisions\/315"}],"up":[{"embeddable":true,"href":"http:\/\/www.art-3.org\/residence-artiste-international\/wp-json\/wp\/v2\/pages\/82"}],"wp:attachment":[{"href":"http:\/\/www.art-3.org\/residence-artiste-international\/wp-json\/wp\/v2\/media?parent=262"}],"curies":[{"name":"wp","href":"https:\/\/api.w.org\/{rel}","templated":true}]}}