{"id":642,"date":"2013-01-03T16:49:08","date_gmt":"2013-01-03T16:49:08","guid":{"rendered":"http:\/\/www.art-3.org\/projets-territoire\/"},"modified":"2013-03-29T14:53:27","modified_gmt":"2013-03-29T14:53:27","slug":"ardeche","status":"publish","type":"page","link":"http:\/\/www.art-3.org\/projets-territoire\/ardeche\/","title":{"rendered":"Ard\u00e8che"},"content":{"rendered":"<h2><strong>Gilles Cl\u00e9ment<\/strong><\/h2>\n<p style=\"text-align: justify;\">L\u2019association  \u00ab Sur le sentier des Lauzes \u00bb s\u2019interroge sur la notion d\u2019\u00ab espace  sauvage \u00bb, li\u00e9 au ph\u00e9nom\u00e8ne de d\u00e9prise agricole, et \u00e0 l\u2019impact physique  et culturel de cette \u00e9volution \u00e9conomique. Gilles Cl\u00e9ment, paysagiste, a  \u00e9t\u00e9 invit\u00e9 \u00e0 r\u00e9fl\u00e9chir \u00e0 ces questions. Autrefois, sur ce territoire,  la montagne \u00e9tait accessible parce qu\u2019enti\u00e8rement cultiv\u00e9e. Aujourd\u2019hui,  l\u2019abandon des terres se traduit par l\u2019enfrichement et la fermeture des  paysages.<\/p>\n<p style=\"text-align: justify;\">Mais, par ailleurs, l\u2019embroussaillement favorise l\u2019apparition de  nouvelles essences v\u00e9g\u00e9tales et de nouvelles esp\u00e8ces animales. Certains  voient cette \u00e9volution comme un repli, alors que pour d\u2019autres elle est  synonyme d\u2019aventure et de biodiversit\u00e9. Gilles Cl\u00e9ment propose la  r\u00e9alisation d\u2019un ouvrage comprenant des textes et des dessins restituant  l\u2019ensemble de la r\u00e9flexion qu\u2019il a men\u00e9e sur le territoire de la vall\u00e9e  de la Drobie.<br \/>\nParall\u00e8lement, sur le terrain, il envisage une installation sans  \u00e9mergence, qui serait une halte sur un point haut du sentier des Lauzes  mais l\u00e9g\u00e8rement \u00e0 l\u2019\u00e9cart de celui-ci, \u00e0 proximit\u00e9 de la Chapelle  Saint-R\u00e9gis entre Saint-M\u00e9lany et Dompnac. Le site est localis\u00e9 dans le  climat forestier naturel des monts d\u2019Ard\u00e8che \u00e0 sol acide, donc dans la  yeuseraie, milieu peu consid\u00e9r\u00e9, traditionnellement r\u00e9serv\u00e9 \u00e0 la  sauvagine. Il se place en belv\u00e9d\u00e8re dont l\u2019angle de vision contient  quelques traits remarquables du paysage de l\u2019Ard\u00e8che autour de la  Drobie, et en particulier l\u2019effet \u00ab clairi\u00e8re\u00bb des terres am\u00e9nag\u00e9es et  prot\u00e9g\u00e9es, group\u00e9es autour des villages et entour\u00e9es de for\u00eats continues  domin\u00e9es par le ch\u00e2taignier (vue sur Dompnac, village caract\u00e9ristique  d\u2019une telle configuration).<br \/>\nL\u2019installation consiste en un platelage de bois, horizontal et \u00ab rampant  \u00bb, compos\u00e9 de trois plateaux, semblant couler \u00e0 m\u00eame la roche et se  pliant \u00e0 la d\u00e9coupe des moindres reliefs. On y acc\u00e8de depuis le chemin  par une sorte de d\u00e9rivation, per\u00e7ue comme une invitation \u00e0 s\u2019engager  dans la yeuseraie.<br \/>\n<a href=\"http:\/\/www.art-3.org\/projets-territoire\/wp-content\/uploads\/2clement.jpg\"><img loading=\"lazy\" class=\"alignleft\" title=\"2clement\" src=\"http:\/\/www.art-3.org\/projets-territoire\/wp-content\/uploads\/2clement-300x199.jpg\" alt=\"\" width=\"300\" height=\"199\" \/><\/a>Ce  sentier traverse un boqueteau de ch\u00eanes \u00e9mond\u00e9s puis de ch\u00eanes tortueux  aux formes remarquables pour atteindre une lande \u00e0 gen\u00eats purgatifs qui  conduit \u00e0 la halte.<br \/>\nL\u2019objectif de cette installation est de faire appara\u00eetre la diversit\u00e9  v\u00e9g\u00e9tale, de la valoriser en la d\u00e9signant comme territoire du futur  biologique (Tiers-paysage) et de faire mesurer par le regard l\u2019\u00e9tendue  consid\u00e9rable offerte \u00e0 cette diversit\u00e9.<br \/>\n<a href=\"http:\/\/www.art-3.org\/projets-territoire\/wp-content\/uploads\/1clement.jpg\"><img loading=\"lazy\" title=\"1clement\" src=\"http:\/\/www.art-3.org\/projets-territoire\/wp-content\/uploads\/1clement.jpg\" alt=\"\" width=\"639\" height=\"425\" \/><\/a><a href=\"http:\/\/www.art-3.org\/projets-territoire\/wp-content\/uploads\/4clemant.jpg\"><img loading=\"lazy\" title=\"4clemant\" src=\"http:\/\/www.art-3.org\/projets-territoire\/wp-content\/uploads\/4clemant.jpg\" alt=\"\" width=\"639\" height=\"425\" \/><\/a><\/p>\n<address> Gilles Cl\u00e9ment, <em>Le belv\u00e8d\u00e8re des lichens<\/em> &#8211; photo Pierre-Olivier Arnaud<\/address>\n<h2><strong>Ivo Provoost &amp; Simona Denicolai <\/strong><\/h2>\n<p style=\"text-align: justify;\">L\u2019espace des \u00ab clairi\u00e8res habit\u00e9es \u00bb, habitat regroup\u00e9 en hameaux et  villages implant\u00e9 mi-pente, t\u00e9moigne de l\u2019occupation permanente depuis  plusieurs si\u00e8cles du territoire lequel se trouve le Parc naturel  r\u00e9gional des Monts d\u2019Ard\u00e8che. Si autrefois l\u2019habitation occasionnelle  \u00e9tait due \u00e0 l\u2019activit\u00e9 agricole, elle est li\u00e9e aujourd\u2019hui un  d\u00e9veloppement r\u00e9sidentiel et touristique important et prend des formes  vari\u00e9es \u2013 restauration des cl\u00e8des et granges, accueil dans des g\u00eetes ou  des campings am\u00e9nag\u00e9s, installation \u201csauvage\u201c de caravanes.<br \/>\nCes nouvelles pratiques et des attitudes parfois consum\u00e9ristes peuvent  susciter des conflits avec les zones d\u2019habitat permanent : l\u2019habitat  occasionnel peut poser des probl\u00e8mes d\u2019int\u00e9gration dans le paysage,  d\u2019inad\u00e9quation avec l\u2019environnement, d\u2019ill\u00e9galit\u00e9 des installations.<br \/>\nPar ailleurs, cette fr\u00e9quentation saisonni\u00e8re rend difficile  l\u2019implication des populations temporaires dans le d\u00e9veloppement local et  le respect du territoire. Ivo Provoost et Simona Denicolai se sont  int\u00e9ress\u00e9s \u00e0 la notion de propri\u00e9t\u00e9 et ont interrog\u00e9 la cohabitation  entre habitants permanents et occasionnels \u00e0 travers l\u2019\u00e9laboration  concept de \u00ab copropri\u00e9t\u00e9 temporaire \u00bb.<br \/>\nIl s\u2019agit d\u2019un processus dans lequel Ivo Provoost et Simona Denicolai  sont dans la position l\u2019interm\u00e9diaire-interpr\u00e8te. Ce processus permettra  \u00e0 tous, habitants permanents ou temporaires, visiteurs occasionnels, de  s\u2019engager dans une d\u00e9marche visant \u00e0 questionner leur propre rapport au  paysage et \u00e0 le responsabiliser.<br \/>\nTout commence Au Bon Port, le caf\u00e9 du village de St M\u00e9lany (vall\u00e9e de la  Drobie), o\u00f9 est d\u00e9pos\u00e9 un tableau sur lequel sont accroch\u00e9es environ  200 cl\u00e9s identiques. Ces cl\u00e9s sont vendues le prix d\u2019une copie : 4  euros, par Yet Vanstaen, propri\u00e9taire du caf\u00e9 et adh\u00e9rente l\u2019association  \u00ab Sur le sentier des Lauzes \u00bb. L\u2019achat d\u2019une cl\u00e9 est attest\u00e9 par un  contrat et donne acc\u00e8s \u00e0 une armoire install\u00e9e par Simona, sur un  terrain situ\u00e9 sur le hameau de La Coste et mis \u00e0 disposition par sa  propri\u00e9taire jusqu\u2019en 2010.<br \/>\nCette armoire, signe de l\u2019aspect privatif voire presque intime de ce  lieu, est vide \u00e0 l\u2019exception d\u2019un livre d\u2019or. Elle se pr\u00e9sente donc  comme le contenant possible, pour des dur\u00e9es variables, d\u2019objets  appartenant aux copropri\u00e9taires \u00e0 venir et dont l\u2019utilisation est  n\u00e9cessairement collective. L\u2019armoire a \u00e9galement la fonction de bo\u00eete \u00e0  lettres. Elle est construite en bois n\u2019est pas positionn\u00e9e dans le lieu  comme une sculpture mais comme un outil faisant partie d\u2019un dispositif  plus important, s\u2019int\u00e9grant \u00e0 la fa\u00e7on d\u2019un meuble dans un int\u00e9rieur.  L\u2019armoire vide est l\u2019outil qui rend, par sa pr\u00e9sence, ce lieu  accessible. D\u2019autres \u00e9l\u00e9ments, partie prenante de ce processus viennent  le compl\u00e9ter tels que l\u2019am\u00e9nagement du terrain avec les copropri\u00e9taires  et l\u2019impression d\u2019un document qui pourra accompagner l\u2019acquisition de la  cl\u00e9 et donner des informations sur l\u2019ensemble de ce travail.<br \/>\n<a href=\"http:\/\/www.art-3.org\/projets-territoire\/wp-content\/uploads\/DSC_0144.jpg\"><img loading=\"lazy\" title=\"DSC_0144\" src=\"http:\/\/www.art-3.org\/projets-territoire\/wp-content\/uploads\/DSC_0144.jpg\" alt=\"\" width=\"640\" height=\"425\" \/><\/a><a href=\"http:\/\/www.art-3.org\/projets-territoire\/wp-content\/uploads\/ivo.jpg\"><img loading=\"lazy\" title=\"ivo\" src=\"http:\/\/www.art-3.org\/projets-territoire\/wp-content\/uploads\/ivo-300x201.jpg\" alt=\"\" width=\"300\" height=\"201\" \/><\/a><\/p>\n<address> Ivo Provoost &amp; Simona Denicolai L&rsquo;armoire \/ Tableau de cl\u00e9s au caf\u00e9 Au bon port St-Melany &#8211; photos Pierre-Olivier Arnaud<\/address>\n<h2><strong>Akio Suzuki<\/strong><\/h2>\n<p style=\"text-align: justify;\">En 2007, l\u2019artiste Akio Suzuki est invit\u00e9 \u00e0 travailler sur la question du sentier.<br \/>\nLi\u00e9 \u00e0 un peuplement dispers\u00e9, le chemin a longtemps \u00e9t\u00e9 consid\u00e9r\u00e9 comme  un \u00e9l\u00e9ment fonctionnel, associ\u00e9 aux activit\u00e9s sociales et \u00e9conomiques.  Il marque une pr\u00e9sence, des activit\u00e9s de l\u2019homme dans un environnement,  \u00e9tablit le lien d\u2019un hameau \u00e0 un autre. Mais ce qui \u00e9tait chemin de  n\u00e9cessit\u00e9 s\u2019est progressivement transform\u00e9 en lieu de randonn\u00e9e avec en  parall\u00e8le une ouverture sur le paysage.<br \/>\nToutefois, si ces mutations peuvent parfois conduire \u00e0 des conflits  d\u2019usage, le chemin, ou sentier, reste le lien physique entre les  hameaux, passage oblig\u00e9 d\u2019une vall\u00e9e \u00e0 une autre, charg\u00e9 d\u2019histoire et  d\u2019imaginaire.<br \/>\n<a href=\"http:\/\/www.art-3.org\/projets-territoire\/wp-content\/uploads\/2Akio.jpg\"><img loading=\"lazy\" class=\"alignleft\" title=\"2Akio\" src=\"http:\/\/www.art-3.org\/projets-territoire\/wp-content\/uploads\/2Akio-249x300.jpg\" alt=\"\" width=\"249\" height=\"300\" \/><\/a>Akio  Suzuki s\u2019est attach\u00e9 \u00e0 r\u00e9v\u00e9ler ce qui a \u00e9t\u00e9 parfois enfoui. Pendant un  mois, il a march\u00e9, explor\u00e9 certains des sentiers de la vall\u00e9e de la  Drobie, cherchant les liens qui existaient entre les hameaux avant que  les routes ne soient ouvertes. Attentif aux r\u00e9cits des habitants  rencontr\u00e9s et aux r\u00e9sonances sonore et visuelle, il a choisi de signaler  huit points de vue et d\u2019\u00e9coute par des \u00ab oto date \u00bb qui sont des  emplacements localis\u00e9s au sol par une plaque en ciment sur laquelle il a  moul\u00e9 un dessin repr\u00e9sentant sch\u00e9matiquement \u00ab l\u2019empreinte de deux  oreilles en forme de pieds \u00bb. Puis il a demand\u00e9 \u00e0 trois personnes,  rencontr\u00e9es pendant son s\u00e9jour, de choisir un lieu de localisation d\u2019un \u00ab  oto date \u00bb, \u00e0 Beaumont (hameau de Terre Rouge), \u00e0 St-M\u00e9lany (hameaux de  l\u2019Esp\u00e9ri\u00e8re et du Charnier).<br \/>\nDans la relation \u00e9tablie avec les caract\u00e9ristiques de ce paysage, Akio  Suzuki a recueilli de la terre ou des min\u00e9raux sur chacun des sites  choisis afin de les m\u00e9langer au ciment et en nuancer la couleur.<br \/>\nDeux des \u00ab oto date \u00bb invitent \u00e0 s\u2019asseoir devant un mur incurv\u00e9, \u00ab  sortes de chambres d\u2019\u00e9coute \u00bb qu\u2019il a construites en pierres s\u00e8ches,  selon le savoir-faire local. Ces haltes ponctuent un itin\u00e9raire qui part  du sentier des Lauzes et s\u2019en \u00e9carte pour ouvrir sur le Tanargue. Il  sera accompagn\u00e9 d\u2019une carte indiquant les emplacements des \u00ab oto date \u00bb.<\/p>\n<p>Les \u00ab oto date \u00bb d\u2019Akio Suzuki sont, pour le promeneur qui en fait  l\u2019exp\u00e9rience, autant d\u2019ouvertures par le regard, de perc\u00e9es vers  l\u2019horizon, de liens et d\u2019\u00e9chos \u00e0 percevoir, surplombant la vall\u00e9e de la  Drobie, au nord vers le Tanargue, au sud vers la cascade du saut de la  dame et le col de la croix de fer.<\/p>\n<address><a href=\"http:\/\/www.art-3.org\/projets-territoire\/wp-content\/uploads\/3akio.jpg\"><img loading=\"lazy\" title=\"3akio\" src=\"http:\/\/www.art-3.org\/projets-territoire\/wp-content\/uploads\/3akio.jpg\" alt=\"\" width=\"639\" height=\"425\" \/><\/a><a href=\"http:\/\/www.art-3.org\/projets-territoire\/wp-content\/uploads\/1-1-Akio.jpg\"><img loading=\"lazy\" title=\"1-1 Akio\" src=\"http:\/\/www.art-3.org\/projets-territoire\/wp-content\/uploads\/1-1-Akio.jpg\" alt=\"\" width=\"639\" height=\"425\" \/><\/a>Akio Suzuki, <em>Oto-date<\/em> &#8211; photos Pierre-Olivier Arnaud<\/address>\n","protected":false},"excerpt":{"rendered":"<p>Gilles Cl\u00e9ment L\u2019association \u00ab Sur le sentier des Lauzes \u00bb s\u2019interroge sur la notion d\u2019\u00ab espace sauvage \u00bb, li\u00e9 au ph\u00e9nom\u00e8ne de d\u00e9prise agricole, et \u00e0 l\u2019impact physique et culturel de cette \u00e9volution \u00e9conomique. Gilles Cl\u00e9ment, paysagiste, a \u00e9t\u00e9 invit\u00e9 &hellip; <a href=\"http:\/\/www.art-3.org\/projets-territoire\/ardeche\/\">Continuer la lecture <span class=\"meta-nav\">&rarr;<\/span><\/a><\/p>\n","protected":false},"author":1,"featured_media":0,"parent":0,"menu_order":0,"comment_status":"closed","ping_status":"open","template":"","meta":[],"_links":{"self":[{"href":"http:\/\/www.art-3.org\/projets-territoire\/wp-json\/wp\/v2\/pages\/642"}],"collection":[{"href":"http:\/\/www.art-3.org\/projets-territoire\/wp-json\/wp\/v2\/pages"}],"about":[{"href":"http:\/\/www.art-3.org\/projets-territoire\/wp-json\/wp\/v2\/types\/page"}],"author":[{"embeddable":true,"href":"http:\/\/www.art-3.org\/projets-territoire\/wp-json\/wp\/v2\/users\/1"}],"replies":[{"embeddable":true,"href":"http:\/\/www.art-3.org\/projets-territoire\/wp-json\/wp\/v2\/comments?post=642"}],"version-history":[{"count":4,"href":"http:\/\/www.art-3.org\/projets-territoire\/wp-json\/wp\/v2\/pages\/642\/revisions"}],"predecessor-version":[{"id":769,"href":"http:\/\/www.art-3.org\/projets-territoire\/wp-json\/wp\/v2\/pages\/642\/revisions\/769"}],"wp:attachment":[{"href":"http:\/\/www.art-3.org\/projets-territoire\/wp-json\/wp\/v2\/media?parent=642"}],"curies":[{"name":"wp","href":"https:\/\/api.w.org\/{rel}","templated":true}]}}