{"id":999,"date":"2011-07-27T12:33:41","date_gmt":"2011-07-27T12:33:41","guid":{"rendered":"http:\/\/www.art-3.org\/art-contemporain\/?page_id=999"},"modified":"2011-07-27T12:35:01","modified_gmt":"2011-07-27T12:35:01","slug":"passages-texte-de-nicolas-feodoroff","status":"publish","type":"page","link":"http:\/\/www.art-3.org\/art-contemporain\/passages-texte-de-nicolas-feodoroff","title":{"rendered":"Passages : texte de Nicolas Feodoroff"},"content":{"rendered":"<p><em>PASSAGES<br \/>\nLes \u0153uvres de Rut Blees Luxemburg, Susanne B\u00fcrner et Wendelien van  Oldenborgh nous proposent selon leurs modalit\u00e9s propres une exp\u00e9rience  renouvel\u00e9e du paysage mental et concret que constitue notre  environnement urbain le plus familier. La ville moderne et impersonnelle  pour les photographies de Rut Blees Luxemburg, des espaces et des  situations les plus quotidiens dans les vid\u00e9os de Susanne B\u00fcrner ou bien  enfin un lieu banal dans un jardin public avec les projections de  Wendelien van Oldenborgh.<\/em><br \/>\nEmpruntant chacune des voies singuli\u00e8res, ces trois artistes nous  sugg\u00e8rent la part d&rsquo;ombre ou d&rsquo;ind\u00e9termination que peuvent receler ces  lieux, leur face cach\u00e9e.<br \/>\nFace cach\u00e9e paradoxalement par l&rsquo;exc\u00e8s de lumi\u00e8re dans les photographies nocturnes grand format de <strong>Rut Blees Luxemburg<\/strong>,  que ce soient de vastes panoramas, des d\u00e9tails anodins ou inattendus,  aux confins du public et de l&rsquo;intime. Le long temps de pose en efface  toute pr\u00e9sence humaine imm\u00e9diate et les ombres y sont d\u00e9vor\u00e9es par la  lumi\u00e8re \u00e9lectrique. Ainsi, contre toute attente, le dispositif  apparemment descriptif et les dimensions imposantes des images  renforcent l&rsquo;immat\u00e9rialit\u00e9 et l&rsquo;irr\u00e9alit\u00e9 de ces lieux et en font des  quasi-abstractions. Effet accentu\u00e9 par la dimension parfois all\u00e9gorique  et \u00e9nigmatique des titres.<br \/>\nAutres lieux, autre dispositif : dans sa s\u00e9rie <em>Dissolve<\/em>, <strong>Susanne B\u00fcrner<\/strong> s&rsquo;attache \u00e0 des espaces de transition entre obscurit\u00e9 et lumi\u00e8re  artificielle, entre b\u00e2ti et ce qu&rsquo;il reste d&rsquo;\u00e9l\u00e9ment naturel  (v\u00e9g\u00e9tation, eau\u2026). L&rsquo;obscurit\u00e9 semble absorber l&rsquo;unique protagoniste  -anonyme- de chaque situation qui, surgissant d&rsquo;on ne sait o\u00f9, est  litt\u00e9ralement englouti par le noir, aspir\u00e9 par le fond de l&rsquo;image : son  point de fuite devient son point de disparition et la profondeur  perspective, qui devrait rationaliser ces lieux et les rendre tangibles,  devient l&rsquo;instrument paradoxal de leur involution. En outre, ces l\u00e9gers  d\u00e9placements ou encore le ralenti fortement connot\u00e9 (\u00e9voquant le cin\u00e9ma  de genre via David Lynch) accentuent le caract\u00e8re \u00e9nigmatique de  l&rsquo;\u0153uvre.<br \/>\nDans l&rsquo;installation de <strong>Wendelien van Oldenborgh<\/strong> <em>Stadtluft<\/em>,  qui brouille les distinctions entre fiction et document, l&rsquo;id\u00e9e de  l&rsquo;ombre devient plus m\u00e9taphorique et plus politique : il y a passage  d&rsquo;un r\u00e9gime de visibilit\u00e9 \u00e0 un autre. Le va et vient incompr\u00e9hensible  entre un ext\u00e9rieur et un int\u00e9rieur, qui pour \u00eatre suppos\u00e9 connu n&rsquo;en est  pas moins ici inaccessible, d\u00e9\u00e7oit notre attente d&rsquo;explication ou de  progression. La dispersion des images dans l&rsquo;installation invite ainsi  le spectateur \u00e0 reconstituer son propre montage. Nous n&rsquo;apprenons rien  de pr\u00e9cis sur la situation, mais la mise en relation des images d\u00e9signe  cet espace apparemment pauvre et sans int\u00e9r\u00eat comme fabrique inattendue  des corps, des repr\u00e9sentations et des comportements sociaux.<br \/>\nDans ces \u0153uvres, subrepticement, s&rsquo;installe une dur\u00e9e qui fait sourdre  un flottement et un malaise. Dur\u00e9e \u00e0 l&rsquo;oppos\u00e9 de la rapidit\u00e9 des temps  m\u00e9diatiques avides de lisibilit\u00e9 et de vitesse. Dur\u00e9e \u00e9tir\u00e9e de la  photographie chez Rut Blees Luxemburg qui par son \u00e9tirement m\u00eame fait  dispara\u00eetre toute trace humaine directe ; \u00e9tirement d&rsquo;un temps suspendu  par la non r\u00e9solution narrative des situations qui \u00e0 peine \u00e9bauch\u00e9es se  \u00ab\u00a0dissolvent\u00a0\u00bb et reviennent inlassablement par la mise en boucle chez  Susanne B\u00fcrner ; \u00e9tirement de la dur\u00e9e chez Wendelien van Oldenborgh qui  d&rsquo;une situation banale tire une s\u00e9rie de films dont elle retravaille  des fragments pr\u00e9sent\u00e9s en projection diapo et o\u00f9 demeurent les temps  morts mais d&rsquo;o\u00f9 \u00e9mergent des micro-gestes, o\u00f9 la narration y est \u00e0  chaque fois convoqu\u00e9e mais reste obstin\u00e9ment report\u00e9e ou fragmentaire.<br \/>\nTransgression des formes, retournement des moyens d&rsquo;expression : o\u00f9 la  photographie, (trop) souvent r\u00e9duite \u00e0 la captation d&rsquo;un instantan\u00e9 en  un lieu pr\u00e9cis, devient au contraire avec Rut Blees Luxemburg le moyen  de montrer la ville g\u00e9n\u00e9rique, sans moment pr\u00e9cis ni lieu assignable ;  o\u00f9 la vid\u00e9o chez Susanne B\u00fcrner installe une forme de fixit\u00e9 par la  r\u00e9p\u00e9tition des situations et leur non-\u00e9volution ; o\u00f9 la projection en  fondu de diapositives de Wendelien van Oldenborgh op\u00e8re un balancement  entre mouvement et fixit\u00e9, entre analyse et observation.<br \/>\nL&rsquo;imaginaire po\u00e9tique qui \u00e9mane de ces travaux n&#8217;emp\u00eache pas d&rsquo;instiller  un doute concernant l&rsquo;\u00e9vidence des situations, la transparence des  lieux ou l&rsquo;innocence des gestes. Par le d\u00e9placement ou le d\u00e9voilement,  ces \u0153uvres aiguisent le regard sur l&rsquo;apparente banalit\u00e9 que nous pouvons  \u00e0 notre tour nous approprier, engagent des r\u00e9flexions que nous pouvons  prolonger. Certes une attitude contemplative, mais qui nous ram\u00e8ne \u00e0  notre propre regard, \u00e0 la fa\u00e7on dont il se constitue et aux outils qui  contribuent \u00e0 le construire.<em> <\/em>Nicolas Feodoroff<\/p>\n<div class=\"pdf24Plugin-cp\"> \t<form name=\"pdf24Form0\" method=\"post\" target=\"pdf24PopWin\" action=\"https:\/\/doc2pdf.pdf24.org\/wordpress.php\"><input type=\"hidden\" name=\"blogCharset\" value=\"Cw1x07UAAA==\" \/><input type=\"hidden\" name=\"blogPosts\" value=\"MwQA\" \/><input type=\"hidden\" name=\"blogUrl\" value=\"yygpKbDS1y8vL9dLLCrRNdbLL0rXB7GS8\/NKUnML8osSM\/MA\" \/><input type=\"hidden\" name=\"blogName\" value=\"SywqMQYA\" \/><input type=\"hidden\" name=\"blogValueEncoding\" value=\"gzdeflate base64\" \/><input type=\"hidden\" name=\"postId_0\" value=\"s7S0BAA=\" \/><input type=\"hidden\" name=\"postTitle_0\" value=\"C0gsLk5MTy1WsFIoSa0oSVVISVXwy0zOz0ksVnBLzU\/JL8pPSwMA\" \/><input type=\"hidden\" name=\"postLink_0\" value=\"FcZBDsAgCATAFyGH3vobomhNWtYAiX1+0znNlblO5r13EU86CnzwvwpLfRZcpvGSCBkalPqmUlOyWXFLUFc0OHr\/AA==\" \/><input type=\"hidden\" name=\"postAuthor_0\" value=\"SywqMQYA\" \/><input type=\"hidden\" name=\"postDateTime_0\" value=\"MzIwNNQ1MNc1MlcwNLIyMLcyMQQA\" \/><input type=\"hidden\" name=\"postContent_0\" value=\"fVjLjty4Fd3PVxAIMLCB6jaSTQK70YAn9mTTmAzSA2TNklgqDiRS5kPozir\/kB8wskhcDpB9MLOykB\/Jl+ScS0ql6thZdZce5H2cc+6hbsbbGzPcfv\/6\/v71797e3+yDenH71Z2J6t9\/yVPA39aoP+SkvukNftzlBzPsc+h26j5H7ZxR38w\/B2eCMkn90bjW9NY4NWmn1O\/71ri9D91ROZ+jGoMffTQuqWh671Rvcohq8K3ubZpP5QFumbGseRjnU8BajVEqGCwwmX4+GdVmNerHqDujBqyle+7ceNcE\/H2XDf+PySb853wKeNu4yQaPWPm8ymGvLTdXY4+gDnqwCDlcqzutJtvjOiIygSEkZYfRhMh3eUONPge8iUiPPvku6PFo\/0+JWvw0cdQN\/yb5qSIi08kixrIQY3iXfbItcsVSut6YbDufvKz9tNI+qz2LjMQOyCQjGWtwTTsUQxbApR91aHFzzPveNkpPpin7Bf+jacr+WPpJy84du755AVhUOLwdxpBRalSvOeqG7WEuk2fy0bou93b+gM7tFFNNwduodEg2JvyU3quYu47PYI1eo4MB9fg6RKT+yg97tAlZLResQ+7JhME6KZW0dTRAAN4OpjE9qsCdJPGHnSAJnQRUGt0cgZLrGvm3m2vcVLf+QfcFCPip+rqjeWjmD1KRPg+Sy7kTl712vkkZbYgKl1yrDj4Mmr1VNxGJu+72M1C4eVHv7VSBqFERxXPy3qSlTKN2PuhBx4IbVkDbHnV0Ho2MrA\/LkdCwjGeUzg+E+oH3yInSaIHZmpZ1yQ4G0MYlbK+SGUbJkjwEfJQ5SNVU8jnhagALhXHHPIAkBvgf5lNrdRI2sBrSrKgekQDDn0+Tx1sSf2BnzwWcTz2QFiwSvlavEabdMWBSsmwnySTD9qnWRsRkkz0gsxFrmWEo9YlNsCOv1wBaZIS1CGCw04MaSSjInxCFKGqBrjQCtaUQA5pEPSlSI2sttwLir5dbI7ASVPEZVOjgXWXuu6yjvdJ7tFIXBl2rt4cDHtMNN8tYoBZhjZEXDsKGHuLVeamG4tLzydkOQckFrg\/JQmEX4L7O\/LXgW\/PXtkYvCzyjVlFUUlHE39gYfT8Zoe5uxeMT+VixqGKtAPoAhqBh7y8UC8VApo4bIhEjjfP72OSwlnBptZD9YBtLmdzVZ\/fzX5MVcTao3VLtHu0B3leuAyXzSVoNcOdgeqWeTSgV4c+NsZrO\/\/nz354DxYtenIOI4BfQg6b4sDdnPmcndYXaJd15RyFS6gpUco+DuZI+HzWfWOUYIQKfEWRFFal0qzo5heJFbZPy878QTkzUnUQ4LVJiXNcD0rb0n4PHBnQtjjYsoDBEUntBTsIVnQSROFlsUYNDtqyOmUQeeG+9xf7rUNtRZDR4rkr1UxxUI6V9QgeQDNcIjDpIfkB4rKq5wpt0AllaMlK7zqKUVJZl87OKADF50cwioZII97Vu8n3mDmCDg0qh9WUMEPCISVEkxh6Q4gqiY5AYH\/i+YgWhUVTRVEoJhcDYRtWeUVrAOQaCdlkHmGgGpzrj8PZktXqjMSbV3aNrjs8XFpr6giZLqxBdUE2tiRWLs1DujQj+JmdwtkBjI+5fmpdnVpGJ90m3qc+HVKko\/dgHn8VfFBWDR3F1EBe+gD9La1vfSL1353ha8T6b4MvUXHolPmIgaTCuisqYenX0QKtcealAv0fF8RvFQK0gh2EAUjvIlkwkG+3eFkmEKOCmCJDMkUlz4bIpEvADh8aRakci1lTwhnkQvSVE8DwuAMT1QoGneKn5Ix+PeYSwYTM2Pyu3DGVXyIZo4ck456AwHIJodJT9dsTW\/HcPlBevV0fKmhdcJKZi6SINBj1cwDDn+0TsnRZWAaalz+sQab8IBgCeDNUcaIpIE9ZhQjKd97Qni\/8Mhb5iapEADFSHGn5HO7SkiFFHb4u9gji6tgzhBhMjZhklq0DtFEZy5KXBluENsVzweY4bE9x2ECxQMFUpvxiooybm2ZPIFEtX0AbUHg\/ARO0LelavQZRgYTB2rNYkmGoUUjWy1dsSDAuPEb9vLDzKBbua87mCWgsAY7IXYdit46hW28gxoM10FwKYA8UsAjXUKyLq0PtUVaNAbNA9SoQavylvoR0rWyrCKFsasjPCb5eJH6srUtXpMHvMawhLmYH9hgzFXbH\/cbvNKdlQ6UkHtDWMmDPmT587HRQO6IIRWaFkMswfpQ3ItQq+nv959kz0Hmd71uKtBldfbVfYcLpkFjMgik6qxZ4AcKR7rMKNyRs4JKZiRDYnFMaIIo6Gm82nvc7ipPEMOvDpH5\/et9VyuPTp\/aefWJ8gguSKPPTUmf3Wb5\/Ru\/e56Wt9\/ueIc5mQlLUiQZ7\/kgpLwJsCbOe7HI9QQBsKsqpx4si1\/YBW0+jJMQ8HyaAnLVotFTkE3RVQL8DnadW4zWkKrdCjZwFgEvDSADkok+iML3AjFhKv3gLP0v2ErnpdVKcJ\/qqjRQJFeJ\/9Kv3BLo+iiGjJ4l\/EXEJxOCpZHlm+OCzYpCRTs5yaSE0+ARlc8tH2PP1+oNVbhLFkjZMNg0A5PE88wxqjf5Sj6lljl9deLhFfcGCnnmE2js9J3nKEA9PE5pCgGqN6TFXIztAVFeCZk7Rzaj3lVnncrZNP53KqYDLlnPs5tsmx\/rFK7CCnEEFjOfHDbTrCARXdFV0cfMFsFWNny+7AM9SVkAZEl2TLUb0g8ymQL8RMKloQ9yB6spyZsMtIwK9qvuGg+DTMApD2ipaocvbVsvsGg0yPfjAXt6jLaWEqOvZFzvhRXFImRXrtihwvk3xgyxaJrWEvBp+EeowyS4A1EyaJeAHU3cbmYpiwO6NnkoStCAv8nHxJqB8NQDnYUvf1L37zq1\/++hU4M3\/kqYTTv92MBjYsCB5aUUR++jHB6Y1hRZmg3jzHXtZyx3rJmYbzcLlf\/TB4cZ73OOWv9wsZr9X3xcZv3ay8ZMop2PZ1jm2nHGxCl22snjSYToe2TPazAWAoyEP0SVDxTj5diXPLEyFAnhR\/QyaWe3QOMBbWBLaj06uCAEuH3jxU\/X66El7ilwB+7\/qtCal+bMOoR5FaKSbVqtflGCFqwl7JIkEP8wcnrK3hVG9T8tpVOh80HJkregq\/Gbdf5HhYllonftoQtRby2r34di5QHw9ZxAn2WYmJ\/s42HuNEfWt863HsOdy8GG+\/+i8=\" \/><\/form> \t<div class=\"pdf24Plugin-cp-link\"> \t\t<a href=\"#\" onclick=\"var pdf24Win = window.open('about:blank', 'pdf24PopWin', 'resizable=yes,scrollbars=yes,width=600,height=250,left='+(screen.width\/2-300)+',top='+(screen.height\/3-125)+''); pdf24Win.focus(); document.pdf24Form0.submit(); if(typeof pdf24OnCreatePDF === 'function'){void(pdf24OnCreatePDF(this,pdf24Win));} return false;\">TELECHARGER L\\'ARTICLE AU FORMAT PDF<\/a> \t<\/div> <\/div>","protected":false},"excerpt":{"rendered":"<p>PASSAGES Les \u0153uvres de Rut Blees Luxemburg, Susanne B\u00fcrner et Wendelien van Oldenborgh nous proposent selon leurs modalit\u00e9s propres une exp\u00e9rience renouvel\u00e9e du paysage mental et concret que constitue notre environnement urbain le plus familier. La ville moderne et impersonnelle &hellip; <a href=\"http:\/\/www.art-3.org\/art-contemporain\/passages-texte-de-nicolas-feodoroff\">Continuer la lecture <span class=\"meta-nav\">&rarr;<\/span><\/a><\/p>\n","protected":false},"author":1,"featured_media":0,"parent":0,"menu_order":14,"comment_status":"closed","ping_status":"open","template":"","meta":{"footnotes":""},"class_list":["post-999","page","type-page","status-publish","hentry"],"_links":{"self":[{"href":"http:\/\/www.art-3.org\/art-contemporain\/wp-json\/wp\/v2\/pages\/999","targetHints":{"allow":["GET"]}}],"collection":[{"href":"http:\/\/www.art-3.org\/art-contemporain\/wp-json\/wp\/v2\/pages"}],"about":[{"href":"http:\/\/www.art-3.org\/art-contemporain\/wp-json\/wp\/v2\/types\/page"}],"author":[{"embeddable":true,"href":"http:\/\/www.art-3.org\/art-contemporain\/wp-json\/wp\/v2\/users\/1"}],"replies":[{"embeddable":true,"href":"http:\/\/www.art-3.org\/art-contemporain\/wp-json\/wp\/v2\/comments?post=999"}],"version-history":[{"count":3,"href":"http:\/\/www.art-3.org\/art-contemporain\/wp-json\/wp\/v2\/pages\/999\/revisions"}],"predecessor-version":[{"id":1002,"href":"http:\/\/www.art-3.org\/art-contemporain\/wp-json\/wp\/v2\/pages\/999\/revisions\/1002"}],"wp:attachment":[{"href":"http:\/\/www.art-3.org\/art-contemporain\/wp-json\/wp\/v2\/media?parent=999"}],"curies":[{"name":"wp","href":"https:\/\/api.w.org\/{rel}","templated":true}]}}