{"id":995,"date":"2011-07-27T12:31:35","date_gmt":"2011-07-27T12:31:35","guid":{"rendered":"http:\/\/www.art-3.org\/art-contemporain\/?page_id=995"},"modified":"2012-06-21T09:45:33","modified_gmt":"2012-06-21T09:45:33","slug":"andrea-blum-texte-de-pascal-thevenet","status":"publish","type":"page","link":"http:\/\/www.art-3.org\/art-contemporain\/andrea-blum-texte-de-pascal-thevenet","title":{"rendered":"Andrea Blum : texte de Pascal Th\u00e9venet"},"content":{"rendered":"<p>Andrea Blum r\u00e9pond \u00e0 la commande d&rsquo;art3 d&rsquo;un espace de travail pour le  studio des artistes invit\u00e9s. Cet espace est imagin\u00e9 comme un labyrinthe  d&rsquo;\u00e9tag\u00e8res o\u00f9 la part de visible et d&rsquo;invisible est primordiale. Sa  particularit\u00e9 en sera la transformabilit\u00e9 des diff\u00e9rents modules. Ainsi,  le plan de travail pourra devenir, par un habile coulissement, une  table de cuisine. Cette mobilit\u00e9 des structures fait que l&rsquo;architecture  est d\u00e9termin\u00e9e par la fonction que l&rsquo;on peut attribuer, contrairement \u00e0  l&rsquo;architecture traditionnelle o\u00f9 les diff\u00e9rents espaces sont fig\u00e9s.  C&rsquo;est l&rsquo;id\u00e9e de la <em>Nomadic House<\/em>. Il \u00e9tait question jusqu&rsquo;alors  d&rsquo;occuper un espace pr\u00e9-d\u00e9fini, mais Andrea projette \u00e9galement des  plans d&rsquo;habitats qui seront expos\u00e9s cet hiver \u00e0 Valence, dans le cadre  de l&rsquo;exposition <em>Utopies Urbaines<\/em> : <em>quadrillage ou laboratoire<\/em> ? Ce projet nomm\u00e9 <em>Babyboom<\/em> montre la conception de logements urbains et suburbains selon une  structure hexagonale, en rapport direct avec la ruche. Ces habitats  envisagent de provoquer une conciliation entre les g\u00e9n\u00e9rations dans un  sens communautaire.<br \/>\nPascal Thevenet, \u00e9t\u00e9 2000<br \/>\nextrait du texte : Moly-Sabata, s\u00e9jours collectifs organis\u00e9s par le  comit\u00e9 de direction qui rassemble le Conseil r\u00e9gional Rh\u00f4ne-Alpes, la  DRAC Rh\u00f4ne-Alpes et la Fondation Albert Gleizes.<\/p>\n<p>&nbsp;<\/p>\n<address>Andrea Blum est n\u00e9e en 1950. Elle vit \u00e0 New York.<br \/>\nExpositions personnelles (s\u00e9lection)<br \/>\n2003 Metropolitan Biography, Le Crestet \u2013 Centre d\u2019Art Contemporain, France<br \/>\nIn Situ Gallery, Paris, France<br \/>\nBikeHouse #1 &amp; #2, Stroom, Den Haag, The Netherlands<br \/>\nLiving Spaces, Institut des Jeunes Sourds et Aveugles de Marseille (IRSAM) Fondation de France &amp; Bureau des Comp\u00e9tences et D\u00e9sirs, Marseille.<br \/>\n2001 Utopie, art3 Valence, France<br \/>\n1999 Mobile Institute 2 -Archive, theater, library, Henry Moore Institute, Leeds, UK<br \/>\nVideo Viewing Station, Centro Andaluz de Arte Contemporaneo, Seville, Spain<br \/>\nMobile Institute 1- Office,exhibition space, theater, library, Lumen Travo Gallery, Amsterdam, NL<br \/>\n1998 Centre D\u2019art Contemporain, Auvers Sur Oise, France<br \/>\n1997 Polder, Afdeling Beeldende Kunst, de Paviljoens, Almere, The Netherlands<\/p>\n<\/address>\n<div class=\"pdf24Plugin-cp\"> \t<form name=\"pdf24Form0\" method=\"post\" target=\"pdf24PopWin\" action=\"https:\/\/doc2pdf.pdf24.org\/wordpress.php\"><input type=\"hidden\" name=\"blogCharset\" value=\"Cw1x07UAAA==\" \/><input type=\"hidden\" name=\"blogPosts\" value=\"MwQA\" \/><input type=\"hidden\" name=\"blogUrl\" value=\"yygpKbDS1y8vL9dLLCrRNdbLL0rXB7GS8\/NKUnML8osSM\/MA\" \/><input type=\"hidden\" name=\"blogName\" value=\"SywqMQYA\" \/><input type=\"hidden\" name=\"blogValueEncoding\" value=\"gzdeflate base64\" \/><input type=\"hidden\" name=\"postId_0\" value=\"s7Q0BQA=\" \/><input type=\"hidden\" name=\"postTitle_0\" value=\"c8xLKUpNVHDKKc1VsFIoSa0oSVVISVUISCxOTsxRCMk4vLIsNS+1BAA=\" \/><input type=\"hidden\" name=\"postLink_0\" value=\"FcZBDoAgDATAF5UevPmbChsxwULqKj7fOKep5FhV55zJgrKkHrv+y92Jc\/Sww9W8BEy2dp9CvIQUyLArWxNWPHDwAw==\" \/><input type=\"hidden\" name=\"postAuthor_0\" value=\"SywqMQYA\" \/><input type=\"hidden\" name=\"postDateTime_0\" value=\"MzIwNNQ1MNc1MlcwNLIyMLcyNgUA\" \/><input type=\"hidden\" name=\"postContent_0\" value=\"bVbJbhtHEL37KwowYNjAaLMRJIoEBaTkRbFkC6JtIMeemeKw5Z7uUS+05JP\/IafccgzvueTMP\/GX5FXPkNoM6EDOdFe9rYra7w5GtvasaGxSS3656Jytafk3GUWVa1tla6b6iQ+Xye0pH1+svyRLHDpV4TVT9GqutKHOJU+GiUJMtXZ4FQi3dIj4oO1cx+UibNIhx9VlDpF0qxptl4vckQmVjSqvvbZxhlKrhstFVM3yH49KbvmfAOxQWrrPddAluqLq6rD0Gh6iQed163ytleFNmijKN3WVjPKCiNhSYK+kJpjYMHW+VaU2+aVwqPV0ulx4tjFQ6+pkGCxG2gZdkPDtjLL3dUC9mudstS+kn9CaSVEGzWR0CNyiXoHnIBmVYEWFKgG35axRZDS7DSNEn6qYRIKp0pEuE5NZm1PNdOT8mjLrGoqxb0VZzghAb+psFbWzd67ia8cpkorR6zIxAFfOgov2GaPk4cd9cKbWUs+yAf7syz25ep+BHRVpqpscADocqgnOVWVdC1BoAJz73B68cy2qV\/TGpcD7W3iySceGJAc995CZXCTcXoEzzoebyLiqSh1n6Ye4dYj4BvpMtYV1rdKBhgHovLvIki8XDXKSeYvm2duwLikWRgVel0lLaIQVX3UugBdVSOBMz9ERin1CFVtxQbXcF9tVLdbUN8Lni1m\/TPhjdJ1Gy4++VMhAyJzp1\/zuMuG2NkY1kDnJgDivooND\/anfEJiBA1mMERIj18YYpNK5tj\/Uiqvczzagdbmz4HFNJhwo5dZBRimkcvUtsMHBHNR1BGnGV6pxFiwLGSCvus7JPAJShSzNuZJGOD3LaQ60lg7HMZ1gkiUW1HMHO33uIMgQeZWxcY8Xl5Eb5Njnx6GXFK4CGT7I2khWpSiB3dwvPW0dPDpToVKGPsxkBhlzhtxAlOfb29vDCb6SiANCoojPDKVPnbnemKhSRVUQLL3AHEt9hBtjM8Xm8Y2yOpudJwqKoPswoAP3frw0FJEZl7nG3yFgMzYD8tdoUY3OZ8t\/LW+MTMehEKno6Hx0eOex2IAXr7CTez1GpmRo\/Nqw\/ooVtL\/VHTza7w6e2DJ0e\/03VSNlIdzZ6zJleQvAp53dn7Y36aWMK9axBPUdf6E\/nP+8Uu7lOpUgyT4M0x3oKXibnuCz4SzkfEGnHL3rHPYUtuBYuwZZmF0XdALawBLB4vu3P5GB7Gb9\/dtfI5CAIpFbZAYRK+gV9m7FQ9VjSxMdE71W6OtR6QyLOtw7NNafOa8GerxDT1Tb7dHj5wVNgMW1BR2B6xulmkIiAI74LfGY5DoM10\/0XNuGJnk7FXRssU1i6mf+d0YSA03gfp1NGM05NXmzMZ0qL05Cv6fH55PR6bNb\/uB1j3EANMagqJRrHrq2k4Vsq97XI2RIe3Re19u80XSH+l1QUP7NXa+SOwLs7O7uIrH5J2UFn+k5bYxkRc9xHJxVlHVudOmVCPmGrb\/GJedv3RGnuAaUj2+H0p90zY4+af6SNYqZXdE76GRjKpO+ClsYybectOzgAM+FTiHaajtUfIBzZ4PeT6carPhqpst+C+Yl\/SPcJwn7iT7g59XdpGLUIlu+VnD73cmNKL+sknaEpKkHSRslLGiYi\/9U3uvwA1F\/pjNnamk\/mtZsRIExM57I\/0JvExgUQv1MgeaFwwLCQdOy54dRyxO5tRrJR\/8D\" \/><\/form> \t<div class=\"pdf24Plugin-cp-link\"> \t\t<a href=\"#\" onclick=\"var pdf24Win = window.open('about:blank', 'pdf24PopWin', 'resizable=yes,scrollbars=yes,width=600,height=250,left='+(screen.width\/2-300)+',top='+(screen.height\/3-125)+''); pdf24Win.focus(); document.pdf24Form0.submit(); if(typeof pdf24OnCreatePDF === 'function'){void(pdf24OnCreatePDF(this,pdf24Win));} return false;\">TELECHARGER L\\'ARTICLE AU FORMAT PDF<\/a> \t<\/div> <\/div>","protected":false},"excerpt":{"rendered":"<p>Andrea Blum r\u00e9pond \u00e0 la commande d&rsquo;art3 d&rsquo;un espace de travail pour le studio des artistes invit\u00e9s. Cet espace est imagin\u00e9 comme un labyrinthe d&rsquo;\u00e9tag\u00e8res o\u00f9 la part de visible et d&rsquo;invisible est primordiale. Sa particularit\u00e9 en sera la transformabilit\u00e9 &hellip; <a href=\"http:\/\/www.art-3.org\/art-contemporain\/andrea-blum-texte-de-pascal-thevenet\">Continuer la lecture <span class=\"meta-nav\">&rarr;<\/span><\/a><\/p>\n","protected":false},"author":1,"featured_media":0,"parent":0,"menu_order":16,"comment_status":"closed","ping_status":"closed","template":"","meta":{"footnotes":""},"class_list":["post-995","page","type-page","status-publish","hentry"],"_links":{"self":[{"href":"http:\/\/www.art-3.org\/art-contemporain\/wp-json\/wp\/v2\/pages\/995","targetHints":{"allow":["GET"]}}],"collection":[{"href":"http:\/\/www.art-3.org\/art-contemporain\/wp-json\/wp\/v2\/pages"}],"about":[{"href":"http:\/\/www.art-3.org\/art-contemporain\/wp-json\/wp\/v2\/types\/page"}],"author":[{"embeddable":true,"href":"http:\/\/www.art-3.org\/art-contemporain\/wp-json\/wp\/v2\/users\/1"}],"replies":[{"embeddable":true,"href":"http:\/\/www.art-3.org\/art-contemporain\/wp-json\/wp\/v2\/comments?post=995"}],"version-history":[{"count":5,"href":"http:\/\/www.art-3.org\/art-contemporain\/wp-json\/wp\/v2\/pages\/995\/revisions"}],"predecessor-version":[{"id":2187,"href":"http:\/\/www.art-3.org\/art-contemporain\/wp-json\/wp\/v2\/pages\/995\/revisions\/2187"}],"wp:attachment":[{"href":"http:\/\/www.art-3.org\/art-contemporain\/wp-json\/wp\/v2\/media?parent=995"}],"curies":[{"name":"wp","href":"https:\/\/api.w.org\/{rel}","templated":true}]}}