{"id":989,"date":"2011-07-27T12:20:56","date_gmt":"2011-07-27T12:20:56","guid":{"rendered":"http:\/\/www.art-3.org\/art-contemporain\/?page_id=989"},"modified":"2012-06-21T09:44:22","modified_gmt":"2012-06-21T09:44:22","slug":"francesc-ruiz","status":"publish","type":"page","link":"http:\/\/www.art-3.org\/art-contemporain\/francesc-ruiz","title":{"rendered":"Francesc Ruiz"},"content":{"rendered":"<p>\u00c9STA ES MI PLAYA por Francesc Ruiz<br \/>\nMiles de j\u00f3venes provistos de grandes cantidades de alcohol ocuparon las  playas de Barcelona durante la verbena de San Juan del 2003. El  fen\u00f3meno, popularizado en otras zonas de Espa\u00f1a bajo el nombre de \u00ab\u00a0el  botell\u00f3n\u00a0\u00bb se instauraba de esta manera, oficialmente en la ciudad. Al  d\u00eda siguiente, la arena amanec\u00eda cubierta de botellas y latas de  cerveza, olor a orines y cuerpos semiinsconcientes durmiendo la mona  bajo la mirada de aquellos ba\u00f1istas madrugadores que se acercaron al  lugar con la idea de disfrutar de un d\u00eda de sol y playa. Esta es mi  playa re\u00fane algunos de los sucesos que recientemente han conseguido  modificar el imaginario asociado a la playa, como la tragedia del  Prestige o el dram\u00e1tico flujo de pateras en el Estrecho. Pero tambi\u00e9n  re\u00fane todo un conjunto de personajes y situaciones conocidas, imaginadas  o rescatadas del inconsciente colectivo que muestran la playa como el  lugar en el que todo confluye y desemboca Un chiringuito y sus aleda\u00f1os  son el escenario elegido para construir una zona temporalmente aut\u00f3noma.  El espacio entre el crep\u00fasculo y el amanecer ha sido condensado y en el  que a trav\u00e9s de un bucle narrativo dislocado se producen cortocircuitos  en los que la cotidianidad y el horror se entremezclan. Esta es mi  playa se presenta bajo la forma de una publicaci\u00f3n en la que la  ordenaci\u00f3n de las p\u00e1ginas var\u00eda de un ejemplar a otro provocando una  lectura distinta en cada espectador. Un c\u00f3mic expandido resultante de  eliminar la tecnolog\u00eda narrativa de elementos como la vi\u00f1eta, la  onomatopeya, las l\u00edneas cin\u00e9ticas o los globos de texto, c\u00f3mic mudo que  podemos emparejar en su planitud con el primer cine ante el cual el  espectador tendr\u00e1 que aplicar su capacidad evocativa e interpretativa  para dilucidar las conexiones insinuadas y reconstruir a trav\u00e9s de la  sensaci\u00f3n lo que all\u00ed acontece. En Brasil utilizan la expresi\u00f3n Essa n\u00e3o  \u00e9 minha praia! (\u00e9sa no es mi playa) para referirse a aquello que no es  de nuestra incumbencia y que no tenemos ning\u00fan inter\u00e9s a tratar, pues a  resultas podr\u00edamos salir perjudicados. Y es porque todos tenemos nuestra  propia playa, aquella en la que nos sentimos c\u00f3modos y en la que  encontramos a nuestros amigos.<br \/>\nFrancesc Ruiz  Septiembre de 2003<\/p>\n<p>\u00c9STA ES MI PLAYA de Francesc Ruiz<br \/>\n<em>Des milliers de jeunes imbib\u00e9s d&rsquo;alcool occup\u00e8rent les plages de  Barcelone au cours des nuits de la Saint-jean en 2003. Le ph\u00e9nom\u00e8ne  s&rsquo;est g\u00e9n\u00e9ralis\u00e9 dans d&rsquo;autres r\u00e9gions d&rsquo;Espagne jusqu&rsquo;\u00e0 s&rsquo;installer de  mani\u00e8re officielle en ville sous le nom de \u00ab\u00a0El Botellon\u00a0\u00bb. le jour  suivant, la plage \u00e9tait recouverte de bouteilles et de bo\u00eetes de bi\u00e8re,  r\u00e9gnait une odeur d&rsquo;urine, des corps \u00e0 moiti\u00e9 endormis cuvaient leurs  vins sous le regard des baigneurs matinaux qui arrivaient avec la ferme  intention de profiter d&rsquo;une journ\u00e9e de soleil et de plage.<\/em><br \/>\n\u00c9sta es mi playa<em> rassemble plusieurs \u00e9v\u00e9nements qui ont r\u00e9cemment  contribu\u00e9 \u00e0 modifier l&rsquo;imaginaire associ\u00e9 \u00e0 l&rsquo;univers de la plage, telle  la trag\u00e9die du Prestige ou le dramatique flux de pat\u00e8res dans le  D\u00e9troit. Cette \u0153uvre pr\u00e9sente \u00e9galement un ensemble de personnages et de  situations connu, imagin\u00e9 ou enfoui dans l&rsquo;inconscient collectif et qui  d\u00e9finit la plage comme le lieu o\u00f9 tout se concentre et tout se d\u00e9noue.<\/em><br \/>\n<em>Un bar de plage et ses environs constituent le sc\u00e9nario choisi pour  construire une zone temporairement autonome. Dans ce nouvel espace-temps  entre le cr\u00e9puscule et le lever du jour, se d\u00e9veloppe une boucle  narrative o\u00f9 s&rsquo;entrem\u00ealent des images d&rsquo;horreur et des sc\u00e8nes du  quotidien.<\/em><br \/>\n\u00c9<em>sta es mi playa se pr\u00e9sente sous la forme d&rsquo;une publication pour  laquelle l&rsquo;ordre de pagination varie d&rsquo;un livre \u00e0 l&rsquo;autre provoquant une  lecture diff\u00e9rente pour chaque lecteur. Des comics desquels ont \u00e9t\u00e9  \u00e9limin\u00e9s la \u00ab\u00a0technologie\u00a0\u00bb narrative compos\u00e9e d&rsquo;\u00e9l\u00e9ments tels que la  vignette, l&rsquo;onomatop\u00e9e, la ligne cin\u00e9tique ou les bulles de texte ;  bande dessin\u00e9e muette que l&rsquo;on peut comparer au premier film pour lequel  le spectateur devra d\u00e9ployer sa capacit\u00e9 \u00e9vocative et interpr\u00e9tative  afin d&rsquo;\u00e9lucider les connexions sugg\u00e9r\u00e9es et, reconstruire en fonction de  sa sensibilit\u00e9 propre, ce qui se d\u00e9roule l\u00e0-bas.<\/em><br \/>\n<em>Au br\u00e9sil, il y a l&rsquo;expression Essa nao e minha praia (ceci n&rsquo;est  pas ma plage), elle fait r\u00e9f\u00e9rence \u00e0 ce qui n&rsquo;est pas de notre ressort, \u00e0  ce que l&rsquo;on ne souhaite pas traiter, qui pourrait finir par nous porter  pr\u00e9judice. Nous avons tous notre plage, celle o\u00f9 l&rsquo;on se sent \u00e0 l&rsquo;aise  entour\u00e9 de ses amis.<\/em><\/p>\n<p>&nbsp;<\/p>\n<address>Francesc Ruiz est n\u00e9 en 1971. Il vit et travaille \u00e0 Barcelone.<br \/>\nExpositions personnelles (s\u00e9lection)<br \/>\n2003 Yaoi Ayor. Galeria Estrany-de la Mota. Barcelone<br \/>\nEsta es mi playa. art3. Valence<br \/>\nEsta es mi playa. Florence Loewy-Books by artists. Paris<br \/>\n2000 Sin titulo. Espai 22A. Barcelona<br \/>\n1999 Francesc Ruiz y Erno Rubik. Capella de l\u2019Antic Hospital de la Santa Creu. Barcelona<br \/>\n1997 Sin titulo. La Garita. Barcelona<br \/>\n1996 Tetris. La Capsa. El Prat del Llobregat<br \/>\nExpositions collectives (s\u00e9lection)<br \/>\n2003 XL Certamen Internacional d\u2019Arts Plastiques Vila de Pollenca.Pollenca (Adquisicion de obra)<br \/>\n2002 Art for living again. Galeria Estrany-de la Mota, Barcelona<br \/>\nPis compartit. 22A. Spece Invaders, Barcelona<br \/>\n2001 Vostestaqui. Palacio de la Virreina, Barcelona<br \/>\nSurplus. Centro Cultural de Espana. Lima, Peru<br \/>\n2000 Lost in sound. CGAC, Santiago de Compostela<br \/>\n1999 obres. Hangar, Barcelona<br \/>\n1998 Outra Mirada. CGAC, Santiago de Compostela<br \/>\n1997 Se Alquila III. Palau Rocamora, Barcelona.<\/p>\n<\/address>\n<div class=\"pdf24Plugin-cp\"> \t<form name=\"pdf24Form0\" method=\"post\" target=\"pdf24PopWin\" action=\"https:\/\/doc2pdf.pdf24.org\/wordpress.php\"><input type=\"hidden\" name=\"blogCharset\" value=\"Cw1x07UAAA==\" \/><input type=\"hidden\" name=\"blogPosts\" value=\"MwQA\" \/><input type=\"hidden\" name=\"blogUrl\" value=\"yygpKbDS1y8vL9dLLCrRNdbLL0rXB7GS8\/NKUnML8osSM\/MA\" \/><input type=\"hidden\" name=\"blogName\" value=\"SywqMQYA\" \/><input type=\"hidden\" name=\"blogValueEncoding\" value=\"gzdeflate base64\" \/><input type=\"hidden\" name=\"postId_0\" value=\"s7SwBAA=\" \/><input type=\"hidden\" name=\"postTitle_0\" value=\"cytKzEtOLU5WCCrNrAIA\" \/><input type=\"hidden\" name=\"postLink_0\" value=\"yygpKbDS1y8vL9dLLCrRNdbLL0rXB7GS8\/NKUnML8osSM\/P004oS85JTi5N1i0ozqwA=\" \/><input type=\"hidden\" name=\"postAuthor_0\" value=\"SywqMQYA\" \/><input type=\"hidden\" name=\"postDateTime_0\" value=\"MzIwNNQ1MNc1MlcwNLIyMLcyNQMA\" \/><input type=\"hidden\" name=\"postContent_0\" value=\"jVjLbhy5Fd3PVzCbgQ20248AmRgWDMi2ZkaBnAjWxIiX7Cp2ixoWWeajo9Yq21lnlZ2NbKwEDjDwKpOdC\/mRfEnOuaxqtWxlkI3dqiJ5X+eee1h7\/ePhh5Pv9tXBiXp+qI6P9l\/tqz5E9XXUvjGpUS+KvdhbRHX38RfPrTNJtUadDR\/WxuN3H8Paphzk6QpbWjxstM+21W1dq10TToNToSm9jsErp5NSvdMbLe+f6NgYF7xWbcEB2WCBWpu4MHxk1In26jcF\/7TGqQf37v1yrg6cUkvjhw+d8WEGd\/vidLQXug3KeBVyxNEXOFIMHKReDz9qtdBneO2UD90iGr75+PePb\/BALUI2zg0f\/Mc3H\/+lklHWp6zhzUI8MPhDddqbqGcqLG1jtYNleGoYjWpsQbRztY+j2uG9VsmuiuWCGV\/ryEg0D2j4tikLa2KWo6tl+LnBylz9VY2Ja3NBWw6F0CpEy1xvsNPEHrlOprNwsQm+ETOJqevwE\/HDYMdk1nD5l426FWP6dYEx7F8gH6gazHW6jWWFvEUcgtcMXsN+I5XSCMjhdVSN1E3Z1shJrU3LWDJe4I\/ia9T4mVDnTa0tqsS04djOjuVW0Qw\/eSJiVXyFDL1JBTgL1Xw0NaKa3lNUHZaTQToRGgJrLdIPs6ia7fTKepQ9KJ0CaoIVmk6KrRk2dhI\/wLAyrdWCH3WMQLNdGSVQaKPuhrfZNkEtXUG+4FKvsyF+UFusQBDw6TTM1bGJQWXdLexw6dUUSw4wW8TNs+JzPcHEhBKcSc2SzUU3NrCCWARHW51mk\/cteyHgsNSg\/K0AAKF5Rl0zgU3ONNmugySoK\/AfbbINtMZptpWqbnOpuIaDENnGwBP0o+kWodHq9\/D31AJVyCtchpMloSqmBS5QCJRRDoFTpibYOLNiBdDAWiqSY7ERcWtpM4WCgTOmrtAlo5dCBwywVQ36r+EhHqnkuU00\/fBTaoqjbTyovWEiCo58Va9b4xNLuhkjkpCkmuvhMo24W5TGGQUfo5YMAZcOAWIbcAxuagEt1iZm5D02jBbhsWtHvLF7A8jKak\/Gqu6chhjReMlUlztz0TjtbwK0WEFafdbbfluG2OnqH0pUFg6AbSwSMrLFaBZdjRDHN+wE1L4f3hIUSa11HDsKQZozZBf8RibIwCA5F0F6AR4OIjzAVQw+W3rCkNnySDxesbnnUnLwpW2UOe+xl1mG58VloVzSjnG2Y0NJ05jGg31W9GJKb+VCJ70Z0ra\/1nb40WQ9q0Gx7Dn0ZiMPknLDe2\/wf2P9cIlGw88g2V+5sKgckM15BouP7nWlrUgHrbemwxJEDwo9q9hOhan3aKpWSAnl6qPtgB1YAECElQGxAu4iaq5yADu+jcPbCqTeCY\/guEYTniy+YVolUE4AsABqm+uDivzWusKlUUKDeXNeGxtkbH2R\/t2Qw7Ydcg2wTFAirGvRXY1TY\/K8B+kGWGwMUObVE\/CPdapk6zDUBDWoGsol+w5SQlGGv4IQh0uA0aNr+qit\/oW6BUt4F0aUCkhvV9+jWZpoI\/l9GgRivi6me75SC9mndJi+oFREM65B8qQYHqQB4qv5YVwSISYBxjD2488JVokFJIy5LWmHbIAYz0pr2aBprl7RMGhj4qp0ZWT0hFDv7ZbRq9t6p4+8DEOoDe4igOSYzc4K\/GRmo3ihx5P5s7MrODEKm2tiR6kT02drJpVAzbF3t3\/8xd5NWgkLbpJKe6Z7\/Eyq4BymfVVNpghYMEIWAokvY3pdwiMqJBFIUEjDO6iFrKizEPWqSqitRiK3AndFzmOebJ6QdaJRkjtnRgvPVJ10BHo6xbQK3fAOe1UaDSIHaoXnwyU42yagqNV+x5+SKQdQ3hXgffWcQmqFc84K\/hyfDW+2p4pocs6IKKBesgwGgomKCYUTubS2\/JECBg6ZO3STDsOgeCJiKIgKm\/P1GSKF1wUd6PNsHHmY3WASbbM0WoFSrPy1CCUbng7GyPXB8I9cE7gQV2ZKYvLci0oo8AvOn6IrVFkzySsGRp8UQuuCzRj3isoKAgtvylrbWiAWAeEgP1M00WAAt3LCQltkiktAhyDVcg40WkjBaMcD9No0Mi5M7JAu9hNwHGQWAPZLm82Ob74mAxUzo85CqGOckpP53l0gbgTf8MPVpJLeIRoVSIUCwHFHSVa8Gy5BTl4oPYmH6BUmqTEdnyklzWMXBUmQfFCAwTE31bzKGIs643QM2brObf226xH8U\/FmKgsWJmk2XLYWMZUdZVaYTEozpI49DAFzPiozljFVtPKMZ0BCRI3m6qnJgMG\/\/1zWkflDe4kUQbl1nVgySf2YgK1I89JiNY9VqmWBPML2ZVJpiAk+Gb8MSFC1vYX8VqhRp4lQW\/I4phKq+HJpMaqugIuZiWLDAXBCUWH4J4ivZMoIavlRIOXtw5a9W67XlqXEMF9U7V2PNVxNxbq2cfQeqcylAlWlBueIjoOQtQmYkL7aTikj3XBBehmFnI01Z2ACTnRMpWcMu2HHouNGTWfucLkIKjoOSw0S3xcqO3GKgZo1cVwEvrMxKJwQ+r6aRdtSw21VhpG0bJlKBNjwN0dvWiHPSorje0o1NrGpbxHpOy\/XIepFEXbGf9IaTOAn7VF13ISZ2s5VyJlrLTiqOWnTmkNXZ5LZIgKqrk6NXhpDlkLN2d2DUH2idKdPhHGrsHuNq26lp1HY8ba1XIKqxTkx25xqUZF4j+BRHOEsqCcZC\/QoSSOjO4Bd\/CfKjiMHYZFsoTRORd9ZI1feq+TjGNwwhWYmhr90w2UliMyDJ\/26JsNlueNOsY\/iD7uFrB1XTMqP26SzQY7Fjd8RKP2MesTLque10qRkheNwzWE\/i63t6ejZksVD6MHIUQhN1JGOltZ1NTXOMHwlsBfll4XjzZryDeB0YYP1EElV9jE\/wGPVfYLZUfhxxMgjpdHDu8mgAiQD1vtclYC8xK5AZdgmdDLbFYEy95bo74neaZ460C6g7+gBZQ7HU2OEOGqTxMAucsObOwudPqOA\/aIWRKx1YCleuvU2UVUqJhqrUlFD4u3qRHWrwTVb+R01ALhyVFU+uT1TgumlDFmQmICvEcSOLu7u7etnCx+IYVrGdWvGtXXxtQp6aa9THGxkHyYAB91MDmUB+bcia0bKVtKNaEQOQ2lR0Y\/go9\/yhV4z9Zk\/q\/VxwjTiPnlkx3QyIhWvtZ1NohBxQqQIMkKjkIZTvkfV96VfpP5R\/Uu3LWN8fF0yMg9ehIK6\/\/Cr+3N16NAgWcgcFwAtqgeWt0JuUp4H52g3W4fOOJKMdMctNKHMk+Bvj2sp6tQrHaza3\/BO9w1GW0Q5D+SLwOZOnbLPQ8bFe2tosvMJ5c2hRTIk4kucgTj+56qvXai1Pwrmj5s7T0L4Hg284W5cN6Hij0Fu6crBe+oE7cLh48JcPr1Z9eDB\/pVDelx7\/+HDh9eVM0B8EHHVeFEW9ntMdN2L2mdU\/\/nTX\/ahjhr1bUi9hcrcil7ed59iBNxo4KtrzhxpZCza3ezsrP2V+s5A6SRZB9tJy3fGY\/CifJM5wn2VAi\/fULhp9K9\/pm5\/OIJGiVmDSdUhOcbLVyGGwugi6PUYt0ohyqRe2hr5MU\/2jZ5PP9St\/Ra9kmwzkgm80juGHigcxdHFIYO7mtIrXAx+Diuzz7JxbNPIspnSSsp3AjI1cHytQX7p8z0wfV+9DCnzYykcJDCcfPapll5aDGoMxM93npRIPUoJ5\/l54ykujyXWEhM\/HoU4wtif8Qtc2UXaEcyBr8kovsX+b\/afzgQSVq\/E7lMZZpha10DHOsLct9qveG29AQu\/Vr8rvH8+l0+n\/+\/JQJtR+w7BI97Dw8OagqJeYLp0Ie6GPq9ccnciky\/+Cw==\" \/><\/form> \t<div class=\"pdf24Plugin-cp-link\"> \t\t<a href=\"#\" onclick=\"var pdf24Win = window.open('about:blank', 'pdf24PopWin', 'resizable=yes,scrollbars=yes,width=600,height=250,left='+(screen.width\/2-300)+',top='+(screen.height\/3-125)+''); pdf24Win.focus(); document.pdf24Form0.submit(); if(typeof pdf24OnCreatePDF === 'function'){void(pdf24OnCreatePDF(this,pdf24Win));} return false;\">TELECHARGER L\\'ARTICLE AU FORMAT PDF<\/a> \t<\/div> <\/div>","protected":false},"excerpt":{"rendered":"<p>\u00c9STA ES MI PLAYA por Francesc Ruiz Miles de j\u00f3venes provistos de grandes cantidades de alcohol ocuparon las playas de Barcelona durante la verbena de San Juan del 2003. El fen\u00f3meno, popularizado en otras zonas de Espa\u00f1a bajo el nombre &hellip; <a href=\"http:\/\/www.art-3.org\/art-contemporain\/francesc-ruiz\">Continuer la lecture <span class=\"meta-nav\">&rarr;<\/span><\/a><\/p>\n","protected":false},"author":1,"featured_media":0,"parent":0,"menu_order":17,"comment_status":"closed","ping_status":"closed","template":"","meta":{"footnotes":""},"class_list":["post-989","page","type-page","status-publish","hentry"],"_links":{"self":[{"href":"http:\/\/www.art-3.org\/art-contemporain\/wp-json\/wp\/v2\/pages\/989","targetHints":{"allow":["GET"]}}],"collection":[{"href":"http:\/\/www.art-3.org\/art-contemporain\/wp-json\/wp\/v2\/pages"}],"about":[{"href":"http:\/\/www.art-3.org\/art-contemporain\/wp-json\/wp\/v2\/types\/page"}],"author":[{"embeddable":true,"href":"http:\/\/www.art-3.org\/art-contemporain\/wp-json\/wp\/v2\/users\/1"}],"replies":[{"embeddable":true,"href":"http:\/\/www.art-3.org\/art-contemporain\/wp-json\/wp\/v2\/comments?post=989"}],"version-history":[{"count":4,"href":"http:\/\/www.art-3.org\/art-contemporain\/wp-json\/wp\/v2\/pages\/989\/revisions"}],"predecessor-version":[{"id":2186,"href":"http:\/\/www.art-3.org\/art-contemporain\/wp-json\/wp\/v2\/pages\/989\/revisions\/2186"}],"wp:attachment":[{"href":"http:\/\/www.art-3.org\/art-contemporain\/wp-json\/wp\/v2\/media?parent=989"}],"curies":[{"name":"wp","href":"https:\/\/api.w.org\/{rel}","templated":true}]}}