{"id":981,"date":"2011-07-27T12:03:59","date_gmt":"2011-07-27T12:03:59","guid":{"rendered":"http:\/\/www.art-3.org\/art-contemporain\/?page_id=981"},"modified":"2011-08-26T12:30:17","modified_gmt":"2011-08-26T12:30:17","slug":"texte-de-yuri-leiderman","status":"publish","type":"page","link":"http:\/\/www.art-3.org\/art-contemporain\/texte-de-yuri-leiderman","title":{"rendered":"Texte de Yuri Leiderman"},"content":{"rendered":"<h4>les braves gars de lianchanbo sont l\u00e0&#8230;<br \/>\nYuri Leiderman<br \/>\nCar voil\u00e0 ce qu\u2019il advient parfois : ils n\u2019ont encore touch\u00e9 \u00e0 rien<br \/>\net voil\u00e0 qu\u2019ils d\u00e9boulent d\u00e9j\u00e0 avec une pancarte \u00ab concept \u00bb, comme ce  clown.I. Quand Val\u00e9rie1 m\u2019a t\u00e9l\u00e9phon\u00e9 pour me proposer d\u2019\u00eatre  co-commissaire d\u2019un projet \u00e0 venir et notamment de participer au choix  des artistes, j\u2019ai \u00e9videmment accept\u00e9 avec joie, mais j\u2019ai aussit\u00f4t  ajout\u00e9 qu\u2019avant d\u2019inviter les artistes, il nous fallait \u00e9laborer le  concept global de l\u2019\u00e9v\u00e9nement. \u00ab Eh bien, va pour le concept&#8230; \u00bb,  acquies\u00e7a Val\u00e9rie1 sans grand enthousiasme. C\u2019est sur ces mots que notre  premi\u00e8re conversation sur le sujet s\u2019acheva.<br \/>\nPendant une semaine, ou presque, j\u2019ai r\u00e9fl\u00e9chi sur le \u00ab concept \u00bb  jusqu\u2019\u00e0 ce que, une nuit, une id\u00e9e absolument claire me vienne \u00e0  l\u2019esprit : \u00ab Au diable le concept ! \u00c0 quoi pourra-t-il bien nous servir  ?! Tu es quoi, un jeune commissaire progressiste ? Un artiste d\u00e9mang\u00e9  par l\u2019engagement social ? Un th\u00e9oricien de la culture, un activiste, un  instigateur d\u2019initiatives institutionnelles ou\u2026 comment se nomment-ils  encore ? Imaginons les choses plus simplement. Il te faut quatre  personnes tout \u00e0 fait concr\u00e8tes, que tu estimes beaucoup en tant  qu\u2019artiste, que tu aimes et appr\u00e9cies. Elles doivent \u00eatre diff\u00e9rentes  mais tu dois pouvoir sentir une certaine parent\u00e9 entre elles, un int\u00e9r\u00eat  r\u00e9ciproque et la possibilit\u00e9 d\u2019une charmante aventure commune. \u00bb<br \/>\nApr\u00e8s avoir pris clairement conscience de tout cela, presque en un  instant, en quelque trente secondes, quatre noms me sont venus  clairement \u00e0 l\u2019esprit : Tomo, Bill, Manfred, Oleg2. Sans aucune  h\u00e9sitation, sans aucun calcul du genre : \u00ab Si celui-l\u00e0 ne peut pas,  peut-\u00eatre que celui-ci pourra&#8230; \u00bb, mais au contraire avec une  indestructible \u00e9vidence, comme lorsque l\u2019on compose un po\u00e8me et que  quatre lignes tombent pile, en rime et en mesure. Je ressens  v\u00e9ritablement la liste de ces quatre noms comme un po\u00e8me, peut-\u00eatre le  meilleur que j\u2019aie jamais \u00e9crit, et j\u2019esp\u00e8re que cela ne para\u00eetra pas  cynique.<br \/>\nQuelques mois plus tard, Bill m\u2019envoie une photo sur laquelle, rev\u00eatu  d\u2019une tunique chinoise, il s\u2019exerce au tai-chi. Son allure m\u2019a rappel\u00e9  les personnages du roman classique chinois, Au bord de l\u2019eau3 : le roman  culte pour l\u2019\u00e9cole conceptuelle de Moscou. Justement \u00e0 cette \u00e9poque, je  regardais tous les soirs une adaptation cin\u00e9matographique contemporaine  chinoise de cette gigantesque \u00e9pop\u00e9e, quelque chose comme cinquante  \u00e9pisodes. Dans ce roman (je simplifie) sont d\u00e9crites les aventures \u00ab  d\u2019honn\u00eates bandits \u00bb \u2013 r\u00e9incarnations d\u2019esprits c\u00e9lestes \u2013 qui  finalement se rassemblent tous sur la montagne Lianchanbo pour \u00ab que  r\u00e8gne la justice \u00bb et de mani\u00e8re \u00e0 se battre contre les fonctionnaires  corrompus. Les p\u00e9rip\u00e9ties se d\u00e9roulent comme entre deux p\u00f4les, celui de  la non-reconnaissance absolue et celui de la reconnaissance absolue. La  non-reconnaissance, c\u2019est quand les personnages, qui ont entendu parler  les uns des autres sans jamais se croiser, commencent, lors d\u2019une  rencontre fortuite, \u00e0 se combattre ou, pire encore, s\u2019empoisonnent  mutuellement afin de pouvoir s\u2019utiliser pour farcir des petits pains  ukrainiens \u00e0 la viande humaine. Sauf qu\u2019ils ne vont jamais jusque-l\u00e0  parce qu\u2019au dernier moment l\u2019un d\u2019eux devine malgr\u00e9 tout : \u00ab Ne  seriez-vous pas par hasard M. Un tel ?! Voil\u00e0 que, v\u00e9ritablement, comme  il est dit dans le proverbe \u201cA des yeux et ne voit pas la montagne Ta\u00ef  shan !\u201d \u00d4 mon fr\u00e8re a\u00een\u00e9 ! \u00bbApr\u00e8s cette expression du respect chinois,  ils tombent \u00e0 genoux l\u2019un devant l\u2019autre, commencent alors de nombreuses  r\u00e9v\u00e9rences. \u00c0 peu pr\u00e8s comme dans notre performance commune, il y a  cinq ans, \u00e0 Moscou, quand Bill tombait \u00e0 genoux devant le public en  ob\u00e9issant \u00e0 la r\u00e9p\u00e9tition des mots tak (alors) et itak (ainsi) ; les  seuls mots que je lui ai appris \u00e0 reconna\u00eetre dans la masse, pour lui  incompr\u00e9hensible, du texte russe.<br \/>\nDans Au bord de l\u2019eau3, il y a, \u00e0 l\u2019inverse, des moments de  reconnaissance absolue, quand les bandits partent \u00e0 la conqu\u00eate d\u2019une  quelconque petite ville, y p\u00e9n\u00e8trent d\u00e9guis\u00e9s et tout \u00e0 coup surgissent  tous ensemble des diff\u00e9rents coins de la place du march\u00e9 en criant \u00e0  l\u2019unisson : \u00ab Les braves gars de Lianchanbo sont l\u00e0 ! Les braves gars de  Lianchanbo sont l\u00e0 ! \u00bb C\u2019est quelque chose comme cela que je marmonnais  tout le temps en me r\u00e9jouissant de la perspective de voir appara\u00eetre  Tomo, Bill et Manfred \u00e0 Valence. Je disposais tout de m\u00eame d\u2019un argument  rationnel pour justifier pr\u00e9cis\u00e9ment le choix de ces complices :  impossible avec eux de pr\u00e9voir le travail qu\u2019ils proposeront la fois  prochaine, ni le proc\u00e9d\u00e9 de lutte auquel ils pourront recourir. Place du  march\u00e9 et imparable assaut.Et puis nous avons s\u00e9journ\u00e9 \u00e0 Valence. Nous y  avons \u00e9t\u00e9 d\u00e9guis\u00e9s, nous y avons servi le public de la mani\u00e8re la plus  servile possible, nous inclinant devant lui : \u00ab \u00d4 notre fr\u00e8re a\u00een\u00e9 ! \u00d4  notre fr\u00e8re a\u00een\u00e9 ! Comme il est dit, a des yeux et ne voit pas  lamontagne Ta\u00ef shan, et ne voit pas la montagne Concept ! \u00bb N\u00e9anmoins,  c\u2019est plut\u00f4t un pr\u00e9lude, tout commence seulement \u00e0 recevoir ces \u00ab  entr\u00e9es \u00bb entre la reconnaissance et la non-reconnaissance. C\u2019est  pourquoi il m\u2019a paru judicieux de faire pr\u00e9c\u00e9der ce chapitre par un I,  et d\u2019attendre les propositions. Peut-\u00eatre, sans doute, que cette envie  initiale du concept retentira d\u2019une mani\u00e8re ou d\u2019une autre dans mon  propre travail. Je ne sais encore ni quoi ni comment, mais j\u2019ai devant  les yeux l\u2019hallucination suivante : une porte close avec une grande  vitre semi-opaque. \u00c0 travers cette vitre, les spectateurs parviennent  tout de m\u00eame \u00e0 distinguer une pi\u00e8ce au centre de laquelle est install\u00e9  un grand plat de riz sur un tabouret. Un inconnu, \u00e0 genoux et pench\u00e9 en  avant des heures enti\u00e8res, vomit quelque chose de rouge dans le riz  blanc. Il y a deux pancartes sur cette porte, inscrites au pochoir sur  la vitre, comme dans les \u00e9tablissements officiels. Sur l\u2019une, il est  \u00e9crit \u00ab LA MORT DE L\u00c9NINE \u00bb et sur l\u2019autre le mot \u00ab CONCEPT \u00bb.Peut-\u00eatre  qu\u2019inconsciemment, je veux dire le contraire , qui ressemblerait \u00e0  l\u2019imp\u00e9ratif du slogan r\u00e9volutionnaire : \u00ab \u00c0 MORT LE CONCEPT ! L\u00e9nine \u00bb \u00c0  propos, la derni\u00e8re fois que j\u2019ai vu Bill en France, il m\u2019a montr\u00e9 un  manuel de tai-chi. Dans ce livre, sur les nombreuses photos qui  illustrent l\u2019ex\u00e9cution de tel ou tel encha\u00eenement, il y a deux  personnages. L\u2019un est en costume traditionnel chinois, tel \u00ab un brave  gars de Lianchanbo \u00bb, alors que l\u2019autre, petit et chauve, porte un  complet trois-pi\u00e8ces et une cravate, rappelant terriblement L\u00e9nine.  L\u00e9nine parmi \u00ab les braves gars de Lianchanbo \u00bb ?! Et pourquoi pas, lui  aussi \u00e9tait un \u00ab honn\u00eate bandit \u00bb et les concepts le faisaient aussi  vomir.<br \/>\nII. La pr\u00e9sence imaginaire et hallucinatoire de L\u00e9nine ou bien celle,  par exemple, de moudjahidines afghans, de serpents, de partisans, de  serviteurs africains d\u2019op\u00e9rette parmi les protagonistes d\u2019Au bord de  l\u2019eau ne doit pas nous troubler. Contrairement \u00e0 ceux du roman europ\u00e9en  classique, il ne s\u2019agit pas dans celui-l\u00e0 de personnages mais d\u2019esprits  jet\u00e9s de quelque part en haut, de forces pour l\u2019instant contenues. Selon  les chercheurs, leur origine typologique remonte aux divinit\u00e9s  anciennes, populaires, zoomorphes, \u00e0 la diff\u00e9rence pr\u00e8s que leur bec et  leurs griffes deviennent ici les ornements de cafetans brod\u00e9s, les  noeuds des serre-t\u00eate, la pointe carnassi\u00e8re repli\u00e9e des bottes. C\u2019est  de cette fa\u00e7on que je voudrais percevoir les participants de notre  projet : il ne s\u2019agit pas d\u2019artistes mais, ce qui est nettement plus  int\u00e9ressant, de certaines circonstances en cours de d\u00e9ploiement, de  forces qui, \u00e9tant en contact \u00ab ici \u00bb, sont en m\u00eame temps dirig\u00e9es vers  un \u00ab nulle part \u00bb. Surtout si on se souvient que dans la tradition  chr\u00e9tienne, les forces ont aussi une fonction c\u00e9leste particuli\u00e8re au  sein de la hi\u00e9rarchie ang\u00e9lique. Je crois qu\u2019ils sont un peu au-dessus  des anges et un peu en dessous des archanges. Un peu au-dessus des  artistes et un peu en dessous des commissaires et des instigateurs  d\u2019initiatives institutionnelles. On pouvait lire \u00ab Que r\u00e8gne la justice \u00bb  sur le drapeau des bandits de Lianchanbo. De quelle justice  pouvons-nous parler dans notre cas ? Probablement d\u2019une justice de  contact, de coparticipation et de fid\u00e9lit\u00e9 r\u00e9ciproque. Sur une des  photographies faites \u00e0 Valence par Manfred, on aper\u00e7oit deux petites  silhouettes se promenant \u00e0 l\u2019oppos\u00e9 l\u2019une de l\u2019autre dans le vaste  espace situ\u00e9 devant l\u2019usine d\u00e9saffect\u00e9e, qui fut fond\u00e9e au XIXe si\u00e8cle  par le disciple local de Fourier. \u00ab Bill balance Tomo \u00bb, dit la l\u00e9gende  sous la photo. Balance entre \u00ab les braves gars \u00bb, la configuration de  deux montagnes, la montagne de Lianchanbo o\u00f9 les amis se sont rassembl\u00e9s  pour que r\u00e8gne une \u00ab justice \u00bb insens\u00e9e et attirante, et la montagne  Tai shan dont il est dit \u00ab avoir des yeux mais ne pas voir \u00bb. Quant \u00e0 la  montagne Concept, elle reste derri\u00e8re, abandonn\u00e9e, n\u00e9glig\u00e9e, en guise  de fond comme un phalanst\u00e8re.<br \/>\n1. Val\u00e9rie Cudel, directrice d\u2019art3<br \/>\n2.Tomo Savic-Gekan, Bill Beirne, ManfreDu Schu, Oleg Petrenko.<br \/>\n3. Roman chinois attribu\u00e9 \u00e0 Shi Nai\u2019an (1296-1370) et r\u00e9vis\u00e9 par Luo Guanzhong (1330-1400).<\/h4>\n<div class=\"pdf24Plugin-cp\"> \t<form name=\"pdf24Form0\" method=\"post\" target=\"pdf24PopWin\" action=\"https:\/\/doc2pdf.pdf24.org\/wordpress.php\"><input type=\"hidden\" name=\"blogCharset\" value=\"Cw1x07UAAA==\" \/><input type=\"hidden\" name=\"blogPosts\" value=\"MwQA\" \/><input type=\"hidden\" name=\"blogUrl\" value=\"yygpKbDS1y8vL9dLLCrRNdbLL0rXB7GS8\/NKUnML8osSM\/MA\" \/><input type=\"hidden\" name=\"blogName\" value=\"SywqMQYA\" \/><input type=\"hidden\" name=\"blogValueEncoding\" value=\"gzdeflate base64\" \/><input type=\"hidden\" name=\"postId_0\" value=\"s7QwBAA=\" \/><input type=\"hidden\" name=\"postTitle_0\" value=\"C0mtKElVSElViCwtylTwSc1MSS3KTcwDAA==\" \/><input type=\"hidden\" name=\"postLink_0\" value=\"yygpKbDS1y8vL9dLLCrRNdbLL0rXB7GS8\/NKUnML8osSM\/P0S1IrSlJ1U1J1K0uLMnVzUjNTUotyE\/MA\" \/><input type=\"hidden\" name=\"postAuthor_0\" value=\"SywqMQYA\" \/><input type=\"hidden\" name=\"postDateTime_0\" value=\"MzIwNNQ1MNc1MlcwNLIyMLcytQQA\" \/><input type=\"hidden\" name=\"postContent_0\" value=\"hVpNrxzHdd37V5QQIJCAeWNSFOJEFiRIFG3QoCjKpA1nWdNdM1NPPV3N6q4JqRW3XiebAAmQVaznAMnGm8A7zz\/RL8k551b3zBMfnc1786ar6+Pec88999b7ZP\/Rp10Y3Sb7I37tfB5dG1wXfd\/sfb9Jbkz95LrTf\/zt3\/z9hw\/u\/fyTTXY\/\/fQn\/1hydE9CbEM++L5++dBnd0wRg10T3Mvyw5t\/jZ3z7TEGzDH4vE1xdB+72I2ux0POHPom5eCmVJr96cbh1YzRdcIwzfPVybC5080mlY4T4uM1HmHjjSt9wAJ94\/MU3F\/+yzWpb8Iwub\/8eYXPh0PgjlzTpX\/q14\/X7pvi+9b91nenGyx33x0wu3fT6QZfDPvUYydDKtnhvSGnIY0huxZjTn+cMudJV5w0jqOP+JtPSs+R19gxtnQMfcwOn\/s0eSzOzXJ\/eYpNHDCXL67Zp\/jK4fvR8ftxCuPKXXMf0Z1ujrCsvegbHgQb0jmvUwwrd\/CwYx3ryzjG6fSnyTl\/nQpHylj+6LkszdYf44RFu1tLwTN9KqPb+q7zEdu+6fwGruA4t9hv16WN7wQJHv\/meLrpA\/e1ppUf7d0G3lq5ozd74dX6ZoWLHIAzvCwxjKc\/+Aubj74H4DIdgfn22Ev04yGs3UOsFMbJjZiwwZ4PaRpxpkBr0vpDDod4+j5rrWPIo59i6jUc64+FThhpgWYfjn5dsfQs9C0tQqSMARbsYchUONuIyRfb59PNFlts9nGe8RacnLsuoww8oxyvcs6+xMk+RQAzOL8ZU1fkwqYTTAAmRgJG4FXZM4xDhuk\/5hKfF9dGv8F6ZyO699zpDZZIUebN\/mq6gt9oc3MecHkE0txn77kXxYVRY7kLdx24lUuUAp47nHWk\/91n7jf9DAYGEoJ4B+QQo7azfud3cjQIoImAgN6YEKMpA8TYADHhXVO6qWTZAG6e4pEz6i8X+3GKOz+FkisO4xThKxKNnk2FjutDR2Qm2PQ\/LVa5KL2tj1eM+pkmPnOPD34X+wTo8CUE0YhfQ0dbxMPQVWw+7hzOtfVlgkW8oQZA4WIjuUZRuiXsael8+l4hQYxNNOMUD+TE4EuTyoDF3UTo1MAyqy3DvQYDc34YAB7YZly7RzpTm3BYvGi00cbtFtjHF3hkMYzXW3IivAuiyzh2P+GXXBfyRJDSJfgWzsFPzCJrycCR32bM7ZzWhYO5JeykYzjC05vYRb5pBIU59550DdN47qtkQwgeIZz\/XAPlc5ziezCFNgR8jhW\/BmVYnt4H8ttglmxC51dzGNFWs++x0Ip\/4+tOttLRcUZM0pq95Ro4emRwKNNgX\/Dl5ZLw1K1YeZEOaeW+iF23cl\/5fptDu3Jfd2H34do9J6fAazysA1bBjCKHlbGNnrjGd0Cta4vbhR7rK\/yeRx6kxCtmG1o9FKYs7FIfr8yFPIYNa+aQvCQ6+ZTcjpNkBd2SnGARnHnKBTHCIDeKhx3n\/NSlLAN2Soz8kmmHxhzS6fuD\/Mrns9W6uDMwHzbKrrELsnaONhYfgUu4eO1+FRwDP8AC7kj2ncgzMi6Q0hkHBHHtpUtsX8sGVpeGYI44BPiAwc1tGXvit5cRgMdMPsRGrs15IuxqP+8M1\/7037ATzQyPv+4jHs90\/Y2Bhuwfa4BPPrfmeOXr0AOhwTL\/Pk3J6NoTbTRFDkdstbgF\/FPRAggC8Eccg1Ig80R4FTLwDL8h4K7wGDiCB5AXGSAmDTKCO3RkSMZ15RIw5EgY5YSgImQRchcrrMjpSKntnD7BJw+ANtjO3hB5hpo5lV6bdCZ\/nYOvfpVG0BDcWOCoOSSaME1E0ZAsecEfOUC+taIV5gZudEQMjzKRb\/1gseCa2JPwJ6QDP+xtxwBsAOCyGGcxkaGCC+1A5OQtDuaiA1Lcaols0fCss2IPEDHQOTCOqSUffsnwa+aDv4\/tiq7jNoYPLPBbg0ywjc\/8NDI25UKosh4OJS9DMkRIAiTjH978M7kvUvj1Ot2owUYWWBGqJlDvaCREiHPb2PsKfuw5w2fhsJGelNUMREBdP3kEmHtyVsLyE7ajKARH8jGGQg9A1gVuJ0jn4YQmT+AmLLHx02RaxQIHkgsOVuYjRRD6KcMuQ4GdnhBdDFH8mCI9qPScq+Q1E1siaEN5hbF\/UjoQKXFx7gjp8SqTZbEAkj\/J2tSIiGEZipF3j8I2vLtjFixTpdlL6ecfhcJKBjZRP0FtFYZ4B0GpgYWuoWfLxEOLjytZEDuZeMuVDLEWcwcpcQlf7LWvNtymPEFtYT9mYbxTjZwKWIq8a3phZfENYEflfubwQ7HIMnENNEiaz\/mXi03ImhT88vfW5wYPWh11IqYGxAicVr5lsESSKjOUh7aDTYLbF2lL5qKyPdctOMGRpqlHlogMSja00lwugYNQUWFWlB7JCNpqC4Ea\/m7DkRF68N0OuLcErPz1FBbCpmP47upIHJNTKeb2fgQpuK\/Wkm+ho1T87VxTwUC388GcjEiN9DPizLVeYov6EWJ7ExBK\/\/a5DPKaO2KVw7NFpctbsfPCn\/4Hu0L0uPd+ePPv7vQvfOa2WdEB8med9R4Cp0oOo5rwapBMxUhyK0I5NNOZU1U9zlkPp0AOT9jGbKegsqeTLaccLgEFRk9W3iK9bXIolI6kj6NUWUOegtxGlnN1P7KFzm+lB8AO7B0UK1U4KYu8dogXEp\/DWKHSOHtVA0U5i3tWobXsed4sJi6bLjbM2S5twGeMt6niChsUGYi727kemvy37n0d6AO6INrfQGb8wP1cAQc4lO6iegLnMvBZMg6Sday1Lb6ZhutB6T9y4qqmJVIm6BX0hH3sgXaqlxU9M4VX8FZG+bkkbbH8HUlvNtJqFnNRdRvn0XkIPTnmHYS0uiCcmf1ZTYfFSHjrZWF6OPMFk5O+Dha5rL6kDF6TYXto\/ly7CLsSR2hF2nGuDaT7kQt2kboJtKHkgOMrWWjbZzlPpMR+rJw6dJ7quMCOWT0NeBWZrTq0AhXTwpuK3Cdvt1+evN1+QZzcMfAdI5GKHi5MfUeKpgKrkMAmD2ZxZ4fH6SgFRhOQRN91KhWQ9YBwHWMStQ2\/EXECUlXOYVNnhU6TVo3Ow6P4Z5xJkbZxhMCtasXy5umPh6WZ4vPOimek6FolGiKVbrdkSKu24DkjylBbKlXJErKIqcCGk4sHq4e6qsiNSjWDts9Dw7IeMF0Ye278JJPJ6l3xS5hbvYM+VlaEyGhZZDG+SGC+0OjiKZUInIC4LjnmtXs2w+OMj4n7g\/m0PVi6TOtHYFNY3ap8lGJA1yhP5N66ZIspn3LEa1cHgSi4lQXTK5vh9TwH+wUXhGMOXQSL0FtEHRjHYdVqdRoQQQf5JCQYdYEeBGJQu1Hkj8kdD97x5KGweE40K5Dou7IKdnY7qzCprP5a7nm4dFAQDE9PN74\/MEaRP2YNg5OqbabOHXRiaXFMq2hryhCDLoobLgwCS1NVKWUYZLCEqEmytxWVFeNvS6lzl0sYUYsndrXYABYKcN6yz2JA3dYODgAPsAXugcX8EJWVPDsG7jHOFqzjBzEE\/VXVpuFY6QMJ7tlSw9WauMWJazOj5t\/+GFWvslvTCapzOyqHSQ0Kv7DsAp1Ulu+UeC2bMN1rA3kJMAU\/e3AM\/drWQSjJAvhdG0C3e5wVbTqO4EES3bNAQ9Kdu3\/xqKrjY6sIExvBTUfSW2pwNRtxtKPMBiqPV2lgwai8z\/2B2aoVNGZlRRTJTm0sZR3r4dWccEFcgAg4bYr9rgRr4QwwjRWWzSzZlwJVqFeXpFNZCQdaLxTpQ5Pm+J2KkcLm0wYYCZM0HJNx35fVhY6A1wdYsuYaVzu\/2Pk+qISiz+gkoP+YDvHHSYGLpbILi9Lj0m7TAafqpL1WYLLYqA32sbZmp6kaesWT1OoNpx0SmThrlCnjsxKbFxFVgfGYXy39p+2WgO8A0ue1IJ71leLE6kNlzM\/dV1\/\/+oX78pF7cvr908dPH9Xia6zvGQJxEogfvvDw66cPHz17gVHrM\/5rO0\/2ZE+r4g458aioi3luxdZejtU36qRQBOQq5kzQHFi1AYpbxsvYJZTLkpaQL0upV6nyje3+yaNlX8jtUCQU9jgHnteYXdF4qgcUYspA516LO5aaY3v3i2z12UIh5EEWCOzFIUaZj9ivm\/sbcznexaOIoNjtwIUuVktltJIZiyDp5rkcCa\/gilLlqGqKVPSLGCS911IiXkDnsk5EeWk5nm6lOErjhFzPAGzjnOsXvc+JYTUMl\/Zxd4kk9t5M3M8dtCr+JfxU9O59OUrUkhdoFekDKj5WnlcWqpKAapSSq4hr6\/swnqaQc5zbZtVda7c4DsRwiNxo91flHPyLAozZfWZ99Rgls3WTo7CIykqYbG56VNVbYa7Ot1Gy4hXZAWyqCkdTKMrzLMofP1Y9z+QxKqtFtdAFSEx2ptEUjaLmI8GrumlorKGmPBNeBZptJdpLpb32+9hGNiL9drdX9dOSWvPAmF4t117j\/MikhZGp3+bYqJpm6mBPKRunyJY1dyGdp153Vhp1UV3M5QWzSTtrAOkU+LQwQteUARa9574ZY3vu2WEbamX17ty+s6uxYFdIuzptawEzN4jbcKsHqFx12XcCi0ysKNqwcC3NQLQDiJMsgUqSiFu6f7Vlbr04RCx5MHRMoHbTEaAWaTYmJbySctzRS9PrIYFu1MbDMZO6++KvI1M4d4GqtFHSGhkAQ1FvHZ+\/SxDqedgHq1lJNnNN04RaAyuguN6Gslk5mK7bZYykS8KSDkHe2mnKfVgKusZvw0TbbXJqpUdVmvYplNb6QcBDDlcTUb6yi4vII6ihB4eI+XKAlOelGl\/YJGBkvBBQS5Ny609\/SP1c2RwBz0zHDGzvVpk\/Lrewvu5wuVTU5e3Hdzr\/fOtjvl7ZzV8Ug\/VcW\/Ay7WzXMkEV08o2Zzc5cGLMTDYTyXo06itGEbDN0KVYmZPgrvDAKitxQl+5Evq2UVKjvUl8o3Xcqgqx2g3JK+6kTSVpKpv0hcJDQEQmZJaVghnZtGMfbUzFruppwbkbsLAy28JZXcm+r8qo7jEtzEPunLubS\/O1mrx05kwELBaL8wXiPjJxAtsQnbqE7HQNQJWopuC5INNBqdZDwSRXwMJIe6up2O9m8tZjXU+ixC6155hJv0o9v\/nx+3y+XIu\/e4qLm9TR+rzj5QXn6P7\/K861+7pXp5H83pFs4ZNvGLZ39ZLn22dgeAjqC557H7dyCrK5sQwGz+9bQ7Mfr3rrBaoNe9HIaoDqz9yznDbLTdCs3ucpWvsvAKLNUJyWyJF3rde95WW3XTJe3EGaguNssq60hF02EDReOvFcwyqxLDd5vHlBxCKS2XuU7FT3hlVp7PapMNzUM8Za2Lk\/XxGmAaIJO6nSce5AXdQjMNHRE5KI3IF1OOqiotp9aRuWkaxKrvJguGaqFx3RbREqwLZd7hf3u8e\/4+uQDbwL0725mhqwAe\/wU2P\/NvELlv3MRPC11NrGd6oM2SRR\/DKv8xoONXtQeSLMkQlptrX7or5gJcQdCoOTWAtsG3fF2iVyn6w3V8SmJpf6+LYsSaf\/tWuXg7XjFWrz3YhSiNLUyzNYaV\/s5QKwwHvoR1qHd+ETy8SenG4l8LIw6vdoPeGWi1w0mjGdXTovXQDlVYmr0dpMpC3+787c9nur3l\/pfpwiXXeakGzkHKhDhg7FFL2Jn7tO\/KgbU7ZKZC259+Lac0\/LjxNnmMXU\/fXyHyzuYWlDt1Kh0ExZMWOJ4kEd\/OFaTn7uj7G5+mX4li0LYeCLEDM51ED\/ZXHPm32xS2wU6FTa36Z5xQdr92u7XzRFTNNCiBZrAz3fR\/fUR67bu\/fvf\/gPf3d1\/8HP7qknzPKDTSCB80lJ7pew3HeQlDuMfPDg3tX9j+7d+2D9yU\/3H336k\/8D\" \/><\/form> \t<div class=\"pdf24Plugin-cp-link\"> \t\t<a href=\"#\" onclick=\"var pdf24Win = window.open('about:blank', 'pdf24PopWin', 'resizable=yes,scrollbars=yes,width=600,height=250,left='+(screen.width\/2-300)+',top='+(screen.height\/3-125)+''); pdf24Win.focus(); document.pdf24Form0.submit(); if(typeof pdf24OnCreatePDF === 'function'){void(pdf24OnCreatePDF(this,pdf24Win));} return false;\">TELECHARGER L\\'ARTICLE AU FORMAT PDF<\/a> \t<\/div> <\/div>","protected":false},"excerpt":{"rendered":"<p>les braves gars de lianchanbo sont l\u00e0&#8230; Yuri Leiderman Car voil\u00e0 ce qu\u2019il advient parfois : ils n\u2019ont encore touch\u00e9 \u00e0 rien et voil\u00e0 qu\u2019ils d\u00e9boulent d\u00e9j\u00e0 avec une pancarte \u00ab concept \u00bb, comme ce clown.I. Quand Val\u00e9rie1 m\u2019a t\u00e9l\u00e9phon\u00e9 &hellip; <a href=\"http:\/\/www.art-3.org\/art-contemporain\/texte-de-yuri-leiderman\">Continuer la lecture <span class=\"meta-nav\">&rarr;<\/span><\/a><\/p>\n","protected":false},"author":1,"featured_media":0,"parent":0,"menu_order":15,"comment_status":"closed","ping_status":"closed","template":"","meta":{"footnotes":""},"class_list":["post-981","page","type-page","status-publish","hentry"],"_links":{"self":[{"href":"http:\/\/www.art-3.org\/art-contemporain\/wp-json\/wp\/v2\/pages\/981","targetHints":{"allow":["GET"]}}],"collection":[{"href":"http:\/\/www.art-3.org\/art-contemporain\/wp-json\/wp\/v2\/pages"}],"about":[{"href":"http:\/\/www.art-3.org\/art-contemporain\/wp-json\/wp\/v2\/types\/page"}],"author":[{"embeddable":true,"href":"http:\/\/www.art-3.org\/art-contemporain\/wp-json\/wp\/v2\/users\/1"}],"replies":[{"embeddable":true,"href":"http:\/\/www.art-3.org\/art-contemporain\/wp-json\/wp\/v2\/comments?post=981"}],"version-history":[{"count":8,"href":"http:\/\/www.art-3.org\/art-contemporain\/wp-json\/wp\/v2\/pages\/981\/revisions"}],"predecessor-version":[{"id":1046,"href":"http:\/\/www.art-3.org\/art-contemporain\/wp-json\/wp\/v2\/pages\/981\/revisions\/1046"}],"wp:attachment":[{"href":"http:\/\/www.art-3.org\/art-contemporain\/wp-json\/wp\/v2\/media?parent=981"}],"curies":[{"name":"wp","href":"https:\/\/api.w.org\/{rel}","templated":true}]}}