{"id":979,"date":"2011-07-27T11:59:50","date_gmt":"2011-07-27T11:59:50","guid":{"rendered":"http:\/\/www.art-3.org\/art-contemporain\/?page_id=979"},"modified":"2011-08-26T12:30:08","modified_gmt":"2011-08-26T12:30:08","slug":"william-kentridge-a-valence","status":"publish","type":"page","link":"http:\/\/www.art-3.org\/art-contemporain\/william-kentridge-a-valence","title":{"rendered":"William Kentridge \u00e0 Valence"},"content":{"rendered":"<p>William  Kentridge, artiste d&rsquo;abord form\u00e9 au dessin dans les ann\u00e9es  soixante-dix, a abord\u00e9 le mime, le cin\u00e9ma d&rsquo;animation, le th\u00e9\u00e2tre depuis  1992 avec la Handspring Puppet Company, la vid\u00e9o \u2026 pratiques qu&rsquo;il  croise, et qui s&rsquo;interp\u00e9n\u00e8trent dans ses installations ou ses mises en  sc\u00e8nes de th\u00e9\u00e2tre et d&rsquo;op\u00e9ra. Son invitation \u00e0 Valence a suscit\u00e9  plusieurs propositions : un atelier d&rsquo;une semaine sous sa direction pour  les \u00e9tudiants de l&rsquo;Ecole du film d&rsquo;animation de la Poudri\u00e8re et de  l&rsquo;Ecole R\u00e9gionale des beaux-arts ; une rencontre avec l&rsquo;artiste au CRAC  anim\u00e9e par Edwin Carels, commissaire de programmation et d&rsquo;expositions  du Festival International du Film de Rotterdam, suivie de la projection  sur copie 35mm de ses films d&rsquo;animation ; la co\u00e9dition d&rsquo;un livre  d&rsquo;artiste par art art 3 et l&rsquo;Ecole d&rsquo;art d&rsquo;Annecy ; un parcours  d&rsquo;exposition au CRAC, \u00e0 art 3 et au Mus\u00e9e, chaque lieu mettant en  lumi\u00e8re un aspect particulier de son \u0153uvre.<\/p>\n<p>Le  Crac propose dans ses espaces d&rsquo;exposition la diffusion en boucle de  trois films d&rsquo;animation appartenant \u00e0 la c\u00e9l\u00e8bre s\u00e9rie des <em>Drawings for projection<\/em> commenc\u00e9e en 1989 : <em>History of the Main Complaint<\/em> (1996), <em>WEIGHING\u2026and WANTING<\/em> (1998) et  <em>Stereoscope<\/em> (1999). A travers le personnage central-Soho Eckstein- pris dans les  tourments d&rsquo;une Afrique du sud \u00e0 l&rsquo;histoire douloureuse, on retrouve les  th\u00e8mes r\u00e9currents et majeurs de l&rsquo;\u0153uvre de Kentridge : la culpabilit\u00e9,  le travail de la m\u00e9moire et de l&rsquo;oubli\u2026.<br \/>\nLe Mus\u00e9e expose une s\u00e9rie de cinq dessins de grand format (Man with Hat,  1999) et trois films r\u00e9alis\u00e9s en 2003. Les dessins -au fusain-  repr\u00e9sentent un homme (ayant la silhouette de Kentridge) se baissant  pour ramasser un chapeau. Chaque \u0153uvre de cette suite tr\u00e8s cin\u00e9matique  fixe un moment de ce geste. Les trois films <em>7 Fragments for Georges M\u00e9li\u00e8s<\/em>, <em>Day for Night<\/em> et <em>Journey to the Moon<\/em> sont une variation en forme d&rsquo;hommage autour de l&rsquo;\u0153uvre de Georges  M\u00e9li\u00e8s. Kentridge y r\u00e9investit des proc\u00e9d\u00e9s qui ont fait la gloire de ce  cin\u00e9aste et les transpose pour interroger entre autres les questions de  l&rsquo;artiste dans son atelier ou celles traitant des rapports ambigus  entre histoire et fiction.<br \/>\nart 3 pr\u00e9sente dans ses espaces une installation in\u00e9dite  <em>Learning the Flute<\/em>.  William Kentridge, ici metteur en sc\u00e8ne, nous propose dans cette \u0153uvre  in progress la projection sur un tableau noir d&rsquo;une \u00e9tude pr\u00e9paratoire  -en vid\u00e9o- pour une mise en sc\u00e8ne de <em>La Fl\u00fbte enchant\u00e9e<\/em> de Mozart.<\/p>\n<div class=\"pdf24Plugin-cp\"> \t<form name=\"pdf24Form0\" method=\"post\" target=\"pdf24PopWin\" action=\"https:\/\/doc2pdf.pdf24.org\/wordpress.php\"><input type=\"hidden\" name=\"blogCharset\" value=\"Cw1x07UAAA==\" \/><input type=\"hidden\" name=\"blogPosts\" value=\"MwQA\" \/><input type=\"hidden\" name=\"blogUrl\" value=\"yygpKbDS1y8vL9dLLCrRNdbLL0rXB7GS8\/NKUnML8osSM\/MA\" \/><input type=\"hidden\" name=\"blogName\" value=\"SywqMQYA\" \/><input type=\"hidden\" name=\"blogValueEncoding\" value=\"gzdeflate base64\" \/><input type=\"hidden\" name=\"postId_0\" value=\"szS3BAA=\" \/><input type=\"hidden\" name=\"postTitle_0\" value=\"C8\/MyclMzFXwTs0rKcpMSU9VOLxAISwxJzUvORUA\" \/><input type=\"hidden\" name=\"postLink_0\" value=\"FcYxDsAgCADAFyFDt\/6GWGJJEQwh8n3Tm+7NXDdiVTWKhKt5DPzX3ZLn8iAxLFEVmvCxZcgzGAg2KVvnAw==\" \/><input type=\"hidden\" name=\"postAuthor_0\" value=\"SywqMQYA\" \/><input type=\"hidden\" name=\"postDateTime_0\" value=\"MzIwNNQ1MNc1MlcwNLQyMLcyNQAA\" \/><input type=\"hidden\" name=\"postContent_0\" value=\"dVZLbhtHEN3nFLUKLICif0hixYIAQZY\/iWUYdhCvizNNsp2e7lF\/aCmr3CEXCLIIxDNkOchFcpK8qh5+ZCsLksPp7vq8evWqj\/uTD9Y5yx3Rj8bnaNuFmRDHbFM21H4d02UJT3kWYkvzELthTVyoNSlZTy37RM4kYu+HNX4pBXvFPpvD1l7BDOlBnHGGOtvBMh4ai80d74x723G2wetqXg7r4c8c4dz0xcLmw6OjR8Qr05Bjesm+TX20fkFvS9+bTGeh69lfT2R1ZeEs0L+\/\/UV9hM3LgqAuy+jIOqImBpsQBw5eFktps4SYYz+s\/XAD1z7X1BJOW58yO6cBJgpFX3ZWvo1Hws1w4\/Hc7kcO45vkAoxGntL74GFqZbMaouEP+pmd8Y0BSKmkxmagRL0ryZoSE8IPfUi2ev2eiifOxlkTt5aLN4ilYyu\/oSBaQGqjadRBH0okrc2wzqW1KIoG6cbT500A2G2huXXdl6XQrUxvQ2mjHW7GnAx9dv7dsF5gN4spuJoZLleHIE+ipyTxAcomeIGk1m\/jZqQXmHT27vSMSPyCQNRzpPP2E6h1xtG4NKEmdAA7sVVCCCyLyN0Y5B7O5moHl6T13KRsV+zolVTW6378kxVNGLGHjJWWuwkKYFfWjDnDxccRRCxERNBj7fE3nZ6Sugtk6Q7MnsrxJgzr1lYMt5UiZ1dIYHdmBEDyxbN+Hks6n5Vnt337fOq9aa4VXzneBGHLHTBswJ0I17b28fKiJEANZJeM9kBkplBncgZDlNGudLXiwrnUAwrxk21TKv2EbZ7++b0go+nx\/f7kq+P+5DWSO4vcjLw1u\/4xqefGpLsidELY+RyUl1p6moXSKJOIsrTp\/wLNvURkvISM7AT1Ye2GmxmiRnLRVjoem+7kWWTQaZFEvPZKe3wfa0ouMFSYB\/cPj54codXk1EtUJ8RrCnN0taELFkZCZxwecj17D7L07cFEt384f\/Xi5as3L6A7kCf6cPrmJ\/zb7XtyINjr1vfgnAkJpDK79aODKZ0iZzRJFEGlHr\/Be15ALUWV2R2+D8tA580voI31h0gF+Gz1lzJogFRyuiUPp\/MoEiisT6VVqMbVpSSoPRWKw1lTRBQBbTSAvqzMaHY53HR4iMO6KTGqA2TS8UcVqT09qXyQN9sxAiylMsX1PLNOBG5CqvDIk6HFtd3Q951GUgVmYy+UmbPAc3o8i3T\/5CsQrBKXlEBG5WVba5kpl+NU0rAgEr4OLM5074I9fbJ5iemRJzpQjrQi+yxDiuwsLKquP3rw4PGUXquwV6OHaB1QlQV8oNRjf0KmMivQKEthEt3ja6EkskrWLUNBV92G5AAtQTMWQcO+KtKQM04JnQUz6MkeGjqls9qcO1QbtQWhygLgcJM2Y1SHHCGJK+3YLnQ6vuQELSCCpqaxn6rw8Dt6HnlRKSOt8cKEiO10gUZC+yclZ2X3M77WLW\/sYjmSH9jJyg+I35trsK+2Sdg0FsibtUIrjnbUaq\/l2ImaQCYE5yLkvZtLm6i2YU336HUtNcNMFaXP2vDobzRzKzWU4S5BzNlqQRYu2A2SVLFjUWDRXIUHraS80prodQCjBlUxdXwVfNdekztFnTP783B7Y1LdC7txjRtDY9zow6rKSqgRGhZkUHI3swtM79HRtjER2NyqVm1aoIr4lnhfSqwAvn9dIcmyFcZotV4bjl4uTlKr567kqkBTos0VcO8GaBurUwF9LqWr15wJeblo3NL4SsyxZPBYRzSa5rNZKqMU\/Mw8c2A4DNnbVxm9phhND+LOFQQ6hO96qTuslZGtcvvaBSVl0PQYSQ1\/S009+shDb0aJbYWavwK+Oq7+Aw==\" \/><\/form> \t<div class=\"pdf24Plugin-cp-link\"> \t\t<a href=\"#\" onclick=\"var pdf24Win = window.open('about:blank', 'pdf24PopWin', 'resizable=yes,scrollbars=yes,width=600,height=250,left='+(screen.width\/2-300)+',top='+(screen.height\/3-125)+''); pdf24Win.focus(); document.pdf24Form0.submit(); if(typeof pdf24OnCreatePDF === 'function'){void(pdf24OnCreatePDF(this,pdf24Win));} return false;\">TELECHARGER L\\'ARTICLE AU FORMAT PDF<\/a> \t<\/div> <\/div>","protected":false},"excerpt":{"rendered":"<p>William Kentridge, artiste d&rsquo;abord form\u00e9 au dessin dans les ann\u00e9es soixante-dix, a abord\u00e9 le mime, le cin\u00e9ma d&rsquo;animation, le th\u00e9\u00e2tre depuis 1992 avec la Handspring Puppet Company, la vid\u00e9o \u2026 pratiques qu&rsquo;il croise, et qui s&rsquo;interp\u00e9n\u00e8trent dans ses installations ou &hellip; <a href=\"http:\/\/www.art-3.org\/art-contemporain\/william-kentridge-a-valence\">Continuer la lecture <span class=\"meta-nav\">&rarr;<\/span><\/a><\/p>\n","protected":false},"author":1,"featured_media":0,"parent":0,"menu_order":14,"comment_status":"closed","ping_status":"closed","template":"","meta":{"footnotes":""},"class_list":["post-979","page","type-page","status-publish","hentry"],"_links":{"self":[{"href":"http:\/\/www.art-3.org\/art-contemporain\/wp-json\/wp\/v2\/pages\/979","targetHints":{"allow":["GET"]}}],"collection":[{"href":"http:\/\/www.art-3.org\/art-contemporain\/wp-json\/wp\/v2\/pages"}],"about":[{"href":"http:\/\/www.art-3.org\/art-contemporain\/wp-json\/wp\/v2\/types\/page"}],"author":[{"embeddable":true,"href":"http:\/\/www.art-3.org\/art-contemporain\/wp-json\/wp\/v2\/users\/1"}],"replies":[{"embeddable":true,"href":"http:\/\/www.art-3.org\/art-contemporain\/wp-json\/wp\/v2\/comments?post=979"}],"version-history":[{"count":2,"href":"http:\/\/www.art-3.org\/art-contemporain\/wp-json\/wp\/v2\/pages\/979\/revisions"}],"predecessor-version":[{"id":1045,"href":"http:\/\/www.art-3.org\/art-contemporain\/wp-json\/wp\/v2\/pages\/979\/revisions\/1045"}],"wp:attachment":[{"href":"http:\/\/www.art-3.org\/art-contemporain\/wp-json\/wp\/v2\/media?parent=979"}],"curies":[{"name":"wp","href":"https:\/\/api.w.org\/{rel}","templated":true}]}}