{"id":968,"date":"2011-07-27T10:40:13","date_gmt":"2011-07-27T10:40:13","guid":{"rendered":"http:\/\/www.art-3.org\/art-contemporain\/?page_id=968"},"modified":"2012-06-28T14:40:20","modified_gmt":"2012-06-28T14:40:20","slug":"marie-auvity","status":"publish","type":"page","link":"http:\/\/www.art-3.org\/art-contemporain\/marie-auvity","title":{"rendered":"Marie Auvity"},"content":{"rendered":"<p style=\"text-align: justify;\">Dans  son projet Lotta Gold d\u00e9velopp\u00e9 en partenariat avec art3, Marie Auvity  invente un personnage fictif qui aurait d\u00e9j\u00e0 une place dans notre  imaginaire : la jeune fille \u00ab\u00a0victime de la mode\u00a0\u00bb. Ce personnage rendu  abstrait, \u00ab\u00a0branch\u00e9\u00a0\u00bb sur l\u2019image, le son, les couleurs du spectacle et de  la superficialit\u00e9, c\u2019est elle, Lotta Gold, cet arch\u00e9type de la  consommatrice entre 16 et 35 ans. Elle est asservie aux cosm\u00e9tiques, aux  romances frelat\u00e9es, un seul objectif l&rsquo;habite, celui du d\u00e9sir de  plaire.<br \/>\nCette Lotta est la chanteuse de l\u2019album intitul\u00e9 Clandestine, pour  lequel, Marie Auvity joue avec les gimmicks de la chanson pop comme avec  les mots d\u2019une grammaire ma\u00eetris\u00e9e par tous. Mais l&rsquo;intrusion du  produit marketing culturel vers le champ de l\u2019art contemporain d\u00e9place  ici la \u00ab\u00a0wall paper music\u00a0\u00bb vers son simulacre. A l&rsquo;occasion d&rsquo;un concert,  on s\u2019amusera en \u00e9coutant les paroles d\u2019une lolita aseptis\u00e9e et obs\u00e9d\u00e9e  par la mode, par son apparence, par la plastique des jeunes et jolies  filles, accro aux marques, Lotta Gold est elle-m\u00eame une ic\u00f4ne, une  gravure de mode, une marque d\u00e9pos\u00e9e, un support publicitaire. Marie  Auvity ne s\u00e9pare d\u2019ailleurs pas le concert, le show \u00e9v\u00e9nementiel du  reste de son concept marketing. Lotta Gold, c\u2019est aussi et, peut \u00eatre  avant tout, une gamme fictive de produits cosm\u00e9tiques. Le logo (un L et  un G entrelac\u00e9s dignes des grands couturiers) recouvrent des produits de  maquillages avec des capuchons couleur or, qui mat\u00e9rialisent un d\u00e9sir \u00e0  consommer. L\u2019affiche promotionnelle <em>Feel the Emptiness<\/em> est le  mot d\u2019ordre du discours discret, de l\u2019absence d\u2019\u00e9paisseur. L\u2019\u00e9v\u00e9nement  Lotta Gold \u00e0 Barcelone \u00e0 Hangar en juin 2003 se pr\u00e9sentait comme le  lancement d\u2019une nouvelle marque de cosm\u00e9tiques (packaging, pr\u00e9sentoirs,  affiches, ch\u00e8ques cadeaux, h\u00f4tesses souriantes, rien n\u2019est oubli\u00e9 dans  le souci de la conformit\u00e9 au mod\u00e8le conformiste). Le site internet du  produit synth\u00e9tise tous les arguments de ces produits virtuels  semblables aux vrais produits, si ce n\u2019est que leur inutilit\u00e9 est ici  r\u00e9v\u00e9l\u00e9e et pr\u00f4n\u00e9e.<br \/>\nL\u2019\u00e9v\u00e9nement \u00e0 art3 est une autre manifestation propos\u00e9e par Lotta. Lotta  (ou son clone) vient chanter (en play back), les textes de l\u2019album  Clandestine sont le reflet d&rsquo;un imaginaire conditionn\u00e9 par le message  m\u00e9diatique. Le d\u00e9sir d\u2019un corps parfait ((D\u00e9sirs synth\u00e9tiques) ou  l\u2019int\u00e9gration de slogans publicitaires qui s&rsquo;imposent comme des r\u00e8gles  de vie (Just Do It) sont chant\u00e9s sur des airs calibr\u00e9s, qui font \u00e9cho au  \u00ab\u00a0revival\u00a0\u00bb actuel pour les ann\u00e9es 80. Quand il viendra participer \u00e0 ce  concert, \u00e0 ce happening aux faux airs de promo, le spectateur sera aussi  pris dans le jeu de ses propres d\u00e9sirs programm\u00e9s, de l\u2019automatisme et  du conformisme de ses envies. Ce qui pourrait bien \u00eatre une exp\u00e9rience  in\u00e9dite et rafra\u00eechissante.<\/p>\n<div class=\"pdf24Plugin-cp\"> \t<form name=\"pdf24Form0\" method=\"post\" target=\"pdf24PopWin\" action=\"https:\/\/doc2pdf.pdf24.org\/wordpress.php\"><input type=\"hidden\" name=\"blogCharset\" value=\"Cw1x07UAAA==\" \/><input type=\"hidden\" name=\"blogPosts\" value=\"MwQA\" \/><input type=\"hidden\" name=\"blogUrl\" value=\"yygpKbDS1y8vL9dLLCrRNdbLL0rXB7GS8\/NKUnML8osSM\/MA\" \/><input type=\"hidden\" name=\"blogName\" value=\"SywqMQYA\" \/><input type=\"hidden\" name=\"blogValueEncoding\" value=\"gzdeflate base64\" \/><input type=\"hidden\" name=\"postId_0\" value=\"szSzAAA=\" \/><input type=\"hidden\" name=\"postTitle_0\" value=\"800sykxVcCwtyyypBAA=\" \/><input type=\"hidden\" name=\"postLink_0\" value=\"yygpKbDS1y8vL9dLLCrRNdbLL0rXB7GS8\/NKUnML8osSM\/P0cxOLMlN1E0vLMksqAQ==\" \/><input type=\"hidden\" name=\"postAuthor_0\" value=\"SywqMQYA\" \/><input type=\"hidden\" name=\"postDateTime_0\" value=\"MzIwNNQ1MNc1MlcwNLAyMLcyNAYA\" \/><input type=\"hidden\" name=\"postContent_0\" value=\"XVbLjhRHELzzFSkO1qw0LNjIlgXrlTBgbAsO\/oSa7pqZGqqrmno07M2\/4RvHXSz5xM23nT\/xlzgia3qY5bLb3VOVj8jIyLwYJZcrb3+6X+yH8sB4twlPZFdzceurp\/cvX5iQRXIMMqa4s0Vex1KMvIq+l35\/M1kfx3F\/IxYHTCo2mORMETPZTvD+eClv8MXKszq5ciXiwmRDsVJx3ibYDWZjZe06+JN31YmpybhC27v9RxyzMnrTWekZSIglWRgZzMYF4\/D8RLyRneW5tfPeyu3ftx8nmhtwx\/LXIfb29uPtv+fy3J46TTb0VcSscqHLpV5dJRO67f6GFyTXJP6\/P\/+iP7sUWMdd\/s\/SxeptTVlgIo+2K6bDz8AHPuk0V3hCWg6Ilv3NUjrYsbmIRZDLExTxC26ZRKflapyDhoOQ4zCYkhyyB2ZI9tsf6OHx9wIszuUl06VJk7NNE0A29QPu5QGW3Ltq81K\/SIoDkkLQ62S9QTT8BQXItnqJq51V8P03Kb+r8enWrFyxDMujHEgPpcguaWIoBUA\/v1gleXh577ktqGRLhXEg7G5rUN2aWxpI2fhVHVD14kr14Mlzb0KPwy7AxRgBMOBErP4rouxitY1FRHvjhsF1b\/MBHHpRSsYR+Q7D4aQeHWLBMXgmJTbJAELyZDD7fwBlRvIkqpRYAeEb4\/IxcQSZanawS1qA7n0FEQeT3lqEu5Gu+lKBoEzgEMmAMIbxmGgqrFmxwxhBp0DYGnMFLGDUpNd74z38gxsywFenNFN7zCe7oeIKEJZnx7Bi15kW1eEDKgdHnU2grPAWvcOaTYZtuL8BNwvKoHAg18j\/MyI+go8GlLFjaWiAUXGFp54vis2hZ5b6wrjMiCcLl8v5d2SWlWNIP7f+y7S0g3k8tV4k\/7ouRWUhcGyUPBGQuR8eDPtPg9Vmd93+M6nBZ5ZvAuKEuAXEr82QwhuZQKNyHQF7kbGuPOAuStMDo2ZK4S7OMxNFwzBEdvBoWjVnTNnm2\/geQE77m2AH9J5D1UmKhIg1HKKiF8YThpzfbetDw5uaswM2wM7WIvtPKmFmYoXAwtKy2hjSWHVwUg8H\/uU7DQ0PLOEmygJJvybizP5V0wdQB60qPSScFWffQM16FSsw14FmZ0gBbxOqWfTE0Q3bezBQYO8hdrl1FE90ZqzdFmo0a57EtFSpHqgliQqXaa6GWSog3LN+2YSYifYauW01LXQo6BxYeLmww+UvFugW\/PZyGKkLOV88xOcmKYwqFi1YTD1LB0FyGaFQe\/GQiOzcg6tMluppVtpBGOshgJNqyikHEevPUF\/MMVQBL7+asAHH0Ui7ii7+7tGjxxBKxI3UcJezqUmOV6GHOzU591cAuJrZTFN7p4CyGE33ltNrszzajC6hL+QAER4xC671dGd6i+ZZynb\/uQAYS51AJSmyOIeSBgkHnkVSHwqrg7LNqgrhOShmDOuYBo4iEJLdtL9unNfPYPWZcitD+qnWNgXOshMdzFehcESh1iqeqi4mbSrTV\/p0p3SaXCpQde4Odlh5s9Lj0IEpUXPnc0t4xMVjEoRMOeZCLU5Hp\/KAEipJa+gPogX0Pgc8z9Po6yKjllxA9DorY2rRORDcGp8MOcgwmoiorikr5iaWRaytzcmMMyREo22+JVlw3\/HmSlYo51lbCbhA2Xx38J3OO1pTRie79kT3i56fLDQoSe+0QZC6qi2CRum5sQh41GO9IpW0XPNoVvLhahpV8ddk6WLxQn\/NX0pHTp2BKNK2mgB0oRCKBDUNwkLunGpo1kbP84TEbNNWbx1AdUj76w2TpwGuIIvfsTrKiyi\/lbOWsEJGXeI2xSuGMXVQjRX536RkzZOYXFsOC9FRmezkJuN1QpqOZGr7ghKJ6OD\/j4\/O5Y8KhMV5rVCPGcg9FPFzxoIDHMBHaW\/vW8wzGzjSScg1\/2hM\/UGe2gjQpa6QizpZm4zjANirLYYzmHsKXCP+SLj6A+Z41+VDM5wpUQs2MXTQoARmex0bsG2rtGQDEsm6rBIZ5qwb8YrN3qYH6Ww\/jBRf1Tt0C4lR1Gwy64Rlp9tC\/UjW84uH4+W9\/wE=\" \/><\/form> \t<div class=\"pdf24Plugin-cp-link\"> \t\t<a href=\"#\" onclick=\"var pdf24Win = window.open('about:blank', 'pdf24PopWin', 'resizable=yes,scrollbars=yes,width=600,height=250,left='+(screen.width\/2-300)+',top='+(screen.height\/3-125)+''); pdf24Win.focus(); document.pdf24Form0.submit(); if(typeof pdf24OnCreatePDF === 'function'){void(pdf24OnCreatePDF(this,pdf24Win));} return false;\">TELECHARGER L\\'ARTICLE AU FORMAT PDF<\/a> \t<\/div> <\/div>","protected":false},"excerpt":{"rendered":"<p>Dans son projet Lotta Gold d\u00e9velopp\u00e9 en partenariat avec art3, Marie Auvity invente un personnage fictif qui aurait d\u00e9j\u00e0 une place dans notre imaginaire : la jeune fille \u00ab\u00a0victime de la mode\u00a0\u00bb. Ce personnage rendu abstrait, \u00ab\u00a0branch\u00e9\u00a0\u00bb sur l\u2019image, le &hellip; <a href=\"http:\/\/www.art-3.org\/art-contemporain\/marie-auvity\">Continuer la lecture <span class=\"meta-nav\">&rarr;<\/span><\/a><\/p>\n","protected":false},"author":1,"featured_media":0,"parent":0,"menu_order":13,"comment_status":"closed","ping_status":"closed","template":"","meta":{"footnotes":""},"class_list":["post-968","page","type-page","status-publish","hentry"],"_links":{"self":[{"href":"http:\/\/www.art-3.org\/art-contemporain\/wp-json\/wp\/v2\/pages\/968","targetHints":{"allow":["GET"]}}],"collection":[{"href":"http:\/\/www.art-3.org\/art-contemporain\/wp-json\/wp\/v2\/pages"}],"about":[{"href":"http:\/\/www.art-3.org\/art-contemporain\/wp-json\/wp\/v2\/types\/page"}],"author":[{"embeddable":true,"href":"http:\/\/www.art-3.org\/art-contemporain\/wp-json\/wp\/v2\/users\/1"}],"replies":[{"embeddable":true,"href":"http:\/\/www.art-3.org\/art-contemporain\/wp-json\/wp\/v2\/comments?post=968"}],"version-history":[{"count":3,"href":"http:\/\/www.art-3.org\/art-contemporain\/wp-json\/wp\/v2\/pages\/968\/revisions"}],"predecessor-version":[{"id":2378,"href":"http:\/\/www.art-3.org\/art-contemporain\/wp-json\/wp\/v2\/pages\/968\/revisions\/2378"}],"wp:attachment":[{"href":"http:\/\/www.art-3.org\/art-contemporain\/wp-json\/wp\/v2\/media?parent=968"}],"curies":[{"name":"wp","href":"https:\/\/api.w.org\/{rel}","templated":true}]}}