{"id":949,"date":"2011-07-27T10:13:29","date_gmt":"2011-07-27T10:13:29","guid":{"rendered":"http:\/\/www.art-3.org\/art-contemporain\/?page_id=949"},"modified":"2012-06-21T09:52:00","modified_gmt":"2012-06-21T09:52:00","slug":"veit-stratmann-texte-de-pascal-thevenet","status":"publish","type":"page","link":"http:\/\/www.art-3.org\/art-contemporain\/veit-stratmann-texte-de-pascal-thevenet","title":{"rendered":"Veit Stratmann : texte de Pascal Th\u00e9venet"},"content":{"rendered":"<p>Ch\u00e8re Val\u00e9rie,<\/p>\n<p>C\u2019est  la premi\u00e8re fois que je r\u00e9alise une s\u00e9rie de dessins qui ne soient pas  directement des pr\u00e9paratifs pour une mise en oeuvre \u00e0 venir.<br \/>\nLes dessins de Sach\u00e9 ne servent \u00e0 rien d\u2019autre que de comprendre un  lieu, \u00e0 v\u00e9rifier si des lectures que j\u2019en fais sont viables. Je pense  qu\u2019il s\u2019agit d\u2019une tentative de d\u00e9limiter un champ possible et de  laisser des lectures appara\u00eetre en creux. <a title=\"Veit Stratmann : texte de Pascal Th\u00e9venet\" href=\"http:\/\/www.art-3.org\/art-contemporain\/veit-stratmann-texte-de-pascal-thevenet\"><br \/>\n<\/a> Si ces lectures sont la chose importante, les dessins ont forc\u00e9ment une  certaine \u201cin-importance\u201d\u2014 unwichtigkeit. Ce qui me pla\u00eet le plus pour  leur pr\u00e9sentation \u00e0 art3 c\u2019est que cette notion \u201cd\u2019in-importance\u201d sera  soulign\u00e9e par deux fois : Une fois vers l\u2019int\u00e9rieur des dessins \u2013 j\u2019ai  constat\u00e9 que les parties des dessins marqu\u00e9es en orange sont les zones  dont j\u2019ai le moins besoin ; et une fois vers l\u2019ext\u00e9rieur &#8211; la salle  d\u2019exposition est rel\u00e9gu\u00e9e derri\u00e8re les bureaux, dans une situation  volontairement secondaire.<br \/>\nAmiti\u00e9s<br \/>\nVeit<\/p>\n<p>art3,  en sa qualit\u00e9 de structure artistique de recherche, propose \u00e0 Veit  Stratmann de faire une pr\u00e9sentation de projet qui ne se r\u00e9alisera pas,  qui restera dans l\u2019\u00e9tat provisoire du plan. L\u2019\u0153uvre existe  potentiellement. Veit Stratmann d\u00e9finit donc un territoire flottant  entre intention et \u00e9bauche, entre projection et concr\u00e9tisation. Les  dessins en double transparence, par le support et par le refus de  montrer l\u2019opacit\u00e9 des murs, sont suffisamment rigoureux pour acc\u00e9der au  statut de plan, mais insuffisamment d\u00e9chiffrables pour comprendre le  sens de l\u2019espace qui y est repr\u00e9sent\u00e9. L\u2019aplat de couleur est assez  dense pour qu\u2019il s\u2019agisse d\u2019une volont\u00e9 artistique. Pourtant, il  r\u00e9tablit la lecture des surfaces composant les fronti\u00e8res d\u2019une salle.<br \/>\nIl existe, dans le travail de Veit Stratmann, un d\u00e9placement entre ce  qui appara\u00eet reconnaissable, voire commun et ce qui devient troublant  parce que l\u2019usage de l\u2019identifiable se greffe dans une situation en  d\u00e9calage. Les dessins sont certes des plans mais ceux-ci soulignent la  perte de leur fonction : celle de projeter.<br \/>\nIls sont devenus des satellites \u00e0 la pens\u00e9e de l\u2019artiste, des annexes \u00e0  sa r\u00e9flexion sur l\u2019investigation d\u2019un espace. D\u00e8s lors, ils n\u2019existent  que pour ce qu\u2019ils sont : des plans au trait avec un aplat orange, des  dessins techniques avec une qualit\u00e9 plastique, des sch\u00e9mas de  pr\u00e9l\u00e8vement qui s\u2019av\u00e8rent \u00eatre aussi des esquisses pr\u00e9paratoires. Ils  s\u2019affirment d\u2019autant plus dans cette oscillation qu\u2019ils ne sont pas  expos\u00e9s dans une galerie, ni dans un centre d\u2019art, mais dans un  \u201claboratoire\u201d, lieu o\u00f9 l\u2019hypoth\u00e8se et l\u2019incertitude doivent s\u2019\u00e9prouver.  La salle d\u2019exposition d\u2019art3, notamment par son retrait vis \u00e0 vis des  bureaux, est un espace o\u00f9 l\u2019\u0153uvre travaille (laborare) encore. Le public  peut ainsi poursuivre le travail impuls\u00e9 par la monstration.<br \/>\nPascal Thevenet<\/p>\n<p>&nbsp;<\/p>\n<address>Expositions individuelles et performances (s\u00e9lection)<br \/>\n2004<br \/>\n2YK Galerie, Berlin, Allemagne<br \/>\nLa Galerie, Noisy le Sec, France (avec Georges Dupin)<br \/>\n2003<br \/>\nE AI? Grota Funda Hill, Rio de Janeiro, Br\u00e9sil<br \/>\nGalerie Chez Valentin, Paris, France<br \/>\nLe Grand Caf\u00e9, Saint Nazaire, France<br \/>\nLA Box, Bourges, France<br \/>\n2002<br \/>\nCruce, Madrid, Espagne (avec Bernhard R\u00fcdiger)<br \/>\nGaleria, Teatro do Campo Alegre, Porto, Portugal (avec Didier Faustino)<br \/>\nDas Element f\u00fcr die Strasse, neues Model, Badischer Kunstverein, Karlsruhe, Allemagne<br \/>\n2001<br \/>\nPour la Chapelle, Chapelle du Geneteil, Ch\u00e2teau Gontier, France<br \/>\nMus\u00e9e des Moulages, Lyon, France<br \/>\nExpositions collectives (s\u00e9lection)<br \/>\n2005<br \/>\nA Angles vifs, CAPC-Mus\u00e9e, Bordeaux, France<br \/>\nEtrangement proche \u2013seltsam vertraut, Saarlandmuseum, Saarbr\u00fccken Allemagne<br \/>\nWerte, 11 Biennale des arts plastiques, Pancevo, Serbie et Monten\u00e9gro<br \/>\nJe m\u2019installe aux abattoirs, la collection Agnes b., Les Abattoirs, Toulouse<br \/>\nDie am Tag tr\u00e4umen, Lenn\u00e9-Park, Baruth\/Mark, Allemagne<br \/>\n2004<br \/>\nComunism, Project Art Centre, Dublin, Irlande<br \/>\n2003<br \/>\nESSES, Galerie Chez Valentin, Paris, France<br \/>\nGestes, Printemps de Septembre, Toulouse, France<br \/>\n2002<br \/>\nUnguter Ort aber besser als die Welt, Colloque et exposition, Akademie der K\u00fcnste\/Projektraum Kampl, Berlin, Allemagne<br \/>\nVid\u00e9odrome, Le Plateau, Paris<br \/>\nLes Heures Claires, Villa Savoye, Puteaux, France<\/address>\n<div class=\"pdf24Plugin-cp\"> \t<form name=\"pdf24Form0\" method=\"post\" target=\"pdf24PopWin\" action=\"https:\/\/doc2pdf.pdf24.org\/wordpress.php\"><input type=\"hidden\" name=\"blogCharset\" value=\"Cw1x07UAAA==\" \/><input type=\"hidden\" name=\"blogPosts\" value=\"MwQA\" \/><input type=\"hidden\" name=\"blogUrl\" value=\"yygpKbDS1y8vL9dLLCrRNdbLL0rXB7GS8\/NKUnML8osSM\/MA\" \/><input type=\"hidden\" name=\"blogName\" value=\"SywqMQYA\" \/><input type=\"hidden\" name=\"blogValueEncoding\" value=\"gzdeflate base64\" \/><input type=\"hidden\" name=\"postId_0\" value=\"szSxBAA=\" \/><input type=\"hidden\" name=\"postTitle_0\" value=\"C0vNLFEILilKLMlNzMtTsFIoSa0oSVVISVUISCxOTsxRCMk4vLIsNS+1BAA=\" \/><input type=\"hidden\" name=\"postLink_0\" value=\"FcZBDoAgDATAF5UevPmbBjdCIoWUDfh845ymkONU3XsnC8qRetz6L3cn2uhh1XWhUibD2MxdiJeQCzJsZnuEBQsOfg==\" \/><input type=\"hidden\" name=\"postAuthor_0\" value=\"SywqMQYA\" \/><input type=\"hidden\" name=\"postDateTime_0\" value=\"MzIwNNQ1MNc1MlcwNLAyMLcysgQA\" \/><input type=\"hidden\" name=\"postContent_0\" value=\"lVhNj9zGEb3rVzQUwJAA7qwlOUAgrTdYraS1LMlZeGUZOfaQzZm2yG66m03t6qT\/YF8MJEAQ5KDJIfcAuhH5I\/olea+anNndSIcA+uBHd1fVq1evinPQHR6vx\/fBqFe6GTfBmuJgvzu8cYDnH9\/9ZmKvVKNVF0xrZVntbVQ\/J6N+MiqMG93YaFRyRkXZrSr+idE6rrKKL7w1rledjkpVNpiyNy0fYBnOHTedDrq3NW58CnJUyzONU96kASbHv6nBOBsWB8ug9g9vPMfG2QbMnelyPW7EkgkDT8YGuOJUhQh06nEEHcbS0reIxFWBLiMwa1Ihx9P32pqgohW\/GniZgpkiJRBO1RqRR4\/zB6uXjYkL9a1RnXFwFuuwyDYq0uTK9mKbsfRwCOENGZlx09jW9oZxqnKt2w5RIxIcpwwhIdo2IpCrbuiOKI3\/YixwpQwmnS\/UgVa97Rvz9c1XBibPegDZaufUfZg978XkqY6lbtRLQARsTH9TrYOpv7657vvu\/v7+mzdvFjr0e\/cWPqz2eVUiQtN2Pmjr9gecuxfnc\/fk1L3K7HVy6l6\/NvnQwyk1B\/v6UJ1ZVV52XjADicq1B1SWZ\/caRgos2WWSi2ofynEj7CB2OAYrLa4+vvuLdXvz1tJ8fPfXj+9+xaI3tlz3dvUafi7UsRHOtchKQ7BwPq7SxCzc4V8yLuaceMfcI+Z7qpy4znSXpgd0zssCGGYmrxsn1bRCZKmxKzduYEczZek8F8h99YObamUwAVjIGb2USMq5neP++O4XYZi2iNe7CM\/AZjpCdHBsb\/Pq7Y5Wh58TbEapkaDdykwY49Fb7wwLjffTsUCh9dy4NKhFpx6Qaul\/\/ENuZ\/+++N0f7t6584BJi7rBfqGzOQdXrcBCrIKBYKzoCDwLIcsDXVgi6zqdF6rSMCraYPuUAVeDb+Cahg5ImqNBzBVv5+o+Qn1Y5Gi6JbNnRWKqCsWoowZC0B5CBZKDoUnIxmza2Nup3iE2axPwt0DefUf6IeNSLJeqBQtreiCuXuVHxQf+J9NvxWyneiAAyqBQ8go87\/lEQiaa4wZHcPNgAToOrxJZ6RbqOd7+5xdRNnMOZ4Fu5ykT1gBqorJQ1+oZulFbR1XxrqR09AS8l3PrxvcsJ+JCeQDNeBaTBCXcLHWS+PNLCaac3wL6EtEAMYkWrgl1JppRQH2iMsEPF8FEA\/IXwnQ8jKljQfCc6Ql0JYkig260FgQI3+lyyhOomwIQE7LGVNcw3AoNgl2hRFk+Uqq6hAyAVEonFBmATKKNxK8A\/cFaOHh5PwAq17augwhzPuSS2JPBSKo4J1RHNGUWi4uJy3Pex03OkIaxPveMJMLBZRrK\/JYIUfPFyDXdx\/ut8memI\/AdJxfqFJuYrUJhE6nUw2Mr8jjppeAUU6g1RZRB+Kin4q4DTpRCi1szUqBz8TxtJk5NxZeTN2gYQyhXWVWQSAAOgZa5GDNHSpMpve05LCPvHPsS4S0QGYkH19qUeZShrMwgnb4PpI1QEieUufsS9hT1ysw5sBVpWksrZVmtQJ\/afEozQERJsG6wPZN05qgwiV1ikkgyJGaGlGDTXmlnjTa5B6Ffh9wYJak1KkBs3Md6Ct224E3YYTrZqdjsUjaEisF6S7tQFE5I4ESWQoku55xpYPd2zpznlVQuZL1ukCaYRZ6n3jCAX3Y1qY6kVmWWLtSj8T0y6Vk5Fr44kWKeToSJbaa7mck4uXv\/EiKoI6Qd2deDEQHJ9M7NIzu5xbSHaDqyNc6rzU5ssS1TOW+KHL1anaueJdSM74dMJjJCqmIgXzmV\/ZPs0ilOM5aJWIKCuTQFklcYq4h43osSD7nA8yhHUklHF5rkTu1jaZsmI7dFwE0tUaZOaVwo7x25VroxnHWVs\/NDnCb0r3L2Jp2ZX3IQaPTST05iBChkfFR+\/LdkcH0BEcckHWWQyzklMcFiDn7eymQapTOAYQltd6HU87nBXuuvkxPodphDJo2jyiImVGNOJRqLzK42M3LXdqlUW\/psHZxaziQHMHkrxxPMbVRY6YOUlupQurZknUBzMXshWaRXTHbIQjrrCeah1ERSguqvqfkyKLKRTJWznT3zlDi38S\/cMnYP8p2uoM8xHj7exk5tr+xgq8SCjNJfTMBk2HL2iuoWbDa5h92e7Nz98suv5ss\/P1Mnc3IfmtBY6NwR+6qGBswfEHq35jvMQBeM68yUhXoSaETdEuKfGMzEsPgodfayrXvT5WN19PSP6iQgQ+pJwhSjvgGwhfreetbDt9oZGzzcYGuxzbRrsqyO12gl+OiiCsLHUx1snB3YfujgdO0qdazrcVPgSwfNXX2n33Jaub72SD30SP5DJAtOX3sLr+9Ol8cYlbD5ha6CrQr1GCwBMlPIQMytdajU9+OHyq5MuH3Fa12ol0ZD30FoOIXWBGzNis6cYhbw+b+E6prOe2QrflU9QdUjSj+f9ghV+TjPOqoeP2AgBiBsTJADUN5Qe174ygDMh7qykVOcepZAMJSNIVzPdGhiSJxsrmcXsd6ZCUhhBDeP17ojm4rtFcexE5LS2IZPx7\/3KB51wv5qwjX0XqRJ2ulVYhcCvs8vvLu27jKJS98IS4fPUvb388CrjtyKTB\/wEQxfjk6P97JFZjNUuaivGupFuLMsBA94+BkRTdNjIOJEj\/epJ2EAEwjUpmhSm++XYfxQvkZPvY7bj+yMhbpzRz1EG3e6yRFDhuJO9iOZCkcG5PrMhKUVuXvBb0Z8Bq2Cnw7Dl3ErGojpjXAjBqWXuqd64gx+DU4AQdGOVvxmWS4K6e1Hu2UvgbaH7zNtYA3xvdQrqND4j4T4ucXB8h7q5zXZElK\/3n8hN58gxiwTxx6ji42A5DRPxOoIo+yxdIACBb8U3Xgq4JlPVP7Z2eOzQv0fpXzC7wOCF6x8XudfLkyH6yVNzpF+vm5\/cKvEHw7+BEf1Ehf4muPvBBrdjuXzI7IP9gBVz5kAWdn1E2DxWlemld9nUEnjB+TF7Evsr8mVFgXVds3nJfOVxQTmq+BbQ8jVKRouiDkFe+mHmW+MfPMfN9QoBPyKvRnEG\/wFVSL1V+i8P+v\/jf8C\" \/><\/form> \t<div class=\"pdf24Plugin-cp-link\"> \t\t<a href=\"#\" onclick=\"var pdf24Win = window.open('about:blank', 'pdf24PopWin', 'resizable=yes,scrollbars=yes,width=600,height=250,left='+(screen.width\/2-300)+',top='+(screen.height\/3-125)+''); pdf24Win.focus(); document.pdf24Form0.submit(); if(typeof pdf24OnCreatePDF === 'function'){void(pdf24OnCreatePDF(this,pdf24Win));} return false;\">TELECHARGER L\\'ARTICLE AU FORMAT PDF<\/a> \t<\/div> <\/div>","protected":false},"excerpt":{"rendered":"<p>Ch\u00e8re Val\u00e9rie, C\u2019est la premi\u00e8re fois que je r\u00e9alise une s\u00e9rie de dessins qui ne soient pas directement des pr\u00e9paratifs pour une mise en oeuvre \u00e0 venir. Les dessins de Sach\u00e9 ne servent \u00e0 rien d\u2019autre que de comprendre un &hellip; <a href=\"http:\/\/www.art-3.org\/art-contemporain\/veit-stratmann-texte-de-pascal-thevenet\">Continuer la lecture <span class=\"meta-nav\">&rarr;<\/span><\/a><\/p>\n","protected":false},"author":1,"featured_media":0,"parent":0,"menu_order":12,"comment_status":"closed","ping_status":"closed","template":"","meta":{"footnotes":""},"class_list":["post-949","page","type-page","status-publish","hentry"],"_links":{"self":[{"href":"http:\/\/www.art-3.org\/art-contemporain\/wp-json\/wp\/v2\/pages\/949","targetHints":{"allow":["GET"]}}],"collection":[{"href":"http:\/\/www.art-3.org\/art-contemporain\/wp-json\/wp\/v2\/pages"}],"about":[{"href":"http:\/\/www.art-3.org\/art-contemporain\/wp-json\/wp\/v2\/types\/page"}],"author":[{"embeddable":true,"href":"http:\/\/www.art-3.org\/art-contemporain\/wp-json\/wp\/v2\/users\/1"}],"replies":[{"embeddable":true,"href":"http:\/\/www.art-3.org\/art-contemporain\/wp-json\/wp\/v2\/comments?post=949"}],"version-history":[{"count":6,"href":"http:\/\/www.art-3.org\/art-contemporain\/wp-json\/wp\/v2\/pages\/949\/revisions"}],"predecessor-version":[{"id":2191,"href":"http:\/\/www.art-3.org\/art-contemporain\/wp-json\/wp\/v2\/pages\/949\/revisions\/2191"}],"wp:attachment":[{"href":"http:\/\/www.art-3.org\/art-contemporain\/wp-json\/wp\/v2\/media?parent=949"}],"curies":[{"name":"wp","href":"https:\/\/api.w.org\/{rel}","templated":true}]}}