{"id":935,"date":"2011-07-27T09:46:29","date_gmt":"2011-07-27T09:46:29","guid":{"rendered":"http:\/\/www.art-3.org\/art-contemporain\/?page_id=935"},"modified":"2012-06-21T09:55:13","modified_gmt":"2012-06-21T09:55:13","slug":"kristina-solomoukha-texte-de-guillaume-mansart","status":"publish","type":"page","link":"http:\/\/www.art-3.org\/art-contemporain\/kristina-solomoukha-texte-de-guillaume-mansart","title":{"rendered":"kristina Solomoukha : texte de Guillaume Mansart"},"content":{"rendered":"<p>Trajectoire<br \/>\nDonner valeur de transcendance \u00e0 la r\u00e9alit\u00e9 n\u2019est pas le projet de  Kristina Solomoukha, son \u0153uvre est une apn\u00e9e. Elle entretient un rapport  exigu avec l\u2019environnement (sub)urbain, les zones franches, les  architectures de b\u00e9ton. Mais dans son travail, il est avant tout  question de territoire, plus pr\u00e9cis\u00e9ment de \u00ab non-lieux \u00bb, ces espaces  anonymes qui se d\u00e9finissent essentiellement par ce qu\u2019ils ne sont pas,  des demeures, des r\u00e9sidences, des endroits o\u00f9 l\u2019on reste ; ce sont ces  gares, ces a\u00e9roports, \u00e9changeurs autoroutiers, interstices, v\u00e9hicules,  chambres d\u2019h\u00f4tels, aires de repos\u2026 Ces paysages sans rencontre qu\u2019un  voyageur sans nom traverse dans l\u2019instant ; ces lieux vectoriels tendus  vers un ailleurs et qui semblent avoir fait le choix du chronos plut\u00f4t  que celui du topos. Identit\u00e9 en transit.<br \/>\n\u00ab On ne vit pas dans un espace neutre et blanc, disait Michel Foucault.  On ne vit pas, on ne meurt pas, on n\u2019aime pas dans le rectangle d\u2019une  feuille de papier. On vit, on meurt, on aime dans un espace quadrill\u00e9,  d\u00e9coup\u00e9, bariol\u00e9 avec des zones claires et sombres, des diff\u00e9rences de  niveaux, des marches d\u2019escaliers, des creux, des bosses, des r\u00e9gions  dures et d\u2019autres friables, p\u00e9n\u00e9trables, poreuses . \u00bb Et c\u2019est dans  cette multitude de niveaux qu\u2019op\u00e8re l\u2019\u0153uvre de Kristina Solomoukha, dans  des zones d\u2019acc\u00e9l\u00e9ration ou de r\u00e9tention qui sont aujourd\u2019hui devenues  les signes substantiels de la soci\u00e9t\u00e9 du flux ininterrompu. L\u2019artiste  explore avec curiosit\u00e9 les lieux de la diss\u00e9mination, elle saisit les  trajectoires, emprunte leurs formes, redessine leur usage. Son \u0153uvre  nourrit une topologie de ces \u00ab espaces absolument autres \u00bb.<br \/>\nDans sa production, les pyl\u00f4nes \u00e9lectriques qui jalonnent quelques zones  interm\u00e9diaires deviennent parfois motifs de papiers peints et composent  un paysage profond (Road Movie, 2004 ; Papier peint, 2005), les  automobiles, pare-chocs contre pare-chocs, orchestrent une chor\u00e9graphie  le temps d\u2019une animation (Embouteillage, 2005) et les chambres d\u2019h\u00f4tels  s\u2019exhibent comme autant d\u2019\u00e9tapes possibles (Subjonctif H\u00f4tel, 2005).  L\u2019\u00e9changeur autoroutier est un autre des sujets privil\u00e9gi\u00e9s de  l\u2019artiste. Ces structures, que l\u2019\u00e9crivain J.G. Ballard d\u00e9crivait d\u00e8s  1971 comme \u00ab des sculptures cin\u00e9tiques d\u2019une gr\u00e2ce et d\u2019une beaut\u00e9  consid\u00e9rables \u00bb (\u00ab sans doute les monuments les plus importants de notre  civilisation urbaine \u00bb), se font les mod\u00e8les atypiques d\u2019une peinture  paysagiste. Dans les aquarelles de Kristina Solomoukha, l\u2019architecture  pesante des rampes de b\u00e9ton s\u2019\u00e9tire et se noue avec la d\u00e9licatesse de  motifs ornementaux. Les courbes de trajectoires deviennent  dangereusement fragiles, leur force centrip\u00e8te capture le regard et  invite invariablement \u00e0 l\u2019exil du voyage perp\u00e9tuel. Sans destination.  Hypoth\u00e8se hypnotique.<br \/>\nPour <em>Geography of Nowhere<\/em>, ces n\u00e9buleuses de circulation  acc\u00e9l\u00e9r\u00e9e, d\u2019ordinaire reproduites \u00e0 partir d\u2019images trouv\u00e9es sur  l\u2019Internet ou dans divers ouvrages, sont pour la premi\u00e8re fois film\u00e9es  par l\u2019artiste, depuis un h\u00e9licopt\u00e8re en survol au-dessus de S\u00e0o Paulo.  Kristina Solomoukha donne \u00e0 voir directement l\u2019impressionnante voracit\u00e9  de la m\u00e9gapole br\u00e9silienne. Ses routes ne laissent aucune place \u00e0 toute  autre forme de paysage, elles saisissent le spectateur (comme l\u2019usager)  et l\u2019entra\u00eenent des kilom\u00e8tres durant le long d\u2019un fleuve captif. La  perspective \u00e9cras\u00e9e laisse voir l\u2019espace comme un organisme vivant,  comme une m\u00e9tastase instable. Baign\u00e9e dans les variations de lumi\u00e8re  d\u2019un couch\u00e9 de soleil.<br \/>\nParadoxalement, les routes surpeupl\u00e9es peuvent se donner \u00e0 lire comme le  signe d\u2019une disparition, celle de la ville elle-m\u00eame. En constante  r\u00e9actualisation, S\u00e0o Paulo laisse derri\u00e8re elle tout projet de  r\u00e9novation ou de r\u00e9habilitation, elle repousse ses limites p\u00e9riph\u00e9riques  toujours plus loin. Peu \u00e0 peu, la m\u00e9gapole se d\u00e9lite ; par endroits,  elle devient non-lieu :\u00ab Pseudo-territoire, la Cit\u00e9 derni\u00e8re fonctionne  comme r\u00e9sidu ou plut\u00f4t comme la retomb\u00e9e essentielle de la r\u00e9volution  des transports, \u00e9crit Paul Virilio ; infrastructure de communication,  l\u2019habitat ne subsiste plus que comme banlieue de l\u2019errance acc\u00e9l\u00e9r\u00e9e ;  r\u00e9sum\u00e9 et r\u00e9miniscence, le lieu g\u00e9ographique n\u2019est plus l\u2019assise de  l\u2019exp\u00e9rience humaine mais un p\u00f4le \u00e0 atteindre dans l\u2019exercice de  l\u2019aller-retour . \u00bb <em>Geography of Nowhere<\/em> fait \u0153uvre de ce d\u00e9phasage.<br \/>\nLa pi\u00e8ce devient le signe visible de cette conscience esth\u00e9tique  r\u00e9sign\u00e9e, pacifique et positive qui traverse tout l\u2019art de Kristina  Solomoukha. Comme un programme. Cr\u00e9er avec ce qui est l\u00e0, ici et  maintenant. Faire art de ces espaces entre, se blottir dans les creux,  construire sur les bosses, traverser les r\u00e9gions dures, p\u00e9n\u00e9trer celles  friables. Puisque l\u2019on ne vit pas dans le rectangle d\u2019une feuille de  papier, devenir l\u2019explorateur de cette \u00e9trange g\u00e9ographie sans rep\u00e8res  orthonorm\u00e9s. Guillaume Mansart<br \/>\nMichel Foucault, dans Michel Foucault par lui-m\u00eame,  Arte France et BFC Productions.<br \/>\nJ.G. Ballard, \u00ab L\u2019avenir de l\u2019automobile \u00bb, in Drive, octobre 1971.  Reproduit en fran\u00e7ais dans J. G. Ballard Mill\u00e9naire mode d\u2019emploi,  Tristram, 2006.<br \/>\nPaul Virilio, L\u2019horizon n\u00e9gatif, Galil\u00e9e, 1984.<\/p>\n<p>&nbsp;<\/p>\n<address>Kristina Solomoukha est n\u00e9e en 1971 \u00e0 Kiev, Ukraine. Elle vit et travaille \u00e0 Paris.<br \/>\n\u00c9tudes 2001 \u2013 2002 \u00c9cole d\u2019Architecture Paris-Malaquais (4 \u00e8me ann\u00e9e) 1997 Post-dipl\u00f4me de l\u2019\u00c9cole R\u00e9gionale des Beaux-Arts, Nantes 1995 Dipl\u00f4me (avec les f\u00e9licitations du jury) de l\u2019\u00c9cole Nationale Sup\u00e9rieure des Beaux-Arts, Paris 1986 \u2013 1989 Institut Sup\u00e9rieur d\u2019Art Industriel de Kiev, section esth\u00e9tique industrielle, URSSBourses, s\u00e9jours 2005-06 Les Ateliers Internationaux du Frac des Pays de la Loire, Carquefou 2005 Edificio Copan, AFAA \/Ville de Paris\/ EXO, Sao Paulo, Br\u00e9sil 2004 Allocation d\u2019installation, Drac Ile-de-France<br \/>\n2003 Sommerakademie, Akademie der K\u00fcnste, Berlin, Allemagne; R\u00e9sidence de La Galerie, Noisy-le-Sec<br \/>\n2002 La Box, \u00c9NSB-A de Bourges ; Akademie der K\u00fcnste, Berlin, Allemagne<br \/>\n2000 Fiacre, New York, Etats-Unis ; Quartier \u00e9ph\u00e9m\u00e8re, Montr\u00e9al, Canada<br \/>\n1999 Villa M\u00e9dicis hors les murs, Berlin, Allemagne<br \/>\n1997 Office Franco-Allemand pour la Jeunesse, Berlin, Allemagne<\/address>\n<address>R\u00e9alisations personnelles (s\u00e9lection)<br \/>\n2006<br \/>\nThe Geography of Nowhere, art3, Valence<br \/>\nStop Time Hotel, CaixaForum, Barcelone, Espagne<br \/>\nDeux maisons, festival Rayons Frais, Tours<br \/>\n2005<br \/>\nArt Statements, Art\/36\/Basel, stand de la Galerie M&amp;T de la Ch\u00e2tre, B\u00e2le, Suisse<br \/>\nHaute tension et r\u00e9sidences secondaires, Galerie M&amp;T de la Ch\u00e2tre, Paris<br \/>\nExpositions collectives (s\u00e9lection)<br \/>\n2006<br \/>\nBiennale de Busan, Cor\u00e9e<br \/>\nBiennale de Sao Paulo, Br\u00e9sil<br \/>\nGaleria Leme, Sao Paulo, Br\u00e9sil<br \/>\nSUPER, Les Ateliers Internationaux du Frac des Pays de la Loire, Carquefou<br \/>\nOffshore, Attitudes, Gen\u00e8ve, Suisse ; MAC, Marseille<br \/>\nLa force de l\u2019art, Grand Palais, Paris<br \/>\nTomorrow newer comes, avec Pascal Bircher et Sylvain Rousseau, Galerie M&amp;T de la Ch\u00e2tre, Paris<br \/>\nTinta, Galeria Leme, Sao Paulo, Br\u00e9sil<br \/>\n2005<br \/>\nOffshore, Espace Paul Ricard, Paris ; CAPC Mus\u00e9e d\u2019Art Contemporain de Bordeaux, France (catalogue)<br \/>\nAltadis, Facultad de Bellas Artes, Madrid, Espagne<br \/>\nFantasmapolis, Galerie Art et Essais, Rennes (catalogue)<br \/>\nLe livre et l\u2019art 2005, Le Lieu Unique, Nantes<br \/>\n4X4, ALaPlage, Toulouse<br \/>\nAffinit\u00e9s, Salines Royales, Arc-et-Senans<br \/>\nCollection du FRAC Basse-Normandie, Caen<\/address>\n<div class=\"pdf24Plugin-cp\"> \t<form name=\"pdf24Form0\" method=\"post\" target=\"pdf24PopWin\" action=\"https:\/\/doc2pdf.pdf24.org\/wordpress.php\"><input type=\"hidden\" name=\"blogCharset\" value=\"Cw1x07UAAA==\" \/><input type=\"hidden\" name=\"blogPosts\" value=\"MwQA\" \/><input type=\"hidden\" name=\"blogUrl\" value=\"yygpKbDS1y8vL9dLLCrRNdbLL0rXB7GS8\/NKUnML8osSM\/MA\" \/><input type=\"hidden\" name=\"blogName\" value=\"SywqMQYA\" \/><input type=\"hidden\" name=\"blogValueEncoding\" value=\"gzdeflate base64\" \/><input type=\"hidden\" name=\"postId_0\" value=\"szQ2BQA=\" \/><input type=\"hidden\" name=\"postTitle_0\" value=\"yy7KLC7JzEtUCM7Pyc\/NL83OSFSwUihJrShJVUhJVXAvzczJSSzNTVXwTcwrTiwqAQA=\" \/><input type=\"hidden\" name=\"postLink_0\" value=\"FcsxDsAgCADAFyFDt\/6GtESJCgYx9vltt1uuRIwTce+dyAOOZJ7x12Ua3Ic5iWJ1mSFKMK1Zt1ULQfATDDdDXtIarc7QSed3Xw==\" \/><input type=\"hidden\" name=\"postAuthor_0\" value=\"SywqMQYA\" \/><input type=\"hidden\" name=\"postDateTime_0\" value=\"MzIwNNQ1MNc1MlcwsLQyMLcysgQA\" \/><input type=\"hidden\" name=\"postContent_0\" value=\"rVnBchy3Eb37K3ByUVW7lGTLchSpVEVSpCxblBmScjlH7Ax2FxJmMAYGK9InX332KTeXD4mYVOWkS8o5eSo\/4i\/Jew3M7kqm46QqF3J2dqbR6O73+jX2QffwPOgXpuq9DebBLKibD9975NvWBLXSzqSgaqP6oNtYmbbWbWXU8L1yWoXhSjvbD1eq\/fmbP5nYq05H5Yzqgn9her6mPgs29rbV6sw73\/j0cqknKvpW\/eu7tApG8a3UGqW7drgyu+rQ4X3T9sH0Fv\/wnQq663zolTIXdpGUXplKOS7Yrmygnw0f3IlpdiOFmbbtBD5E9bVv8XcOv6ulifme0qFa2h57TQEf4eBsuOp9u6uOtcVn7FGcw25X2rqJsk48xCcs0fsEL75KuGPxEKNiQrASt4nqXIrY+XBV2ThciU944qe\/qda3U2dNulA\/\/ThRFdY1sdOVuIPvLhtcfZWsikbVw9XctjZGvm3knzWIiFjrdMDbeBR7ty4qRA2+StAnCmtxP43hxibyCa5EWxvkq9xA9oK3fVR++IdEEJvA071R92lYjIlbCy1GeK2Hq+AZfnzG1pa6XWAJ3E+9D4iHNQHf2BaRQFRkqdVwtbRVcrxWeKOZSayx3nJ40xuH29qW8AfT+fjzN39WB\/jc6cuoF7iIzEOA556FkHeMQlArf6m5fH6g9Y0kCiubnDruybaxZ7Lui\/s57isWd0AkIzLW1siT4lssLmTZyYZQrzkJzcwx2nqFtKq5tj0rulp6e6HqhAuUnI\/Mdo\/dSDlgJYdX8W2PUMVd9aRm4ggM02bk2H63IAsF8XnL3K1sxot4Dk9yUeCbxD3DnZlD6SJzNtKJY4sydurIp0on1++qt81MlJePLICtGwiIto3ZLOQY8woRWuCqlrgCpXOTGAdmpNMdcrpL6zAtVsSmXImtdxz+Kuk64O3hilWIGvGp4\/VMB+txNwO2XiOycjn72GH0Uhu5Oms7n6PYpF6FOlq7Mjpd5G8bIreUkYkVeEcKj19VwYxPzTwwsyn\/BWCKXNeprMeXNcNLXrB6JiUKZ0E9yFL56GEORtQu4KoOgYjCbbJtpLoHXhpkwPaplogVP3OZ+m54jfSxEgvD4YlrSTDb28RFnKuq4QoxC1oYxifBCLxjPeGGVChhqtMLn4JgipVnVqZNRC5JLtoF7YEPBQlS9jADwo6+sjCGnKBW5w4+g2wI3eCbLu2qp3Qh9JaUALbtHGKR01clJDNKSbs1rLJR1Cf5DtujixNFvgJAbRTkwKd+010QX9N0IWFNlWE396Hh7WAQiWjbfF8lEsEu4rVuFIB7ItlKtyDOnF9YiS7rBagaSVXPondJGLPk+qcfR\/A9EoLXbFB1qrK\/9LG7dMMbBg3Rh6vBkuQl2i+0Y4tpyQ7Gye2crsx5zXBV25HNVuhYbWHquUc\/aXxv53GDKixk8JrUYoWQe+F5YqlQHx2b+7ZWO6de1+rYw+REfXDr1h3w2YnYyCbk5kc3xq4GMm78zOYCBnlPwVcVkJH5c3MHIBYY4W6bI4nbBAp67BLRJD30yFBcU4NubZOLceewmYHwDaAOT4sD3AlduI7mlYqEzsXSzrgaNgzygKtkZz6GStQdgw\/QWoJP7Zyl2QvfIjFz9YkYKcuA7Z7KG2MD2u4\/RUPkbAugYoL8YDO2K+tIA+iEQiluU+C70nIQiZTFwESY3OVV8CJ0hPp09\/Gu2tfYcKiF2uQ+vB9eY3e37318u+wK5Sfrout1WVpUlqSS62iM5SIMP1RmJCLemYE4iClmCr2awJdAgHl2YFPaXM2gS5Ab30pdx1yz1Bu2YW\/WvEcm8owA1sa20TUkbVkSwcUfUS1olHPSR7aGbfBC95fd245KiSWaynWZ4\/Uo9w+8AMoPhHn8VXLLgd5oLVgy2E2f8xN0023LLykUhis3vsidpMI8ZBig0la6pyCSNBZc+ZC1H8gX3MWggyJm2fA26WxDk7S7MELxQhHQh4uMG+Ed0FFFRgFuLJgc\/lZaMpob54KFAA8BfjRHw386NxIxRlksJQ\/ZCIbNcgU7D+gxPegDhCYZNRIwpgeF\/cll5\/slKsqo5WWHFDIXI2GdYEfqgWkePjZeQHqp\/Fw986+W2MODm\/giyzQU2wyKSxoXKdEGlGIuALVuKhDYE8mxDzXWZ7Shv0iF2Euk9x3BEeQZwJ5SrAfIIOgEVCED6AmJr0UU2J5kP1bUFB4MfGdSZCldd+Ra01hpisKJc+sasSd6dguQ7NpdsiItlpJx3\/XyHkQUFl95B4hP2SaSbPJs+N6DFJPzu9fOGUAOcs5tiZSrLYVPTpQIRTQithw8JIW58kFX0uFKY4ObC40+gyoVKe2khpBDVjBBKRIcaibLdZ0qwY7TeUDqBbeFlaTN5UYgRJ\/bZMx9Mr\/PrtlRmvUsxJ1MLHRUemG4oYRrZe5BcQ9\/b\/OEEdVLix2jVqXSU9DZFtrWogAard6kVS5lOwdUNOEYZDWkjro+aPTwcTM5XrJUlnjZFxjyYYGGEBvKTo5EFPjlO8N49RqSIxIX+A9UkD2hRmi6HtlDENOLMmOcUymO0VdguFpSoXAgceg2ayjooGt\/oTPWcucraUB1dCZ1Tuqq415bYZE6T7GEJYu9hBRriURa0x0UDGrRZjlQmSKEUQErEcW8MW2GvzYcT1uh6l4qRgZg0JseyXayVZNjLGuOiLmMaUxmyK35GCZav3pH7i01ernttwUVB6VEe1HkVyOIBa2Appb8K\/xN69SFpTk4b0EwJyYJtE2avF3Ved50VuY\/gnGcD5HVEoSVzODjAKt+j550Ek2q\/XR78oXVAwEO9tqOUG9FXnG4yGHP02jiJsfZqeRDY3PQLzNWydbMW3KA94D8lKmsFkZCJW0mUkpCBlx9YTGFWI+92Basvu7swodYKbXsIRJRqW0GGSGWMRpSWUSvhE0mOnFtplvuO7tCOIQgxx\/bjIr1ZG+p4bjX87rhCF9xkJkIEhm6xXCVCZyZ2pyXSJrIgSCi0txyB5HU0oRapkYaeKMzN3bDGycEozGJWKRsa\/g1FyZUmMI3YgeBDFPGF5wiE81\/bCZ53t0MLpWUSLfUIscLEEEfHbJcbQqExSSIWllRcvlVDkoES5X3gf0uiyTKEcvEQMFa2bncNuwamBtIShTf6+leUFN6xVuaY4vuIehGmgK+sL+GgD1gjkIZYrJVBt4N30+Uraw0c8YXExYwvauOpC2WZbbPauRMShTUzPleuuTIaGUAzcwQEg2wWbqtgXTcSb67Hk3rrDzHEdSETD9A8jifAr\/oiaM09b88Obh2oN+a58voMclD4sjrMtvlTrPOlQzBEEdbtWrGoxiZauEWYLf0refcA9cecxUNTaqO8RiCVirknbOKMuu+czf3\/2QztSJ8ewFOHGWEIS37RwfqZD2nxbH6tjX5hMJbhta8tQLTzTgkJ24Q8o8g3LGEhyDElCLKHZrhdBQ\/VBg8KBz+sj4F\/BS722j\/YznfyJIJujkHGnMSGBaOn7MaUW8yrNzd9KsNKU3ES4xa9mumkBSMTjxRj9E6nIDg9r3f3dl9cLN7+N6D7uH77Sx29\/MnXdeUKQ+vEzisZGmu8F+mEbDCZ9asJur5y0DSKOepLBhEtJxqZvZAO7XroA7f8jAj0v\/b6udvvuPFB2r4tvKlqPa2tby8Oj3WjoMAArZzRw2vOdu1dOYGXLn3sTrxsZ\/WFk35TbMm0GLxNNe\/dnkc2OfxyXRPGP0ZO2ukiY\/Uo\/HtnTwJ8NhGhGFpjcSPepHC5Y137D+Tr2n+LGUiTeGXS8k2GPi7smVc3FNPgGDbg2w2L5b99\/iuTsgzmpNQkMQ5GqnOt8jNrp9zSOzz07OzffZkEcbDVe7PnGqnt+7K1LKHOVcOB7Kwzr4nOW0EGvLR2QlkY2mIT3PTPdABi83RTmlLHdbg0Art78B3Gi1u72hvT938YmQB2etNdfjl59AoukiUidrPwjafMOw553OHzAMAZY5zpWU+oidPIIRqM80YLaWDVz9ETYJsg36pa2h9OLdXrqgI1GfDP1vR9\/smOJ7O7\/FEW6Nf3GcllDNqeonOAkSYQBPPMCxcTrHgmak2S33AZ\/Y92Hb49tnZ\/nSPrzG8nFXu\/7frbuzdUkdWV4znM\/NK\/dGHlxN1iOqK0+fo4bD4h8TxhCLyikKrIQ9O1DEPVvjrB\/PQ6loXiyjbe4pB1+qYJ0MVbAD1uU00iSeWv+aMgObz+ZzdWwLsp\/mRtl6PUp8akDsaynVWbo5EsaGMU\/l9JhasUPFTkEl\/2Yn5pAvf3NhE4265PF8adZ1GmLAxfjhRXyBJmwo4632nznky\/ImXI5sDbS\/0kQ8JjLivMVBjFsG7h+ikm\/0+4gkiNQ18m6BhAXcr7dSpvqSziIDF7XOCZePfR+WSaDzjoCSnIRN2jpsf3r25j9EDy1Od1wUspZzU8fu66e6fl7sHy+EH6eb7ww\/E6FmiVC\/GP9Gc26AHogC73\/4dhXj3ba3zUeZvGBfMFaOHF1nYcG+gKJcnr9\/Kwz4nzsySah9jIBJ+wOM6c833v0R1eSh7Cd4w7LK\/+tjZ85PD08n\/g5CKQdRyRO2TDfp8WM6QmXZ4vVqHHAA73jsAnjT4kVy1kZj5JGbs6Pz94XFgXk+0k9LYju45GmII\/hXE0StqKC9HytI0TjR\/LFD7lueegek8u3RyuHcq85RO\/1Mez6EU9fjGb8Z0q2Q30TjMM7XIg1OMJJQxuRXdVwd7JwfqOMksPradA3CN4TEfnRa2C3X+XaRopR2QtnZ+kcxYQnuu1zWDdKSrxGt5D8iHaKTKiox4HWz9LiiP0H11bDgf2q0CpxuI3GGMEvpTnoPEa9Z9ymFnlQ\/xRrXOGLCs1FOOQWBVFMnY5strd768gyJ5qk\/ywTJA75Cb0ae9OX8SxXgZGWmwHpY+9ZdaDu2gS6amR4+Aeh\/NHRR8sY+hYk\/3DsBCSPX0GXQrSshKsZp2izL\/DQ==\" \/><\/form> \t<div class=\"pdf24Plugin-cp-link\"> \t\t<a href=\"#\" onclick=\"var pdf24Win = window.open('about:blank', 'pdf24PopWin', 'resizable=yes,scrollbars=yes,width=600,height=250,left='+(screen.width\/2-300)+',top='+(screen.height\/3-125)+''); pdf24Win.focus(); document.pdf24Form0.submit(); if(typeof pdf24OnCreatePDF === 'function'){void(pdf24OnCreatePDF(this,pdf24Win));} return false;\">TELECHARGER L\\'ARTICLE AU FORMAT PDF<\/a> \t<\/div> <\/div>","protected":false},"excerpt":{"rendered":"<p>Trajectoire Donner valeur de transcendance \u00e0 la r\u00e9alit\u00e9 n\u2019est pas le projet de Kristina Solomoukha, son \u0153uvre est une apn\u00e9e. Elle entretient un rapport exigu avec l\u2019environnement (sub)urbain, les zones franches, les architectures de b\u00e9ton. Mais dans son travail, il &hellip; <a href=\"http:\/\/www.art-3.org\/art-contemporain\/kristina-solomoukha-texte-de-guillaume-mansart\">Continuer la lecture <span class=\"meta-nav\">&rarr;<\/span><\/a><\/p>\n","protected":false},"author":1,"featured_media":0,"parent":0,"menu_order":7,"comment_status":"closed","ping_status":"closed","template":"","meta":{"footnotes":""},"class_list":["post-935","page","type-page","status-publish","hentry"],"_links":{"self":[{"href":"http:\/\/www.art-3.org\/art-contemporain\/wp-json\/wp\/v2\/pages\/935","targetHints":{"allow":["GET"]}}],"collection":[{"href":"http:\/\/www.art-3.org\/art-contemporain\/wp-json\/wp\/v2\/pages"}],"about":[{"href":"http:\/\/www.art-3.org\/art-contemporain\/wp-json\/wp\/v2\/types\/page"}],"author":[{"embeddable":true,"href":"http:\/\/www.art-3.org\/art-contemporain\/wp-json\/wp\/v2\/users\/1"}],"replies":[{"embeddable":true,"href":"http:\/\/www.art-3.org\/art-contemporain\/wp-json\/wp\/v2\/comments?post=935"}],"version-history":[{"count":5,"href":"http:\/\/www.art-3.org\/art-contemporain\/wp-json\/wp\/v2\/pages\/935\/revisions"}],"predecessor-version":[{"id":2195,"href":"http:\/\/www.art-3.org\/art-contemporain\/wp-json\/wp\/v2\/pages\/935\/revisions\/2195"}],"wp:attachment":[{"href":"http:\/\/www.art-3.org\/art-contemporain\/wp-json\/wp\/v2\/media?parent=935"}],"curies":[{"name":"wp","href":"https:\/\/api.w.org\/{rel}","templated":true}]}}