{"id":896,"date":"2011-07-26T16:34:18","date_gmt":"2011-07-26T16:34:18","guid":{"rendered":"http:\/\/www.art-3.org\/art-contemporain\/?page_id=896"},"modified":"2012-06-28T14:31:48","modified_gmt":"2012-06-28T14:31:48","slug":"cristina-da-silva-texte-de-herve-laurent","status":"publish","type":"page","link":"http:\/\/www.art-3.org\/art-contemporain\/cristina-da-silva-texte-de-herve-laurent","title":{"rendered":"Cristina Da Silva : texte de Herv\u00e9 Laurent"},"content":{"rendered":"<p style=\"text-align: justify;\">Le dessin comme pratique de d\u00e9simplification   de l\u2019image.<br \/>\nN\u2019y a-t-il pas dans la qu\u00eate de la figure une ambition qui contredit  partiellement et d\u00e9passe infiniment les enjeux de la repr\u00e9sentation ?  Lorsque un d\u00e9s\u00e9quilibre entre ces vis\u00e9es contradictoires est av\u00e9r\u00e9, le  r\u00e9sultat n\u2019est-il pas une d\u00e9-figuration? Celle-la m\u00eame, par exemple,  qu\u2019exhibe la toile peinte par Frenhofer dans Le Chef-d\u2019\u0153uvre inconnu de  Balzac -l\u00e0, le d\u00e9sir de figure, par son intransigeance totale, se nie  lui-m\u00eame apr\u00e8s avoir d\u00e9chir\u00e9 la repr\u00e9sentation du mod\u00e8le vivant et noy\u00e9  la forme dans le magma de la mati\u00e8re color\u00e9e. La Belle Noiseuse  d\u00e9-peinte par Frenhofer est parente de la table que croise un jour Henri  Michaux dans les couloirs d\u2019un asile. L\u2019id\u00e9e de table que poursuit le  patient qui l\u2019a construite est trop absolue pour pouvoir s\u2019incarner dans  l\u2019objet standard qui lui correspond d\u2019ordinaire. \u00ab La table, \u00e9crit  Michaux, n\u2019\u00e9tant pas simple, n\u2019\u00e9tait pas non plus vraiment complexe.  Complexe d\u2019embl\u00e9e ou d\u2019intention ou d\u2019un plan compliqu\u00e9. Plut\u00f4t  d\u00e9simplifi\u00e9e \u00e0 mesure qu\u2019elle avait \u00e9t\u00e9 travaill\u00e9e \u00bb. (Les grandes  \u00e9preuves de l\u2019esprit, Gallimard, 1966). Les dessins de Cristina Da Silva  semblent, pour leur part, r\u00e9sulter d\u2019une n\u00e9gociation serr\u00e9e entre  d\u00e9-figuration et repr\u00e9sentation, en ce que l\u2019\u00e9nergie brute de leur  inscription produit malgr\u00e9 tout la stabilit\u00e9 de l\u2019image qui en r\u00e9sulte.  La th\u00e9matique qui r\u00e9unit sous le titre g\u00e9n\u00e9rique de Pipelines les  dessins expos\u00e9s \u00e0 art3 en t\u00e9moigne. Comme pour l\u2019extraction du p\u00e9trole,  il s\u2019agit de canaliser la force aveugle d\u2019un flux originel. Le dessin  est donc d\u2019abord une tentative de donner forme \u00e0 un jaillissement, de le  faire circuler dans l\u2019image qui se nourrit de lui. Il en r\u00e9sulte des  masses charg\u00e9es, luisantes, satur\u00e9es de mine de plomb. Le geste de la  hachure est multipli\u00e9 jusqu\u2019\u00e0 produire un effet tactile, une quasi  \u00e9paisseur mais sans que jamais sa trajectoire ne disparaisse sous  l\u2019effet de la r\u00e9p\u00e9tition. Ratures, griffonnages d\u00e9limitent des zones  d\u2019intensit\u00e9s variables, chacune d\u2019elles \u00e9tant affect\u00e9e d\u2019une vibration  et d\u2019une orientation qui lui sont propres. Cette \u00e9nergie du trait,  directement exp\u00e9riment\u00e9e dans le dessin, est \u00e9galement mise au service  de la repr\u00e9sentation. Ainsi se constituent les \u00e9l\u00e9ments de paysages  composites que ponctuent de rares taches de couleur. On d\u00e9couvre des  zones industrielles que traverse en tous sens le r\u00e9seau des tubulures  qui donne son titre \u00e0 la s\u00e9rie. L\u2019architecture des b\u00e2timents est  prolif\u00e9rante et d\u00e9form\u00e9e, la perspective g\u00e9n\u00e9rale est affect\u00e9e par des  effets de rupture d\u2019\u00e9chelle, tandis que peuvent se multiplier les points  de fuite. Bien qu\u2019ils fixent un \u00e9tat, rien n\u2019est fig\u00e9 dans ces grands  dessins; \u00e0 ce titre, quoique parfaitement achev\u00e9s, on peut les  consid\u00e9rer comme ind\u00e9finiment provisoires. Pour reprendre la  terminologie propos\u00e9e par Michaux, ils d\u00e9simplifient la question de  l\u2019image comme lieu de croisement entre d\u00e9-figuration et repr\u00e9sentation,  ou encore comme mouvement de bascule incessant entre \u00e9nergie de  l\u2019inscription et production de la forme. ll faut ajouter que cette  tension maintenue s\u2019accompagne d\u2019une sensation de surchauffe, de  surr\u00e9gime, provoqu\u00e9e tant par la multiplication du trait et sa dynamique  de surcharge que par l\u2019iconographie avec ses effets d\u2019accumulation.<br \/>\nUne vid\u00e9o est pr\u00e9sent\u00e9e avec les dessins. En silence, Cristina Da Silva,  yeux ferm\u00e9s, suit avec les doigts (l\u2019index seul puis l\u2019index et le  majeur) les traits de son visage. La cam\u00e9ra accompagne et cadre au plus  pr\u00e8s le parcours des doigts sur la figure. On comprend peu \u00e0 peu que  c\u2019est le m\u00eame mouvement qui cherche les lignes de force du visage et  l\u2019os du cr\u00e2ne sous la chair, si bien qu\u2019il pr\u00e9-figure la d\u00e9-figuration  finale du visage dans la mort. La violence constitutive du dessin  -lequel tente de la temp\u00e9rer sans pour autant lui enlever de son \u00e9nergie  -fait ainsi retour dans la vid\u00e9o, selon un mode m\u00e9ditatif qui r\u00e9v\u00e8le un  m\u00eame souci de d\u00e9simplifier le geste artistique.<br \/>\nHerv\u00e9  Laurent<\/p>\n<p>&nbsp;<\/p>\n<address>Cristina Da Silva est n\u00e9e en 1978. Elle vit et travaille \u00e0 Gen\u00e8ve.<br \/>\nEtudes \/formation<br \/>\n2003-04 University College London, Slade School of Fine Art : post-grade en m\u00e9dia : tuteur Simon Faithfull 1998-03 HES, Gen\u00e8ve : dipl\u00f4me arts visuels 2001-03 Atelier de dessin, Peter Roesch 2001 Echanges Socrate \u00e0 Sheffield, Hallam University et \u00e0 Weimar Bauhaus Universit\u00e4t 2000-01 Atelier media-mixte, M-A. Chiarenza et Laurent Schmit 1999-00 Atelier de peinture C.Sandoz Atelier de m\u00e9dia mixte M-A Chiarenza<br \/>\nExpositions personnelles (s\u00e9lection)<br \/>\n2010<br \/>\nPipelines, art3 Valence<br \/>\n2009 CHUV Lausanne : Prix de la Fondation Bailly<br \/>\nEspace K, Gen\u00e8ve<br \/>\n2008<br \/>\nPipeline, Espace R<br \/>\n2007<br \/>\nABAR, installation Gen\u00e8ve<\/address>\n<div class=\"pdf24Plugin-cp\"> \t<form name=\"pdf24Form0\" method=\"post\" target=\"pdf24PopWin\" action=\"https:\/\/doc2pdf.pdf24.org\/wordpress.php\"><input type=\"hidden\" name=\"blogCharset\" value=\"Cw1x07UAAA==\" \/><input type=\"hidden\" name=\"blogPosts\" value=\"MwQA\" \/><input type=\"hidden\" name=\"blogUrl\" value=\"yygpKbDS1y8vL9dLLCrRNdbLL0rXB7GS8\/NKUnML8osSM\/MA\" \/><input type=\"hidden\" name=\"blogName\" value=\"SywqMQYA\" \/><input type=\"hidden\" name=\"blogValueEncoding\" value=\"gzdeflate base64\" \/><input type=\"hidden\" name=\"postId_0\" value=\"s7A0AwA=\" \/><input type=\"hidden\" name=\"postTitle_0\" value=\"cy7KLC7JzEtUcElUCM7MKUtUsFIoSa0oSVVISVXwSC0qO7xSwSextCg1rwQA\" \/><input type=\"hidden\" name=\"postLink_0\" value=\"FcZBDoAgDATAF5UevPmbBhppgoWUFXy+cU5TgXEy772TBOhIPS7+l7tD79FDzDmHTZgLFaFpbQlBXygVpaqxlJo8oY4P\" \/><input type=\"hidden\" name=\"postAuthor_0\" value=\"SywqMQYA\" \/><input type=\"hidden\" name=\"postDateTime_0\" value=\"MzIwNNQ1MNc1MlMwNLMyMLcytAAA\" \/><input type=\"hidden\" name=\"postContent_0\" value=\"jVjLjhvHFd37Ky68CCSApEZRYEuWImNmIllBxo6ggZx1sbtI1qC6ulUPgqNV\/iGr7AwjC42z9S47E\/mRfEnOudVNMrIW2Ujs7qpb93Huuafm2SAp33r7+8+z3eW58W4dvpKbkrJb3T79\/PmVldam5II0fddZGaLJ7l3hW2n3d8l1g3cr1+BtH0T42v\/nr393nVnbxbNllAfPP\/sOL27FzPPceRlMktaEJN7Iu7L\/KaspPKzcukQrJVgx3dKpvXfF4dyQo21dFuyN2VnvbWdDFpvpAewlKy6sXHD62tskNtzYshsNRztEeIpv1cmvRa76mBhECRrE\/g4HebfE8ZaHSQMbW4f3+F\/PN61rcu8ibacsZru\/g80ZDhOh8eJhXAICxecpTIYC83ONTM\/+Wi7p\/hxedfufOjtjSGJ3FlnEA+Klhd3GLdVznIgDBusCssSVL6MNm35lY00hinO5sat5i13\/\/lvZRiYC\/obC0OXC+Pemkbnf\/6Cear0iP9Vc19MTUuIYYkhubU1oLM7Nhv4gscHBkC9urv6KQSo\/JMTf09D+rtk4hP+pLLdFur7df8C5W7c1tV6hv8VqrXYfYa4CwQrQ0pmxXB327z+wCL3vYdIu5MrIBfMm3\/Uu2QK3NK+fTAzLgzc2HICVzRJbWe4mcj+rftOXKK9siE7kW9dsDNFSnWHFi0d8wCnyisUmoQzwgrjGuWr3aHSAqVRcViwMcJ4gJHDZB4bwSTniu1XXcuwHMcvU+3Er\/9FsJpoPjYlhKq9a6Jc3SFzKJrQmttWwdkUEGIc+tOplH1sXDPC5kF\/+yXypfzNBhSI7Z4xxphDd32XWgxDV\/rXH166+Dijg4AuaIJraVeh+LNzBvlyOP\/Vg2y09U9IXfWRBgtZ\/fFFoyIS6H8Sxv1vIa1\/y\/ucspwRCG\/sfpLOJJFD7gBU3W\/oE14AbYBRPXs\/75V8LuXeFYq0BXDCUYM0Qbdni58hBSA9in8k3xnvwUWxn8vDJF1\/cRyV1EVlNF19GB7oLRv5g5Nr5rREgH3EhklmtkbcsFNhnNnU7a6ThoUX2d+u+cRX2yUZiduSRj9qfLfBRn8ywEnSjSPJaBJR\/jaZbxjIimGejQxMqOaiVIfYtAdcZv2b35b5kAh0gWYLGmKpTGlbM4JTJc5SQANns77qRy7kAX0uA0dQXbcnsGMAa\/oDqJsZ\/7QbrXbC1Tw45tLuhB1kmVhBJesTT4EXXY5jguMs6OTSRym8oZDORxIDaxl7ZD7TJJjBruIHDGhMwjpDQkS8aosGWtbcTslYebdtHt4ZLnmWdZpW2WtuHRleaJdpD2TjXtG\/r+AJRwnhlInhOWiC8HAZKp7XX7Ius2FjSuNgUP\/Xm\/2aXRInwYnUc\/bmQP\/rTnItCtOOsAr9sTFxztsy4NKEX+TOZXKJOHJjoXFAfB993S41sjZAmRpONaTbsE4bZwb5DD6HqGNvaOQimYkTnqdjVCsDLzDnzzES8KyA17RnDcFGZDj\/gA0JjrW\/M+Mymu7F19gl9cgl9oJsqVGpJ9YRx3MIoaqoDfCFvGBXDW0e3WiHjSFliW6AlHcuhmXnfB8XTxCCJIAb7mOjIY9iOnDU6T0diSDKymMHRTVZWHvtxi0E+yhE6Nb4FTA6zaSJRjL7MTIE4EmBqMzJ8aEBgE7GTQBB0xBmj6tgNbAj+1kPHCVaBN9OKgA\/MqFE6zhtTSAtb11j5tCRZyDnaSGGk48LlMikZJAqNhCeFxWBukyZQ+bRHmmwah1Bo6iasioY6BfXeVDBxnqHEC\/mzyh08UikoImviXWgh+KKriaU9Uq2NyWons8zwVeNUt03R3bksi2d1RTOq\/aRyonIHUEhSYrbG6Wki9EJGKst4\/nL\/Y3Y1OiaOtcAwwA72xCjw2J\/I9IzGBvg0YD87eKQmZLpKsgMOqAc0OEWlZiCWoZ6pDIu8eDYCZ6ob88fJgewh4qmfyDuwMvSO7qlq4hRfyAWAVCeU8wlSaseNaDMCkgOCn0clSKFFNiZImmlYHYnzKXPUjFw7g81eiRYBgHJGvLGKUJtoATK\/LRUWihOKkQg3qzJHEZGsSQUjkxCwqlgxcEm9xJwNbawMggEGjoHCItTZAiTwmruDVmB4JyNaIUnRjsCUvK2c0GB1AmlT7VmVVm0YnYT\/xyCkZLCQr3Ey1gGo1QYsLk0i\/VLgInnmYPjYr5M7J5PS5kqEzeTwpDwX4j14Hdk0kIKc5qoPlQFECQjrQYEkI3zQsdSw58w6HJmGTWEm0xAuzBswp4ODz4hv7VTloxo9xQ+Fo0ovHWoT1JqDZFbGodtg3vY2mE4BcTQf16PoNHWWOuCgB6qGjdPp2AgHzAT86nXBMZVmxvvYWyVJVKSvanksA71TE\/4ojxbyApoGYwNZn\/1aKKFot7xoQXh3ilEVwkcjEADw414tS2t38K7gboShJ8d3tkrnDnOmxPu6UdOgnUs6AZB5m6RqaUzHnpeTYmB7YwhrsJJqVql3FK9ZaqjOlQ5GZ1KJx9umUiItsTPYXWxI\/qdZb8Ym5gVFbz9HQOrFdGNREqsO89pcybYKFZSyek33qo5PfNnE\/Y9hnJzwAhV1EVlzsjwhFa3IfLwPY9VHvQPfA1nveMZ0n+76mDVNW9dryQ7jpGqectBHc28RoldBdLgn4RZaCUVlgOo1dAjx6lVBeru1cSrKoe9kTrISoxMs2sxtk0MVZbxIemwBR+JKyGTe4TqPYFaT8tzqPRHfx0QjP4376E8MysejDOLfAZJq1wnTrzBgebW8MoV3v2cPhuefPRue\/yYs0\/C0PpkWKEnp+a\/lPoscqmrHFeHLx0C913urtuJ07dCJ9o0N+w\/bw7EvciG2HpBUtDrj+9+enT2an\/1O3gbHOeryLVQwTKBYV7izke6uvUGA182m7730K3lJyXces3yF1Kc8R1e36pGmy+A1ykildu06JPMlkr5ZFdDYwydPHs\/PHsmrF9ezyT+sbsEs+587TZb+NQP1TgLHHnLxebY64tqjdHltyYNvepuaja6TF8BnoNy47huATxNwvQG7QCngNvUKFyvTncaIbGHJXyyvW3JhCvgwHb\/v\/5Fp92wO09P5nUVs887tMvjl2\/k5ZNjG8fr+3tDaWE6mCXKRoT6Zn52deq9\/BGCjXC6uMVz796cfx9SpeVo\/Gp\/qt1MVhcIlFReUMCqC7mEceqtz4\/6hpg\/Pxp+He9Cs3ne+N9pux+I\/kctXb7+n++ilwHK8jm76g9RLIKC28gVxdTv5AmWNlv3ToYhHc48\/Oncm4+I3xzVfjj\/PL87fzHhfzCyPHjPZezC1wGf\/BQ==\" \/><\/form> \t<div class=\"pdf24Plugin-cp-link\"> \t\t<a href=\"#\" onclick=\"var pdf24Win = window.open('about:blank', 'pdf24PopWin', 'resizable=yes,scrollbars=yes,width=600,height=250,left='+(screen.width\/2-300)+',top='+(screen.height\/3-125)+''); pdf24Win.focus(); document.pdf24Form0.submit(); if(typeof pdf24OnCreatePDF === 'function'){void(pdf24OnCreatePDF(this,pdf24Win));} return false;\">TELECHARGER L\\'ARTICLE AU FORMAT PDF<\/a> \t<\/div> <\/div>","protected":false},"excerpt":{"rendered":"<p>Le dessin comme pratique de d\u00e9simplification de l\u2019image. N\u2019y a-t-il pas dans la qu\u00eate de la figure une ambition qui contredit partiellement et d\u00e9passe infiniment les enjeux de la repr\u00e9sentation ? Lorsque un d\u00e9s\u00e9quilibre entre ces vis\u00e9es contradictoires est av\u00e9r\u00e9, &hellip; <a href=\"http:\/\/www.art-3.org\/art-contemporain\/cristina-da-silva-texte-de-herve-laurent\">Continuer la lecture <span class=\"meta-nav\">&rarr;<\/span><\/a><\/p>\n","protected":false},"author":1,"featured_media":0,"parent":0,"menu_order":3,"comment_status":"closed","ping_status":"closed","template":"","meta":{"footnotes":""},"class_list":["post-896","page","type-page","status-publish","hentry"],"_links":{"self":[{"href":"http:\/\/www.art-3.org\/art-contemporain\/wp-json\/wp\/v2\/pages\/896","targetHints":{"allow":["GET"]}}],"collection":[{"href":"http:\/\/www.art-3.org\/art-contemporain\/wp-json\/wp\/v2\/pages"}],"about":[{"href":"http:\/\/www.art-3.org\/art-contemporain\/wp-json\/wp\/v2\/types\/page"}],"author":[{"embeddable":true,"href":"http:\/\/www.art-3.org\/art-contemporain\/wp-json\/wp\/v2\/users\/1"}],"replies":[{"embeddable":true,"href":"http:\/\/www.art-3.org\/art-contemporain\/wp-json\/wp\/v2\/comments?post=896"}],"version-history":[{"count":6,"href":"http:\/\/www.art-3.org\/art-contemporain\/wp-json\/wp\/v2\/pages\/896\/revisions"}],"predecessor-version":[{"id":2367,"href":"http:\/\/www.art-3.org\/art-contemporain\/wp-json\/wp\/v2\/pages\/896\/revisions\/2367"}],"wp:attachment":[{"href":"http:\/\/www.art-3.org\/art-contemporain\/wp-json\/wp\/v2\/media?parent=896"}],"curies":[{"name":"wp","href":"https:\/\/api.w.org\/{rel}","templated":true}]}}