{"id":810,"date":"2011-06-25T12:49:21","date_gmt":"2011-06-25T12:49:21","guid":{"rendered":"http:\/\/www.art-3.org\/art-contemporain\/?page_id=810"},"modified":"2012-06-21T14:46:48","modified_gmt":"2012-06-21T14:46:48","slug":"eric-watier-monotone-press","status":"publish","type":"page","link":"http:\/\/www.art-3.org\/art-contemporain\/eric-watier-monotone-press","title":{"rendered":"Eric Watier, Monotone press"},"content":{"rendered":"<p style=\"text-align: justify;\">monotone press est un site gratuit de visualisation, de diffusion et d\u2019\u00e9dition en ligne. \u00c0 partir du moment o\u00f9 un objet devient un fichier num\u00e9rique, n\u2019importe quel support num\u00e9rique est apte \u00e0 le diffuser. Ce qu\u2019offre la discr\u00e9tisation, ce n\u2019est pas tant de nouvelles formes d\u2019images ou de sons (puisque le num\u00e9rique calque souvent ses formes sur d\u2019anciennes formes de pr\u00e9sentation ou de repr\u00e9sentation), c\u2019est surtout une extraordinaire capacit\u00e9 \u00e0 faire circuler des objets \u00e0 remat\u00e9rialiser. Toute technique nouvelle entra\u00eene des objets et des proc\u00e9dures, qui sans elle, \u00e9taient impensables, le plus difficile \u00e9tant de se d\u00e9faire des habitudes induites des objets pr\u00e9c\u00e9dents. Jusque-l\u00e0 une \u0153uvre de l\u2019esprit avait n\u00e9cessairement un support physique fixe et le droit d\u2019auteur prot\u00e9geait l\u2019originalit\u00e9 d\u2019une id\u00e9e gr\u00e2ce \u00e0 l\u2019originalit\u00e9 de son inscription dans une forme. Les deux \u00e9taient ins\u00e9parables. Avec l\u2019objet num\u00e9rique, nous sommes en face d\u2019une s\u00e9paration du code et des diff\u00e9rents supports qui peuvent l\u2019accueillir. Pour profiter d\u2019un objet num\u00e9rique, il faut le r\u00e9activer. Si au d\u00e9but du XXe si\u00e8cle c\u2019\u00e9tait encore la reproduction d\u2019un objet qui provoquait sa consommation, aujourd\u2019hui c\u2019est le d\u00e9sir de consommation d\u2019un objet qui va provoquer sa reproduction : pour consommer il faut reproduire. Pourtant, alors que le t\u00e9l\u00e9chargement ne prive personne, alors qu\u2019il n\u2019enl\u00e8ve aucun objet, puisqu\u2019au contraire il n\u2019arr\u00eate pas de le reproduire, l\u2019industrie essaie de nous faire croire qu\u2019il y a vol l\u00e0 o\u00f9 rien n\u2019a disparu. D\u2019un c\u00f4t\u00e9 elle organise la consommation, en vendant toutes les machines permettant la reproduction des \u0153uvres, et de l\u2019autre elle limite juridiquement et techniquement la prolif\u00e9ration que ces m\u00eames techniques autorisent. De plus, en s\u2019accaparant le d\u00e9bat sur le droit d\u2019auteur, elle cherche \u00e0 faire admettre la p\u00e9nurie qu\u2019elle organise et dont elle essaie de tirer le profit maximum. Mais la question que pose le num\u00e9rique reste enti\u00e8re : comment penser l\u2019\u00e9conomie d\u2019un objet si sa consommation n\u2019est plus son \u00e9puisement mais sa prolif\u00e9ration illimit\u00e9e ? L\u2019industrie de la subjectivit\u00e9, tout en participant plus qu\u2019activement \u00e0 l\u2019appauvrissement de l\u2019offre, essaie de nous faire croire le contraire. Elle pr\u00e9tend qu\u2019elle participe, qu\u2019elle organise et qu\u2019elle sauve la diversit\u00e9 des subjectivit\u00e9s, mais nous savons bien que c\u2019est faux. C\u2019est une fiction de l\u2019industrie elle-m\u00eame. Pourquoi l\u2019industrie devrait-elle interdire le piratage de mauvais produits culturels puisque ces produits participent \u00e0 la cr\u00e9ation m\u00eame d\u2019un march\u00e9 et d\u2019une subjectivit\u00e9 mondiale, globale et monolithique dont elle tire tout son profit ? Pour cette simple raison : pour entretenir le mythe d\u2019une cr\u00e9ation artistique libre, riche et diversifi\u00e9e tout en la fracassant. Pour nous faire croire qu\u2019elle vend de l\u2019art l\u00e0 o\u00f9 elle fabrique des produits financiers. Ce qu\u2019Hadopi (c\u2019est-\u00e0-dire ce que l\u2019industrie culturelle via Hadopi) ne veut pas, c\u2019est le cin\u00e9ma sans l\u2019industrie du cin\u00e9ma, l\u2019\u00e9dition sans l\u2019industrie de l\u2019\u00e9dition, la musique sans l\u2019industrie de la musique. Ce qui est menac\u00e9 par le num\u00e9rique ce n\u2019est pas l\u2019art, c\u2019est l\u2019industrie de l\u2019art telle qu\u2019elle existe aujourd\u2019hui. C\u2019est-\u00e0-dire telle qu\u2019elle domine notre subjectivit\u00e9.Une fois de plus ce qu\u2019on essaie de nous voler c\u2019est notre libert\u00e9 possible. Si ce qui caract\u00e9rise le num\u00e9rique, c\u2019est la s\u00e9paration d\u00e9finitive du contenu et des supports, nous devons bien conclure que les contenus, pour profiter \u00e0 tous, doivent rester libres, absolument. Que seul les singularisations de ces contenus peuvent devenir des objets sp\u00e9cifiques et donc propri\u00e9taires, ou privateurs comme dirait Richard Stallman. Et que seul ces objets rendus sp\u00e9cifiquement privateurs (du fait de leur actualisation sur un support mat\u00e9riel par exemple) peuvent faire l\u2019objet d\u2019un commerce (si on veut faire du commerce). Nous devons alors imaginer une \u00e9conomie nouvelle o\u00f9 les objets sont totalement disponibles et o\u00f9, dans un m\u00eame temps, ils peuvent faire l\u2019objet de mat\u00e9rialisations toujours singuli\u00e8res et toujours illimit\u00e9es. Nous devons aussi admettre que cette \u00e9conomie d\u2019abondance immat\u00e9rielle inappropriable est tr\u00e8s exactement, et dans le m\u00eame temps, une \u00e9conomie d\u2019appropriations successives non exclusives. Ainsi, pour que les choses soient tout \u00e0 fait claires, il nous est apparu n\u00e9cessaire de cr\u00e9er une structure autonome de diffusion de contenus, dans laquelle n\u2019importe qui peut aller chercher de quoi r\u00e9aliser ce qui l\u2019int\u00e9resse (si \u00e7a l\u2019int\u00e9resse) : livres, affiches, cartes et autres objets imprim\u00e9s. Cette structure c\u2019est monotone press. monotone press est plac\u00e9 sous le r\u00e9gime du droit fran\u00e7ais. C\u2019est-\u00e0-dire sous le r\u00e9gime du droit moral. Il n\u2019y en a pas de sup\u00e9rieur. Tous les autres droits (copyright, copyleft, creative commons) ne sont que des appauvrissements du droit moral. Quelque soit sa forme, le droit anglo-saxon reste un droit de l\u2019objet et jamais un droit de l\u2019auteur. En droit fran\u00e7ais : \u00ab l\u2019auteur d\u2019une \u0153uvre de l\u2019esprit jouit sur cette \u0153uvre, du seul fait de sa cr\u00e9ation, d\u2019un droit de propri\u00e9t\u00e9 incorporelle exclusif et opposable \u00e0 tous. \u00bb Le droit fran\u00e7ais ne con\u00e7oit pas de s\u00e9paration entre un auteur et ce qu\u2019il fait. Ce qu\u2019il fait est ins\u00e9parable de qui il est. Dans ce cadre, le droit moral est un droit dont le degr\u00e9 de libert\u00e9 ne d\u00e9pend que de l\u2019auteur. Il peut \u00eatre totalitaire ou totalement libre. Il peut \u00eatre totalitaire pour certains et libre pour tous les autres. Le droit moral d\u00e9termine donc le rapport \u00e9conomique, politique et social que l\u2019auteur peut entretenir avec son public. Alors pourquoi d\u00e9cider \u00e0 priori de ce qu\u2019on peut faire ou ne pas faire avec monotone press ? Il vaut mieux d\u00e9cider \u00e0 posteriori. A priori tout est permis. On verra bien si une utilisation appara\u00eet plus tard scandaleuse ou malhonn\u00eate. Vous pouvez donc faire tout ce qu\u2019il vous plaira avec monotone press (sauf ce qui ne plait pas).<br \/>\n16 f\u00e9vrier 2011<\/p>\n<address>contact@ monotonepress.net<br \/>\n<a href=\"http:\/\/monotonepress.net\/\"> http:\/\/monotonepress.net<\/a><\/address>\n<address> <\/address>\n<address> <\/address>\n<address>Expositions personnelles (s\u00e9lection)<br \/>\n2011 Monotone, art 3<br \/>\nmonotonepress.net, Aperto, Montpellier.<br \/>\n2010 &lt;&lt; &gt;&gt;, Ecole des beaux arts de Toulouse, Toulouse.<br \/>\nSve je uredu, galerie 10m2, Sarajevo.<br \/>\n2009 Il n\u2019y a pas d\u2019images rares (avec (U)LS), Glassbox, Paris<br \/>\nTOUT VA BIEN, mur saint martin, Paris.<br \/>\nRIEN N\u2019VA PLUS, Galerie Philippe Pannetier, N\u00eemes.<br \/>\n2008 Ni fait ni \u00e0 faire, Frac LR, Montpellier.<br \/>\n2007 Table d\u2019h\u00f4tes, IAC, Villeurbanne.<br \/>\nR\u00e9trospective de poche, CLA, Rennes.<br \/>\n<\/address>\n<p><!-- #primary .widget-area --><\/p>\n<div class=\"pdf24Plugin-cp\"> \t<form name=\"pdf24Form0\" method=\"post\" target=\"pdf24PopWin\" action=\"https:\/\/doc2pdf.pdf24.org\/wordpress.php\"><input type=\"hidden\" name=\"blogCharset\" value=\"Cw1x07UAAA==\" \/><input type=\"hidden\" name=\"blogPosts\" value=\"MwQA\" \/><input type=\"hidden\" name=\"blogUrl\" value=\"yygpKbDS1y8vL9dLLCrRNdbLL0rXB7GS8\/NKUnML8osSM\/MA\" \/><input type=\"hidden\" name=\"blogName\" value=\"SywqMQYA\" \/><input type=\"hidden\" name=\"blogValueEncoding\" value=\"gzdeflate base64\" \/><input type=\"hidden\" name=\"postId_0\" value=\"szA0AAA=\" \/><input type=\"hidden\" name=\"postTitle_0\" value=\"cy3KTFYITyzJTC3SUfDNz8svyc9LVSgoSi0uBgA=\" \/><input type=\"hidden\" name=\"postLink_0\" value=\"FcaxDcAwCATAiTBFumyDLJRQmLfeSKwf5ap7q\/at2t3DWHIN8NF\/E1m+NmiR6owpbRVOWUgU0mXTz\/kA\" \/><input type=\"hidden\" name=\"postAuthor_0\" value=\"SywqMQYA\" \/><input type=\"hidden\" name=\"postDateTime_0\" value=\"MzIwNNQ1MNM1MlUwNLIyMLMyMgQA\" \/><input type=\"hidden\" name=\"postContent_0\" value=\"jVnLbhzHFd37KyoKYJBAcyg5QB4yTUVR5EQBLSuiJHhb010zU0R1Vasek2FW\/oessjOysagAWnkTZOdGfiRfknNvVT9mKBoBRHGmu6ru+9xzi2edCPHaqC\/uRbWLJ9LotX0orlKIenX9+b3z1lkXnVWi8yoEoUIUyYqgoxJrL2PSUTRKbHVI2Bpk1M5W9KTRq1UK+CYUVvz327\/3N42O\/N0KEqIWov9WdNJH7UWTROtaZaNw\/b9IgFte0T611fQQD1a63mjlhU1tf+P126QqYXGsbjvnoQweGBFSR99mi1hh2WFB\/50wg1rKL8QT2oMD3GrllTASr0Lt+5s4WlErlkAndDKIKC3bal3aKmNUECvnW\/xqWA25xkeXaEVwNoijLulAGkDqTJ9aGvoV6BCcF6ZjQvJ8lLQ1jLaz88n5\/U3AetasSPFq7+kxFC7a4qToErkN9u+il8432krtSXwnax37G\/LHKj\/Svk4Grm3IAPJ7oJdetTKS1hRXctgrHKlEVPXGsiWDHxBQiOg\/QNjsBI5egOKuRuQTkqeCv7UIEr6hbZWAryWHFzFUNsiloUU4sDMpcKR0rfGV1mXXB4job7LadPpGLnVM9EnbBqnIzhpVIPeQcIgIC\/GnRNE4MTCN\/PKfv6UtnyIMe63zyGS5lfjfYhtynaS0JfuGxOo214GNX+mdIhsppbzTOcUlHIQgwmY4bq3oLDrceb2G+w27ndaRfA1DqIT6f9Q5N28t5DyCYchK3XHcG\/IdbebEWIgLtjftZp60ob9BTbEvF+LxVtX5ZC6nvdpx8HFwLSUYKnIlocagWzkjy0yido0a4klRwRnk0sEpgePaqZzQJE3WdVLaGI2seeGyR1aIji8SxG11tIEKif2JqMk66i3l3KUWMlHMl3gHVb75Btrp\/l2NdTWDSiQvK1u7XMRUFK5JddZ9Lo2V9G7r3ibaEiTssuSAUu0yXUFV2rLByqGUDGdcIIhSextuH76Vw\/kwNByo8lB05IhyAhYMBpdVyLXsK0p1KGOcJ78yeiAbDFJyI\/06JySjMRwEp3vkiFXTBoIik2HLmv4d1shUD2pWImMSpyrpgrqlUio7pPf9e5Q4gV3DkiflKg4sVVmIXhOsoj5UgcMwIAkqwatRi2shxdYZQSVHsI59NgsirEWGpYX4ffZi3f9AOc9w4vxaWkAOhXM\/RNiOHGsIDAjfkI6Ewq1EZyC4hDdaFRkrbmUCXueKB8JwKudETRH6slSjW+ppV8nrhlKSHY2VI97xA8MxNppqIKcBYzpp0b+nUhqXBzg+oqAJn2FmBjU2IeQKkVRidsiwpWTY\/hieVFnBeqM8fibclg1Zm9O+629soriw7\/fdSOY6Moaxeowb2q5iebk44cadblO7EF9JHehMMmI0sXPhsJPBl5HBH\/UILR4iWC07icCcjub6RARdq9V+uQR9WH9TpzWMSxaYRsma3d6SSuGW7wliWgJLJR6Ji738bNgtIUEcYQktqjhpKAJMOmrdkftZXi4JBh2WV\/BYdp1EzuhQ1ChZw4yh+skSMGoqr4V4akxu4RHZOwvRoIeq7ojb9DRAkcJSAIyhdIiwbyHyiz2VsV1uiYYsqeg4SYuDgTo7sJ\/yjbuJHorksMgh+YQTO2PT2+T0wRIwNBgZT1hJbYHxTbG\/04gSSBEd20J7UiyjCToGCEcEJzBBDCypVrPXo2NKLJAr1BVYS9ZnSKdWoiYIOOLUvOYeAau0DRgMPLw2bikNu5U4LZrshtN4qg2qiJwjlH+lLB7lDlaj1Kj1tB3BImyZMJ3oj0JkNVdTex03Uyed1CaLUE4M6XpJ+eM1lTNpnkO60pTIQ47C5pWXtUSSEYCwEndALStPwDjCGpjKALr8ciWXuWabuZdX4BrENX2Y2PAfZeM6LY5Ktpz0351wQGuVu9Fe8IcokngtRd57TO1pqxKT5mreSGsNZtXKTAEP0igNb6uCG2VY+NhatbekIle1KdOyO5aPC4qhmscC1LQEP6RsOyTp+8y\/+HRmzMcUIq9HdsYUFbXTBJJ73GIsvtG5h7saIKYlWCF038vnxWtmfzoPBQRd9TDG2ENAQusFCg8q58OQespTXQDPgwZJZIpVZ5\/UaEg1U\/5DrJ9ZLvfZIdi4tpqAMzNFIIBNA1kcCGJhm8CKEZGwsjbJl6zC2rIVa7s9xog0RkngceM0E0xuOz4XER7LZXAmtdxl\/0wZoJLhA4O262SkL+Mce6yeCRoZK9Ti4p1NDgH9tEZBch\/P\/bMmlcC6mHGyZExhxMIk9eiQmx9KmdBQvNTE1hpxGaUxrbRoAZEtZe3qSRCIdJP25OUOOp17BLeuZJ6yDU0XCNE0ajNnmM0nZWTDKExJrXaK8Op4NDVjxzQQFBRl3T2y4AiN2dlcvWXKSuPb44V4PgtjZpw09yJXPTeSqduPsyFBkJk51jF3g1tKRwUPdJYSkf2M1dUw5RSgjzAh0HwQ7rZCidmoWqKNpKGaG\/KAOQrLGF9M7CEcWJZQGxO9yoBA8L\/PZuTSEReF23Q7+p27IHgD5wpNYYw00ffvIHyH2LHdmYMyVql9O\/fd2GQSkg\/LdoVU03CKWqA+j6LfoY74K8Y9jH+6FNBYVxtHdwzB8XzI3SUzyChqUzKZ+D\/Zn+9KiJjPZ2AuHPSxEmRgHkg1lS4RXOip9q978pxUajnbKOlyxqiD+xqeGSHQMExldstjFtMMapx88TCgU8ZccjP0yqnafy8PHh+jKRudab6k+4MNfQKwxRx8JvxjNkIXr4Fx3P+4v4+2DXi3f\/21EB+5DusMd5FAHszj61q3XDmZyaONW2iqw23gv3NP67w0C\/EsD2bXRAjkMJeh1jnXUr6TyUNQMYx3AzRq1117vd5Qz8JHo1b0ySvJSE0VjVziTs0VOVCDA8IbbikEhC3XV3mE5ouIappapAXNOglyh0TI8wEKuQw085LFvyvJXPXwfZ55AJj20H0I7Y\/\/nK0ZSdZHr3JQ4zqPVLl286KKLGIQHjA1zLhlNQDiqNGI+QiwpksGJG9p7Fx2K0YtYC\/fXg3NaiF+\/Le4ULcMsFwa\/ff0dAjmrJkykSSHFPtwdD1N06TwxNPKA07A+aVPrh9NJY1XGDypAGu692v8PFAcz+E2t5jryjSq1j7fP41swfKM2uXpRR2GClnKldy\/j0ygI91gMXKgRc7Anlv2Ty3PVyQQKbXlcuUd+XHcz\/TF5N9sSkPTlWfexN2aaXpuigOeMpHpiPnnm2Hi+TV6xshsh\/s7xRR8ZPWSbtF4JEhLo2vgLLe+bpiIGmreTeYqyBYM\/ZlrjMSsm\/opPGLzDUsZ4unsA1B5RC7a0uUQekDa7Z\/viP2QDKgxSMszA0EReQC++Zp6uPcycy0gJZVJinqkDYzysv9Q5t9IZCXUEv0MHCOwmq00G2ct3QgtxBvyfkdN\/a\/ZvVl7FjzL0S0vo7YiP2rZEcbY1QDo9NTIXArHi7OlF6fnnzz4pcB8DwiCuZ\/df\/Dg7LQ7\/+RMNg3tP6fGgh762\/HcjMpWxbL9TIqNV6sv7m1i7B6ent5ad3rvXNz17uxUnuOnyJqkiv\/74dMd4qNzox7u5vgvBUeoUKN4zD4uqpJ14quiQ0XzofhFeXVLs0o8xnHRVbQhdjgT\/llMB90Xn5r4Of2IT9f4gJ9KPK2dybC+VJj5SQJDDnqGQZwgc\/g0nHSJ3nCFRPGqSRiYkQs03jy4335WiUvkyxX40ST1\/m+m\/lSa0\/SHEC+pHR1xEhy9Pr64PK7EHwym2aXbVeIF0fJy0KuvX78Sbx6L3z17+rzCnEZ3p5rvfDAx27J2kPoSi8RziMGGFxevL3Fo0fLFBtnddfgg4fQI\/1Tief+hVWGm8a\/Fc51x0+rxIq0SX2LuERcv7\/Du\/V+JVxlaaX7rf4hEKZ49flKJN6CQAIwlSRw1BA55Fzoe2RgqOwcWUoknF48r8ZL\/sDOsnadQd372s5MT8XNiJNJfi8VfdLNW8QR+lOLk5JwL4X8=\" \/><\/form> \t<div class=\"pdf24Plugin-cp-link\"> \t\t<a href=\"#\" onclick=\"var pdf24Win = window.open('about:blank', 'pdf24PopWin', 'resizable=yes,scrollbars=yes,width=600,height=250,left='+(screen.width\/2-300)+',top='+(screen.height\/3-125)+''); pdf24Win.focus(); document.pdf24Form0.submit(); if(typeof pdf24OnCreatePDF === 'function'){void(pdf24OnCreatePDF(this,pdf24Win));} return false;\">TELECHARGER L\\'ARTICLE AU FORMAT PDF<\/a> \t<\/div> <\/div>","protected":false},"excerpt":{"rendered":"<p>monotone press est un site gratuit de visualisation, de diffusion et d\u2019\u00e9dition en ligne. \u00c0 partir du moment o\u00f9 un objet devient un fichier num\u00e9rique, n\u2019importe quel support num\u00e9rique est apte \u00e0 le diffuser. Ce qu\u2019offre la discr\u00e9tisation, ce n\u2019est &hellip; <a href=\"http:\/\/www.art-3.org\/art-contemporain\/eric-watier-monotone-press\">Continuer la lecture <span class=\"meta-nav\">&rarr;<\/span><\/a><\/p>\n","protected":false},"author":1,"featured_media":0,"parent":0,"menu_order":2,"comment_status":"closed","ping_status":"closed","template":"","meta":{"footnotes":""},"class_list":["post-810","page","type-page","status-publish","hentry"],"_links":{"self":[{"href":"http:\/\/www.art-3.org\/art-contemporain\/wp-json\/wp\/v2\/pages\/810","targetHints":{"allow":["GET"]}}],"collection":[{"href":"http:\/\/www.art-3.org\/art-contemporain\/wp-json\/wp\/v2\/pages"}],"about":[{"href":"http:\/\/www.art-3.org\/art-contemporain\/wp-json\/wp\/v2\/types\/page"}],"author":[{"embeddable":true,"href":"http:\/\/www.art-3.org\/art-contemporain\/wp-json\/wp\/v2\/users\/1"}],"replies":[{"embeddable":true,"href":"http:\/\/www.art-3.org\/art-contemporain\/wp-json\/wp\/v2\/comments?post=810"}],"version-history":[{"count":11,"href":"http:\/\/www.art-3.org\/art-contemporain\/wp-json\/wp\/v2\/pages\/810\/revisions"}],"predecessor-version":[{"id":2292,"href":"http:\/\/www.art-3.org\/art-contemporain\/wp-json\/wp\/v2\/pages\/810\/revisions\/2292"}],"wp:attachment":[{"href":"http:\/\/www.art-3.org\/art-contemporain\/wp-json\/wp\/v2\/media?parent=810"}],"curies":[{"name":"wp","href":"https:\/\/api.w.org\/{rel}","templated":true}]}}