{"id":5768,"date":"2022-03-10T13:47:42","date_gmt":"2022-03-10T13:47:42","guid":{"rendered":"http:\/\/www.art-3.org\/art-contemporain\/?page_id=5768"},"modified":"2022-03-10T13:53:00","modified_gmt":"2022-03-10T13:53:00","slug":"duaa-qishta","status":"publish","type":"page","link":"http:\/\/www.art-3.org\/art-contemporain\/duaa-qishta","title":{"rendered":"Duaa Qishta"},"content":{"rendered":"<p><span id=\"page257R_mcid66\" class=\"markedContent\"><span dir=\"ltr\" role=\"presentation\">N\u00e9e en 1991 \u00e0 M\u00e9dine, Arabie Saoudite, de nationalit\u00e9 palestinienne.<br \/>\n<\/span><\/span><\/p>\n<h3>Formations<br \/>\n2019<br \/>\nworkshop d&rsquo;art vid\u00e9o, anim\u00e9 par Mohammed Harb, Institut fran\u00e7ais, Fondation Haifa pour les arts et m\u00e9dias, Minist\u00e8re de la culture Palestinien, Gaza, Palestine<br \/>\nworkshop de photographie, anim\u00e9 par Linda Al Khoury, dans le cadre du programme Visual Arts: Development and Sustainability, General Union of Cultural Centers (GUCC), Fondation A. M. Qattan, Gaza, Palestine<br \/>\n2018<br \/>\nformation et workshop de sculpture contemporaine, anim\u00e9 par Mohammed Abu Hashish, Shababeek Professional, General Union of Cultural Centers (GUCC), Fondation Medico International (MI), Gaza, Palestine<br \/>\nworkshop de relations contemporaines Thinking about Artwork, anim\u00e9 par Alaa Yunis et Raed Ebrahem, dans le cadre du programme Visual Arts: Development and Sustainability, Shababeek Professional, Fondation A. M. Qattan, Gaza, Palestine<br \/>\n2016<br \/>\nprogramme de formation Contemporary Arts, Eltiqa Contemporary Art Gallery, Gaza, Palestine<br \/>\n2015<br \/>\nworkshop de peinture \u00e0 l&rsquo;huile au sein du programme United for heritage, Al-Sakka House, centre culturel du patrimoine d&rsquo;Iwan, UNESCO, Gaza, Palestine<br \/>\n2013<br \/>\nlicence en math\u00e9matiques, universit\u00e9 islamique de Gaza, Palestine<\/h3>\n<p>formations exp\u00e9rience professionnelle en France<br \/>\n2020<br \/>\nexposition collective D&rsquo;un confinement \u00e0 l&rsquo;autre, festival Visions d&rsquo;exil, Pavillon Carr\u00e9 de Baudouin, Paris<br \/>\n2019<br \/>\nparticipation au festival d&rsquo;Art vid\u00e9o et performance de Ramallah, Gaza &#8211; Ramallah &#8211; Marseille, Palestine &#8211; France<\/p>\n<p>bourses, r\u00e9sidences et prix<br \/>\n2020<br \/>\nr\u00e9sidence \u00e0 la Cit\u00e9 internationale des arts, Paris, dans le cadre du programme de la Fondation Qattan et du Consulat fran\u00e7ais, Palestine<br \/>\n2018<br \/>\nbourse \u00ab Visual Arts: Development and Sustainability \u00bb pour le projet Al-Awda Ice Cream, AMC, Palestine<br \/>\nnomination au prix \u00ab For the future \u00bb, Palestine<br \/>\nnomination au prix \u00ab All for nation \u00bb d&rsquo; Ismail Shammout, Palestine<\/p>\n<p>exp\u00e9rience professionnelle<br \/>\n2019<br \/>\nexposition solo Al-Awda Ice cream, Shababik Professional, Fondation A. M. Qattan, Gaza, Palestine<br \/>\npassage de la vid\u00e9o We would like to light up Gaza, Festival international d\u2019art vid\u00e9o de Gaza, Palestine<br \/>\nexposition Contemplative Contrasts dans le cadre du projet Gaza Art, General Union of Cultural Centers (GUCC), Fondation A. M. Qattan, Gaza, Palestine<br \/>\n2018<br \/>\nexposition de sculpture contemporaine Fourth Dimension, Shababik Professional, General Union of Cultural Centers (GUCC), Fondation Medico International (MI), Gaza, Palestine<br \/>\nexposition For the Future, hotel et galerie The Walled Off,<br \/>\nBethlehem, Palestine<br \/>\nexposition All for Nation, coll\u00e8ge pour l&rsquo;art et la culture Dar Al Kalimah, Bethlehem, Palestine<br \/>\nexposition Gaza &#8211; Reconstruction, Biennale internationale de Qalandia, mus\u00e9e de l&rsquo;universit\u00e9 de Birzeit, Gaza, Palestine<br \/>\n2016<br \/>\nexposition du programme d&rsquo;art contemporain, galerie Eltiqa for Contemporary Art, Gaza, Palestine<br \/>\nexposition Gaza &#8211; Reconstruction, Biennale internationale de Qalandia, mus\u00e9e de l&rsquo;universit\u00e9 de Birzeit, Gaza, Palestine`<br \/>\nexposition Art for Hope, Dubai Art Season, \u00c9mirats Unis<br \/>\n2015<br \/>\nexposition United for Heritage, centre culturel du patrimoine d&rsquo;Iwan, UNESCO, Facult\u00e9 d&rsquo;architecture de l&rsquo;universit\u00e9 islamique, Gaza, Palestine<br \/>\nexposition Line exhibition, Bicodrama, Biennale des arts vivants,<br \/>\nToulouse \u2013 Gaza, France &#8211; Palestine<\/p>\n<div class=\"pdf24Plugin-cp\"> \t<form name=\"pdf24Form0\" method=\"post\" target=\"pdf24PopWin\" action=\"https:\/\/doc2pdf.pdf24.org\/wordpress.php\"><input type=\"hidden\" name=\"blogCharset\" value=\"Cw1x07UAAA==\" \/><input type=\"hidden\" name=\"blogPosts\" value=\"MwQA\" \/><input type=\"hidden\" name=\"blogUrl\" value=\"yygpKbDS1y8vL9dLLCrRNdbLL0rXB7GS8\/NKUnML8osSM\/MA\" \/><input type=\"hidden\" name=\"blogName\" value=\"SywqMQYA\" \/><input type=\"hidden\" name=\"blogValueEncoding\" value=\"gzdeflate base64\" \/><input type=\"hidden\" name=\"postId_0\" value=\"MzU3swAA\" \/><input type=\"hidden\" name=\"postTitle_0\" value=\"cylNTFQIzCzOKEkEAA==\" \/><input type=\"hidden\" name=\"postLink_0\" value=\"yygpKbDS1y8vL9dLLCrRNdbLL0rXB7GS8\/NKUnML8osSM\/P0U0oTE3ULM4szShIB\" \/><input type=\"hidden\" name=\"postAuthor_0\" value=\"SywqMQYA\" \/><input type=\"hidden\" name=\"postDateTime_0\" value=\"MzIwMtI1MNY1NFAwNLYyMLYyMQIA\" \/><input type=\"hidden\" name=\"postContent_0\" value=\"xVbLchNHFN3zFbeUKgqqFMCmIBCMqoSMHwUCgiFUVsnVTMvTcU\/30A9jWLHNOqvssguufAI79Cd8SU73jEYjZLsMSZGVRv26955z7mOjGmy4ijXJ\/G6v4n2xfuO7pz+Xmcxv3uxRpti5u72S7YHIR0Z7oX2vuZBLe7envO2RNUrgshUO2+yl0b3Bo9mxIKFp7fbtNZr9SePZcS616NPQ8kQK2mMTcumxkAvS6RIr6WfHVLESzksthdbiysbE0tXBhY2r0eag\/amwVFwfbBlbpruuObd+be128\/nK2ANXmIryi9a9DOYOW0+HMp8dmz6xlmWyZWlsCi5LkdMO20mfdjWM++BpalnP\/mLp+rRldJ7M4IycMlUmWIKXhCcdCU9ljI5xcgy\/nZ+9syLGpZiyoHzAvyeLqPq0zW+43y6JFYcFVYXxZt9yVUix5O1DCVdoqOhBASdeAz7WDr5Qxnk0Gqiy8SIioh+lC6yAuHff06Y4FMpUJSjCezntBedZapAB2PHOttDC4vRzHeM0Uxolz7EywhVhHV3afj4aXe6iMbxC4yv0A3vPp0YFRm41n9M5WxGybrQOKFUJpixqrKyM5SSWk2gaTgJocIV0RZ\/2Cp7wRIgDemLNVDiXdPRl0YxFLjMDAWB\/rki6NN69fB7CrFC1EJdDcPSskPpA6n3iiYGqQEa8thTaUDHTTwHKicA8ZQR5f2K5EOV\/R+9pQH02mTebz4UfiH7B7KiN3r5OrvXpvvLyJa\/swIRSIkr4VFs3TsoMIXWSCoqKajK7CBIQcSCHzWWQIAAPPOEgFcJKjwqHGqS+3eODA6YdExz+Z0Atiq\/OVZVeYG9laeBOWz92X0Vgnj+6vzd6fIbT15tPJfFsloogsClmxxGhl0EAEVB9CA2mcied4jKux+A+ffQqatyFjWrQ4guFHFWzYyvT01VLpRbAMpraQtXKFt6sX2s+cc3AYKQoMzibebhAm01oIa7qKUwmAXWg5QBk+jSNDh1CbRBdcmMOijiSKnp8KJWK9LO1CAqh3OOQmyB13LTyhPoM5XuZyarWDchrbczfHrYFO+ZFJWyCIQaO959yCf1wUTNBF7+5tb62dqddbhfGbKEKRNzBtd1s0ErtpBogQXEW\/CAEJ\/MIccrIysqjVUQXhxJeEHjNZ7d8RE\/rLtHAcGZC1x1jkZF1LkYPcAzp4wJqTLcvnVFr61jow9+fUybow\/t5b4tu\/QrLSJXhK3ScXYQ5soJRkobj0appbUqpWyojYtE2+jP5AvUhpJT98P68F4dKpZxtduDXXBS060qWKha0skRFXUqXmsczUmRVhp3EcEaZpYCzOuC6dsp\/VzorTFIoPg3JjaxfCPTBoHJS8kCQN\/jdLzyFqnlka54SS6qi\/OPbPxbTzEmFYyW2pvrGJoW8j\/8sOwwvJ8kx8p6SCpr5KoNBx8\/TpwE8H6wvaFNCvZGDU4n5Ks2\/4\/Nc5VtJ5X3C7IYmAhD3cQc6xAwg6EXsdjk9nk77zQv3hC+USF3+jMfnmfAoOdVP1Xv2DkKqE7Uz28JgZ+DcTIMFPcBUXcYqeT5ry7VUgADnbchq0\/fiSB6L2kqNA9UK5UQCpzK4OPpHmbfNZdHtYmOQ9o2Q\/hwjRlcWS3WyE3RXIv0W8GbkiLh9Onacg8\/\/EYRfThAAooyB7JgK2toME5ZpbU+wiw7NfiulZaQy5O5WZ6fOS51ZaKedhb5k9tnieDxG0jKRFXg7S8o7Jep20DkHAw+jbXFUyImco56ZHOxzh4B5a0UZPGSNFtu88wwVNc519PHt7\/M6mvp8y+lyx\/gH\" \/><\/form> \t<div class=\"pdf24Plugin-cp-link\"> \t\t<a href=\"#\" onclick=\"var pdf24Win = window.open('about:blank', 'pdf24PopWin', 'resizable=yes,scrollbars=yes,width=600,height=250,left='+(screen.width\/2-300)+',top='+(screen.height\/3-125)+''); pdf24Win.focus(); document.pdf24Form0.submit(); if(typeof pdf24OnCreatePDF === 'function'){void(pdf24OnCreatePDF(this,pdf24Win));} return false;\">TELECHARGER L\\'ARTICLE AU FORMAT PDF<\/a> \t<\/div> <\/div>","protected":false},"excerpt":{"rendered":"<p>N\u00e9e en 1991 \u00e0 M\u00e9dine, Arabie Saoudite, de nationalit\u00e9 palestinienne. Formations 2019 workshop d&rsquo;art vid\u00e9o, anim\u00e9 par Mohammed Harb, Institut fran\u00e7ais, Fondation Haifa pour les arts et m\u00e9dias, Minist\u00e8re de la culture Palestinien, Gaza, Palestine workshop de photographie, anim\u00e9 par &hellip; <a href=\"http:\/\/www.art-3.org\/art-contemporain\/duaa-qishta\">Continuer la lecture <span class=\"meta-nav\">&rarr;<\/span><\/a><\/p>\n","protected":false},"author":1,"featured_media":0,"parent":0,"menu_order":0,"comment_status":"closed","ping_status":"closed","template":"","meta":{"footnotes":""},"class_list":["post-5768","page","type-page","status-publish","hentry"],"_links":{"self":[{"href":"http:\/\/www.art-3.org\/art-contemporain\/wp-json\/wp\/v2\/pages\/5768","targetHints":{"allow":["GET"]}}],"collection":[{"href":"http:\/\/www.art-3.org\/art-contemporain\/wp-json\/wp\/v2\/pages"}],"about":[{"href":"http:\/\/www.art-3.org\/art-contemporain\/wp-json\/wp\/v2\/types\/page"}],"author":[{"embeddable":true,"href":"http:\/\/www.art-3.org\/art-contemporain\/wp-json\/wp\/v2\/users\/1"}],"replies":[{"embeddable":true,"href":"http:\/\/www.art-3.org\/art-contemporain\/wp-json\/wp\/v2\/comments?post=5768"}],"version-history":[{"count":4,"href":"http:\/\/www.art-3.org\/art-contemporain\/wp-json\/wp\/v2\/pages\/5768\/revisions"}],"predecessor-version":[{"id":5773,"href":"http:\/\/www.art-3.org\/art-contemporain\/wp-json\/wp\/v2\/pages\/5768\/revisions\/5773"}],"wp:attachment":[{"href":"http:\/\/www.art-3.org\/art-contemporain\/wp-json\/wp\/v2\/media?parent=5768"}],"curies":[{"name":"wp","href":"https:\/\/api.w.org\/{rel}","templated":true}]}}