{"id":5674,"date":"2022-01-05T12:53:37","date_gmt":"2022-01-05T12:53:37","guid":{"rendered":"http:\/\/www.art-3.org\/art-contemporain\/?page_id=5674"},"modified":"2022-01-05T12:55:08","modified_gmt":"2022-01-05T12:55:08","slug":"elisabeth-ballet","status":"publish","type":"page","link":"http:\/\/www.art-3.org\/art-contemporain\/elisabeth-ballet","title":{"rendered":"Elisabeth Ballet"},"content":{"rendered":"<p><em>\u00a0<\/em><em>Au fil de l\u2019image<\/p>\n<p><\/em>Je documente r\u00e9guli\u00e8rement ce que j\u2019observe dans les usines que je visite. Je prends une photo pour retenir ce que je vois\u00a0quand je p\u00e9n\u00e8tre dans un atelier de travail, une salle apr\u00e8s l\u2019autre. Il y a l\u2019espace, la lumi\u00e8re, les machines, les productions. Mais aucune pr\u00e9sence humaine. Ces photos sont pour moi des relev\u00e9s. Elles ne sont pas de bonne qualit\u00e9, mais je sais dans quel atelier textile chacune a \u00e9t\u00e9 prise, et ce qu\u2019elle repr\u00e9sente. Je ne connais pas avec pr\u00e9cision les outils de travail en place,\u00a0leur m\u00e9canique, ce qui m\u2019int\u00e9resse c\u2019est le lieu dans son v\u00e9cu, son int\u00e9riorit\u00e9. Ce sont ses traces, ses empreintes, ses vestiges qui vont constituer le mat\u00e9riau de ma recherche.<\/p>\n<p>Quand je passe au dessin, c\u2019est pour prolonger la rem\u00e9moration des lieux. Il s\u2019agit quelque part d\u2019un exercice de m\u00e9moire. Je suis un fil conducteur, une m\u00e9thode pour actualiser les traces. Avec le temps, ma pratique du dessin est devenue enti\u00e8rement num\u00e9rique. Dessiner me permet de rester longtemps avec l\u2019image, dans l\u2019image. J\u2019organise l\u2019ensemble en une sorte de galerie imaginaire, pour pouvoir rester le plus longtemps possible dans la m\u00e9moire des lieux. C\u2019est une fa\u00e7on de prolonger ce lieu, de m\u2019y retrouver. Mon travail consiste \u00e0 retenir l\u2019image, en occultant certaines zones<a href=\"#_ftn1\" name=\"_ftnref1\">[1]<\/a>. Ce qui est mis en r\u00e9serve, sous forme d\u2019aplats noirs, ce sont des zones enfouies. Le reste de l\u2019image se dessine selon un fil conducteur qui red\u00e9finit point par point des contours, ce qui donne lieu \u00e0 une sorte de vision int\u00e9rieure. Chaque image, ordonn\u00e9e, dispos\u00e9e dans son int\u00e9riorit\u00e9 initiale, trame son propre sch\u00e9ma, la repr\u00e9sentation mentale d\u2019un lieu.<\/p>\n<p>Par un travail de reconstitution, ces images, comme des salles, sont autant d\u2019espaces de m\u00e9moire. Une m\u00e9moire qui se cherche. Imprimer ces lieux, ces images, c\u2019est faire de tous ces espaces int\u00e9rieurs un lieu \u00e0 soi.<br \/>\nD\u00e8s mes d\u00e9buts, le dessin a pris une place importante dans l\u2019\u00e9laboration de mes sculptures. Il est devenu le support quotidien de ma recherche.<\/p>\n<p>En 2000-2001, la cr\u00e9ation d\u2019une \u0153uvre au sol sur une place publique de la ville de Pont-Audemer en Normandie a \u00e9t\u00e9 ma premi\u00e8re r\u00e9alisation \u00e0 int\u00e9grer le dessin, le fil, le tissu \u00e0 un mat\u00e9riau solide. Cette sculpture monumentale, intitul\u00e9e <em>Cha-cha-cha<\/em> est une immense dentelle dessinant un motif floral, enti\u00e8rement tiss\u00e9e avec des pav\u00e9s blancs et noirs.<\/p>\n<p>En 2011, sur l\u2019invitation de la Fondation de France via l\u2019action des Nouveaux Commanditaires, deux commandes m\u2019ont \u00e9t\u00e9 confi\u00e9es au sein de l\u2019industrie textile, dans les parcs d\u2019Ard\u00e8che et du Pilat. Le tissage textile a progressivement rev\u00eatu dans mon travail une dimension essentielle, tant sur le plan historico-social qu\u2019artistique. J\u2019ai \u00e9t\u00e9 amen\u00e9e \u00e0 rencontrer des ouvrier.\u00e8re.s, des patron.ne.s d&rsquo;usines, des artisans, des historien.ne.s du textile, des conservateur.trice.s de mus\u00e9e. J\u2019ai vu des usines en activit\u00e9, sp\u00e9cialis\u00e9es dans le textile a\u00e9ronautique, chimique, et l\u2019industrie de la mode. Et d\u2019autres qui ont fait faillite aujourd\u2019hui ferm\u00e9es. Le r\u00e9sultat de ces nombreux \u00e9changes est une premi\u00e8re \u0153uvre intitul\u00e9e <em>Vous me direz<\/em>, inaugur\u00e9e en 2014 \u00e0 Eyrieux aux Serres en Ard\u00e8che. Install\u00e9e en face du Moulinon, une ancienne usine de moulinage, (fabrication des bobines de fil), elle consiste en une installation sonore permanente. L\u2019enregistrement se compose de t\u00e9moignages collect\u00e9s aupr\u00e8s du patron, d\u2019ancien.ne.s ouvrier.\u00e8re.s, et cherche \u00e0 reconstituer l\u2019ambiance au travail au son des machines.<\/p>\n<p>La seconde commande est toujours en cours, elle m\u2019a permis de rencontrer des chefs d\u2019entreprises sp\u00e9cialis\u00e9es dans le moulinage, le tissage et la passementerie. Cette \u0153uvre publique, un pavement, prendra place sur le site d\u2019une ancienne usine de tissage d\u00e9molie dans les ann\u00e9es 30, \u00e0 Bourg-Argental, dans la Loire.<\/p>\n<p>J\u2019ai choisi d\u2019\u00e9voquer la machine Jacquard. Mon projet s\u2019appuie sur \u00ab\u00a0Le Trait\u00e9 encyclop\u00e9dique et m\u00e9thodique de la fabrication des tissus\u00a0\u00bb de Pierre Falcot (\u00e9dit\u00e9 en 1844), dans lequel sont d\u00e9crites les machines et ustensiles employ\u00e9s dans les manufactures de l\u2019\u00e9poque. De ces archives tomb\u00e9es dans le domaine public, j\u2019ai retenu onze planches d\u2019armures associ\u00e9es \u00e0 diff\u00e9rents tissus riches en combinaisons graphiques. Un assemblage de pav\u00e9s taill\u00e9s sur toutes leurs faces, viendra reconstituer point par point des motifs de tissage, pr\u00e9sent\u00e9s comme une succession d\u2019\u00e9chantillons.<\/p>\n<p>L\u2019\u00e9dition d\u2019un livre est \u00e9galement pr\u00e9vue chez Captures \u00e9ditions<a href=\"#_ftn2\" name=\"_ftnref2\">[2]<\/a>. Ce dernier rassemblera des archives et retranscriptions d\u2019entretiens, et fera \u00e9galement une large part au dessin, pour tenter de restituer l\u2019exp\u00e9rience que je retire de ces fabriques textiles. L\u2019exposition \u00e0 art3 en pr\u00e9sente une grande partie.<\/p>\n<p>&nbsp;<\/p>\n<p><a href=\"#_ftnref1\" name=\"_ftn1\">[1]<\/a> S\u00e9rie en cours de dessins imprim\u00e9s sur papier Hahnem\u00fchle Photo Rag Ultra Smooth 305g, format 50 x 60 cm.<\/p>\n<p><a href=\"#_ftnref2\" name=\"_ftn2\">[2]<\/a> Captures \u00c9ditions est une maison d\u2019\u00e9dition dirig\u00e9e par Val\u00e9rie Cudel, consacr\u00e9e aux artistes contemporains. Cr\u00e9\u00e9e en 2008 \u00e0 Valence elle comporte plusieurs collections, du livre d\u2019artiste \u00e0 l\u2019ouvrage collectif, du livret d\u2019entretien \u00e0 l\u2019affiche.<\/p>\n<p>&nbsp;<\/p>\n<div class=\"pdf24Plugin-cp\"> \t<form name=\"pdf24Form0\" method=\"post\" target=\"pdf24PopWin\" action=\"https:\/\/doc2pdf.pdf24.org\/wordpress.php\"><input type=\"hidden\" name=\"blogCharset\" value=\"Cw1x07UAAA==\" \/><input type=\"hidden\" name=\"blogPosts\" value=\"MwQA\" \/><input type=\"hidden\" name=\"blogUrl\" value=\"yygpKbDS1y8vL9dLLCrRNdbLL0rXB7GS8\/NKUnML8osSM\/MA\" \/><input type=\"hidden\" name=\"blogName\" value=\"SywqMQYA\" \/><input type=\"hidden\" name=\"blogValueEncoding\" value=\"gzdeflate base64\" \/><input type=\"hidden\" name=\"postId_0\" value=\"MzUzNwEA\" \/><input type=\"hidden\" name=\"postTitle_0\" value=\"c83JLE5MSi3JUHBKzMlJLQEA\" \/><input type=\"hidden\" name=\"postLink_0\" value=\"yygpKbDS1y8vL9dLLCrRNdbLL0rXB7GS8\/NKUnML8osSM\/P0U3MyixOTUksydJMSc3JSSwA=\" \/><input type=\"hidden\" name=\"postAuthor_0\" value=\"SywqMQYA\" \/><input type=\"hidden\" name=\"postDateTime_0\" value=\"MzIwMtI1MNQ1MFUwNLIyMLQyNgcA\" \/><input type=\"hidden\" name=\"postContent_0\" value=\"dVhNj9zGEb37VzQUwLABarSS5cCA1wsosoTYkA0lin0JgqCHbM60QHbT3eRgpZOvOeeUm27RJj8hOe0gfyS\/JO9VNcmZdXTYWX50d329elXFy+Hq0vVXt+8uH+AfL59MpvWdaZzp\/vvz33xvd+7ywXD10SVWcs23zjSxnnoXRmfS8WY3df74Pjk+MLUzP03OvMbOuM0uHbDYhmw6l82UfcA\/ee\/MwWc\/uo3BcUNyocH7gMt9HKMZ4pRMcqMLPi1HYkv0+fbdT5MNDW+H4004vh9TETEFY0fXeZeo+5jswfquklOz7Tpn7JCO77NYZSds25hvOvPGWHni8mBrV5kOt1MvBlWidW\/rPfXWuyHFZqpHH0PemO+sz8ZOtSgOT2QXoOx+6i02bMxTrqc92eQI34hVffRQL8O6zh2wZWOedTyYWsoim6n+NoZAu23nx+NNBS0g6jUtwX8xFz7pFoNHdz16mFjvrWhjzfEG+6CVz7DDlcDQTnoiuaJuCQB21BDIsynfHlwtBtWIUQxieJwgIJ941rhgho4+u33XOVqG9TZ46FWpNG96AihAkeRyhgzx84jzDLSe1A5YbeCIeqrkUpf7mGg3fahuyVABgmvGgdeuB2iwdr4\/4Fy\/E3R54IRIRIhGP07wDuT1Vo61Ey3oLTxQ713C32bG9u8WWFnqKiszEFstakv8AIAuhh1P5Skwuo\/JEhASVtp1LcDKhNnOjxIoAniwaTQNngKo7hrCPbxEbXiETxqJPHlBMjMQFhBr8K2iGAvHfcQOUcTWI9GRxb7ZORvzhLGDwSM8lIkbaAz1qEAzm2RoTeMOLuApQLCmb5h6ugmrN+ZrWYvje0h0qXfcA5PzSJHwgYhQsCxMUZV0n+9hFKkg7YCMrIziQnb9tqNkTc6YRnHEznYueWe40QOMzED1eZyQ+mmRDX26KZ\/oMESoyiNVuF18ehqTpyWMlNna498lYifxrBWVlcQEa9+QgRJEu4RUx+oZ+ESWhybm+G4hqRMHwKxY11M3WuHDNFqhvbcRv5fW7JNrv7r3qz+3Y3h4zwTbu6\/u8QaPH967+uPDP10+sFcCfEKZCveABA6VjAWhMk9gfRsREsGTRRqOYBAYnCX1JGOaWSb2tnHyBMeLEr8zckf+FFzwEs74Jf5EleSa403rg2cmeKGqVK4oC6tHBCsvyd8IhUmiw1FnkT4or5RchwCy5d4SpMWJMXH78YaA8hnxxeXKF2ckYaiSB3YqRqgX8xlWEITJ9R5IsJUm60x6mq4EvO3cnJJUdCGDlzBtWiMuuJ8JhZtpZFZdaXDse4WaFJpcaQRQZAiBZqku+TzdfwjrnXiMFFlYyXwDgvO9wLIg+I7MgubWKszNSFBwxSxr9a4wyhyIHP3mcpvMg6uPvmY57KnW8WY7jVLiZoqwUju0JpPlIXhA+CyL\/pLix5vOblf6k7MyoD+MCGkWGlyphofnaeApsDaOvvEufJCOnwXz6OLi4j5+Hkr4agSvCJKAOfOfv06HJEydI\/h2SifaDtO2U9Jz3HzwnZhmXiIw959MjaNrIf57ZBF4368lUxjTaQfAnCPHqlw4T3y6S0pCc33AZctOg6zrcy5wPyk5UM830hCMo1sdhF4gTAWFFY8GuDrinF0Y0uF+rX\/SdZmZujywFiRlEYpuUYNIo1D4tTVth6B01Tm3UzeeLoRNsA6WDYjZdjbUmT2CMMh5BB7C+fSssEU4+HGJNbz6HASx3D9Plt3PwWs\/ZeulJn5PDrXTtXmKPKGzR2I2k2jxsNaH7LRYKaCoxgHp1nromyXAqPULaYGV8shCUbqeam0xQUkwhQB5kprjewCKdqHwvfTgSCFAuoGsN7dMDHfcsUHxB3VUQmP2j7G0J\/0J8dP9jaf7aRpbGviXMQDz0P\/iKEFgMHtUCPBTHe\/nWIOdtPtCC4DnWl9ZGK0v1oK3yHZaUgK5NEkfy8brAFvThnHciNNoJgpT2KDJhLEfp4x0+lK7a30vYqC93hVV3LxhOnGcEjfriiXRb+DXWhYBnRPhsuh5kO5hbuKROozwQbvTPLBXZKZIwEo4VhcjD2IAHZbmcO97vUJsziOquOojs+WZUqe06trXERzgO\/np0Bgz91+j5nDZHu9bdClUQAsdsM0iLF0L+TDEfpuIOOi6t2EnVKk5tSZ84ZQ7yfgjuZUUD9y+lXRkvtppNyUucZIpjxm8Z2\/IuNeGcH\/lUlJXzWAEI6KGoEaUXS2pCvH4LmKGCiwr0ryHGsHChfhaQiHvpTB+0totYrR2nNu4lYg0wkKfwqkkhaVHKU2WV7m6DdUpJm3qbNAh4IU0ZsntsKnwBatRBOlnLS9SqHZUgpCBjHoke9hJpypYoaisNGpigwLuLoI5jSjbK9xPO3Vu7bdeqAR5P2eekKjaO89jC0+9sFCVvYpbuEQCi4JIcEgAau1MxDWkGSvG+6yV\/SzfoFarFOL4UCao\/CGEnwSmW6mFsLY6R8iUDOtn8i\/4mssTA04elnWVDsLJlhpW6IRj8lLzfomNWWjDAHX+ZN620kBl89lFRUf\/Bj7Y3X+SdlJxqqVXfiHdyOzNku31HrO2F7HHm0P8adKBpzjffGtrzKap0cYYBPoaNsvEMwxoNUX123\/evkMe\/iFZ6dLg5Td1F+HHRgozNpSB5qRO3wW31FPM\/Lf\/kuLtmVHmue3qOJpPeJKebB5+8fjxp0sdkNFYm2BEDU2iy2ejPGWDcMjjnc6SXXxDMC+uA4qmlhNW0szSZmeIZTASPkGp2aNkQEkQyxkqmihfADTKdSVfQ6zXWWECi73VGgGkKdBs6kUQAINaIUchXo1vW07OYZz9YOCbvSuARpZwYEfumF2yw55ezGwqjeAOVX0nXi1VfiRl8oKhQWqoT5gerU7VB6\/YO8vH\/9foS4uRT6BXzR8\/hBC0GZZ2f6prltXSsintoiB0\/HiyZK+8QSDXzg6tKnOEOYxmC82R0BFlHCbpkN+ap1ZbTDNvvTNZPbozWT3CZPVonawalwI\/m6TiKge7m9OQulGGP8QT8BlEwEoJqPlBaazlxhMdaXVnkWE67J98Q5A5dhQymKfolfHc9SCdelg\/dVGK9vWEmqQF4zuX1FwY+xr07OfmFCI\/k68y87cd0QfgCI0q5Nc0\/zhs8\/Dl8l3vzHkyiZ74bx1LzSvRc2FU6qcWcjDhwDIjbLADHfxbuw+uP\/57j6x4KZ\/2fm935ocOrjWv+hjHPdjp810l0yxK9ecX5tr8+sLU\/eaDup3Fdg3sCSb+UjCx1PdeEqWgcMaaT37HOkx0\/2g7tewpRoOukvJpaynurOTatpUh13EQQn4jBk+xYmkALr5gEHCSxLFUYRma9HuFTmKldFK9ikVTsd4svaHURIKCVZMpPG9o1+XjORbnHbZt\/ekIdRLj\/wE=\" \/><\/form> \t<div class=\"pdf24Plugin-cp-link\"> \t\t<a href=\"#\" onclick=\"var pdf24Win = window.open('about:blank', 'pdf24PopWin', 'resizable=yes,scrollbars=yes,width=600,height=250,left='+(screen.width\/2-300)+',top='+(screen.height\/3-125)+''); pdf24Win.focus(); document.pdf24Form0.submit(); if(typeof pdf24OnCreatePDF === 'function'){void(pdf24OnCreatePDF(this,pdf24Win));} return false;\">TELECHARGER L\\'ARTICLE AU FORMAT PDF<\/a> \t<\/div> <\/div>","protected":false},"excerpt":{"rendered":"<p>\u00a0Au fil de l\u2019image Je documente r\u00e9guli\u00e8rement ce que j\u2019observe dans les usines que je visite. Je prends une photo pour retenir ce que je vois\u00a0quand je p\u00e9n\u00e8tre dans un atelier de travail, une salle apr\u00e8s l\u2019autre. Il y a &hellip; <a href=\"http:\/\/www.art-3.org\/art-contemporain\/elisabeth-ballet\">Continuer la lecture <span class=\"meta-nav\">&rarr;<\/span><\/a><\/p>\n","protected":false},"author":1,"featured_media":0,"parent":0,"menu_order":0,"comment_status":"closed","ping_status":"closed","template":"","meta":{"footnotes":""},"class_list":["post-5674","page","type-page","status-publish","hentry"],"_links":{"self":[{"href":"http:\/\/www.art-3.org\/art-contemporain\/wp-json\/wp\/v2\/pages\/5674","targetHints":{"allow":["GET"]}}],"collection":[{"href":"http:\/\/www.art-3.org\/art-contemporain\/wp-json\/wp\/v2\/pages"}],"about":[{"href":"http:\/\/www.art-3.org\/art-contemporain\/wp-json\/wp\/v2\/types\/page"}],"author":[{"embeddable":true,"href":"http:\/\/www.art-3.org\/art-contemporain\/wp-json\/wp\/v2\/users\/1"}],"replies":[{"embeddable":true,"href":"http:\/\/www.art-3.org\/art-contemporain\/wp-json\/wp\/v2\/comments?post=5674"}],"version-history":[{"count":1,"href":"http:\/\/www.art-3.org\/art-contemporain\/wp-json\/wp\/v2\/pages\/5674\/revisions"}],"predecessor-version":[{"id":5675,"href":"http:\/\/www.art-3.org\/art-contemporain\/wp-json\/wp\/v2\/pages\/5674\/revisions\/5675"}],"wp:attachment":[{"href":"http:\/\/www.art-3.org\/art-contemporain\/wp-json\/wp\/v2\/media?parent=5674"}],"curies":[{"name":"wp","href":"https:\/\/api.w.org\/{rel}","templated":true}]}}