{"id":5295,"date":"2021-02-25T16:58:24","date_gmt":"2021-02-25T16:58:24","guid":{"rendered":"http:\/\/www.art-3.org\/art-contemporain\/?page_id=5295"},"modified":"2021-02-25T17:02:21","modified_gmt":"2021-02-25T17:02:21","slug":"charlotte-moth-mo-laudi","status":"publish","type":"page","link":"http:\/\/www.art-3.org\/art-contemporain\/charlotte-moth-mo-laudi","title":{"rendered":"Charlotte Moth &#038; Mo Laudi"},"content":{"rendered":"<h3>D\u00e9calage<br \/>\nart3 Valence, France<\/h3>\n<p>La villa Noailles, \u00e0 Hy\u00e8res, en France, est une villa moderniste con\u00e7ue par l&rsquo;architecte Robert Mallet-Stevens entre 1923 et 1927. Situ\u00e9e en haut d&rsquo;une colline, elle surplombe la mer. Construite dans les ruines d&rsquo;un ancien monast\u00e8re, c&rsquo;\u00e9tait une maison d&rsquo;hiver con\u00e7ue avec tout le confort. P\u00f4le d&rsquo;avant-garde, elle a attir\u00e9 de nombreux visiteurs internationaux issus de disciplines diverses &#8211; plasticiens, designers, danseurs, artistes, musiciens &#8211; qui, invit\u00e9s par ses m\u00e9c\u00e8nes Marie-Laure et Charles de Noailles, r\u00e9v\u00e8lent un riche aper\u00e7u de l&rsquo;\u00e9poque inspir\u00e9e et troubl\u00e9e de son apog\u00e9e, et une cr\u00e9ativit\u00e9 qui a trac\u00e9 la voie d&rsquo;un h\u00e9ritage moderniste et surr\u00e9aliste en France.<\/p>\n<p>La maison \u00e9tait un lieu de changement, ses int\u00e9rieurs ont \u00e9volu\u00e9 avec les invitations de ses propri\u00e9taires visionnaires. Un espace en mutation. Son jardin peut \u00eatre divis\u00e9 en deux parties, le jardin moderniste dessin\u00e9 par Gabriel Guevrekian et un c\u00f4t\u00e9 m\u00e9diterran\u00e9en plus sauvage, ses graines et ses plantes \u00e9chang\u00e9es et troqu\u00e9es, plant\u00e9es librement, mais en m\u00eame temps minutieusement consign\u00e9es par Charles de Noailles dans son journal de bord.<\/p>\n<p>Dans la maison se trouve une pi\u00e8ce d\u00e9di\u00e9e \u00e0 l&rsquo;arrangement floral, une petite pi\u00e8ce d&rsquo;\u00e0 peine plus d&rsquo;un m\u00e8tre carr\u00e9, elle dispose d&rsquo;un \u00e9vier, d&rsquo;une fen\u00eatre, d&rsquo;une lumi\u00e8re, d&rsquo;un endroit o\u00f9 l\u2019on se tient \u00e0 peine. Ce qui est int\u00e9ressant dans cette pi\u00e8ce, ce sont ses murs, peints d&rsquo;un motif g\u00e9om\u00e9trique con\u00e7u par Theo Van Doesburg. Lors d&rsquo;une visite de la villa avec Mo Laudi, j&rsquo;ai \u00e9t\u00e9 frapp\u00e9e non seulement par la fonction de cette pi\u00e8ce, par la fa\u00e7on dont elle servait la maison, mais aussi par les erreurs relev\u00e9es sur sa peinture murale par un groupe d&rsquo;\u00e9tudiants en architecture de Rotterdam. Du ruban adh\u00e9sif marque l&rsquo;endroit o\u00f9 les lignes auraient d\u00fb \u00eatre&#8230; Von Doesburg s&rsquo;est tromp\u00e9 dans ses mesures, car il n&rsquo;a jamais visit\u00e9 la villa, mais a envoy\u00e9 un dessin et des instructions \u00e0 la place. Faire une peinture murale qui n&rsquo;est pas \u00e0 sa place, d\u00e9plac\u00e9e&#8230; d\u00e9cal\u00e9e dans l&rsquo;espace. Comme les plantes et les fleurs elles-m\u00eames qui sont coup\u00e9es et d\u00e9plac\u00e9es de leur environnement naturel, elles entrent dans l&rsquo;espace abstrait de la \u00ab\u00a0Salle aux fleurs\u00a0\u00bb , devenant des compositions visuelles et picturales : nature morte.<\/p>\n<p>Nous nous sommes lev\u00e9s \u00e0 l&rsquo;aube, quand les oiseaux ont commenc\u00e9 \u00e0 chanter. Les enregistrements de terrain de Mo Laudi m\u00ealent le chant des oiseaux dans le jardin, une \u00e9cologie ambiante, ses \u00e9chos, les proximit\u00e9s et les murmures lointains de la communication des oiseaux. Linguistiquement complexe et musicale, la partition permet au son de devenir un mat\u00e9riau, o\u00f9 des \u00e9l\u00e9ments non musicaux se m\u00ealent aux basses fr\u00e9quences et aux ondes sonores des oiseaux migrateurs. J&rsquo;ai photographi\u00e9 le jardin au fur et \u00e0 mesure de l&rsquo;apparition de la lumi\u00e8re. Nous cherchons tous les deux \u00e0 cr\u00e9er un espace d\u2019\u00e9change. Dans la salle d\u2019exposition d\u2019art3, un paysage sonore compos\u00e9 de plusieurs couches remplit l&rsquo;espace, ses silences \u00e9tant aussi riches que le chant des oiseaux qui appara\u00eet et s&rsquo;efface. Les murs ont une partition visuelle d\u00e9plac\u00e9e, le son d\u00e9construit traverse en st\u00e9r\u00e9o comme une ligne zigzague et divise l&rsquo;espace en couches.<\/p>\n<p><em>D<\/em><em>\u00e9<\/em><em>calage<\/em> met en \u00e9vidence divers glissements, d\u00e9rapages, intervalles, des retards physiques, abstraits et sonores, des espaces o\u00f9 des interpr\u00e9tations cr\u00e9atives se produisent pour se connecter \u00e0 travers le temps. Une vision, un lieu, des signaux \u00e9mis, des instructions sp\u00e9cifiques se transforment et sont r\u00e9\u00e9cout\u00e9s pour \u00eatre \u00e0 nouveau re\u00e7us.<\/p>\n<p>&nbsp;<\/p>\n<p>&nbsp;<\/p>\n<p>&nbsp;<\/p>\n<div class=\"pdf24Plugin-cp\"> \t<form name=\"pdf24Form0\" method=\"post\" target=\"pdf24PopWin\" action=\"https:\/\/doc2pdf.pdf24.org\/wordpress.php\"><input type=\"hidden\" name=\"blogCharset\" value=\"Cw1x07UAAA==\" \/><input type=\"hidden\" name=\"blogPosts\" value=\"MwQA\" \/><input type=\"hidden\" name=\"blogUrl\" value=\"yygpKbDS1y8vL9dLLCrRNdbLL0rXB7GS8\/NKUnML8osSM\/MA\" \/><input type=\"hidden\" name=\"blogName\" value=\"SywqMQYA\" \/><input type=\"hidden\" name=\"blogValueEncoding\" value=\"gzdeflate base64\" \/><input type=\"hidden\" name=\"postId_0\" value=\"MzWyNAUA\" \/><input type=\"hidden\" name=\"postTitle_0\" value=\"c85ILMrJLylJVfDNL8lQUFM2MLawBrIVfBJLUzIB\" \/><input type=\"hidden\" name=\"postLink_0\" value=\"yygpKbDS1y8vL9dLLCrRNdbLL0rXB7GS8\/NKUnML8osSM\/P0kzMSi3LyS0pSdXPzSzKAhG5OYmlKJgA=\" \/><input type=\"hidden\" name=\"postAuthor_0\" value=\"SywqMQYA\" \/><input type=\"hidden\" name=\"postDateTime_0\" value=\"MzIwMtQ1MNI1MlUwNLMyMLIyMgEA\" \/><input type=\"hidden\" name=\"postContent_0\" value=\"hVfLjhw1FN3zFZaQsurpkMyCR0bZZAQITRAiwN5d5e52cNk1frQSVvwGu+yYAYlVNii71J\/wJZxz7aruRpHYTFdNle17zzn33FtX+8un19N9p53ematNVA+ffqRjvlQ\/aWd8Z1bqy6jxe\/UQL350NT690epgndPq26Dxa9JKTW\/U16+nu8hr49sCXKasijft9SH0JnqbslFd8NPvxahRR+UexHRbwhMdu73NpsPj78PGxKyea+yeL15kczA+YeMcjXr0+eNLZTJ\/P12rFzaX6d7w0L0uWfVtM57aBeesZxjYRqUSRxeGjVEMxcS1ehZ8yrHgTNVr7I9MFG49fo7bKGRisfsQvE6ZKa5U155O91nbmuGgbQp+Wbe3BxOXLPXBdCoHhOck9W2Iea2+m97idl6hD9rni52O\/RywVjpnG6d71RvlEXk05RWgTAi4xKSsz4BTZ4vI8MCmVBJf7W3q7OhqHowj4eLBx589fvToiRodsrDMCEz1JtmdxwsrAYC7rhSoJ0W4Gkqqby6rb4td4dyDzdN9EvK49wDxTHc87rmO1lzc6AKeQNGzvY4EFUEdpYKEDtMdlEXgVLTdHqmOJgIpvugWbMdwC+ysTyNBkA1zDGXjeIM3ibceww63Kz4UyvEmEJEAGS1AzFF3uAHph2DNKbP76T7aDNGfKhMbQSncxtX7Wc3rq4fjLP\/G9sK\/ctZI9N1e+50ZkNxKoAFHPET4CsgYuQcHwVZJOHkDwQqJghMXjTGM0crmKChhPHgvN2v1o0dVjbqTyIZSl6IOEM5LiMd6NRoIbfqDtQL6bcJpeLWneEaSSxIgr\/b2SeqQQ7Ier5PYr\/QGcTv1VTGHaH622leMVTe9JbggvYcQI7ABATjVQX1JlwPwrLnvohYNElFm5SBw\/EIsBAmLUqP0lhWMoOQN+b+zEHtFkVBLqtMfg1HZDCMEZ31BHiXJO6wo6lhWMvQPyK4WODl7GQqKxvHhJsR+YfVaHGChNhkR28GIrEY73QHxnjlTfbC7o2vFmXK1dSFqt6pLTKaxzCtnVb\/BA8vHhOtEi8N0R8I6Tek1A0AhjyGdSRb6sSauzmxua7ywff5fVwZb3epkufF9DFBsmP5W7p9ff2uJWgY\/hwZfNFI6NO+qX+gCzFQMO5OXtOCEUoaV4EHsg3vk89RCtlsFwgM0k6NlVVdnFLZ+2JuAVuPVdTBpU+JurW5CTGfJVNMTe5h7jxTQ86BgNj1M6eVMh2VVQp\/bqMeRXHlJsrhKkTQcrbbBdywcqdmzjOYX9PQ7HzO52j5MPLDYF4k0aeqCoqmrKOgYpdajceYggoSZoCwqLLRFoIS2KguAzQ4aG0\/kcZ+RjSaAkPzSELmuZ1dEoLHXw1pdF3SqDUDTPVwsAd9BRwI7y\/KMaamoHWsRzqyF7X56Vz2C1n75yRP1UzgyoNK8S5ICHUY2Iakg8myQE+sVYlXWKT9DD0sRSIStZrnkakYKOR3CazwovnkNDaAXE2Qj7qoLsrg0zQCeq76k7bWCOkeQEvUncY5alqa2dMVq5RVYmHPsZcqR9iHVvqwe5axnYYDFuBOvMllut05IpQ7ShRhRkuNF+h0YnM3seKS4D5cxaRvh31V\/6NfIwdUKbyPNXFrn8Si9ASiUXJX9+z\/fv3mhZTCAk9eQ3r95\/06xj2M+kgrFlh3oCiBAsAQVpZ0EhCylpHn3RQsExRnzsbV9G+BKnn8SseBIdGCnP\/W7sgG2t0X7XrAJNhkGVKHAIs9uiwV0+cwx60byjGaHJlNdXcCR3mGlAucypsnLYOBqJ60JzSe0Ga01ruqyIDS4sENf18OGhdN6D5tMkD4n7fSVHerI0giFhAZqWLkAUSGK1EBmBsXbTjdzWE5HGtbvClKgf7W2M4zOvJKRQUYlILsS6bLLygYYawY81UVaD2czMmWl9Acto4EuKynSXqKGOCtAdK26KTKHR8\/I8HajE3PcolMgFowmklclgdvgrBBFgUfwBot2LHPjWn1z9MpxH3LAk3FvWbDLVICIt9SutIVa8KfDGawVk95soEh57jZrJRLCTAfvogAzb2szRhSUBWc5AaDJvEcfajMBls9tOInS+cy8muUst\/wyIfdA+XXi7FazbbKvwzKba525UJyIhX4MrujeZyVWtZKsqyBy4hKI6egymLLMzYfVKMMlYdDTX1lmnHnr7Vbc5Ka1RKkMMbBFFnNVnviFjGQiEkq6fZdwdpX5nd0gUS5oorXKZEcxdfWL3f2id0V0KAOf+a+TYHUDYqn0KzM8vb56iL+8mu6Xy\/YZyFtF7Zo6dPSEqH1OqB1G4zp7JbFZ6Adr0qp+khx0HfR7wT1DUKjB\/evEwuH3RbO1OhhWqdaXa7RpKQfZbYykpbrZPN2TNMO67lGQ0tUDu6yMFZ4fkJFKa+ARWBkbOTubNk2v5qG9nszxkaSi+mwL5qwlJTh8Z7eSQR0NIVN8xYkP1DQyP2zIXanfRoyoDuEIxXOSRE1Fg6nnSMIDv0njk\/+9+xc=\" \/><\/form> \t<div class=\"pdf24Plugin-cp-link\"> \t\t<a href=\"#\" onclick=\"var pdf24Win = window.open('about:blank', 'pdf24PopWin', 'resizable=yes,scrollbars=yes,width=600,height=250,left='+(screen.width\/2-300)+',top='+(screen.height\/3-125)+''); pdf24Win.focus(); document.pdf24Form0.submit(); if(typeof pdf24OnCreatePDF === 'function'){void(pdf24OnCreatePDF(this,pdf24Win));} return false;\">TELECHARGER L\\'ARTICLE AU FORMAT PDF<\/a> \t<\/div> <\/div>","protected":false},"excerpt":{"rendered":"<p>D\u00e9calage art3 Valence, France La villa Noailles, \u00e0 Hy\u00e8res, en France, est une villa moderniste con\u00e7ue par l&rsquo;architecte Robert Mallet-Stevens entre 1923 et 1927. Situ\u00e9e en haut d&rsquo;une colline, elle surplombe la mer. Construite dans les ruines d&rsquo;un ancien monast\u00e8re, &hellip; <a href=\"http:\/\/www.art-3.org\/art-contemporain\/charlotte-moth-mo-laudi\">Continuer la lecture <span class=\"meta-nav\">&rarr;<\/span><\/a><\/p>\n","protected":false},"author":1,"featured_media":0,"parent":0,"menu_order":0,"comment_status":"closed","ping_status":"closed","template":"","meta":{"footnotes":""},"class_list":["post-5295","page","type-page","status-publish","hentry"],"_links":{"self":[{"href":"http:\/\/www.art-3.org\/art-contemporain\/wp-json\/wp\/v2\/pages\/5295","targetHints":{"allow":["GET"]}}],"collection":[{"href":"http:\/\/www.art-3.org\/art-contemporain\/wp-json\/wp\/v2\/pages"}],"about":[{"href":"http:\/\/www.art-3.org\/art-contemporain\/wp-json\/wp\/v2\/types\/page"}],"author":[{"embeddable":true,"href":"http:\/\/www.art-3.org\/art-contemporain\/wp-json\/wp\/v2\/users\/1"}],"replies":[{"embeddable":true,"href":"http:\/\/www.art-3.org\/art-contemporain\/wp-json\/wp\/v2\/comments?post=5295"}],"version-history":[{"count":2,"href":"http:\/\/www.art-3.org\/art-contemporain\/wp-json\/wp\/v2\/pages\/5295\/revisions"}],"predecessor-version":[{"id":5297,"href":"http:\/\/www.art-3.org\/art-contemporain\/wp-json\/wp\/v2\/pages\/5295\/revisions\/5297"}],"wp:attachment":[{"href":"http:\/\/www.art-3.org\/art-contemporain\/wp-json\/wp\/v2\/media?parent=5295"}],"curies":[{"name":"wp","href":"https:\/\/api.w.org\/{rel}","templated":true}]}}