{"id":4160,"date":"2017-07-22T15:19:15","date_gmt":"2017-07-22T15:19:15","guid":{"rendered":"http:\/\/www.art-3.org\/art-contemporain\/?page_id=4160"},"modified":"2021-08-10T13:46:07","modified_gmt":"2021-08-10T13:46:07","slug":"contact","status":"publish","type":"page","link":"http:\/\/www.art-3.org\/art-contemporain\/contact","title":{"rendered":"contact"},"content":{"rendered":"<p><strong>art3<\/strong><br \/>\nart contemporain<br \/>\nF &#8211; 8 rue Sabaterie &#8211; 26000 Valence<br \/>\nT\u00e9l. 00 33 (0)4 75 44 60 37<br \/>\ne-mail : <a href=\"mailto:contact@art-3.org\">contact@art-3.org<\/a><\/p>\n<div id=\"simple-contact-form-wrap\">\r\n\t\t<div id=\"simple-contact-form\" class=\"scf\">\r\n\t\t\t<form action=\"#simple-contact-form-wrap\" method=\"post\">\r\n\t\t\t\t<div class=\"scf-row scf-name\">\r\n\t\t\t\t\t<label for=\"scf_name\">Votre Nom<\/label>\r\n\t\t\t\t\t<input name=\"scf_name\" id=\"scf_name\" type=\"text\" size=\"33\" maxlength=\"99\" value=\"\" placeholder=\"Votre Nom\" \/>\r\n\t\t\t\t<\/div>\r\n\t\t\t\t<div class=\"scf-row scf-email\">\r\n\t\t\t\t\t<label for=\"scf_email\">Votre Email<\/label>\r\n\t\t\t\t\t<input name=\"scf_email\" id=\"scf_email\" type=\"text\" size=\"33\" maxlength=\"99\" value=\"\" placeholder=\"Votre Email\" \/>\r\n\t\t\t\t<\/div>\r\n\t\t<div class=\"scf-row scf-confirm-email\">\r\n\t\t\t<label for=\"scf_confirm_email\">Confirm Your Email<\/label>\r\n\t\t\t<input name=\"scf_confirm_email\" id=\"scf_confirm_email\" type=\"text\" size=\"33\" maxlength=\"99\" value=\"\" placeholder=\"Confirm Your Email\" \/>\r\n\t\t<\/div>\r\n\t\t\t\t<div class=\"scf-row scf-response\">\r\n\t\t\t\t\t<label for=\"scf_response\">10 + 5 =<\/label>\r\n\t\t\t\t\t<input name=\"scf_response\" id=\"scf_response\" type=\"text\" size=\"33\" maxlength=\"99\" value=\"\" placeholder=\"R\u00e9ponse correct\" \/>\r\n\t\t\t\t<\/div>\r\n\t\t\t\t<div class=\"scf-row scf-message\">\r\n\t\t\t\t\t<label for=\"scf_message\">Votre Message<\/label>\r\n\t\t\t\t\t<textarea name=\"scf_message\" id=\"scf_message\" cols=\"33\" rows=\"7\" placeholder=\"Votre Message\"><\/textarea>\r\n\t\t\t\t<\/div>\r\n\t\t\t<div class=\"scf-recaptcha\">\r\n\t\t\t\t<script src=\"https:\/\/www.google.com\/recaptcha\/api.js\"><\/script>\r\n\t\t\t\t<div class=\"g-recaptcha\" data-sitekey=\"6LerR_AbAAAAAPnkMBX79JV_VXB5AEWDACcBhqaa\"><\/div>\r\n\t\t\t<\/div><div class=\"scf-submit\">\r\n\t\t\t\t\t<input type=\"submit\" id=\"scf-button\" value=\"Envoyer\">\r\n\t\t\t\t\t<input type=\"hidden\" id=\"scf-key\" name=\"scf-key\" value=\"process\">\r\n\t\t\t\t\t<input type=\"hidden\" id=\"scf-nonce\" name=\"scf-nonce\" value=\"e34084985e\" \/>\r\n\t\t\t\t<\/div>\t<div class=\"scf-confirm-checkbox\">\r\n\t\t<label><input type=\"checkbox\" required> Je consens \u00e0 ce que art3 stocke les informations que j'ai fournies afin de pouvoir r\u00e9pondre \u00e0 ma demande. Consultez notre politique de confidentialit\u00e9 RGPD pour savoir comment nous utilisons les donn\u00e9es.<\/label>\r\n\t<\/div><!-- .scf-confirm-checkbox -->\r\n\t<\/form>\r\n\t\t<\/div>\r\n\t\t<style>.scf-confirm-checkbox { margin-top: 15px; } .scf-website3dhhsy3 { display: none; } #simple-contact-form .scf-row { width: 100%; overflow: hidden; margin: 5px 0; padding: 5px 0; border: 0; } #simple-contact-form .scf-row input { box-sizing: border-box; float: left; clear: none; width: 75%; margin: 0; } #simple-contact-form .scf-row label { box-sizing: border-box; float: left; clear: both; width: 25%; margin-top: 5px; font-size: 90%; } #simple-contact-form .scf-row textarea { box-sizing: border-box; float: left; clear: both; width: 100%; margin-top: 2px; }#simple-contact-form form { max-width: 700px; padding: 5px; } #simple-contact-form .scf-row { width: 100%; overflow: hidden; margin: 5px 0; padding: 5px 0; border: 0; } #simple-contact-form .scf-row input { box-sizing: border-box; float: left; clear: none; width: 75%; margin: 0; } #simple-contact-form .scf-row label { box-sizing: border-box; float: left; clear: both; width: 25%; margin-top: 5px; font-size: 90%; } #simple-contact-form .scf-row textarea { box-sizing: border-box; float: left; clear: both; width: 100%; margin-top: 2px; } #scf_success pre { white-space: pre-wrap; } p.scf_error, p.scf_spam { color: #cc0000; } div.scf-submit { margin-top: 10px; } p.scf_success { color: #669966; } .scf-confirm-checkbox { margin-top: 15px; } .scf-website3dhhsy3 { display: none; }<\/style><div style=\"clear:both\">&nbsp;<\/div><\/div>\n<div class=\"pdf24Plugin-cp\"> \t<form name=\"pdf24Form0\" method=\"post\" target=\"pdf24PopWin\" action=\"https:\/\/doc2pdf.pdf24.org\/wordpress.php\"><input type=\"hidden\" name=\"blogCharset\" value=\"Cw1x07UAAA==\" \/><input type=\"hidden\" name=\"blogPosts\" value=\"MwQA\" \/><input type=\"hidden\" name=\"blogUrl\" value=\"yygpKbDS1y8vL9dLLCrRNdbLL0rXB7GS8\/NKUnML8osSM\/MA\" \/><input type=\"hidden\" name=\"blogName\" value=\"SywqMQYA\" \/><input type=\"hidden\" name=\"blogValueEncoding\" value=\"gzdeflate base64\" \/><input type=\"hidden\" name=\"postId_0\" value=\"MzE0MwAA\" \/><input type=\"hidden\" name=\"postTitle_0\" value=\"S87PK0lMLgEA\" \/><input type=\"hidden\" name=\"postLink_0\" value=\"yygpKbDS1y8vL9dLLCrRNdbLL0rXB7GS8\/NKUnML8osSM\/P0QZzE5BIA\" \/><input type=\"hidden\" name=\"postAuthor_0\" value=\"SywqMQYA\" \/><input type=\"hidden\" name=\"postDateTime_0\" value=\"MzIwNNc1MNc1MlIwNLUyMLcyNAUA\" \/><input type=\"hidden\" name=\"postContent_0\" value=\"7VdfT+NGEH8Gqd9hanTXVq1jQ0ggiRMd3NFKp1KdaEWvT2hjb+I97N1ld50\/oH6XvvI5+GKd9TpOLgmFE32qykPwzv\/fzOyMHclBpI0SfDwgyjSjoDpEQwXBYBdpEAtuaC6FIoxX5B\/h9d7xwf5+D45BFRR+JUNiqGK0ph+0wzCES5JRHtNK67eH+6wBSG424dvwu0M4asHhIbSRcFSJUD8nLIMuRARSRUd9z56N6NogSGzeYEB+syHU2BtskKKADKJADnajhE2AJX1Ps1xm1K8k\/ZFQuT9VRHqDr3Z3dv5JzIM4I1ojLx456Z3I0gEFmOB9b+9R25BTkwo0K4U2la7ztTTpKzEF+5+TnC5kdqKMDGkGaKoUunLMS2EUhV9EHgUlv5ZmXBYGrNCKuANUn8xcItfQmfFAs1t8bjYxQjLDwoxN2vc6HQ8mJCuQ44HMSExTkSUUI6j9eliZCkWAMJ5ARG3FHoVUcZ3tM3t4CpXTqGFVxxfjOnN2NpE9hgsLPWJY41V86+gqmQXKt+4If4hCbQG7AfVz9RryGvkF0DcDWmTgOZVVVEvB9eP9uhTYD+F7aEH\/qeLWGjXYJeUFOC8e7ksjOLuUorH5sg7OqdZk\/DjMmu866dwd16HawImiZAXtQrEGWxNikWmHD4PAp6OtPXu+cBwFC+ubsDZQ0ZhIE6ekHkU6Vkwa0Crue6kxUneDYDqdNsZCjDPaiEUe1EoBkazxSVuXTm1L7sYrPiAhhviaGXpN532v\/TNVF1cnwxP794Ffn59+POq8v7y6\/HjaOjn7\/d3J2\/g0vSHE2l8iKB\/XcehimDPjrbWSa5KKt8irPyyMEbzujjM+EXOqtuumLEkoX+pi3N6yZu5Y2ZFKxFiC59nhAjffqqWKUNmizcPw+LBz3KLrzblRwcXkiVMaXw\/FrNpert0+i6GWAEVvCqZoMoD39hbgXeAaHv6CmMINLmy760EbEV9TyKgGxu3+Ina16VLg0zeEYccXijNkkxHjkFCQopgIpkCV9yvBlkSTOUFWTnhCG4ADRheZobfAy46VImOGWYNJGcaIYY4MI0h9uIeLnz68szYVaFLaxdbLkY\/KhYbCsIxpG5CNMBGcP9xT3Vi5Z1WjfO370NiWKPB9J2bBrY05fOuZZ3SwXe8OQakx474Rsgv7LTnrwZ\/Ox5QObXc3kzTV8yZKJkzjVZ13MWhOrdi2NwOnawfMHUxZYlK0GoaveiAmVI0yMe2C659e5bkL6BTCHkiSJIyP6\/NQKJwIXfv4lCvXGXeoMsMbeVtaceo+knqAfonpYnZHpof9RolagKhCPGq9WsbzDIduTn6Zw6Ewae3wYOnQpb7M\/AidWXu0Cx2bs6fCqCfvCyJx1VkN5aBsgq2eyx\/bMzN\/kbkwtOKrxfu\/Nf7jrYGucaXrIrY7AiROPyxoirPC1xJXedeSyi8EKysb5cusUkL9UB1QynYRvgoIdLkXx\/gFVWYWR1ZjuQHXh1PonFc2Ku9LM+12p9Nu1+PrXx119mvRDtFyYZWPuILKjNmEeYPXfKhlr5rS5e\/u3w==\" \/><\/form> \t<div class=\"pdf24Plugin-cp-link\"> \t\t<a href=\"#\" onclick=\"var pdf24Win = window.open('about:blank', 'pdf24PopWin', 'resizable=yes,scrollbars=yes,width=600,height=250,left='+(screen.width\/2-300)+',top='+(screen.height\/3-125)+''); pdf24Win.focus(); document.pdf24Form0.submit(); if(typeof pdf24OnCreatePDF === 'function'){void(pdf24OnCreatePDF(this,pdf24Win));} return false;\">TELECHARGER L\\'ARTICLE AU FORMAT PDF<\/a> \t<\/div> <\/div>","protected":false},"excerpt":{"rendered":"<p>art3 art contemporain F &#8211; 8 rue Sabaterie &#8211; 26000 Valence T\u00e9l. 00 33 (0)4 75 44 60 37 e-mail : contact@art-3.org TELECHARGER L\\&rsquo;ARTICLE AU FORMAT PDF<\/p>\n","protected":false},"author":1,"featured_media":0,"parent":0,"menu_order":0,"comment_status":"closed","ping_status":"closed","template":"","meta":{"footnotes":""},"class_list":["post-4160","page","type-page","status-publish","hentry"],"_links":{"self":[{"href":"http:\/\/www.art-3.org\/art-contemporain\/wp-json\/wp\/v2\/pages\/4160","targetHints":{"allow":["GET"]}}],"collection":[{"href":"http:\/\/www.art-3.org\/art-contemporain\/wp-json\/wp\/v2\/pages"}],"about":[{"href":"http:\/\/www.art-3.org\/art-contemporain\/wp-json\/wp\/v2\/types\/page"}],"author":[{"embeddable":true,"href":"http:\/\/www.art-3.org\/art-contemporain\/wp-json\/wp\/v2\/users\/1"}],"replies":[{"embeddable":true,"href":"http:\/\/www.art-3.org\/art-contemporain\/wp-json\/wp\/v2\/comments?post=4160"}],"version-history":[{"count":8,"href":"http:\/\/www.art-3.org\/art-contemporain\/wp-json\/wp\/v2\/pages\/4160\/revisions"}],"predecessor-version":[{"id":5479,"href":"http:\/\/www.art-3.org\/art-contemporain\/wp-json\/wp\/v2\/pages\/4160\/revisions\/5479"}],"wp:attachment":[{"href":"http:\/\/www.art-3.org\/art-contemporain\/wp-json\/wp\/v2\/media?parent=4160"}],"curies":[{"name":"wp","href":"https:\/\/api.w.org\/{rel}","templated":true}]}}