{"id":3647,"date":"2016-01-21T11:04:08","date_gmt":"2016-01-21T11:04:08","guid":{"rendered":"http:\/\/www.art-3.org\/art-contemporain\/?page_id=3647"},"modified":"2016-01-21T11:04:08","modified_gmt":"2016-01-21T11:04:08","slug":"actions-et-recherche-sur-le-territoire","status":"publish","type":"page","link":"http:\/\/www.art-3.org\/art-contemporain\/actions-et-recherche-sur-le-territoire","title":{"rendered":"Actions et recherche sur le territoire"},"content":{"rendered":"<p>Dans diff\u00e9rentes contextes, art3 m\u00e8ne des projets autour des questions li\u00e9es aux territoires : projets de recherche, r\u00e9sidences, diffusion des projets\u00a0 (expositions et \u00e9ditions).<\/p>\n<div class=\"pdf24Plugin-cp\"> \t<form name=\"pdf24Form0\" method=\"post\" target=\"pdf24PopWin\" action=\"https:\/\/doc2pdf.pdf24.org\/wordpress.php\"><input type=\"hidden\" name=\"blogCharset\" value=\"Cw1x07UAAA==\" \/><input type=\"hidden\" name=\"blogPosts\" value=\"MwQA\" \/><input type=\"hidden\" name=\"blogUrl\" value=\"yygpKbDS1y8vL9dLLCrRNdbLL0rXB7GS8\/NKUnML8osSM\/MA\" \/><input type=\"hidden\" name=\"blogName\" value=\"SywqMQYA\" \/><input type=\"hidden\" name=\"blogValueEncoding\" value=\"gzdeflate base64\" \/><input type=\"hidden\" name=\"postId_0\" value=\"MzYzMQcA\" \/><input type=\"hidden\" name=\"postTitle_0\" value=\"c0wuyczPK1ZILVEoSk3OSC0CYoXi0iKFnFSFktSiosyS\/MyiVAA=\" \/><input type=\"hidden\" name=\"postLink_0\" value=\"FcZBCoAwDATAF8UcvPmbUhYb0KZsV\/p99TAwTRqH+1prK5TtW\/L0fzW7cI9kie6lKrJPg4yoDfzYfGgXTCBDGcQL\" \/><input type=\"hidden\" name=\"postAuthor_0\" value=\"SywqMQYA\" \/><input type=\"hidden\" name=\"postDateTime_0\" value=\"MzIwNNM1MNQ1MlQwNLQyACILAA==\" \/><input type=\"hidden\" name=\"postContent_0\" value=\"TY1BCgIxDEX3niJLhUEX7mSYlRcpbQYj2tYkhTmOS3sNezFTB8RFSP7\/5L8xT2cXBQLNc6uMUVHAJ1uLXQM41iPc2ysiBEsypyuqgCuaCn+tR0FRStZxo1axZwsoMpMmYtOn31dAYPQXZJsBuFWhgNF3TucXsZp\/zPsJW1xyEloBqNBqWMVuPx7ytPkA\" \/><\/form> \t<div class=\"pdf24Plugin-cp-link\"> \t\t<a href=\"#\" onclick=\"var pdf24Win = window.open('about:blank', 'pdf24PopWin', 'resizable=yes,scrollbars=yes,width=600,height=250,left='+(screen.width\/2-300)+',top='+(screen.height\/3-125)+''); pdf24Win.focus(); document.pdf24Form0.submit(); if(typeof pdf24OnCreatePDF === 'function'){void(pdf24OnCreatePDF(this,pdf24Win));} return false;\">TELECHARGER L\\'ARTICLE AU FORMAT PDF<\/a> \t<\/div> <\/div>","protected":false},"excerpt":{"rendered":"<p>Dans diff\u00e9rentes contextes, art3 m\u00e8ne des projets autour des questions li\u00e9es aux territoires : projets de recherche, r\u00e9sidences, diffusion des projets\u00a0 (expositions et \u00e9ditions). TELECHARGER L\\&rsquo;ARTICLE AU FORMAT PDF<\/p>\n","protected":false},"author":1,"featured_media":0,"parent":0,"menu_order":0,"comment_status":"closed","ping_status":"open","template":"","meta":{"footnotes":""},"class_list":["post-3647","page","type-page","status-publish","hentry"],"_links":{"self":[{"href":"http:\/\/www.art-3.org\/art-contemporain\/wp-json\/wp\/v2\/pages\/3647","targetHints":{"allow":["GET"]}}],"collection":[{"href":"http:\/\/www.art-3.org\/art-contemporain\/wp-json\/wp\/v2\/pages"}],"about":[{"href":"http:\/\/www.art-3.org\/art-contemporain\/wp-json\/wp\/v2\/types\/page"}],"author":[{"embeddable":true,"href":"http:\/\/www.art-3.org\/art-contemporain\/wp-json\/wp\/v2\/users\/1"}],"replies":[{"embeddable":true,"href":"http:\/\/www.art-3.org\/art-contemporain\/wp-json\/wp\/v2\/comments?post=3647"}],"version-history":[{"count":1,"href":"http:\/\/www.art-3.org\/art-contemporain\/wp-json\/wp\/v2\/pages\/3647\/revisions"}],"predecessor-version":[{"id":3648,"href":"http:\/\/www.art-3.org\/art-contemporain\/wp-json\/wp\/v2\/pages\/3647\/revisions\/3648"}],"wp:attachment":[{"href":"http:\/\/www.art-3.org\/art-contemporain\/wp-json\/wp\/v2\/media?parent=3647"}],"curies":[{"name":"wp","href":"https:\/\/api.w.org\/{rel}","templated":true}]}}