{"id":3641,"date":"2016-01-21T10:59:29","date_gmt":"2016-01-21T10:59:29","guid":{"rendered":"http:\/\/www.art-3.org\/art-contemporain\/?page_id=3641"},"modified":"2016-01-21T11:10:23","modified_gmt":"2016-01-21T11:10:23","slug":"regards-croises-sur-les-paysages","status":"publish","type":"page","link":"http:\/\/www.art-3.org\/art-contemporain\/regards-croises-sur-les-paysages","title":{"rendered":"Regards crois\u00e9s sur les paysages"},"content":{"rendered":"<div>\n<p><strong>Parc naturel r\u00e9gional du Pilat \/ Ceci n\u2019est pas une usine<\/strong><br \/>\n<a href=\"http:\/\/www.art-3.org\/projets-territoire\/pilat\/\"><strong>George Trakas  Patrick Corillon  Lois &amp; Franziska Weinberger<\/strong><\/a><\/p>\n<p><strong>Parc naturel r\u00e9gional des monts d\u2019Ard\u00e8che \/ Sur le sentier des Lauzes<br \/>\n<a href=\"http:\/\/www.art-3.org\/projets-territoire\/ardeche\/\">Gilles Cl\u00e9ment Ivo Provoost &amp; Simona Denicolai Akio Suzuki<\/a><\/strong><\/p>\n<p><strong>Parc naturel r\u00e9gional du Vercors \/ La Halle de Pont en Royans<br \/>\n<a href=\"http:\/\/www.art-3.org\/projets-territoire\/vercors\/\">Jean Daniel Berclaz \u2013 Le Mus\u00e9e du point de vue\u00a0 Sophie Ristelhueber\u00a0 Bethan Huws<\/a><br \/>\n<\/strong>_______________________________<\/p>\n<p><strong>Parcs naturels r\u00e9gionaux du Pilat, des Monts d\u2019Ard\u00e8che et du Vercors<br \/>\nCeci n\u2019est pas une usine, Sur le sentier des Lauzes, La Halle de Pont-en-Royans et art3<\/strong><br \/>\nD\u00e9velopp\u00e9 en Rh\u00f4ne-Alpes, il a \u00e9t\u00e9 initi\u00e9 par les parcs naturels  r\u00e9gionaux du Pilat, du Vercors et des Monts d\u2019Ard\u00e8che en collaboration  avec art3 pour la conception artistique.<br \/>\nDonnant voie \u00e0 la recherche comme \u00e0 la cr\u00e9ation, ce programme a ouvert  et d\u00e9velopp\u00e9 un espace de r\u00e9flexion sur des questions de paysage en  proposant des exp\u00e9riences singuli\u00e8res sur chaque territoire avec les  associations relais, Ceci n\u2019est pas une usine, Sur le sentier des Lauzes  et La Halle de Pont-en-Royans.<\/p>\n<p><strong>Artistes invit\u00e9s de 2005 \u00e0 2007 : <\/strong>George Trakas,  Patrick Corillon, Lois et Franziska Weinberger, Gilles Cl\u00e9ment, Ivo  Provoost et Simona Denicolai, Akio Suzuki, Jean-Daniel Berclaz, Sophie  Ristelhueber, Bethan Huws<\/p>\n<p><strong>Catherine Grout<\/strong>, chercheur en esth\u00e9tique qui a \u00e9t\u00e9 invit\u00e9e \u00e0 suivre les projets artistiques dans la dur\u00e9e, et <strong>Emmanuel N\u00e9grier<\/strong>,  chercheur en science politique, poursuivent les analyses au sein d\u2019une  publication qui exposera la gen\u00e8se et les enjeux de ce programme  ambitieux.<\/p>\n<p>28-29-30 septembre 2007 parcours interparcs<br \/>\nMardi 10 juin 2008, une journ\u00e9e de conf\u00e9rences a cl\u00f4tur\u00e9 ce programme  avec la pr\u00e9sentation de l\u2019ouvrage co\u00e9dit\u00e9 par Jean-Pierre Huguet et  art3.<\/p>\n<address> \u00ab\u00a0Regards crois\u00e9s sur les paysages \u201d est un projet de  coop\u00e9ration qui s\u2019inscrit dans le cadre du programme europ\u00e9en Leader+.  Il b\u00e9n\u00e9ficie \u00e9galement d\u2019une aide au projet du Conseil r\u00e9gional  Rh\u00f4ne-Alpes, du soutien de la DRAC Rh\u00f4ne-Alpes, des D\u00e9partements de  l\u2019Ard\u00e8che, de la Dr\u00f4me, de l\u2019Is\u00e8re et de la Loire.<\/address>\n<\/div>\n<div class=\"pdf24Plugin-cp\"> \t<form name=\"pdf24Form0\" method=\"post\" target=\"pdf24PopWin\" action=\"https:\/\/doc2pdf.pdf24.org\/wordpress.php\"><input type=\"hidden\" name=\"blogCharset\" value=\"Cw1x07UAAA==\" \/><input type=\"hidden\" name=\"blogPosts\" value=\"MwQA\" \/><input type=\"hidden\" name=\"blogUrl\" value=\"yygpKbDS1y8vL9dLLCrRNdbLL0rXB7GS8\/NKUnML8osSM\/MA\" \/><input type=\"hidden\" name=\"blogName\" value=\"SywqMQYA\" \/><input type=\"hidden\" name=\"blogValueEncoding\" value=\"gzdeflate base64\" \/><input type=\"hidden\" name=\"postId_0\" value=\"MzYzMQQA\" \/><input type=\"hidden\" name=\"postTitle_0\" value=\"C0pNTyxKKVZILsrPLD68slihuLRIISe1WKEgsbI4MT21GAA=\" \/><input type=\"hidden\" name=\"postLink_0\" value=\"FcZBDoAwCATAF1EO3vwNaUltooUsmMbfq6eZI9N35rVWESRtxdD5X7WZerlBxmRoF7SgChuhQXGDzk+XJ6RrvA==\" \/><input type=\"hidden\" name=\"postAuthor_0\" value=\"SywqMQYA\" \/><input type=\"hidden\" name=\"postDateTime_0\" value=\"MzIwNNM1MNQ1MlQwNLAyMLQysgQA\" \/><input type=\"hidden\" name=\"postContent_0\" value=\"nVbLTiNXEN3nK0qzyCZtTEBRJhOCxEACRBAhiJJlVG4X9oX2vZ37MI\/V\/ENWWURiiZUtX0D\/yXxJTt22jW2GaAQSMu6+XVXn1Dmn2eqb8fYXW\/X2Voje2cH2CfuSLMfkpSLfTAbGWa6on+jEVBypS7tSGrIfP\/wtIVLNgZIVSsFY2epOi2z1PHVRlmno5fyHN8MY63fd7tXV1Rr72Nlcc37Qrb27kBg6Ubw30Rkv3VpbdN\/Mh9kXHBT61fMl+tAJR2\/KS9p13lSVs0RHzgT6kkf19\/STZ3trwiXT72JsT\/Cgfxqoy\/itPwupBBo5GwP1gXHH95v7cijAfZY8VUJBbDTi87kjTrcSXouWfV9QGnj3AQfldqtmMkJ5Ohw7OvFu7BwobuGdGQzFtCfWlK5iQzuXxmGm23RpWnRzqPVnLvQ38aXzAdCOmA4YIwAUnQA7iaVTd8P21djGbW1g+1nY0h5bg\/bvcbXiW\/r44S86EjpOoZmIjlI7g67oPk7yeEdnrh4aoVMTolTDJNgmrr6XOEStg3QVMuLpaDPgf\/z\/z6d4CTNiwpyZdD3XepF3fPxcCxIX6JuO8bIripeVUzxjviO20zKvXUDx5qqp9prJWCpX180kr2nYPFjp7FS1ljMVMTWTiHvGmmjwWbM2D\/q5iPcFwE+qUJAvwLcECVbcc56jURvyWMo8LBapWBkHbCl1vovr2KP5M8naDIKzlrHvscOSmzs979UJXquXbjSaXS0xZG5RUCkEmQ08610ml6CwSHnKBUKSJQk1l5lPPHxeybXOEFJLO4YIWi\/o\/ZpvAg8yHq1du8C2BS3XKOaNAEMg7HCQKtPce\/2CQuWQUYee1N7iV5KJQ3Cl4bYHiGaDrbxKGxnby\/JYW9XzTqYZzxk7NhBAhrixvv6NconPb+kdzbW0FKzF82Qt2mTFBJ+K1YJWAqvIifUUWXhuNa+KxcAqSFOhs5wKxcz2S74vlm2\/jHmXI1QDHmnfuxTn8CCXVk0gV1QScQhTqAShALNgkcxUVltIZoxNZqe0cbYgXHCpjoQi+wmqwtqAcDbEj6MR2wQcv8BREI1fGGN5jlBmScEklcl1i+wXba2pr70Z2XwT9I8ETRibnadyoTr1KlO2hlMQ0KgL4lmnGoht7kMOJi0i9kLU1rLsGuJRD31xay6ejbedje86m+voVUcZ9by0UtGw0MlAEWSeo2Pq3WO8tQx9vU4XCdPh8Nsiy\/kCx21Oc7WwPYd\/WvvAxVXzEJW31XGyaxiXoFYQ0GLD8xUww+BezVm6ZtLXLeUgy7I5AccY9CANkmSt5eiZYuJ+Hz4N2\/T47+PdqQwwbkCOQM1qiZBmYZitH\/Am+kflocHRrl37o6nTAHgiO2AiY0MJw0+lgMkYnfLLaw4Je9YHseoj4b74r9aIDivqNRNQc25KjbvJgCvJb\/nZatmgJ6f5AAk2tFj+4ut6JedxJkDwkFPmCz473dldPQN4eFmAtpj75UDI3M6SvJg97JuH0fQbbh8Gzbr2BaC3jzTjQO+MWrxy83+N\/wE=\" \/><\/form> \t<div class=\"pdf24Plugin-cp-link\"> \t\t<a href=\"#\" onclick=\"var pdf24Win = window.open('about:blank', 'pdf24PopWin', 'resizable=yes,scrollbars=yes,width=600,height=250,left='+(screen.width\/2-300)+',top='+(screen.height\/3-125)+''); pdf24Win.focus(); document.pdf24Form0.submit(); if(typeof pdf24OnCreatePDF === 'function'){void(pdf24OnCreatePDF(this,pdf24Win));} return false;\">TELECHARGER L\\'ARTICLE AU FORMAT PDF<\/a> \t<\/div> <\/div>","protected":false},"excerpt":{"rendered":"<p>Parc naturel r\u00e9gional du Pilat \/ Ceci n\u2019est pas une usine George Trakas Patrick Corillon Lois &amp; Franziska Weinberger Parc naturel r\u00e9gional des monts d\u2019Ard\u00e8che \/ Sur le sentier des Lauzes Gilles Cl\u00e9ment Ivo Provoost &amp; Simona Denicolai Akio Suzuki &hellip; <a href=\"http:\/\/www.art-3.org\/art-contemporain\/regards-croises-sur-les-paysages\">Continuer la lecture <span class=\"meta-nav\">&rarr;<\/span><\/a><\/p>\n","protected":false},"author":1,"featured_media":0,"parent":0,"menu_order":0,"comment_status":"closed","ping_status":"open","template":"","meta":{"footnotes":""},"class_list":["post-3641","page","type-page","status-publish","hentry"],"_links":{"self":[{"href":"http:\/\/www.art-3.org\/art-contemporain\/wp-json\/wp\/v2\/pages\/3641","targetHints":{"allow":["GET"]}}],"collection":[{"href":"http:\/\/www.art-3.org\/art-contemporain\/wp-json\/wp\/v2\/pages"}],"about":[{"href":"http:\/\/www.art-3.org\/art-contemporain\/wp-json\/wp\/v2\/types\/page"}],"author":[{"embeddable":true,"href":"http:\/\/www.art-3.org\/art-contemporain\/wp-json\/wp\/v2\/users\/1"}],"replies":[{"embeddable":true,"href":"http:\/\/www.art-3.org\/art-contemporain\/wp-json\/wp\/v2\/comments?post=3641"}],"version-history":[{"count":2,"href":"http:\/\/www.art-3.org\/art-contemporain\/wp-json\/wp\/v2\/pages\/3641\/revisions"}],"predecessor-version":[{"id":3654,"href":"http:\/\/www.art-3.org\/art-contemporain\/wp-json\/wp\/v2\/pages\/3641\/revisions\/3654"}],"wp:attachment":[{"href":"http:\/\/www.art-3.org\/art-contemporain\/wp-json\/wp\/v2\/media?parent=3641"}],"curies":[{"name":"wp","href":"https:\/\/api.w.org\/{rel}","templated":true}]}}