{"id":3608,"date":"2016-01-06T13:25:02","date_gmt":"2016-01-06T13:25:02","guid":{"rendered":"http:\/\/www.art-3.org\/art-contemporain\/?page_id=3608"},"modified":"2016-01-06T13:30:11","modified_gmt":"2016-01-06T13:30:11","slug":"lycees","status":"publish","type":"page","link":"http:\/\/www.art-3.org\/art-contemporain\/lycees","title":{"rendered":"LYCEES"},"content":{"rendered":"<p><strong>Intitul\u00e9 du projet : hybridation <\/strong><\/p>\n<p>art3 a sollicit\u00e9 le Lyc\u00e9e agricole du Valentin pour initier une collaboration avec l\u2019artiste Laurent Pernel. Suite aux premiers \u00e9changes et une visite dans le Lyc\u00e9e, Laurent Pernel a orient\u00e9 son intervention autour de la notion d\u2019hybridation (voir la note jointe \u00e0 ce document).<\/p>\n<p><strong>Partenaires du projet<\/strong> :<br \/>\nart3 Valence<br \/>\nContact : Sylvie Vojik, directrice<br \/>\nart3 propose une programmation qui favorise la diversit\u00e9 de la cr\u00e9ation actuelle et diff\u00e9rents r\u00e9gimes de productions : expositions, \u00e9ditions, projets li\u00e9s \u00e0 des probl\u00e9matiques de territoires. art3 soutient la jeune cr\u00e9ation en coordonnant un programme de r\u00e9sidences destin\u00e9 \u00e0 des artistes issus de la r\u00e9gion Rh\u00f4ne-Alpes et en s\u2019appuyant sur un r\u00e9seau de structures \u00e0 l\u2019\u00e9tranger : Institut fran\u00e7ais de Stuttgart, Optica, un centre d\u2019art \u00e0 Montr\u00e9al, Homesession, Barcelone et a-titolo, association situ\u00e9e \u00e0 Turin.<\/p>\n<p>Lyc\u00e9e agricole de Valentin, Bourg-l\u00e8s-Valence<br \/>\nContact : Muriel Thorens<br \/>\nLe Lyc\u00e9e agricole du Valentin poss\u00e8de une galerie d\u2019exposition, P\u00f4le Sud (depuis 1992), et accueille r\u00e9guli\u00e8rement des artistes contemporains locaux ou r\u00e9gionaux et ouvre au public local. C\u2019est \u00e9galement un lyc\u00e9e o\u00f9 les \u00e9quipes montrent de l\u2019implication et de la r\u00e9activit\u00e9 dans la vie<br \/>\nculturelle locale (recevoir et proposer des actions culturelles). Le choix artistique depuis quelques ann\u00e9es est de favoriser les projets collectifs et interdisciplinaires, de fa\u00e7on \u00e0 associer au maximum la communaut\u00e9 de l\u2019\u00e9tablissement, des \u00e9l\u00e8ves au personnel (pr\u00e9alable du projet d\u2019animation et d\u00e9veloppement culturel de l\u2019\u00e9tablissement en coursd\u2019\u00e9criture).<br \/>\nNous travaillons r\u00e9guli\u00e8rement avec les partenaires culturels locaux (Mus\u00e9e de Valence, Lux, etc), et souhaitons engager une collaboration avec art3.<br \/>\nCe projet d\u2019exposition est une occasion d\u2019ouvrir l\u2019\u00e9tablissement sur l\u2019ext\u00e9rieur et d\u2019accueillir de visiteurs qui d\u00e9couvrent le site et ses activit\u00e9s qui inscrivent l\u2019agriculture, au sens large, dans les outils de communication et les pr\u00e9occupations d\u2019aujourd\u2019hui.<\/p>\n<p>Artiste invit\u00e9 : Laurent Pernel<br \/>\nLaurent Pernel, plasticien bas\u00e9 \u00e0 Lyon, utilise de nombreux m\u00e9diums, qu\u2019il d\u00e9cline au gr\u00e9 des projets et des objectifs. Son propos reste cependant du c\u00f4t\u00e9 \u00abdes failles dans le r\u00e9el o\u00f9 se glisse l\u2019imaginaire\u00bb, dans des moments ou des petits \u00e9v\u00e9nements anodins cr\u00e9ent un l\u00e9ger d\u00e9calage dans la<br \/>\nr\u00e9alit\u00e9 du lieu qu\u2019il investit. C\u2019est aussi l\u2019aboutissement de la recherche d\u2019un lieu commun dans l\u2019histoire vivante du lieu, avec les personnes impliqu\u00e9es dans le projet (les \u00e9tudiants, des personnels). L\u2019histoire du lieu peut aussi croiser l\u2019histoire plus vaste ou les pr\u00e9occupations, notamment citoyennes, d\u2019aujourd\u2019hui.<\/p>\n<p>Public b\u00e9n\u00e9ficiaire : 26 \u00e9l\u00e8ves BTS agricole Agronomie Production V\u00e9g\u00e9tale<\/p>\n<p><strong>Calendrier<\/strong><br \/>\nDate de d\u00e9but de projet : 12\/11\/2015<br \/>\nDate pr\u00e9visionnelle de fin de projet : 22\/04\/2016<\/p>\n<p><strong>Pr\u00e9sentation du projet <\/strong><\/p>\n<p>Les objectifs sont pour les \u00e9tudiants :<br \/>\n&#8211; D\u00e9couvrir un monde cr\u00e9atif, une pratique artistique et un quotidien de l\u2019artiste (recherche, travail, exposition) . Op\u00e9rer une rencontre entre deux mondes, celui de l\u2019artiste et celui des \u00e9tudiants et \u00e9l\u00e8ves ; cr\u00e9er une d\u00e9marche de communication pour valoriser l\u2019exposition de l\u2019artiste.<br \/>\n&#8211; Pratiquer avec l\u2019artiste, en suivant sa d\u00e9marche pour la comprendre. Construire ensemble les moyens de montrer les productions des \u00e9tudiants.<br \/>\nPrendre du temps cr\u00e9atif.<br \/>\n&#8211; Pouvoir faire la \u00ab promotion \u00bb de l\u2019expo de l\u2019artiste et des \u00e9tudiants vers l\u2019ext\u00e9rieur de l\u2019\u00e9tablissement, et aussi \u00e0 l\u2019int\u00e9rieur (mise en place d\u2019une strat\u00e9gie de communication et des supports par les \u00e9tudiants).<br \/>\nTout au long du projet, art3 suivra les diff\u00e9rentes \u00e9tapes pour la restitution en fin de r\u00e9sidence.<\/p>\n<p>art3 supervisera \u00e9galement l\u2019\u00e9dition produite dans le cadre de cette collaboration. Un temps de valorisation aura lieu \u00e0 art3 en mars.<br \/>\nLes \u00e9tudiants seront accueillis \u00e0 art3 au rythme des changements d\u2019expositions.<br \/>\nSylvie Vojik (art3) pr\u00e9sente la structure, son fonctionnement.<\/p>\n<p>Les ateliers se d\u00e9rouleront \u00e0 raison de 4 heures par semaine puis d\u2019une journ\u00e9e et demie (de la semaine 3 \u00e0 la semaine 9), pour ouvrir et montrer le travail sur la premi\u00e8re semaine de mars.<\/p>\n<p>Les \u00e9tudiants seront acteurs \u00e0 plusieurs niveaux compl\u00e9mentaires :<br \/>\n&#8211; d\u2019abord dans la phase de r\u00e9flexion et de cr\u00e9ation avec l\u2019artiste (ateliers).<br \/>\n&#8211; puis ils seront aussi les acteurs de la valorisation et de la diffusion des informations sur l\u2019exposition. Ils auront \u00e0 imaginer une strat\u00e9gie de communication pour valoriser leur travail (\u00e0 l\u2019int\u00e9rieur et \u00e0 l\u2019ext\u00e9rieur) et enfin faire venir des visiteurs \u00e0 l\u2019exposition. Suivi par l\u2019enseignante, ils sont autonomes pour les prises de contact, la cr\u00e9ation des supports visuels et \u00e9crits (Module communication M22 du BTSA).<br \/>\nLa rencontre avec un artiste n\u2019est jamais anodine, elle permet de d\u00e9couvrir un autre univers et d\u2019en nourrir ses repr\u00e9sentations du monde.<br \/>\nAu-del\u00e0 de l\u2019aspect humain (co-construction du projet artistique) les \u00e9tudiants auront acquis des notions de base sur la communication visuelle, \u00ab\u00e9v\u00e9nementielle\u00bb et \u00e9labor\u00e9 un strat\u00e9gie adapt\u00e9e. Ils seront \u00e0 m\u00eame de le r\u00e9investir l\u2019ann\u00e9e scolaire suivante dans le cadre d\u2019un projet de petit groupe (Projet Initiative et Communication).<br \/>\n. Dans le cadre des ateliers avec l\u2019artiste : pr\u00e9sentation du travail des \u00e9l\u00e8ves et de l\u2019artiste dans un moment pr\u00e9vu pour les personnels (CAFE\u2019XPO)<br \/>\n. Dans le cadre de la d\u00e9marche de communication : affiche, flyer, etc., documents diffus\u00e9s dans la ville.<br \/>\n. Actualit\u00e9 sur le site de l\u2019\u00e9tablissement du Valentin, article presse, site d\u2019art3<br \/>\n. Pr\u00e9sence de l\u2019exposition aux Journ\u00e9es portes-ouvertes (mi-mars)<\/p>\n<p><strong>Pr\u00e9sentation des intentions de Laurent Pernel<\/strong><\/p>\n<p>Dans le cadre du projet d\u2019intervention au lyc\u00e9e Agricole du Valentin, je propose de travailler sur la notion d\u2019hybridation.<\/p>\n<p>L\u2019hybridation permet un regard transversal sur diff\u00e9rentes pratiques.<br \/>\nEn effet, c\u2019est une action pouvant s\u2019appliquer \u00e0 la g\u00e9n\u00e9tique, \u00e0 la biologie, la litt\u00e9rature, l\u2019architecture et tout autres formes artistiques.<\/p>\n<p>Assimiler \u2013 M\u00e9tisser \u2013 Rassembler \u2013 Croiser \u2013 Marier<\/p>\n<p>La transformation du corps, le croisement des esp\u00e8ces,\u00a0 le m\u00e9tissage des cultures, sont au c\u0153ur du travail de bon nombres d\u2019artistes. Un artiste ne travaille pas hors-sol, c\u2019est au contact des autres que le travail prend forme et se transforme. Rencontrer une communaut\u00e9, une classe, un artisan, une soci\u00e9t\u00e9, c\u2019est \u00e0 chaque fois une tentative. Une greffe<\/p>\n<p>Mon intention sera donc de partir d\u2019une notion inh\u00e9rente au domaine professionnel des \u00e9tudiants pour amener notre travail sur un champ d\u2019action qui pourrait sortir de ce cadre.<\/p>\n<p><strong>Articulation du projet<\/strong><\/p>\n<p>La premi\u00e8re rencontre sera l\u2019occasion de pr\u00e9senter mon travail ainsi que de d\u00e9finir ensemble cette notion d\u2019hybridation.<\/p>\n<p>Afin d\u2019introduire cette r\u00e9flexion j\u2019en profiterai pour faire voir des travaux d\u2019autres artistes afin de montrer comment cette notion traverse leur travail.<\/p>\n<p>Art orient\u00e9 objet \u2013 Michel Blazy, Orlan, Mathew Barney, Archigram, Alain Bublex, Jack &amp; Dino Chapman. Il ne s\u2019agit pas de faire une liste exhaustive d\u2019artistes, mais de faire d\u00e9couvrir des exp\u00e9riences singuli\u00e8res.<\/p>\n<p>Afin de donner un cadre de travail commun, nous r\u00e9fl\u00e9chirons \u00e0 la r\u00e9alisation d\u2019une \u00e9dition. Il me semble que donner d\u00e8s le d\u00e9part une forme au projet concentre directement le propos sur une notion tr\u00e8s claire. A l\u2019int\u00e9rieure de cette contrainte formelle il y a toute la libert\u00e9 possible avec les exigences li\u00e9es \u00e0 l\u2019\u00e9dition.<\/p>\n<p>L\u2019\u00e9dition permet aussi d\u2019aborder la question de sa distribution, (comment ? par qui ? coll\u00e9e si c\u2019est une affiche) et de sortir du lyc\u00e9e, afin de ne pas \u00eatre uniquement dans un entre soi.<\/p>\n<p>La situation du lyc\u00e9e par rapport \u00e0 Valence est tr\u00e8s int\u00e9ressante. Une poche v\u00e9g\u00e9tale qui voisine avec une ville d\u2019une belle taille. Je propose de faire une ballade urbaine afin de collecter des images, et les mauvaises herbe. Chacun travaillera avec son smartphone.<br \/>\nEntre la 1\u00e8re s\u00e9ance et la 2\u00e8me, les \u00e9l\u00e8ves r\u00e9fl\u00e9chiront au parcours en tenant compte de l\u2019id\u00e9e de faille v\u00e9g\u00e9tale<\/p>\n<div class=\"pdf24Plugin-cp\"> \t<form name=\"pdf24Form0\" method=\"post\" target=\"pdf24PopWin\" action=\"https:\/\/doc2pdf.pdf24.org\/wordpress.php\"><input type=\"hidden\" name=\"blogCharset\" value=\"Cw1x07UAAA==\" \/><input type=\"hidden\" name=\"blogPosts\" value=\"MwQA\" \/><input type=\"hidden\" name=\"blogUrl\" value=\"yygpKbDS1y8vL9dLLCrRNdbLL0rXB7GS8\/NKUnML8osSM\/MA\" \/><input type=\"hidden\" name=\"blogName\" value=\"SywqMQYA\" \/><input type=\"hidden\" name=\"blogValueEncoding\" value=\"gzdeflate base64\" \/><input type=\"hidden\" name=\"postId_0\" value=\"MzYzsAAA\" \/><input type=\"hidden\" name=\"postTitle_0\" value=\"84l0dnUNBgA=\" \/><input type=\"hidden\" name=\"postLink_0\" value=\"yygpKbDS1y8vL9dLLCrRNdbLL0rXB7GS8\/NKUnML8osSM\/P0cyqTU1OLAQ==\" \/><input type=\"hidden\" name=\"postAuthor_0\" value=\"SywqMQYA\" \/><input type=\"hidden\" name=\"postDateTime_0\" value=\"MzIwNNM1MNQ1MFMwNLYyMLQyMAIA\" \/><input type=\"hidden\" name=\"postContent_0\" value=\"hVlNbxzHEb37VzQQwFgCQ8qkHSOWBRkU5SASpJiwFCPX3pne3abnS9MzGzIn\/wefcvPNon31JfBNi\/wR\/5K8V9U9M7uk7AMB7u5Md3XVq1evqh+1jx+Fvmvq9eNnde\/7odzdmmIwbddcud48NJubZecL2\/umNo8exEcfPWgff\/CofWy7\/mNjTWjK0ue+x6ulMy9u8t2tM3bd+bzBZ6z2jS0dVq9N2wyd8bXvvevMUDuDJ0q7bDrdwG5dbsrfvvsPFvahx1p26PCmuXRd7coT82rw+NYO1zDQVVgkmN1tvrH12gUDe7nk1gc+VNg6TOZkB0vB6qbz+AybA3b2de+6LY2kGUNPOwtnSmvqRr4rYNXcF4tt47v4uzNXDRcwux9Mjp2bfKiw1NFJ8lNy8SXO5WrrO1g7Onn0qnn4aNmZB48\/ELeKz3IXv7po6t7mDMirm3LrnfmmufLfZqbAWnkPT7v5u1i4bYITd+D\/dWerSs1+M3izslucPcjpCr+FEyV0ety8293GYOT94Ep4EH4t\/Gq1u6X\/gsEDa1\/xBLJ4MeR8PMA0d41dvXzKEJci\/avnRDT87jbQSQXexpdLgI12vRl0NYSg831D95wYOUhohp5RomVXTgAz2udqoKfpiqaubc3Qj0d1XAzPBV\/QhVw7AH04Y9w7wisYH8IQ4snlXFj3683ul9odn5etYgr7BEKybYcbbhQGQlfWd3bgy4gfnDAwqtiA+N3d9h1B2cErz+rAxOrNCl\/tfrReNnyFb\/o1DMnMV23vc5tx0Rxn7ZyADT9xtZcIPI9cZuZvDbzuQoCRmXliu9yVTS3hscfYoSmbzNgQmtyrgxCKgZmIVV4Pna9HON7JUDdmKBYG9NfH5e5tOH4fBF9iNaTQ600DRIT484s\/yvwQdm8LxeQa32IJOecEmsxc7n7Ba6+GwiwK1w7w1Olnn50dZXLGPB+cJx4ZqAFYegsKIDb2IprDSle1YBTP\/G9ykkUzpOjyExZrhm1HHjHtsAR1yXOglwvaE+D3W1ooiyMopR6r2f0XfELCQRIRGxVDowZI0H3VYq0Izn5CFZzmt5piwkkWFJWcmg8lgcNjiQ3OLJDQTsgFa8RE7vSMMdGmd8LRiYHf803jr6MLmEwmOg\/\/lpJbtgb4ieYgZiUC6OQ8KTtJxeASvxLUCyEWPuQeh1LKyvTd3Y84HzClUMMicGNlr301VEIgTVUN8HOiFM0GCzeHIC7N5DC7W0BsS9sQBFAQshiQWrSCdTztZlVI0qH21eTa3e0W4G9bjVFyyP37KVEMXSjkpxwUg4dBzhqBvzdgAGTr1gJcdO8hvLQo0VEz9k5bjhBbvBwCUZJyKWfJGa4J3VwBDC7bWKQptnD12q7fXwFJfcm8Czf3wpQsEku+3+S5DalCEdcsS3edQNYqZQUEBrk3CL7EszGxvFQ8rZ7wlpQKODqXXCEFOyOFlUeJaBRU65PINnh2Kw9yUXKA+ihjiIMT5HdrfIyVORiSeylsqKCZJY8Cc3eL0w2tVdyLscMVQinFePAjoZ1HueBrzbOHB9U+UdTel6hLpUXCAMO1Wdqg5eHFDYmIhrFCwrS6qZadQ4QrVrShQhq8GZjtpXgHySFEsu4E71M6OSWmZnmlSQXx0tQxoQ0gBHNz17q6YE0B1vPdLzT93c98a0UwsnBFEYPFAW8yEIxaS1Qj5di1Zue7X6NjC2GmSkp1M6hJDuWBKbfd3dZOf7J1U5AhWU8TzwH4pBqcCim4ThLKRu9JZiqNDSjlbhj9ALezwPYTgdoBZUqBsGSUEwojJ7p84zr8SUi5M1dTDMRNGWCElFoAkNxaqqu4bTbLyEgcKOTk3jeDsFxyWsybhZJ2PxQey4QsuiRSjlDofLd0uNYN6Rx51yhbzp9rS\/DG1jKOcPM9eM0oDalGyFDI+xtHS7PfgfGlFqMlorS7XQGYDCzAfPbpRJdPXr+aCuz5GsKxgQ42l6MQM98gjEz+0h3KzwsSU4Hk7yYlr7F9ansBO2K\/HPqo7LQBOD17cHr64Oyj0z\/Pn+VZSRXiQ5UQK1T5+YtnZw8++oQvfnpHBot2gppQZT3y\/J3+4sU8gajTe+0g9iM66uYP\/\/SXs9PTz83TyFpehBrKdDHqxlUWRbHKznnRlPYBmIbeL0gJsZikVmQxojZL5SKbKd4jcwIhR42stA6iyUUfmCjphEJoCiAA5UZy3d8A+6fv907n+in6n2u+6hYF1bOm0SGDipe2tkxlfr907G98cuC9y+ib7k47lokWHiQdTbAzAzQqUvzRmAFjDlyAHIAw9uIC5D9reinkdOOEp6KAGlXI2EnsOyDZd6kLEy9UeGEM6Z0DIPbUTytJH1j17mcuX2kj9+7XdH565J4gHLif\/dFh5XyPrnGJMGIX4OvxjUXFcgL3oebkifekc7A9lam7twrSlDC0ULO9yI8D4I8a5nUjXAUtUq+nfMpiD4WAdVZendo4XcdSxqbYdU77lNhbxXSe2qiTva4fZqFhJrrsXC6rW7Tz05jOe\/HcSgBZ+fr+QPqcmH\/UMbCUIYrdKIoG2k9Spuzk7rAPyBuh8WI\/ZDCKVDEKmzC+Bx91N\/1GOkQASAYHWg\/31dW48rzbNguucSTcR\/oSbI29XyZzhFVTC4i1zJ7MiQy0WcrEIkjqds1Qqp0wDt1K0MT8xGycdJIMN4BlqS9EzSfMsHJQzitASP4LLavp6Y8Ff9Pnz6A\/JciRE\/HelHmJy1QgWp2rUPuOrzNRxdezs9znbFWN2JqV0cuHGoKQ4pi0wF6fnC\/y+ZCxC1UKXTG2SO3GhtTHr0p3PTVVswnF4bhokXx8dMgJ4kGKzWSuChTVsWKr+nAPd2MTx7wZVGRTa9SrpquiKJ10dcLOiXlWsq1JsVWNFjn79xL+kLTJGyk6i7uU4vrEMxMzHenAgrmr7AdB7rV7nIT9+NZk8StwhFeG4S+ga7\/mVAWoFqepy3qKjZExhLR9cFHAy3Ag2x8h7fEXDBjYMEk9YxcW0DSBIMpDP7w8OyOJQemcj3F8YWcVVeKOWp3CXkfVeWUrTldU2rJaUZmApioNZLEnC3CcjtMIGYClXgi8UuNwfIQH61w7lyoytJMansw6H44LV8pUSYEYWogVsxmYOmaRN8e5VsH8QOpMuuPoUM1E5Nj8jWQ9ftQRpPh5yawIY7GdeU3dW+LY736eKX3P71DzVEUwxyDgcfwZEG1hW\/zrFLhhJKVq95OO0rQBiSpfIaITBRNA4YKzqAruUL3q+9TBOm1F0Cw1KB9mcanfP+NAGKfYCqddzI81AuDEPD0oIjNGvUMED017qDFTJu0NH1x\/KADEflGNUs9E5w4zxI99g1lcnP\/1S7z5z8uvjt5rpLDH+3XaQ2NXEPrUlKvyxnUyLjjJxhFyiNTDLnsaHiGik1vOUX1iXya4iF36\/aOQ2URO1IHPpU9y+D2L76kvPh7Xj2I9d3PZFIUkuf15LEekhQ664hgp5vgPNc8xK8fRH+h\/odReZ+8C8oPm\/bArOPDx3pjoYI6fZnfn94wkM3Plxkl5MRZCFOWUYPeP\/qdCeHAlEJmGs2G3tqhlnAEH0ovV8ronv1ILMkqNL1FwVivKtjzyGQuGDv0IQFXdOokuVaBrnV9LvyiLZfGrpW\/KBrktfAxwsD5YVSkK9nyDYItuYQ70qh97lmbWtnGgGg1MYxbUzMrTQb999715yT1DiJ++tkE1vn68iC2zPGi15Yxes+qXsYbK8KPpWvRFDKq8OM51XWh3b3P0TO9+4K+V7inDiWkKF7JUoUz+v+\/p6Hm6m2VTxylOSPCWWbEozrGGzACAQhjMpunCcWjKKRxcPs7AhX3UX2wdZzJK2h91ok7KptOCYL9ONSzN\/sZZqfaleWklFVNxs7V+z0krjs7HkjW8a9pY7r6Cx+SpXnNq63gyB5YlnpLfX8ZbLk0N0e0FxKqQMvfqRoEZYe\/rTQQrT140UYp2zUrvIGpXHvZKQpMWwcP5sEq3ry55v7GxVRunjuN9FN+CAOaEVO1gf6DZfecGjZM+RP1gcnB3cDAXspNwkFMzAaahqZvkfMfaPlrM+wNvdJpOCoemonZOnax2MH\/AEOfSRCktSS\/UpRdnqvZKdQcdi5yEI9SNUb81Ub6JWaBbnR4J8sY7Dxt7taTqCSuZOs1t5AKgIrenK+cT1OlClCOXXlOXtak0T0r775vMfNWVBORL22\/cv3gDVTt8e04y4b0b\/i0pe54McNB1Zp7b\/FvzIQL+uXnq68ZcbGxbWdHHTDehsjXCzmyTmwXf6fVQqa349QYqXVTBPGszU8UrNH1hpuqEMK5b0cJy7xd8nUb54SAovKatVZVPxTrFXvOSA7whaKh4y+w71iclWB2Gxj4hJU5qfOWElXRQhIpgSDcrdm+ldMFoJp2cVrnCjmUMWE3XgHK5GxvrVKtiKs3iyjVzkWFQAwddwl63jUWt3FPLliQ6nPXGWOF\/p6ViidoNCPC6ztP4cdYKsK7Vq7zGnV91xkPPy+I0AtCaqO3W2OU5Ka+sLWkexWkSwtv55aBXgYsE4i+kLSFPfCEDA5Gdfr9GqoY6inIu0Uiq\/tmYILVS++6nKP1hgVaaKPrU7aGZRrIgEl6jjnwT9QRN6qw0NvRDvPGROxmNh0YARElRrHTcNpSA23E6K2dCfge5QdCWxqm6GxG1lCj1UpVOzPM9vTLly9KWpeXVarcUjk7HjTd68fqQfSjTJ96uVBaKQtq3jeuWnNdtbD7UMxlk1SoOJgJ0XN9umtpNaqXX4dqpDguQD+IBuao\/272tKDXmUnsvjaSYwolyL8dpDi\/WyFhN1U7i1RfxRk2vQ2a+k\/D8Hw==\" \/><\/form> \t<div class=\"pdf24Plugin-cp-link\"> \t\t<a href=\"#\" onclick=\"var pdf24Win = window.open('about:blank', 'pdf24PopWin', 'resizable=yes,scrollbars=yes,width=600,height=250,left='+(screen.width\/2-300)+',top='+(screen.height\/3-125)+''); pdf24Win.focus(); document.pdf24Form0.submit(); if(typeof pdf24OnCreatePDF === 'function'){void(pdf24OnCreatePDF(this,pdf24Win));} return false;\">TELECHARGER L\\'ARTICLE AU FORMAT PDF<\/a> \t<\/div> <\/div>","protected":false},"excerpt":{"rendered":"<p>Intitul\u00e9 du projet : hybridation art3 a sollicit\u00e9 le Lyc\u00e9e agricole du Valentin pour initier une collaboration avec l\u2019artiste Laurent Pernel. Suite aux premiers \u00e9changes et une visite dans le Lyc\u00e9e, Laurent Pernel a orient\u00e9 son intervention autour de la &hellip; <a href=\"http:\/\/www.art-3.org\/art-contemporain\/lycees\">Continuer la lecture <span class=\"meta-nav\">&rarr;<\/span><\/a><\/p>\n","protected":false},"author":1,"featured_media":0,"parent":0,"menu_order":0,"comment_status":"closed","ping_status":"open","template":"","meta":{"footnotes":""},"class_list":["post-3608","page","type-page","status-publish","hentry"],"_links":{"self":[{"href":"http:\/\/www.art-3.org\/art-contemporain\/wp-json\/wp\/v2\/pages\/3608","targetHints":{"allow":["GET"]}}],"collection":[{"href":"http:\/\/www.art-3.org\/art-contemporain\/wp-json\/wp\/v2\/pages"}],"about":[{"href":"http:\/\/www.art-3.org\/art-contemporain\/wp-json\/wp\/v2\/types\/page"}],"author":[{"embeddable":true,"href":"http:\/\/www.art-3.org\/art-contemporain\/wp-json\/wp\/v2\/users\/1"}],"replies":[{"embeddable":true,"href":"http:\/\/www.art-3.org\/art-contemporain\/wp-json\/wp\/v2\/comments?post=3608"}],"version-history":[{"count":3,"href":"http:\/\/www.art-3.org\/art-contemporain\/wp-json\/wp\/v2\/pages\/3608\/revisions"}],"predecessor-version":[{"id":3610,"href":"http:\/\/www.art-3.org\/art-contemporain\/wp-json\/wp\/v2\/pages\/3608\/revisions\/3610"}],"wp:attachment":[{"href":"http:\/\/www.art-3.org\/art-contemporain\/wp-json\/wp\/v2\/media?parent=3608"}],"curies":[{"name":"wp","href":"https:\/\/api.w.org\/{rel}","templated":true}]}}