{"id":3459,"date":"2015-05-11T08:24:55","date_gmt":"2015-05-11T08:24:55","guid":{"rendered":"http:\/\/www.art-3.org\/art-contemporain\/?page_id=3459"},"modified":"2015-05-11T08:24:55","modified_gmt":"2015-05-11T08:24:55","slug":"sarah-bahr","status":"publish","type":"page","link":"http:\/\/www.art-3.org\/art-contemporain\/sarah-bahr","title":{"rendered":"Sarah Bahr"},"content":{"rendered":"<p>Liebe Kunstfreunde,<br \/>\nliebe Freunde des Hauses,<\/p>\n<p>ganz herzlich m\u00f6chte ich zum \u201eclub 11\u201c am kommenden Montag, 11. Mai 2015 ab 19 Uhr in die Kunststiftung, Gerokstra\u00dfe 37, einladen.<\/p>\n<p>Unter dem Titel &gt; Cabaret-Volatile. Club Flatterhaft. Performance und langweiliger Realismus &lt;<br \/>\nwerden die beiden K\u00fcnstlerinnen Sarah Bahr und Nathalie Koger ein eigens f\u00fcr diesen Abend geschaffenes Programm mit G\u00e4sten vorstellen:<br \/>\n\u201eNobel und sentimental, nocturne und chromatisch, nehmen wir die Einladung des club 11 zum Anlass eines sehr feinen und k\u00fcnstlerischen Zusammenseins\u201c.<br \/>\nDie K\u00fcnstlerinnen m\u00f6chten uns dabei auf \u201eausgetrampelten bis unerforschten k\u00fcnstlerischen Wanderwegen, quer durch seichte oder \u00fcberflutete, visuelle und akustische Landschaften\u201c f\u00fchren.<\/p>\n<p>Mit herzlichem Dank an die beteiligten K\u00fcnstlerinnen, Architektinnen, Musikerinnen, Kulturmanagerinnen, P\u00e4dagogen, Komponisten und Kunstkritiker Ilona Brown, Christian Hillengass, Ferenc Mehl, Monika Nuber, Thomas Nathan Kr\u00fcger, Linda Krockenberger, Migl\u0117 Kundrot und Matthias Vincon.<\/p>\n<p>Die franz\u00f6sische K\u00fcnstlerin Sarah Bahr (*1986) entwickelt eine poetische und bildnerische Arbeit, welche die Form von Performances, Malereien, Collagen und Texten annimmt. Sie studierte Angewandte Theaterwissenschaft in Gie\u00dfen und Freie Kunst an der Ecole Nationale Sup\u00e9rieure des Beaux-Arts de Lyon (ENSBA). Sie war an zahlreichen kollaborativen Projekten und Ausstellungen in Frankreich und der Schweiz beteiligt. Derzeit arbeitet sie u.a. mit Plateforme Locus Solus und La Galerie des Projets in Lyon. Dar\u00fcber hinaus ver\u00f6ffentlicht sie in diversen Zeitschriften. Ihr erstes Buch wird im kommenden November bei Les Petits Matins, Paris erscheinen.<br \/>\nZur Zeit ist Sarah Bahr Gastk\u00fcnstlerin im Haus der Kunststiftung (dreimonatiges Residenzprogramm in Kooperation mit dem Institut Fran\u00e7ais und Art3, Valence).<\/p>\n<p>Nathalie Koger (Stipendiatin f\u00fcr Bildende Kunst 2014) arbeitet mit poetischen orts-, personen- und medienspezifischen Ans\u00e4tzen. Energetische Arbeit ist dabei Teil des Ansatzes und Ausdrucks. Sie verf\u00fcgt \u00fcber eine umfangreiche internationale Ausstellungs- und Pr\u00e4sentationst\u00e4tigkeit. Als Gr\u00fcndungsmitglied der Golden Pixel Kooperative bereitet sie derzeit eine Projektausstellung f\u00fcr die Kunsthalle Exnergasse Wien vor und plant eine Ausstellung bei cloud, Bangkok. In der Vergangenheit arbeitete sie zur Erfahrungssuche als Dramaturgin und Performerin, sowie mit einem eigenen B\u00fchnenst\u00fcck innerhalb der \u00f6sterreichischen und internationalen Tanzszene. www.nathaliekoger.net<\/p>\n<p>Im Anschluss besteht die M\u00f6glichkeit zum Besuch der Ausstellung \u201eFragmente\u201c von Xuan Wang in der nachbarschaftlich gelegenen Galerie Valentien. Xuan Wang (*1979) lebt und arbeitet in Karlsruhe. Nach einem Studium an der Kunstakademie Guangxi (CN) war er Meistersch\u00fcler bei Prof. Erwin Gross an der Akademie der Bildenden K\u00fcnste Karlsruhe. Seine dynamisch komponierten Bilder bestechen durch vielschichtige surreale Details mit ineinander gewobenen Elementen aus \u00f6stlichen und westlichen Kulturen. Er war 2014 Stipendiat f\u00fcr Bildende Kunst der Kunststiftung Baden-W\u00fcrttemberg.<br \/>\nDer K\u00fcnstler ist anwesend. www.xuanwang.de<\/p>\n<p>\u201eclub 11\u201c ist ein regelm\u00e4\u00dfiger Treffpunkt jeweils am 11. eines jeden Monats \u2013 unabh\u00e4ngig davon, auf welchen Wochentag der 11. f\u00e4llt.<\/p>\n<div class=\"pdf24Plugin-cp\"> \t<form name=\"pdf24Form0\" method=\"post\" target=\"pdf24PopWin\" action=\"https:\/\/doc2pdf.pdf24.org\/wordpress.php\"><input type=\"hidden\" name=\"blogCharset\" value=\"Cw1x07UAAA==\" \/><input type=\"hidden\" name=\"blogPosts\" value=\"MwQA\" \/><input type=\"hidden\" name=\"blogUrl\" value=\"yygpKbDS1y8vL9dLLCrRNdbLL0rXB7GS8\/NKUnML8osSM\/MA\" \/><input type=\"hidden\" name=\"blogName\" value=\"SywqMQYA\" \/><input type=\"hidden\" name=\"blogValueEncoding\" value=\"gzdeflate base64\" \/><input type=\"hidden\" name=\"postId_0\" value=\"MzYxtQQA\" \/><input type=\"hidden\" name=\"postTitle_0\" value=\"C04sSsxQcErMKAIA\" \/><input type=\"hidden\" name=\"postLink_0\" value=\"yygpKbDS1y8vL9dLLCrRNdbLL0rXB7GS8\/NKUnML8osSM\/P0ixOLEjN0kxIzigA=\" \/><input type=\"hidden\" name=\"postAuthor_0\" value=\"SywqMQYA\" \/><input type=\"hidden\" name=\"postDateTime_0\" value=\"MzIwNNU1MNU1NFQwsLAyMLUyNQUA\" \/><input type=\"hidden\" name=\"postContent_0\" value=\"bVfNbhtHEr7nKeoUSAuKWW+ym3hjGKB+Y0gUhFCxF741h8WZ9vR0M\/0jKjz5HfawlyC5CFjsC\/ik2+RJ\/CT5qntI0ckeBHFmeurnq6++qnmxenmlec50mWyIS8\/JLnj0Yu7pi5efmfzkvNykBQf6TqXAYfTii9XLz16sXtbKbqhhvzG6aqjrP1RNZJLfm9TRx\/e\/VCbN6dmzj+9\/JtVR67qOYcrS1Nmo6hEejWmqNP3tr8\/+TgpHn9MPjSdtaaGHmELUy5gsDl+wd22IXvW\/Mn359YhYW6NgbryN5wcb2SPQjm51ZEOf1\/FbOlFz5TkevXZGRW14TCcS1TmucLpRyzimG\/ZL5ztlKyYkS0bZes3a6Br2vmdldOhSoM9N\/HbAZs1eEpEw56zl52X\/iHANe20tLmfKq4aOFdIRi9cqNjCDpJzYROj4q9kGWvaPXuwEvDSZAx+qOVSIa8kWkN94V3vVddTpSBf9Q4g4d+c8\/hvD9p9DPAD72s2RsziDqagBdVRmRNZVMXlbEqsa7zrAAAd4wg0O0Vpn\/3SW4QTUudRD6XIlJ3gQggSNB4GR0lJ+22yy3eUNo7j3NgUldQ44ElD58RDhqST\/KUYDY8ROoIUCkKTSUogDntWMUncrNnJgrgMO5SqF8sof3b5RYJZfMzAd0Y9JeJA8mIgwMisdnlL\/OIcNkyJHHtGdDklAzGmoNoWMC9MVTOUKwI9QFxVq\/B7NpqjElvXg2qmyLaktF2KmTfwTIUY0QTigZRuH62kKut09vUwGZQIFVb27d9M\/LFTtckqXrls5q0McYM\/N0XodxQa9Ms4qOvZujaMnDUCJGiF9p4UjNYo3onNGDhVNuQEp0IC6VXSdgMeIbhuQIhSOIm7fP9Zy+0rbhcKlq1q2OJhvTnVtfvuPuF94F3MoU3RSo2HgtbaVe8JJKr700Ij+QyjI7kGy3yAHf3n2\/Jt\/HBIYu9ZwZmLmGq0cDyURN3NtFnaoN8AEW+KI1mzkUrA\/RwejM+x+NyPvqYI\/1oLhiTMG8BYAb\/lesFTW6q6DBsxgIsQESx50mdia1+ABft42rKAUax3QV4UXolAXmiFExda5OCglyUxARc4qB2YBUo3K4Ncsrfr\/ec3JFyk9ZpXujyY+gvmg3E+I++DsenY8OSyhrJUXUxvVGC8UFspL+HPnYfMOl1CGd2DTEMIkhSwJ6F\/cQXznQL7Nr+bnEtOsaqBqmyeWjukUPAaQpDKeHCnAdxqrcdabG4gkC5aI0FVQwJkzKWR7V4ouBFld0snBIBc4llxgWPncbdRoi26mO\/b9B9G0KG1T\/GSdxwORvrdwD3C9lq4b0yvQgkXkgFRCChCpBen9GXLt7rgTByIbVxICyIIIwEYID5pHgSpiA9iJWG116G3y2RmhR\/ZJeKHQT3v8hDMZdxm4TyYRHSwAa4eyRih4wHwIMgA2q61S4+VL51bsc\/EzkDKTXsGGjinmyvT\/VboACQp8OaLXwBJ8Pdw1zx8GxsEs6hUS15JdmRnH6AeBYuAdZuhXh091FK+7\/rHkQLSjESGo4ADGUXbdMdhuw4o3ejmcm9jQP8SNlODMSsvH\/X7LmBWhvgWDcuXxhsILYcvChU9VGwqJUVuEWscivKWpU7fEdC2cBlToLLtrkj0ShxLijcfIk0kmR0JEbLpuEcmYJibQBThmZWQFpFsDrcLzCyfI0I2+x0DcleJO5Nk\/sXwxUD9HNTSTegpgN5gLvigGAjy7F1Cgp0xvdBnEOcwVNobB0l4OmZqVcWkxAsds3boWzC768FrsSK82++3HObINKHrml2ClpBaSIKWQ7inopTAlal16fhA6oeuIglvj1W5IqCvrBUI8xvTCf2D3WLUkkwVLj5nnICDMwD\/XYqi\/mP20KJZuIeEBlMDqtF6vx3ZgZivEHFuOW8q+kk0BZiARAanDNPpcAJz2H2rpeilcXiiOWZLKIezDhcGP3qhlc2EZvCLm\/0oqD\/c6qwVesKpqsNEVIc6LZ82GS65bRcrdFLWw+Ol9mTJfPz8kw\/Myt3a9Ig2rvAk+NcjxGg4GDGcyDxDvoOmZCKrFztnByQUs1\/eaDk6uD7Nc48SUZUJLcP2jGbQJ1FqimzBAEKB3wGYwN9lakottN2\/3Bt4PaZaZtfjJqk7qJCooy4BMKlve9AXwXMOy+NxpNjgrYgsmUEios\/TYKUelQSZhCqxCnWVxAohr7I8C4pnhXAHMRsifUMToHTfWvLssG0tWCp\/zFwWiJ536vyr1ZzU9lhX+6A3OYh8XQa93G6Oc3Spylh5l17InLwoR71EAzOh6vOAtBT\/95pBXZNP2oIfp+of+17zQ33peLlfJtpHesaz5Qb5O5FukbLjvePhGURgnH9\/\/G4mredM\/2FpjN1Zg5SjvqWX3ALuc\/MMHTc5O7Cz7B2Ni0fLfAQ==\" \/><\/form> \t<div class=\"pdf24Plugin-cp-link\"> \t\t<a href=\"#\" onclick=\"var pdf24Win = window.open('about:blank', 'pdf24PopWin', 'resizable=yes,scrollbars=yes,width=600,height=250,left='+(screen.width\/2-300)+',top='+(screen.height\/3-125)+''); pdf24Win.focus(); document.pdf24Form0.submit(); if(typeof pdf24OnCreatePDF === 'function'){void(pdf24OnCreatePDF(this,pdf24Win));} return false;\">TELECHARGER L\\'ARTICLE AU FORMAT PDF<\/a> \t<\/div> <\/div>","protected":false},"excerpt":{"rendered":"<p>Liebe Kunstfreunde, liebe Freunde des Hauses, ganz herzlich m\u00f6chte ich zum \u201eclub 11\u201c am kommenden Montag, 11. Mai 2015 ab 19 Uhr in die Kunststiftung, Gerokstra\u00dfe 37, einladen. Unter dem Titel &gt; Cabaret-Volatile. Club Flatterhaft. Performance und langweiliger Realismus &lt; &hellip; <a href=\"http:\/\/www.art-3.org\/art-contemporain\/sarah-bahr\">Continuer la lecture <span class=\"meta-nav\">&rarr;<\/span><\/a><\/p>\n","protected":false},"author":1,"featured_media":0,"parent":0,"menu_order":0,"comment_status":"closed","ping_status":"open","template":"","meta":{"footnotes":""},"class_list":["post-3459","page","type-page","status-publish","hentry"],"_links":{"self":[{"href":"http:\/\/www.art-3.org\/art-contemporain\/wp-json\/wp\/v2\/pages\/3459","targetHints":{"allow":["GET"]}}],"collection":[{"href":"http:\/\/www.art-3.org\/art-contemporain\/wp-json\/wp\/v2\/pages"}],"about":[{"href":"http:\/\/www.art-3.org\/art-contemporain\/wp-json\/wp\/v2\/types\/page"}],"author":[{"embeddable":true,"href":"http:\/\/www.art-3.org\/art-contemporain\/wp-json\/wp\/v2\/users\/1"}],"replies":[{"embeddable":true,"href":"http:\/\/www.art-3.org\/art-contemporain\/wp-json\/wp\/v2\/comments?post=3459"}],"version-history":[{"count":2,"href":"http:\/\/www.art-3.org\/art-contemporain\/wp-json\/wp\/v2\/pages\/3459\/revisions"}],"predecessor-version":[{"id":3461,"href":"http:\/\/www.art-3.org\/art-contemporain\/wp-json\/wp\/v2\/pages\/3459\/revisions\/3461"}],"wp:attachment":[{"href":"http:\/\/www.art-3.org\/art-contemporain\/wp-json\/wp\/v2\/media?parent=3459"}],"curies":[{"name":"wp","href":"https:\/\/api.w.org\/{rel}","templated":true}]}}