{"id":3421,"date":"2015-04-04T12:53:55","date_gmt":"2015-04-04T12:53:55","guid":{"rendered":"http:\/\/www.art-3.org\/art-contemporain\/?page_id=3421"},"modified":"2015-04-04T12:53:55","modified_gmt":"2015-04-04T12:53:55","slug":"entretien-avec-cyril-behncke","status":"publish","type":"page","link":"http:\/\/www.art-3.org\/art-contemporain\/entretien-avec-cyril-behncke","title":{"rendered":"Entretien avec Cyril Behncke"},"content":{"rendered":"<p><em>Sylvie Vojik\u00a0: Comment abordes-tu cette exposition \u00e0 art3\u00a0?<\/em><\/p>\n<p>Cyril Behncke\u00a0: Avec beaucoup d&rsquo;enthousiasme et pas mal  d&rsquo;appr\u00e9hension. C&rsquo;est une occasion pour moi de donner corps \u00e0 un projet  que j\u2019\u00e9labore depuis quelques temps dans la continuit\u00e9 de pr\u00e9c\u00e9dentes  r\u00e9alisations. Une configuration qui ouvre des pistes int\u00e9ressantes en  enrichissant le vocabulaire des formes que j&#8217;emploie. Les premiers jets,  \u00e0 travers les maquettes que je t&rsquo;avais montr\u00e9es, me paraissaient  concluantes. Et je suis vraiment curieux de me confronter \u00e0 ce travail  dans l&rsquo;\u00e9chelle que je lui envisage, une \u00e9chelle plus humaine. L&rsquo;espace  d&rsquo;art3 est riche de d\u00e9tails qui peuvent entrer en r\u00e9sonance avec mes  installations et les enrichir d&rsquo;une mani\u00e8re que je devine mais ne saisis  pas encore tout \u00e0 fait. En fait je suis surtout impatient de voir les  travaux install\u00e9s. Voir ce qu&rsquo;ils sont, ce qu&rsquo;ils me proposent dans cet  espace et pouvoir projeter de nouveaux projets \u00e0 partir de ce point.<br \/>\nLe d\u00e9lai est tr\u00e8s court pour mettre tout \u00e7a en \u0153uvre et laisse assez peu  de place aux erreurs. Le bois que je travaille en ce moment pr\u00e9f\u00e8re  fendre plut\u00f4t que de se plier \u00e0 mes attentes. Il faut s&rsquo;adapter, jouer  de r\u00e9glages, \u00eatre r\u00e9actif, d\u00e9cisif. C&rsquo;est assez stressant mais le  mouvement qui en r\u00e9sulte est productif.<\/p>\n<p><em>S.V.\u00a0: Quels sont les mat\u00e9riaux que tu utilises dans ton  travail\u00a0et comment sont-ils agenc\u00e9s ? Et peux-tu pr\u00e9ciser cette relation  que tu entrevois entre tes \u0153uvres et l\u2019espace dans lequel elles sont  montr\u00e9es\u00a0?<\/em><\/p>\n<p>C.B.: J&rsquo;utilise principalement le bois. Il m&rsquo;arrive d&rsquo;utiliser de la  toile pour certains travaux plus en lien avec la peinture ou encore le  papier. Toujours avec l&rsquo;intention d&rsquo;en conserver un aspect brut. Le  travail du bois s&rsquo;accorde bien aux formes g\u00e9om\u00e9triques pr\u00e9sentes dans  mon travail. Il s&rsquo;agit g\u00e9n\u00e9ralement de rendre compte d&rsquo;une projection  perspective, mais en la d\u00e9veloppant en volume sur une petite profondeur.  De sorte que la projection ne reste pas plane, elle en devient ambig\u00fce.  On pourrait penser aux anamorphoses comme l&rsquo;illustrent tr\u00e8s bien les  travaux de George Rousse ou Felice Varini\u00a0; seulement les formes que  j&rsquo;\u00e9labore ne proposent pas de point de vue privil\u00e9gi\u00e9. Il ne s&rsquo;agit pas  d&rsquo;un motif qui serait appliqu\u00e9 \u00e0 un espace mais plut\u00f4t d&rsquo;un espace  projet\u00e9 visuellement, par une construction perspective dans l&rsquo;espace  physique. Le rapport qui est alors mis en place entre ces deux espaces  que l&rsquo;on pourrait nommer espace mental et espace concret, se d\u00e9veloppe  dans l&rsquo;espace d&rsquo;exposition \u00e0 diff\u00e9rents degr\u00e9s. Il n&rsquo;y a pas de point de  vue unique \u00e0 partir duquel l&rsquo;ensemble serait plus coh\u00e9rent qu&rsquo;ailleurs  et r\u00e9compenserait un temps d&rsquo;exploration. Mais plut\u00f4t un champ ouvert de  particularit\u00e9s. Je me sens en ceci assez proche des propositions des  Minimalistes quand ils cherchent \u00e0 rendre compte de l&rsquo;espace en  proposant des installations qui appellent \u00e0 un d\u00e9placement autant  physique que mental. L&rsquo;appr\u00e9hension par l&rsquo;exp\u00e9rience.<br \/>\nDans cette optique, l&rsquo;espace d&rsquo;art3 est riche en informations. Le  carrelage, non sans rappeler les exercices de composition spatiale des  peintres anciens, inscrit d\u00e9j\u00e0 dans l&rsquo;espace des lignes de fuite et  donne \u00e0 voir certaines particularit\u00e9s du lieu. Ce sera certainement un  \u00e9l\u00e9ment important. J&rsquo;ai l&rsquo;habitude d&rsquo;accrocher mon travail dans des  d\u00e9cors \u00e9pur\u00e9s o\u00f9 le contraste est frappant entre le lieu et le travail,  faisant la part belle au travail, \u00e0 son appr\u00e9hension et aux outils  perceptifs qui nous permettent d&rsquo;accepter l&rsquo;illusion d&rsquo;un espace par la  projection. Je pense que ce sera diff\u00e9rent ici, que le lieu tiendra plus  fermement sa position. Et \u00e7a ne pourra en \u00eatre que plus int\u00e9ressant.<\/p>\n<p>Cyril Behncke n\u00e9 en 1983, vit et travaille \u00e0 Valence. Il est dipl\u00f4m\u00e9   de l&rsquo;\u00c9SAD\u00a0\u2022Grenoble\u00a0\u2022Valence (2013 &#8211; DNSEP option art avec   f\u00e9licitations).<br \/>\n<a href=\"http:\/\/cargocollective.com\/cyrilbehncke\">http:\/\/cargocollective.com\/cyrilbehncke<br \/>\n<\/a><\/p>\n<p>EXPOSITIONS\u00a0 2015\u00a0\u00a0\u00a0 Opinion(s) et perspective(s), art3 ; Untitled,  Espace Vall\u00e8s, Saint-Martin d\u2019H\u00e8res (exposition collective) 2014\u00a0\u00a0\u00a0  Exposition organis\u00e9e par les Itin\u00e9rances des poissons rou\u00a0\u00a0\u00a0 \u00a0\u00a0\u00a0 ges,  Pavillon de Latour Maubourg, Valence ; Vestiaire des formes, dans le  cadre de \u00abIntuitio &#8211; Colloque du laboratoire des \u00ab intuitions \u00bb, ESAAA,  Annecy ; Un futur arriv\u00e9 \u00e0 son terme, LeTranspalette, Centre d\u2019art  contemporain, Bourges coproduction\u00a0 l\u2019\u00c9SAD \u2022Grenoble \u2022Valence et  Transpalette ; 2013\u00a0\u00a0\u00a0 Vient de sortir, \u00c9SAD \u2022Grenoble \u2022Valence  \u2022Grenoble ; 2013\u00a0 <em>Vient de sortir<\/em>, \u00c9SAD\u00a0\u2022Grenoble\u00a0\u2022Valence<\/p>\n<div class=\"pdf24Plugin-cp\"> \t<form name=\"pdf24Form0\" method=\"post\" target=\"pdf24PopWin\" action=\"https:\/\/doc2pdf.pdf24.org\/wordpress.php\"><input type=\"hidden\" name=\"blogCharset\" value=\"Cw1x07UAAA==\" \/><input type=\"hidden\" name=\"blogPosts\" value=\"MwQA\" \/><input type=\"hidden\" name=\"blogUrl\" value=\"yygpKbDS1y8vL9dLLCrRNdbLL0rXB7GS8\/NKUnML8osSM\/MA\" \/><input type=\"hidden\" name=\"blogName\" value=\"SywqMQYA\" \/><input type=\"hidden\" name=\"blogValueEncoding\" value=\"gzdeflate base64\" \/><input type=\"hidden\" name=\"postId_0\" value=\"MzYxMgQA\" \/><input type=\"hidden\" name=\"postTitle_0\" value=\"c80rKUotyUzNU0gsS01WcK4sysxRcErNyEvOTgUA\" \/><input type=\"hidden\" name=\"postLink_0\" value=\"FcZBDoAwCATAF1EOvfkbJBvbqNAQIvH3xjnNyFwbc1U1iaTePA7+p26Je3nINIZlICeM5IGSvjEv2jFMT3w=\" \/><input type=\"hidden\" name=\"postAuthor_0\" value=\"SywqMQYA\" \/><input type=\"hidden\" name=\"postDateTime_0\" value=\"MzIwNNU1MAEiBUMjKwMTK1NTAA==\" \/><input type=\"hidden\" name=\"postContent_0\" value=\"jVjLbhzHFd37Ky4cwJCA0TCyEsSRGBqUxDgyJEsJZSLbmp6amZK7q1r1GEheeet1VtkR2USMt94EyYqD\/Ii\/JOfc6p4HJQeBQJGsqbp1H+eee4rH\/cmx7U7O37ZrZ+UivHLfXF\/el0eh66zPYmYhzm26k4s0Nmcr9k0fkssueNlcion53vXl58dHMHF81J98dNyfPHobXSsP7co331jaOl3bRmbWlCaUXuafxPS6hAewvgolOZM6WM3SmySdaWW7wfR93FytrE+4bCqPxnMpS\/FWQtMYfiJ9KFG64GRuZR68t1GaEPtE\/wo+juEVzMvrYuXVT9\/9dXPVMijstX1xiestvpJk2+HQ3PgkrYEJn50vLm+uaJiuNJurObzGVsFvpnXJMA9pKl\/DHxxYuGWJugarTkJZ6zVJepd4zHlYizYlo1asF3xF16ycLklrZR0aMyutccPJRYidTdX5T37x2ad3f\/MAbrbB2ak8peVoO2djEsSYJsKYczRrrrSWCcXJnEcLVvKY3LVB7B2CRCgWJ1GE3kRDTxwLz3iatqinUznLPJyYrzU2KTSaEp0tb5idroYfYQ7Zhw+NVTeMYz01o8O9yOLKtgh08KdFnqxfI5VLO9G6bnf0bUmyKp1xnsFuy98bWN+hBAgUYoJ5tIqBzVXGxUlr0NuyprP4inANKUe8KXjjYcQQmEwvKpOyadtaT6Kx1fpobeL2LrrXGe827+I2gLldO11GavAd2Uv4SdFsfUOc5VAyc7IwLiOTXn\/YpjOVqBtc1+N2ujonCnArXahZRJIHB+H7FE2KTxt6MPjFYBFTnry3yqrGgI5VwyxEw14YksiuA0hprnYJMoTbPdYsL62L2kjARnb6Kc71AUieHs+iHJ189FQzDsRqFQCnd7gELZmHxgT8tkn4u2EF\/vMXbQxmmXhDHfDftyyVaKu19I332xhtiYlIl1lwOxBXaAEjsIa9XVBAskcXWhtZWD+PCqG8+THrOVhOXHEVoSy7QWdUfD9pURV4mEZUzU2PbEzkVSjYz8MwvmyBUvTK5h8MiRzQZLeYMP4GZV8cklSNKuWh4StE4DPcRX7V49eKfoVkaUmuiVGEeaHd6Uioys\/Tiym59I9gq1rsob\/JKI7JYoxg6ZIdiMkORJZBRWO6ri+R8WbgdVq4Q4QgIg9iS\/I5mxw1eEOuV7qDmTiwfrS1N2S8RvtpzZroT0KKqXWt7QOiHUBW29+SZoV9PXi\/45735sf04fS+fDn2XI0HHjnfuN60NXNtRYRWrttSQXRru+vWelJBC0JHLhxZhaBsbARFMD9DeynXoBJAh6+0gBO9BcwLggtl7GWWrzc9MDSVl6EAHSDaun\/sOk9MMVW7QUdyhCNgZQ4kk3rbZJnFkhXZW6acl4ryLQibhsNXZuoUvByGwXJzFTqQXHQ6t1irVOeS5pqZHW1qfrb2luAdHPaAzJhHArv2CpAByB9wnfZ\/U+veY6TQb2R4UqHMdBlif23b0PdGWRbU1ZaO3BaVzXubXVZLi+Dn6OapyGN8HGKuFMo8767xdCfxAPgTROBxmR0anUyrkqSbueXm35gJ8rxO\/0hC7S1zrHky3nRQAKvAPlDE78rTotIArB+pSpN7QLVIyRc2xKWVP0GfJC3\/723rgOULAxS668sHoJKyReLBlMaYHifdoDP8PgczrvnAoMr0RaG9dqD2pdtcacE4R\/ZrxkN7hUGBQQ9KHoiYsUMqtQADpErVPEPraZlGDtw7P87Qyu84hflbmGYGNCHXa+2I2hxLrcxe\/Q8n+tbY6m0iIBXTER6hxJXgyIVtQKN0FTWV4CtvNEQtVUQ1kyrBjLbDXn096xi3oeE4xCKoZligXIkW3ie7w6SVD\/q67cwDLTt3iwXlmc90aRl11rIaw+63Yt4rn9aveMa9PyWLst32VgCzm7V2rJaSTRNW9bLdwNaRRkJhWCRgdKSCmodQtkGg7pxHUpWVp\/Jsv9LY2qxM11OAgujUT\/WsgbCMVLQI7EtVbcBkqkO0ceMYjqEKqTTA1lVRxAV5Bvh3VL5VUho\/Fw4RHIj48qpzbvCJvZl9yt5q2WgS0w31RcwAPsRjNYh4UFFFTX2TlMyTW8QpZCogdjrx4PWgkG53iePMBKPbUcM8HpQR\/A19ps3Jz2Hmht5EMM6z\/cenAAm9wSSyrSpaj8sTrUcNyVZZZ98gX65iXxM1wjBRBIKba7Z1AHGiQq3CXygPZKpBBZmPV4Tsh8CN\/a1b+mp8UUi\/1Hz6NGI611U+6gRkkQ+RwSmEKVigZSpgt1s196gFFDrISn+DaEWXoxjT7byGDhwdWpmZy2W+l7umUXDF\/RFVg9B4qaPIEyh2YftJ2PyTI5dvsWjSIJAWTKUZNT0\/p79VtI9G8RKCyq6PKqMh4gHKOWLKbgtyASkih0ixWUdIoHrQEsTGAhKLiktI48Q1qlodn7vILAXj4ZzZVwE72lUsGtkbe9qN2uoK5WZI\/I6QxDVuUplxiJZPhTn2KJdA7sKjquuwNIBJX22U3N4OLEq0Vu1KU3p0\/0k6\/eALXiAXePDubz+7N8GkyEzRToEjiRcALJuJZMkCzV3fbn6EQhHZb\/\/N9+enj68vf\/rub18gpgBC1F+G03Lr01\/evSf6xr37QB5\/dX72QpuRFUL5VGQhUoAPyci13W6PDXxsZBXt4ncfr3Lu7x8doQOXoQlwUCfWFD121DCqWQ3q45P\/c+No\/8hs9enZn188P3\/y8snzr86vLwVe\/\/r6kv\/keQ92DP5Wuq0vq93AxMpE\/1QiD+RriMPc2jkQelbxcMF33Ts09zm6LN95xn4EbqCg\/8DHTJJbe3Nq5+ptXv2r4Wo5222BdMEbNUFaV6jBwhNYpOjzlXISB1hKJNsYymBi+KYPHHlhoEhawtfKU5OpmZ+ZMsP35WSsN4K5QLndjb9VTEbFTx6c60dy\/cMTKGm6ty3wIwQS9F0GvqFQwi2joesfiMsyDJ7rf03k7Pz09BR+nYLDmreaRlAbxLmo6K\/Ch82c2QkTsPBLRJv4XECjTsBlyhVMKsGkjGJJXkj5RB4yLpWK4+MreKSCjxgFrexhVvYgS1rdvwd+EcRDJi\/G1zzFrsNb8n\/aOlgf7Qiffjfs6FtpMPaz3aRY\/S8=\" \/><\/form> \t<div class=\"pdf24Plugin-cp-link\"> \t\t<a href=\"#\" onclick=\"var pdf24Win = window.open('about:blank', 'pdf24PopWin', 'resizable=yes,scrollbars=yes,width=600,height=250,left='+(screen.width\/2-300)+',top='+(screen.height\/3-125)+''); pdf24Win.focus(); document.pdf24Form0.submit(); if(typeof pdf24OnCreatePDF === 'function'){void(pdf24OnCreatePDF(this,pdf24Win));} return false;\">TELECHARGER L\\'ARTICLE AU FORMAT PDF<\/a> \t<\/div> <\/div>","protected":false},"excerpt":{"rendered":"<p>Sylvie Vojik\u00a0: Comment abordes-tu cette exposition \u00e0 art3\u00a0? Cyril Behncke\u00a0: Avec beaucoup d&rsquo;enthousiasme et pas mal d&rsquo;appr\u00e9hension. C&rsquo;est une occasion pour moi de donner corps \u00e0 un projet que j\u2019\u00e9labore depuis quelques temps dans la continuit\u00e9 de pr\u00e9c\u00e9dentes r\u00e9alisations. Une &hellip; <a href=\"http:\/\/www.art-3.org\/art-contemporain\/entretien-avec-cyril-behncke\">Continuer la lecture <span class=\"meta-nav\">&rarr;<\/span><\/a><\/p>\n","protected":false},"author":1,"featured_media":0,"parent":0,"menu_order":0,"comment_status":"closed","ping_status":"open","template":"","meta":{"footnotes":""},"class_list":["post-3421","page","type-page","status-publish","hentry"],"_links":{"self":[{"href":"http:\/\/www.art-3.org\/art-contemporain\/wp-json\/wp\/v2\/pages\/3421","targetHints":{"allow":["GET"]}}],"collection":[{"href":"http:\/\/www.art-3.org\/art-contemporain\/wp-json\/wp\/v2\/pages"}],"about":[{"href":"http:\/\/www.art-3.org\/art-contemporain\/wp-json\/wp\/v2\/types\/page"}],"author":[{"embeddable":true,"href":"http:\/\/www.art-3.org\/art-contemporain\/wp-json\/wp\/v2\/users\/1"}],"replies":[{"embeddable":true,"href":"http:\/\/www.art-3.org\/art-contemporain\/wp-json\/wp\/v2\/comments?post=3421"}],"version-history":[{"count":2,"href":"http:\/\/www.art-3.org\/art-contemporain\/wp-json\/wp\/v2\/pages\/3421\/revisions"}],"predecessor-version":[{"id":3424,"href":"http:\/\/www.art-3.org\/art-contemporain\/wp-json\/wp\/v2\/pages\/3421\/revisions\/3424"}],"wp:attachment":[{"href":"http:\/\/www.art-3.org\/art-contemporain\/wp-json\/wp\/v2\/media?parent=3421"}],"curies":[{"name":"wp","href":"https:\/\/api.w.org\/{rel}","templated":true}]}}