{"id":3068,"date":"2013-12-12T12:59:06","date_gmt":"2013-12-12T12:59:06","guid":{"rendered":"http:\/\/www.art-3.org\/art-contemporain\/?page_id=3068"},"modified":"2015-10-23T13:58:40","modified_gmt":"2015-10-23T13:58:40","slug":"actualites-2","status":"publish","type":"page","link":"http:\/\/www.art-3.org\/art-contemporain\/actualites-2","title":{"rendered":"Actualit\u00e9s"},"content":{"rendered":"<p style=\"text-align: center;\"><strong>2015<\/strong><\/p>\n<p style=\"text-align: left;\"><em>Vient de sortir 2015 : les nouveaux dipl\u00f4m\u00e9s art de l&rsquo;\u00c9SAD \u2022Grenoble \u2022Valence<\/em>,\u00a0du\u00a023 octobre au 8 novembre 2015 \u00e0 la Bourse du Travail, Place de la Pierre, Valence ; elle est ouverte du mercredi au vendredi de\u00a015\u2009h\u200900\u00a0\u00e0\u00a019\u2009h\u200900, le samedi et le dimanche de\u00a010\u2009h\u200900\u00a0\u00e0\u00a013\u2009h\u200900 et de 15h00\u00a0\u00e019h00\u00a0(entr\u00e9e libre). Coordination art3<br \/>\n<a href=\"http:\/\/depot.esad-gv.fr\/pdf\/carton_expo_vient_de_sortir_2015.pdf\">le carton d&rsquo;invitation<\/a> <a href=\"http:\/\/depot.esad-gv.fr\/pdf\/communique_expo_vient_de_sortir_2015.pdf\">le communiqu\u00e9 de presse<\/a><\/p>\n<p style=\"text-align: left;\">Vernissage de l\u2019exposition <strong>Trace \u00e9vidence de Kapwani Kiwanga<\/strong>, le mercredi 4 mars \u00e0 18\u2009h, \u00e0 la Bourse du Travail de Valence. Cette exposition est organis\u00e9e par l&rsquo;ESAD \u2022Grenoble \u2022Valence en partenariat avec art3 Valence.<br \/>\nPlus d&rsquo;infos sur <a href=\"http:\/\/www.kapwanikiwanga.org\/ \">http:\/\/www.kapwanikiwanga.org\/<br \/>\n<\/a>Plus d&rsquo;infos <a href=\"http:\/\/www.esad-gv.fr\/media\/attachments\/communique_expo_kapwani_kiwanga.pdf\">http:\/\/www.esad-gv.fr\/media\/attachments\/communique_expo_kapwani_kiwanga.pdf<\/a><\/p>\n<p><span style=\"text-decoration: underline;\">Programme de r\u00e9sidences<\/span> :<br \/>\n<strong>Amandine Ru\u00e9 <\/strong>| artiste de la r\u00e9gion Rh\u00f4ne-Alpes est en r\u00e9sidence \u00e0 Stuttgart de f\u00e9vrier \u00e0 avril 2016 &#8211; R\u00e9sidence crois\u00e9e art3 <strong> <\/strong>| Institut fran\u00e7ais de Stuttgart<strong><br \/>\nLuke James <\/strong>| artiste de la r\u00e9gion Rh\u00f4ne-Alpes est en r\u00e9sidence \u00e0 Barcelone d&rsquo;octobre \u00e0 novembre &#8211; R\u00e9sidence crois\u00e9e art3 <strong> <\/strong>| Homesession Barcelone<br \/>\n<strong>Laura Llaneli <\/strong>| artiste catalane est en r\u00e9sidence \u00e0 Valence d&rsquo;octobre \u00e0 novembre<strong>.<\/strong><br \/>\n<strong>Benjamin Bronni <\/strong>| artiste allemand est en r\u00e9sidence \u00e0 Valence de mai \u00e0 juillet<strong>.<\/strong><br \/>\n<strong>Sarah Bahr <\/strong>| artiste de la r\u00e9gion Rh\u00f4ne-Alpes est en r\u00e9sidence \u00e0 Stuttgart\u00a0 du 2 avril au 22 juin<strong>. <\/strong><a href=\"http:\/\/www.sbahr.com\/\">plus d&rsquo;infos<\/a><strong> <\/strong><strong><br \/>\nAnne Giffon-Selle<\/strong> | historienne de l&rsquo;art et directrice du CAP de\u00a0 Saint-Fons est en r\u00e9sidence \u00e0 Stuttgart accueillie par le Gedok.<\/p>\n<div id=\"stcpDiv\">\n<div>\n<div><strong> <\/strong><\/div>\n<\/div>\n<\/div>\n<h4><span style=\"text-decoration: underline;\">Diffusion des projets r\u00e9alis\u00e9s dans le cadre du programme de r\u00e9sidences<\/span> :<\/h4>\n<ul>\n<li><strong>Julie Vacher et Emanuela Ascari<\/strong> | Exposition des participants au <a href=\"http:\/\/www.farearte.org\/collaborazioni\/global-art-program\/gap-esposizione-finale\/\">GAP programme<\/a>, du 11 au 30 juin, La Fabbrica del Vapore, Via Procaccini 4, 20154, Milano dans le cadre d&rsquo;EXPO 2015.<br \/>\n<strong> <\/strong><\/li>\n<\/ul>\n<ul>\n<li><strong> <\/strong><strong>Sarah Bahr <\/strong>| club 11\u201c am kommenden Montag, 11. Mai 2015 ab 19 Uhr in die Kunststiftung, Gerokstra\u00dfe 37 . <a href=\"http:\/\/www.art-3.org\/art-contemporain\/sarah-bahr\">Pour en savoir plus<\/a><\/li>\n<\/ul>\n<ul>\n<li><strong>Emanuela Ascari<\/strong>, Ci\u00f2 che \u00e8 vivo<\/li>\n<\/ul>\n<h4><strong> <\/strong>invitandovi a seguirlo sulle pagine di <a href=\"http:\/\/www.undo.net\/it\/\">undo.net<\/a><br \/>\n<a href=\"http:\/\/www.undo.net\/it\/my\/vivo\">http:\/\/www.vivo.undo.net<\/a><br \/>\n<a href=\"http:\/\/www.undo.net\/it\/my\/vivo\/317\/890\">http:\/\/www.undo.net\/it\/my\/vivo\/317\/890<\/a> (link diretto al primo contenuto della pagina)<\/h4>\n<ul>\n<li><strong>Ga\u00eblle Choisne <\/strong>| Exposition Cric Crac du 14 f\u00e9vrier au\u00a03 mai 2015 au Centre d&rsquo;art contemporain la Halle des bouchers, Vienne.<br \/>\nPlus d&rsquo;infos <a href=\"http:\/\/www.cac-lahalledesbouchers.fr\/expositions\/en-cours\/gaelle-choisne\">http:\/\/www.cac-lahalledesbouchers.fr\/expositions\/en-cours\/gaelle-choisne<\/a><\/li>\n<\/ul>\n<p style=\"text-align: center;\"><strong>2014<\/strong><\/p>\n<h4 style=\"text-align: left;\"><span style=\"text-decoration: underline;\">Programme de r\u00e9sidences<\/span> :<br \/>\n<strong> <\/strong><\/h4>\n<h4 style=\"text-align: left;\"><strong>Lola Gonzales <\/strong>| artiste de la r\u00e9gion Rh\u00f4ne-Alpes est en r\u00e9sidence \u00e0 Homesession Barcelone\u00a0 de septembre \u00e0 octobre. <a href=\"http:\/\/lola-gonzalez.com\/\">Lola Gonzales<\/a><br \/>\n<strong>Edith Brunette<\/strong> | artiste qu\u00e9b\u00e9coise est en r\u00e9sidence \u00e0 art3 d&rsquo;octobre \u00e0 d\u00e9cembre 2014.<a href=\"http:\/\/edithbrunette.net\/\"> Edith Brunette<br \/>\n<\/a><strong>Ga\u00eblle Choisne<\/strong> | artiste en r\u00e9sidence \u00e0 Montr\u00e9al de mars \u00e0 mai 2014.<a href=\"http:\/\/edithbrunette.net\/\"><br \/>\n<\/a><strong>Claudia de la Torre<\/strong> | artiste en r\u00e9sidence \u00e0 art3 d&rsquo;avril \u00e0 juin 2014.<a href=\"http:\/\/edithbrunette.net\/\"><br \/>\n<\/a><strong>Tom Castinel<\/strong> | artiste en r\u00e9sidence \u00e0 Stuttgart au printemps 2014.<a href=\"http:\/\/edithbrunette.net\/\"><\/a><\/h4>\n<h4><span style=\"color: #000000;\">Diffusion des projets r\u00e9alis\u00e9s dans le cadre du programme de <\/span>r\u00e9sidences<\/h4>\n<li>Edith Brunette en r\u00e9sidence \u00e0 art3 pr\u00e9sente son travail en cours le 26 novembre.<\/li>\n<li><span style=\"text-decoration: underline;\">Pr\u00e9sentation<\/span> : Lola Gonz\u00e0les en r\u00e9sidence \u00e0 Homesession pr\u00e9sente son travail jeudi 30 octobre \u00e0 20h, NOOK &#8211; Poble Sec. C\/ NOU DE LA RAMBLA 143, BARCELONA. R\u00e9sidence crois\u00e9e art3 et Homesession est soutenue par  la R\u00e9gion Rh\u00f4ne-Alpes la G\u00e9n\u00e9ralit\u00e9 de Catalogne et la Mairie de Barcelone.<\/li>\n<li><span style=\"text-decoration: underline;\">Exposition <\/span> : Tom Castinel, Er L\u00e4utete &#8211; She Romps &#8211;  vernissage  samedi 6   septembre \u00e0 partir de 12h -Exposition du 6  septembre au 31  octobre  2014.  Au Centre d&rsquo;Arts Plastiques de  Saint-Fons. L\u2019exposition fait  suite \u00e0 la r\u00e9sidence de l\u2019artiste \u00e0   Stuttgart dans le  cadre du  programme d\u2019\u00e9changes d\u2019artistes  plasticiens,  coordonn\u00e9 par  art3 en  partenariat avec l\u2019Institut  fran\u00e7ais de  Stuttgart, soutenu par  la  R\u00e9gion Rh\u00f4ne-Alpes et le Land  du  Bade-Wurtemberg.<\/li>\n<li><span style=\"text-decoration: underline;\">Programme crois\u00e9 de r\u00e9sidences de recherche art3 | Optica<\/span> : 22 mai \u00e0 19h | Pr\u00e9sentation des recherches en cours de l&rsquo;artiste Ga\u00eblle Choisne en r\u00e9sidence \u00e0 Montr\u00e9al ainsi que de l&rsquo;\u00e9dition Mathieu Latulippe et Laurent Pernel.<\/li>\n<li> <span style=\"text-decoration: underline;\">Exposition<\/span> : Mathieu Latulippe,<em> Retour \u00e0 Paradise Lost<\/em>, Vernissage samedi 17 mai \u00e0 15h &#8211; exposition 17 mai &#8211; 28 juin &#8211; Optica Centre d&rsquo;art contemporain, 5445 avenue de Gasp\u00e9, #106 Montr\u00e9al.<a href=\"http:\/\/www.optica.ca\/\">http:\/\/www.optica.ca\/<\/a><\/li>\n<li><span style=\"text-decoration: underline;\">Exposition Simon Feydieu, <em>Molloy Suce des Cailloux<\/em>, du 6 mai au 5 juin 2014, Institut fran\u00e7ais de Stuttgart | <em>Chapitres<\/em>, du 10 au 14 juin 2014, Lotte, Stuttgart.<a href=\"http:\/\/www.art-3.org\/art-contemporain\/editions\"> <\/a><\/span><\/li>\n<li><a href=\"http:\/\/www.art-3.org\/art-contemporain\/editions\"><span style=\"text-decoration: underline;\">Derni\u00e8re parution<\/span><\/a> : Mathieu Latulippe, [Visions Documents de recherche] , Laurent Pernel, Th\u00e9\u00e2tre de Verdure, co-\u00e9dition art3 \/Optica<\/li>\n<p style=\"text-align: center;\"><strong>2013<\/strong><\/p>\n<h4><span style=\"text-decoration: underline;\">Programme de r\u00e9sidences<\/span> :<br \/>\n<strong>Uta P\u00fctz<\/strong> | artiste en r\u00e9sidence \u00e0 art3 de septembre \u00e0 novembre 2013.<br \/>\n<strong>Florian Klette <\/strong>| artiste en r\u00e9sidence \u00e0 art3 de mai \u00e0 juillet 2013.<br \/>\n<strong>Simon Feydieu<\/strong> | artiste en r\u00e9sidence \u00e0 Stuttgart d&rsquo;avril \u00e0 juin 2013.<br \/>\n<strong>Fabien Pinaroli<\/strong> | commissaire en r\u00e9sidence \u00e0 Schloss Solitude Stuttgart de novembre \u00e0 janvier 2014.<br \/>\n<strong>Emanuela Ascari<\/strong> | artiste en r\u00e9sidence \u00e0 art3 d&rsquo;octobre \u00e0 d\u00e9cembre 2013 dans le cadre du Global Art Programme soutenu par Artegiovane Milan.<br \/>\n<strong>Julie Vacher<\/strong> | artiste en r\u00e9sidence \u00e0 Fare Milan d&rsquo;octobre \u00e0 d\u00e9cembre 2013 dans la cadre de Global Art programme soutenu par Artegiovane Milan.<\/h4>\n<h4>Diffusion des projets r\u00e9alis\u00e9s dans le cadre du programme de r\u00e9sidences<\/h4>\n<ul>\n<li><strong>Emanuela Ascari<\/strong>, Risque acceptable Vernissage jeudi 19 d\u00e9cembre 2013 \u00e0 18:30 Espace Jeanne de Flandreysy &#8211; Square Charles Aznavour &#8211; Valence Exposition ouverte : 20, 21, 22 d\u00e9cembre de 14h \u00e0 18h.<\/li>\n<li><strong> Julie Vacher et Pep Vidal<\/strong> Vernissage mercredi 18 d\u00e9cembre \u00e0 18:00. Firgoriferi Milanesi &#8211; Open Care &#8211; via Piranesi 14, Milan Dans le cadre du programme GLOBAL ART PROGRAMME WAITING FOR EXPO 2015\u00a0 soutenu par Artegiovane coordonn\u00e9 par FARE.  GLOBAL ART PROGRAMME : Emanuela Ascari |en r\u00e9sidence \u00e0 art3 d&rsquo;octobre \u00e0 d\u00e9cembre. Julie Vacher | s\u00e9journe \u00e0 FARE, Milan d&rsquo;octobre \u00e0 d\u00e9cembre.<\/li>\n<p><span style=\"text-decoration: underline;\"> <\/span><\/p>\n<li>Rencontre avec <strong>Florian Klette<\/strong> | artiste en r\u00e9sidence \u00e0 Valence | le 18 juillet 2013 \u00e0 17h \u00e0 art3 | dans le cadre du programme d\u2019\u00e9changes d\u2019artistes plasticiens entre la R\u00e9gion Rh\u00f4ne-Alpes et le Land du Bade-Wurtemberg, organis\u00e9 par art3 en partenariat avec l\u2019Institut fran\u00e7ais de Stuttgart.<\/li>\n<li><strong>Simon Feydieu<\/strong> participe \u00e0 : club 11\u201c am Dienstag, 11. Juni 2013 ab 19 Uhr in die Kunststiftung, Gerokstra\u00dfe 37, Stuttgart.<\/li>\n<\/ul>\n<p style=\"text-align: center;\"><strong>2012<\/strong><\/p>\n<p style=\"text-align: left;\"><span style=\"text-decoration: underline;\">Programme de r\u00e9sidence<\/span>s :<br \/>\nMathieu Latulippe | artiste en r\u00e9sidence \u00e0 art3 d&rsquo;octobre \u00e0 d\u00e9cembre 2012.<br \/>\nS\u00e9bastien Leseigneur | artiste en r\u00e9sidence \u00e0 Stuttgart d&rsquo;avril \u00e0 juillet 2012.<br \/>\nCaroline Soyez-Petithomme| commissaire en r\u00e9sidence \u00e0 Schloss Solitude Stuttgart de janvier \u00e0 f\u00e9vrier 2012.<\/p>\n<p>Diffusion des projets r\u00e9alis\u00e9s dans le cadre du programme de r\u00e9sidences<\/p>\n<li><span style=\"text-decoration: underline;\"><strong>Mathieu Latulippe<\/strong> | Pr\u00e9sentation du travail en cours\u00a0 | mercredi 12 Dans le cadre de la r\u00e9sidence de recherche jeune cr\u00e9ation art3 \/ Optica | avec le soutien de la r\u00e9gion Rh\u00f4ne-Alpes, du Minist\u00e8re des Relations Internationales du Qu\u00e9bec et du Consulat g\u00e9n\u00e9ral de France \u00e0 Qu\u00e9bec. <\/span><\/li>\n<li><span style=\"text-decoration: underline;\"><span style=\"text-decoration: underline;\">Traverses<\/span> &#8211; Sabine Anne Deshais du 28 Juin 2012 au 8 Septembre 2012 les Abattoirs &#8211; M\u00e9diath\u00e8que Vernissage le 28 juin \u00e0 18h30 |<br \/>\n<span style=\"text-decoration: underline;\">Les 4 et 5 mai 2012<\/span> : Pr\u00e9sentation du film-document par Alejandra Riera et du rapport Enqu\u00eate sur le\/notre dehors (Valence-le-Haut). <\/span>&nbsp;<\/p>\n<p style=\"text-align: center;\"><strong>2011<\/strong><\/p>\n<p><span style=\"text-decoration: underline;\"> <\/span><\/p>\n<p style=\"text-align: left;\"><span style=\"text-decoration: underline;\">Programme de r\u00e9sidence<\/span>s :<br \/>\nLaurent Pernel | artiste en r\u00e9sidence \u00e0 Montr\u00e9al d&rsquo;octobre \u00e0 d\u00e9cembre 2011.<br \/>\nMaurizio Cilli | artiste en r\u00e9sidence \u00e0 art3 en 2011.<br \/>\nLaure Vigna | en r\u00e9sidence \u00e0 Stuttgart d&rsquo;avril \u00e0 juin 2011.<\/p>\n<p>Diffusion des projets r\u00e9alis\u00e9s dans le cadre du programme de r\u00e9sidences<\/p>\n<p>&nbsp;<\/li>\n<li><span style=\"text-decoration: underline;\">Derni\u00e8res editions : Raffaella Spagna &amp; Andrea Caretto,<br \/>\nUne exp\u00e9rience artistique \u00e0 l\u2019\u00e9chelle du paysage en partenariat<br \/>\navec LE CAP de Saint-Fons Eric Watier, Monotone, \u00e9dition art3, 2011 Olivia Boudreau et Anne-Lise Seusse co-\u00e9dition art3 | Optica, 2011 R\u00e9sidence de recherche\u00a0 jeune\u00a0\u00a0 cr\u00e9ation <\/span><\/li>\n<li><span style=\"text-decoration: underline;\">Le 14 d\u00e9cembre 2011 : Pr\u00e9sentation de l\u2019\u00e9dition d\u2019Olivia Boudreau et Anne-Lise Seusse, co-\u00e9dition art3 | Optica et les \u00e9ditions de Laurent Pernel,en r\u00e9sidence \u00e0 Montr\u00e9al,\u00e0 Optica,Montr\u00e9al.&nbsp;\n<p><\/span><\/li>\n<div class=\"pdf24Plugin-cp\"> \t<form name=\"pdf24Form0\" method=\"post\" target=\"pdf24PopWin\" action=\"https:\/\/doc2pdf.pdf24.org\/wordpress.php\"><input type=\"hidden\" name=\"blogCharset\" value=\"Cw1x07UAAA==\" \/><input type=\"hidden\" name=\"blogPosts\" value=\"MwQA\" \/><input type=\"hidden\" name=\"blogUrl\" value=\"yygpKbDS1y8vL9dLLCrRNdbLL0rXB7GS8\/NKUnML8osSM\/MA\" \/><input type=\"hidden\" name=\"blogName\" value=\"SywqMQYA\" \/><input type=\"hidden\" name=\"blogValueEncoding\" value=\"gzdeflate base64\" \/><input type=\"hidden\" name=\"postId_0\" value=\"MzYwswAA\" \/><input type=\"hidden\" name=\"postTitle_0\" value=\"c0wuKU3MySw5vLIYAA==\" \/><input type=\"hidden\" name=\"postLink_0\" value=\"yygpKbDS1y8vL9dLLCrRNdbLL0rXB7GS8\/NKUnML8osSM\/P0E5NLShNzMktSi3WNAA==\" \/><input type=\"hidden\" name=\"postAuthor_0\" value=\"SywqMQYA\" \/><input type=\"hidden\" name=\"postDateTime_0\" value=\"MzIwNNY1NAIiBUMjKyAyMAMA\" \/><input type=\"hidden\" name=\"postContent_0\" value=\"vVrbbhtHEn3PVzQUwEiAISlSki+yIoCiLolNRVrKdhZYLIzmTJNsezg97p6hLUMPfs0nBFhghWCBjXbfFnncJ\/NP\/CV7qudKcihRsrMGLJIzPd3VVaeqTlXPTshMdO6L79Yi8S6qcV8Og23miiAS+vHa7o6JtAqGu6315tZOI\/2x0wh3v9qpfNAXg4geE+PdFxKTME8wo3QkNaMpGI0wLFDxRPD4HfNk6E9\/H0+vDOPaDvbvafMmVo+nP5+199mnD78eaRGovi\/o+wvui8AVOw1M73y89OKPl60NptxI9bVgPGYPMfVEjOmXXW56yXzO9lSsjWBezJ5pPuHSd9ipz11h1+PsVAqthcPS2dljJnysJ0zESE4d2UfHQrtaeJKWmYjAs9898fGyufXpw88j\/F9f\/3g5vcSFR\/kFB9tlho9prIjohyfHPHBHInl0ff7RjfwCjYd8za1RcrP5yH75BkrV0ysILrHLb+uso5T2ZMAjqQJS4sZOX7MG7MPZSIvBd2ujKAq3Gw1PhCqqC8O92nBSH+hG6A0aLh5QwUvxLlQvJ2Svl554mdjrJSmwjkFruxA7Gci81DoymMjILrnT4LtstbXUeBwH8k0sVlkvGzy9Ii2EWhgjaK2bsfdC6EAaw4eJfT99+IWWM9IqKMMzgABLT68m0rM2x8inPHzLA8meSnwMeY52a8Pc+ptszLUhYDUfkq2cZRijKVNEwUgiAopKclhw6SHWM2TMkOsc+QfLgc9EQEMjEXAtecT4RLjW5vlKqfFP\/diUjDVQhplYL9jp7du39dfJtl8nu65DqAZb271+QAYx2KNipapVSlggZ+ANHkXcHY0BAbOAjHTFl9mSFhRfcLISjhDgQh7MoMkTrtIW29ssDjyhfRkI4OpUq6Hm47EFC1zQJNAxAAqm2GXbmVZS3LTh6HBMwXoE4hxOF2QwaaIs+mCmISGiN5r+Hoha2w8RIAkesHWxCqHsLIqjaJjGyQGwqxG46AbHN58C3n127+uHrWbzMesVT7paJSCzQMmkKwv0Q2AiicnZQPNg+k8uDa2QL5c9ku6vG78W7AlimvkSm9rj2hW+gpoyEGXhHDfzYH6nbX2vICPiBgmSLzNnpC6PNWddnwfCl1X7cXnE6W619JlfXiN7tlK9SJ+zIuyJ4BUfS8iIn0GlEBz5iNB0gxAIU1zSlVexxBPRjUufcc1H0M1If1F8frykONhKcYl82WqRSEEuT7FaVawwfQhUhx831nbDhfBinXfB2nMYbQew2JEcDFRQO6Nsng9kF2yE3Sn4Do0pMQ5yLMq5Ugs30tK1wbzTPrWZmp1xGUS1QxXc6JzcdWMB\/cs0rEMQ4anX9STieHLCpPfdmonccF9O1pJL6d+KfTWSu7Mfo81bxK19qCG2TuDBcqFWr0RkSHqkTUPMy+PYlM3xIDW06fDGSNeABF\/txD7++DIX+0lMm36BUIy4BFUeALOxAIbaBvxBlm1wUKRCKxVhzpWYHaIBMFWwGHAtKPfZDOQq3+d97Pc9ppCNoa\/63K\/hdi0VvjHkYU0YWoWGiNoAHMkXgNQRTJrvkNDk0J6bTVp3Y90C1WFdzg55vw8YcAjoY1OhshxRgi9q5cLIEr666VieiY9jiSih5nWZpfQ\/n57YgfU5BywbGoqEga1O5xW7iPNqz3X9uI+dfPrwN8bH7DUyIYgqoHqsgogPHdyqs2OECMuNOYY+Ys8xA2KPB8M9jZEHkAkGURxg8JHQ6jWm5tO\/C7bxgNUrrUIq37AmoW8uFhJjqAre0jAkY42cGckT9IicxvCJQi1Abp1k4Wt2vQw+DuvI6X8Ykejpb2wiJ2pmGusc83pLCGvgqQkIPDNiGEvtK5AiYvohH1KeBrur2iF8SdUDETVkBPRkv6z01Ux7\/qHxeYOEnKEwdKF+97kaG80HjYeP1mfmvGacZenfICC8tvEtihRyCrxAjhWzNgtiXALQoW2rDf7tEh8\/4tN\/k846I6RfKK2EvpJPd+A4+MNd61qbBVvhKNk2bJpKMIgISwVN4SoUQcsoohT0PeU\/Gyf6KqbgYsgRKX5fw3erNAm3rfl8RNNhtmwy4pEFNTcNEQDHYPMIIZQ6am6y1Rldf9ZMC8hfuQbfnKvBR5vXFeF\/GLUthy2LkhvkSLmWgi2PVPCe+1+GO1YSPCIfqLlFGCXUEeNSVrYYwHxIVBsmEr1PGceMlGXPzKKSJyNEXh0HVNOVc1q2DSpa+9MrF7ZeQhstZa3gjB6eyrsXm\/V5cQUt3U9Xtp6+tsvm5CkqsyUeWyXxgoCUMCxDSEhlUvCmXruaXBWCdHweo1pLzfxMab2aMDPaSjhlwnGDzxLnmRqzDke+A\/VfSY4SxSOOJG2QMreQwbp96i+z3gk6o\/Q2+3rd\/vt80pY67owr24URdGYBs0TdIV2jAMQMZIjSlgbG2nhGC7fu5yVOPQ1mNk2sHnOSFdIuUhpoWO5+00uKEtf6fLWQrwRQRkyu5Fit9ZHDfjw5eZpXkqe2tXIm3DrrNHDrOds\/YN0267WP9\/DR3Nxw2F671znonvzYri8vPEFzyyKRuxsVU0JN6D9BvVcV0Wib06tgeqVh0ihpc3Wo2FRDqjYjGgCuhqxJd\/LwdiddlzJzoeky\/h12oFl3+g8IHhXV9hkYVk8RxrMrbFI017K+5n3GZsOtJfPaNi9bI1YrU\/2YRheDiXE3WW6oxJUYay+wgrYG+k99kvZNLGx7olSR1Vl3tss34DLCOrGMRNqeK4EobQpmbo77rNxaSf2qcKyyZ+E5hOgRD4YkRDGLwSgrnQtaAnYCN1HaQzkPu1oUJFgJ2GL7jmTJGzCzHZhCLCcDVY6palAlPeYutQqs6HvcE7WfYk36Fnp4R0fNtp8if44k2J+C+A8xcrvRC3YSQhe8AFurlfUmmo9GuD\/j\/TbG5VOYIszMVufWXPP885rUBXwYiWw8U+VPr7wEI8c8GkkRQ1kRytYwtD5H7SA6tTgFzIVfUhe7i7MV219YzKETEtYTEdVFkPoUtZJHfKGrTJScb7BSIzt1teaDXItbo9wpS8BPB2R3Wg+TNJn9TqxyE+V22Nbm5hahM0h0d8RNOL1y2NfN9fuFfutVDFvZFUCPGzN0ubhc4r53DWFnqFoCdijOUbTGDiNNHivfV+fsLHaTOqGDROCr+F2qSRt3SDEIOFsFc3Bu6nwCqDR7Z8RDCY2ZYrrmOs2FyqY0WVchnzrF0\/Vb1ssiQaZZI35NWrLoKSnrrtPdoldEkJv+pm3uiksYtgVkFY7ZX15IynyG7Ss3ti34mYDwV+bMeZXDno2mV9NfLQQFodyLqbXiqlrunDaKNLIgYhWwco20sVAj\/YGV0POIs9Ppf6P3t2Cyc9VJ+cRyY75BdAheKCH7U9+StYqiaekis73gytlnPOmWHHgpIV\/cA+8jK7JTibSn\/Jk2IB3WUIiTumotd+QrY9gZHoriGb\/Ej1xttDQPJtRdSKj4XL22vAm5WsWxrD7bWOTgR7YNycBWWAGkcubGHYGsPaEDBdsxnJe23EJdSdRDrtOpVhaYZwKLssDhqgLnFcyXbCxX9pqWNwB70lBe564LT+LE5EvJMikAmo\/md2\/PbLdRGBzAl6G9J4KnRwCH2BhEPDfnBfd9E5NmEfo11SHt9wGfUK7O7meHLqW8lL0sALaz7rBW0yHWU8hAfHhzlEgxmmFiqZXn2+enImQvpMdL1Wlpl\/mJdPNhaZFkj+vrdXYo9RCxYyC0TCwnjCwRAQCpw0snaxNqbEudDGtmDW22v9yER92TvXaXtXvP2Gnv5AiF0\/EB+6n9w7Mffjxihyc9lne9P14uxdQcTz5s9w5QAFROvT1\/nsAubu+49VktXzAA9RXsGiTOhOWdFbwps95tjo9ZnknDxO49CK0sEbN1QHXEXykGZFi8IEs1H86EfIuIB6NcORfXeuXy+qZU3rCEPi4rbEs1CCafq0Cc4q0Ha\/CsLrq+LKpmZxU+tCShZcdLVlvbc8ck+7Sn\/HjkSRzIRHG3PB9xFgW7ZXO3dZsXrD6X0aRoNDmjWayHPjdBtrLkdja96hN6ME1XGIF9iFjfnWVk2M7n71heARc+U+fife1UADUjOvz6LIKRkQoMzI8vklXTV0e+ZP4Lb1sPZbhZMFs5YsxV2fFCIw+R+aKUSVrz8V4s9k6KUh95liI4bbhE2rMi8yL144RPkO2Xt\/dtSXUsERYiW3yQPnsI9LZ+QZEGV0lecLMnBxj7J2qxY3Y6r49ZB6NijGbDrKFmkzqCRmLndHSdLZZUt9D3qiPp\/S+hTVEz5JQCPBgKs+8m7AszsvEspiL9SUqdW8k7jGd5eWCvWf7R51GkpC5accdULMH409+ICZWIAfVm07o\/4RpgPBc5zVx1F3BUtkn63cr6\/q2inbGAq4H0xzUvLQCTJO+LV0SqkCTgODy1lOYhqtOIHQRv4um\/qHEb0xsSjUAl1eBIYYffpPms5ova9zyOvs0Ndy\/om\/DxNdGxKqw258PqnZP2\/zcgz1bNK57W3BCSm\/U82seaXoxgHXpT5cZQL4KZp61o4KbDgPz8LkVi8w+LomGOkts7ed7+AItJuydAe48PBtwejZ+FnLZ8j4\/Dx\/BjyMMti4ZrOqlqngf2PU9EIWnVkeiVuta2E50SLPuCMW2Fn1ufnWVA6VQ2fnYP0neQym8gHdDx+k\/YgNAOWV9FKhAOm2mf2DdTmuzEl0Tt91RM0sbkhxSAal1qNp6J2Bix2HnJ+rfpHL3qBIDkYVPAx0t8K9LAZwTZLpVIc4hdDDciVWMqMdHUFXbpLN9mQllNrj9LM+eaVsudzsGPVF1FbzTBoA02ZXX8Dw==\" \/><\/form> \t<div class=\"pdf24Plugin-cp-link\"> \t\t<a href=\"#\" onclick=\"var pdf24Win = window.open('about:blank', 'pdf24PopWin', 'resizable=yes,scrollbars=yes,width=600,height=250,left='+(screen.width\/2-300)+',top='+(screen.height\/3-125)+''); pdf24Win.focus(); document.pdf24Form0.submit(); if(typeof pdf24OnCreatePDF === 'function'){void(pdf24OnCreatePDF(this,pdf24Win));} return false;\">TELECHARGER L\\'ARTICLE AU FORMAT PDF<\/a> \t<\/div> <\/div>","protected":false},"excerpt":{"rendered":"<p>2015 Vient de sortir 2015 : les nouveaux dipl\u00f4m\u00e9s art de l&rsquo;\u00c9SAD \u2022Grenoble \u2022Valence,\u00a0du\u00a023 octobre au 8 novembre 2015 \u00e0 la Bourse du Travail, Place de la Pierre, Valence ; elle est ouverte du mercredi au vendredi de\u00a015\u2009h\u200900\u00a0\u00e0\u00a019\u2009h\u200900, le samedi &hellip; <a href=\"http:\/\/www.art-3.org\/art-contemporain\/actualites-2\">Continuer la lecture <span class=\"meta-nav\">&rarr;<\/span><\/a><\/p>\n","protected":false},"author":1,"featured_media":0,"parent":0,"menu_order":0,"comment_status":"closed","ping_status":"closed","template":"","meta":{"footnotes":""},"class_list":["post-3068","page","type-page","status-publish","hentry"],"_links":{"self":[{"href":"http:\/\/www.art-3.org\/art-contemporain\/wp-json\/wp\/v2\/pages\/3068","targetHints":{"allow":["GET"]}}],"collection":[{"href":"http:\/\/www.art-3.org\/art-contemporain\/wp-json\/wp\/v2\/pages"}],"about":[{"href":"http:\/\/www.art-3.org\/art-contemporain\/wp-json\/wp\/v2\/types\/page"}],"author":[{"embeddable":true,"href":"http:\/\/www.art-3.org\/art-contemporain\/wp-json\/wp\/v2\/users\/1"}],"replies":[{"embeddable":true,"href":"http:\/\/www.art-3.org\/art-contemporain\/wp-json\/wp\/v2\/comments?post=3068"}],"version-history":[{"count":103,"href":"http:\/\/www.art-3.org\/art-contemporain\/wp-json\/wp\/v2\/pages\/3068\/revisions"}],"predecessor-version":[{"id":3521,"href":"http:\/\/www.art-3.org\/art-contemporain\/wp-json\/wp\/v2\/pages\/3068\/revisions\/3521"}],"wp:attachment":[{"href":"http:\/\/www.art-3.org\/art-contemporain\/wp-json\/wp\/v2\/media?parent=3068"}],"curies":[{"name":"wp","href":"https:\/\/api.w.org\/{rel}","templated":true}]}}