{"id":2847,"date":"2013-05-25T16:21:11","date_gmt":"2013-05-25T16:21:11","guid":{"rendered":"http:\/\/www.art-3.org\/art-contemporain\/?page_id=2847"},"modified":"2017-12-22T13:34:36","modified_gmt":"2017-12-22T13:34:36","slug":"art3","status":"publish","type":"page","link":"http:\/\/www.art-3.org\/art-contemporain\/art3","title":{"rendered":"art3"},"content":{"rendered":"<address><a href=\"http:\/\/www.art-3.org\/art-contemporain\/wp-content\/uploads\/Capture-d\u2019\u00e9cran-2016-03-31-\u00e0-15.57.56.png\"><img loading=\"lazy\" decoding=\"async\" class=\"alignnone size-full wp-image-3733\" title=\"art3-accueil\" src=\"http:\/\/www.art-3.org\/art-contemporain\/wp-content\/uploads\/Capture-d\u2019\u00e9cran-2016-03-31-\u00e0-15.57.56.png\" alt=\"\" width=\"451\" height=\"374\" srcset=\"http:\/\/www.art-3.org\/art-contemporain\/wp-content\/uploads\/Capture-d\u2019\u00e9cran-2016-03-31-\u00e0-15.57.56.png 451w, http:\/\/www.art-3.org\/art-contemporain\/wp-content\/uploads\/Capture-d\u2019\u00e9cran-2016-03-31-\u00e0-15.57.56-300x248.png 300w\" sizes=\"auto, (max-width: 451px) 100vw, 451px\" \/><\/a><\/address>\n<address>Mobilier : Andrea Blum \/ Pr\u00e9sentoirs : Claudia de la Torre en collaboration<br \/>\navec le Studio Violet, Berlin<\/address>\n<address>&#8211;<\/address>\n<address>art3 propose une programmation qui favorise la diversit\u00e9 de la cr\u00e9ation actuelle et diff\u00e9rents r\u00e9gimes de productions : expositions, \u00e9ditions, projets li\u00e9s \u00e0 des probl\u00e9matiques de territoires. art3 soutient la jeune cr\u00e9ation en coordonnant un programme de r\u00e9sidences destin\u00e9 \u00e0 des artistes issus de la R\u00e9gion Rh\u00f4ne-Alpes et en s\u2019appuyant sur un r\u00e9seau de structures \u00e0 l\u2019\u00e9tranger\u00a0: Institut fran\u00e7ais de Stuttgart, Optica, un centre d&rsquo;art \u00e0 Montr\u00e9al, Homesession, Barcelone et a-titolo, association situ\u00e9e \u00e0 Turin.<\/address>\n<address><span style=\"color: #888888;\">art3, a non-profit organisation, has developed a program of events related to experimental projects. Exhibitions are organised at art3 and eslwhere with various partners. These exhibitions reflect the diversity of present day artistic creation. art3 assists artists during the creative process.<\/span><br \/>\n<span style=\"color: #888888;\"> The residence abroad grants program, created by art3, focusing on research and production, continues within the framework of \u00ab Quatre moteurs \u00bb with Land of Bade-Wurtemberg, and also with Quebec &#8211; Optica, contemporary art centre located in Montreal, with Catalogne\u00a0 ( Homesession <\/span><span style=\"color: #888888;\">Barcelona<\/span><span style=\"color: #888888;\">) and the Turino based organisation a-titolo).<\/span>art3 b\u00e9n\u00e9ficie du soutien de la R\u00e9gion Auvergne-Rh\u00f4ne-Alpes, du D\u00e9partement de la Dr\u00f4me et de la Ville de Valence.<\/p>\n<\/address>\n<address>H\u00e9l\u00e8ne Stanislas-Moulin, Pr\u00e9sidente<\/address>\n<address><strong>L&rsquo;\u00e9quipe<\/strong><br \/>\nDirection : Sylvie Vojik<br \/>\nComptable : Annie Roman<\/address>\n<address><strong>Direction d&rsquo;art3 <\/strong><br \/>\n1999\u00a0 &#8211; 2009 : Val\u00e9rie Cudel<br \/>\n1997 &#8211; 1999 : Corinne Gambi<\/address>\n<address>\u00a0<\/address>\n<address><strong>Les expositions sont ouvertes du mercredi au samedi de 14h \u00e0 18h\u00a0| entr\u00e9e libre<\/strong><\/address>\n<address><strong>art3<\/strong><br \/>\nart contemporain<br \/>\n8 rue Sabaterie &#8211; 26000 Valence<br \/>\nTel : 00 33 (0)4 75 44 60 37<br \/>\ne-mail : <a href=\"mailto:contact@art-3.org\">contact@art-3.org<\/a><\/address>\n<div id=\"ext_searchPromptBtn\" style=\"top: 1071px; left: 111px; z-index: auto;\"><\/div>\n<div class=\"pdf24Plugin-cp\"> \t<form name=\"pdf24Form0\" method=\"post\" target=\"pdf24PopWin\" action=\"https:\/\/doc2pdf.pdf24.org\/wordpress.php\"><input type=\"hidden\" name=\"blogCharset\" value=\"Cw1x07UAAA==\" \/><input type=\"hidden\" name=\"blogPosts\" value=\"MwQA\" \/><input type=\"hidden\" name=\"blogUrl\" value=\"yygpKbDS1y8vL9dLLCrRNdbLL0rXB7GS8\/NKUnML8osSM\/MA\" \/><input type=\"hidden\" name=\"blogName\" value=\"SywqMQYA\" \/><input type=\"hidden\" name=\"blogValueEncoding\" value=\"gzdeflate base64\" \/><input type=\"hidden\" name=\"postId_0\" value=\"M7IwMQcA\" \/><input type=\"hidden\" name=\"postTitle_0\" value=\"SywqMQYA\" \/><input type=\"hidden\" name=\"postLink_0\" value=\"yygpKbDS1y8vL9dLLCrRNdbLL0rXB7GS8\/NKUnML8osSM\/NAAsYA\" \/><input type=\"hidden\" name=\"postAuthor_0\" value=\"SywqMQYA\" \/><input type=\"hidden\" name=\"postDateTime_0\" value=\"MzIwNNY1MNU1MlUwNLMyMLUyNAQA\" \/><input type=\"hidden\" name=\"postContent_0\" value=\"vVbLbhs3FN3nKy4mQBADGj0svy0bjZ2iKZCgeRjusqBmKIkph5zwIdlBF\/2N7rxrhW6z687zJ\/2SnkuNbMM1jG4aAQKG5CXvueeee8mRKEsnvT8eCZo5OTnKZiHUB73eYrHoChfyYde6aY+\/CmuCrGrrhDK9Rb0am9CLtbai9L1TUYfoZF7+\/etvzbJwwuSb\/cFO3h\/mw0HeXOWD7e72bnd7p1ubaXY8UtWUeKcy06NMi8+XGZWysKux8JemyKjQwnuMtJoaY40krz7LfBK1JiBQlZjKfLg7HGYUVNASli4Mc1EUUSqdkXfFVwuIhA5HWUYLVYbZUba1PchoJtV0htnh7lYC42X4WngIABYd+v+d5cN+\/2Jzay85xfciS0nirMVgO\/S8Ehd5IuWAMdUXGzTo9+fAlkYZ9Y5HPcH\/VolPRuuvN3astJKODuiFwZSgEx0r6tFb1yw90FrlPBZPtYilEpAPaUFn1jlJ0lBhtRZjRBiUNaOxg6cnYi4L0pI+BOywdK6slqFDJ9JpZR7C8Ozp3uZgcPjQEmuNamdr6yVFiBPfUyeqKjmkT1HRRMytUz7hKtVcOq9Cs2yBFohiZSqKEKUGLBlgNpk0S4foPMFgqirpeQMOL2PB5hyyvIBXlUYdapbl+hNWHyV2agWGqLnCTs+TY90sGdenuDotSOcU8yd9l1Ig3sag4JWRfZQczi2+RKZ1pTVGwCKam1AlH8bZUKU0RTrbB2UQY+sbZysf8KG8j76N\/D3HhXPfz5ovRuYvdA0DxA4\/HnoTdR0v2ZGPjp2lbIvIm31wIAHCTMHpJM4AcU6lu746oO8NvIcYaIK55nehkkckO4QpkHTohzqoQnT41ALBQijlM+c\/RXuIZT7yDeqA49YdemVBPRINpFCIcIXU3IKAU+TwYjXUjfZkC7ViCfmIzVLyKWfRKdN9SDQjXwuYhkvuVlCodQf0dC\/9DrMkKRxK6HU5KJ6oQChYYZRPLlDPgiOaA0ktSxi2eSA7IcwmzUgtAtaCZZFIB\/2YIPRKGUVAur+9mKnxSjBIj1x74PPCSgvClCS9XswklhcqzGgunLLIX411Axl36WwGcuDi9ixcHxoeKMzkjdgvGVmNyFlZpbhs9aAKqEummFr5gUjMr\/WCIJnBaTprZTlPJQCJefDKJB63Jf04o4wTyFp9khg7tDcCZ8xVy15n5QIEjBNApGBii+gZAPLK6JH9WaLltgyxC1pRhiuKOVImoYXyKrmw7meO\/PpPehcFy6yyQUZ0q+u\/VoS+5sNgcSJKmf8YHZrxWLppJzkR2tuV2bsox+hYbRe6ke9t93YJ8VrM2hYpDmBJQpas43TQqYAI7NTI6yt6flfatGbzURrX8hf\/yXojRcFspEKwNBYsr7tSvqmhjXU6kwzGzRLNY6IKBQ3FdVO61zZeRIgLoeR3+0eH7V82S1aorJLc0qaXrvlSrTprGp8rbrT4PheaJQH3NUT0QKm+apa6+cNw\/2DYeIrkb2zEPdFZXUAsqSAfLvLgrJkev257S7PEZVDDtJ1vlfsS7TdJCQ39w6WeI+Zz+1H93C6f2qoOYgy0fP8ZrL63lTCPObw98U5bG9J9x4P9\/X3oYK2qzX5\/Hz5ACC4euDmNpdS3prs3hryP71vcaQa8fCeqsXoIzvXVo6xws7+9v5BkJMtyTvmeQBYr6VCQpSL0fI9qwhfyNdiacWsd7M2ur34hmdo0MqrG7g6xj7hlJu4TkUrnzkuond4jF5F2MUYxMSE3RO30+\/21cFrbM6lBCaaHQ3re39ii3W3a2qIdTOy2JjKvhGKrm0c2j4M9YNe4+7+5eZplx\/+auv84QmclVR5l8iL8tOpLbx0L5SSYbF2QwdYHeGXt4n11iNfOJGA0SIPPuTKlvDggfpyhUkc9nHf85B8=\" \/><\/form> \t<div class=\"pdf24Plugin-cp-link\"> \t\t<a href=\"#\" onclick=\"var pdf24Win = window.open('about:blank', 'pdf24PopWin', 'resizable=yes,scrollbars=yes,width=600,height=250,left='+(screen.width\/2-300)+',top='+(screen.height\/3-125)+''); pdf24Win.focus(); document.pdf24Form0.submit(); if(typeof pdf24OnCreatePDF === 'function'){void(pdf24OnCreatePDF(this,pdf24Win));} return false;\">TELECHARGER L\\'ARTICLE AU FORMAT PDF<\/a> \t<\/div> <\/div>","protected":false},"excerpt":{"rendered":"<p>Mobilier : Andrea Blum \/ Pr\u00e9sentoirs : Claudia de la Torre en collaboration avec le Studio Violet, Berlin &#8211; art3 propose une programmation qui favorise la diversit\u00e9 de la cr\u00e9ation actuelle et diff\u00e9rents r\u00e9gimes de productions : expositions, \u00e9ditions, projets &hellip; <a href=\"http:\/\/www.art-3.org\/art-contemporain\/art3\">Continuer la lecture <span class=\"meta-nav\">&rarr;<\/span><\/a><\/p>\n","protected":false},"author":1,"featured_media":0,"parent":0,"menu_order":0,"comment_status":"closed","ping_status":"closed","template":"","meta":{"footnotes":""},"class_list":["post-2847","page","type-page","status-publish","hentry"],"_links":{"self":[{"href":"http:\/\/www.art-3.org\/art-contemporain\/wp-json\/wp\/v2\/pages\/2847","targetHints":{"allow":["GET"]}}],"collection":[{"href":"http:\/\/www.art-3.org\/art-contemporain\/wp-json\/wp\/v2\/pages"}],"about":[{"href":"http:\/\/www.art-3.org\/art-contemporain\/wp-json\/wp\/v2\/types\/page"}],"author":[{"embeddable":true,"href":"http:\/\/www.art-3.org\/art-contemporain\/wp-json\/wp\/v2\/users\/1"}],"replies":[{"embeddable":true,"href":"http:\/\/www.art-3.org\/art-contemporain\/wp-json\/wp\/v2\/comments?post=2847"}],"version-history":[{"count":21,"href":"http:\/\/www.art-3.org\/art-contemporain\/wp-json\/wp\/v2\/pages\/2847\/revisions"}],"predecessor-version":[{"id":4276,"href":"http:\/\/www.art-3.org\/art-contemporain\/wp-json\/wp\/v2\/pages\/2847\/revisions\/4276"}],"wp:attachment":[{"href":"http:\/\/www.art-3.org\/art-contemporain\/wp-json\/wp\/v2\/media?parent=2847"}],"curies":[{"name":"wp","href":"https:\/\/api.w.org\/{rel}","templated":true}]}}