{"id":2839,"date":"2013-04-29T13:06:09","date_gmt":"2013-04-29T13:06:09","guid":{"rendered":"http:\/\/www.art-3.org\/art-contemporain\/?page_id=2839"},"modified":"2018-04-04T12:37:04","modified_gmt":"2018-04-04T12:37:04","slug":"publics","status":"publish","type":"page","link":"http:\/\/www.art-3.org\/art-contemporain\/publics","title":{"rendered":"Publics"},"content":{"rendered":"<p>art3 d\u00e9veloppe des actions de sensibilisation envers les publics (scolaires, adultes, entreprises etc) \u00e0 partir de la programmation d&rsquo;art3 ou en lien avec des probl\u00e9matiques que nous souhaitons faire partager.<\/p>\n<p>______________________________________<strong><br \/>\nACTIONS DE SENSIBILISATION ET DE M\u00c9DIATION | LYC\u00c9E<\/strong><br \/>\n_____________________________________<br \/>\nLyc\u00e9e Faure, Tournon | Artiste invit\u00e9 : Tom Castinel &#8211; octobre 2017-avril 2018<br \/>\nR\u00e9sidence artistique en milieu scolaire avec le Lyc\u00e9e Faure et la classe de seconde.<br \/>\nOctobre : visite avec les \u00e9l\u00e8ves de la Biennale de Lyon.<br \/>\nMars : rencontre de la classe avec l&rsquo;artiste.<br \/>\nAvril : \u00e9laboration d&rsquo;un projet en commun.<\/p>\n<p>______________________________________<strong><br \/>\nACTIONS DE SENSIBILISATION ET DE M\u00c9DIATION | LYC\u00c9E<\/strong><br \/>\n_____________________________________<\/p>\n<p>Lyc\u00e9e du Valentin, Bourg-l\u00e8s-Valence | Artiste invit\u00e9 Laurent Pernel<br \/>\nExposition au Lyc\u00e9e technique et pr\u00e9sentation de l\u2019\u00e9dition produite dans le cadre de la r\u00e9sidence de l\u2019artiste au Lyc\u00e9e en avril 2016 \u00e0 art3.<\/p>\n<p>I<strong>ntitul\u00e9 du projet : hybridation<\/strong><br \/>\nart3 a sollicit\u00e9 le Lyc\u00e9e agricole du Valentin pour initier une collaboration avec l\u2019artiste Laurent Pernel. Suite aux premiers \u00e9changes et une visite dans le Lyc\u00e9e, Laurent Pernel a orient\u00e9 son intervention autour de la notion d\u2019hybridation.<\/p>\n<p><a title=\"LYCEES\" href=\"http:\/\/www.art-3.org\/art-contemporain\/lycees\">Voir le d\u00e9roul\u00e9 du projet<\/a><br \/>\n______________________________________<br \/>\n<strong>ACTIONS DE SENSIBILISATION ET DE M\u00c9DIATION | ECOLES PRIMAIRES <\/strong><br \/>\n______________________________________<\/p>\n<p>\u25aa 2016 Ecoles primaires<br \/>\nDe janvier \u00e0 juin. Activit\u00e9s p\u00e9riscolaires Ecoles Bayet, Renan, Condorcet et Pergaud, Valence<br \/>\nContenus et objectifs des ateleirs : D\u00e9couverte et apprentissage du vocabulaire de l\u2019image, lecture et analyse.<br \/>\nCycle 1 Image fixe \/ photographie<br \/>\nCycle 2 Image num\u00e9rique et publicit\u00e9<br \/>\nCycle 3 Image dessin\u00e9e<br \/>\nCycle 4 Image et motif<\/p>\n<p>______________________________________<br \/>\n<strong>ACTIONS DE SENSIBILISATION ET DE M\u00c9DIATION | HORS TEMPS SCOLAIRES <\/strong><br \/>\n______________________________________<br \/>\n\u25aa\u00a0 2015 -2016 Hors temps scolaires<br \/>\nDans le cadre de \u00ab artiste intervenant &#8211; centre d\u2019art &#8211; commune de Valence \u00bb<br \/>\n* Interventions artistiques de Yves Monnier \u00e0 Fontbarlettes et Le Plan avec des enfants de 6 \u00e0 9 ans et 11 \u00e0 13 ans *visites des expositions d\u2019art3 de f\u00e9vrier \u00e0 juin 2016.<\/p>\n<p>______________________________________<br \/>\n<strong>ACTIONS DE SENSIBILISATION ET DE M\u00c9DIATION | Autour de l&rsquo;exposition d&rsquo;Albertine<\/strong><br \/>\n______________________________________<\/p>\n<p>Au c\u0153ur de la for\u00eat | exposition | 15.03. \u2013 27.04.2013 |<strong><br \/>\n<\/strong><a title=\"Programme associ\u00e9\" href=\"http:\/\/www.art-3.org\/art-contemporain\/programme-associe\">visite de l&rsquo;exposition<br \/>\n<\/a><a href=\"http:\/\/www.art-3.org\/art-contemporain\/wp-content\/uploads\/carte-de-visite-Albertine.pdf\">carte de visite &#8211; Albertine<\/a><br \/>\n______________________________________<br \/>\n<strong>ACTIONS DE SENSIBILISATION ET DE M\u00c9DIATION | Autour de l&rsquo;exposition d&rsquo;Andrea Caretto et Raffaella Spagna<\/strong><br \/>\n______________________________________<br \/>\nRetour sans pr\u00e9avis | exposition | 23.10 &#8211; 5.11.2011<\/p>\n<p><a href=\"http:\/\/www.art-3.org\/projets-territoire\/art3-le-cap.php\/\">D\u00e9couvrir le projet<\/a><\/p>\n<p><strong>______________________________________<br \/>\n<strong>ACTIONS DE SENSIBILISATION ET DE M\u00c9DIATION | <strong>Interventions en milieu scolaire<\/strong><\/strong><br \/>\n______________________________________<br \/>\n<\/strong><a title=\"Intervention en milieu scolaire-Ecole Lafontaine Valence\" href=\"http:\/\/www.art-3.org\/art-contemporain\/scolaire-lafontaine\">2004 Ecole Lafontaine, classe \u00e0 PAC.<\/a><\/p>\n<p>&nbsp;<\/p>\n<p>ann\u00e9e scolaire 2001\/2002 : <a href=\"http:\/\/www.art-3.org\/art-contemporain\/expositions-2002.php#scolaire\">Projet p\u00e9dagogique<\/a> de Christine Blumberg enseignante en arts plastique au Coll\u00e8ge de l\u2019Eyrieux. artistes : Yuri Leiderman, Dorothea Schulz, Pascal Thevenet, Sabine Anne-Deshais.<\/p>\n<p>&nbsp;<\/p>\n<p>&nbsp;<\/p>\n<div class=\"pdf24Plugin-cp\"> \t<form name=\"pdf24Form0\" method=\"post\" target=\"pdf24PopWin\" action=\"https:\/\/doc2pdf.pdf24.org\/wordpress.php\"><input type=\"hidden\" name=\"blogCharset\" value=\"Cw1x07UAAA==\" \/><input type=\"hidden\" name=\"blogPosts\" value=\"MwQA\" \/><input type=\"hidden\" name=\"blogUrl\" value=\"yygpKbDS1y8vL9dLLCrRNdbLL0rXB7GS8\/NKUnML8osSM\/MA\" \/><input type=\"hidden\" name=\"blogName\" value=\"SywqMQYA\" \/><input type=\"hidden\" name=\"blogValueEncoding\" value=\"gzdeflate base64\" \/><input type=\"hidden\" name=\"postId_0\" value=\"M7IwtgQA\" \/><input type=\"hidden\" name=\"postTitle_0\" value=\"CyhNyslMLgYA\" \/><input type=\"hidden\" name=\"postLink_0\" value=\"yygpKbDS1y8vL9dLLCrRNdbLL0rXB7GS8\/NKUnML8osSM\/P0C0qTcjKTiwE=\" \/><input type=\"hidden\" name=\"postAuthor_0\" value=\"SywqMQYA\" \/><input type=\"hidden\" name=\"postDateTime_0\" value=\"MzIwNNY1MNE1slQwNLYyMLEysAQA\" \/><input type=\"hidden\" name=\"postContent_0\" value=\"1VfBbttGEL3nKwYKELSBSFlW0qSOIkCWFUSAHAuWESCnYkWuqDWoXXaXlK3Ch1xzDlCgtxyj9BN6C9EfyZd0ZrmkKMco4hoIUB8MktqdmX3z5s1sN+kxnXYgzDcrHqsk4RByAyxIhZIGn8FwacRMxMIw+gZcrrg2EOOqJJvFIjDwgwlUzITmpgkszOKUHrhMNU+0MLiQp8GPkH+ABH0JTVZjBolWkWbLZWE2fKDNr5l6ZqNRGW6HWOA\/tuKBDQmXz+J8Q8t\/zfAd\/4FUmQGjsgUTKYU7pyCsFxZx7XdbSe9eN+n98k1\/XZNqJaNed6ah1bvXH5yNTl5N4WgI0+Gr6ehwNB5N+\/QNhmf09Th\/dzQqPlzB+M0gfzfstnZtfJvfYu14HeQbDi9YpnkTzlSmJcJyBX2EzKQchFyJNN\/AAf62hAEzqZA8hgf3n+63289ABama4eH399pPPLbSIqbHp874ab4xIuQy4MCsPcKQMF5iYnkGZQILuGMO9WgwfZSvIGbG8IISgZIh953xE+f6AFbCiLQyYiDfxPnHFTcu44eYUMlia2O8VrI0cMyQUAegMT5FrHHLncPC2pYehEa5s28PekCO2EzpXSplkkhzjtHjQQO1XGby\/0IJF6XLQpjBa4RNYsabcIjMiDzE1Xj2I6b0a5KMKW8yhQnXSBLneniZKMwPQcSyMsMpDxayYEOKcCFPcJ\/DEbPw5e0f+SYsNiGYYUb5DZkkAYCAhVWy9JZhbp9LVc2XLWfHzJ9ID6jYq5SMSrTxnGmGpU7ndgk8gMV6pkVoA7sOqZUMhjoQoxrZ428JzCItkNs7GEKCECJUeCquIZN4ENy65U9BuNoJdtH0YWpRYNklhseXguQw3wQLJiOrddakK4USqiKc5jVTGLXSWBQUs0HPQqZcryhIm6OU4izglapICUZVQ6LCrssAQYv58waybjicNmCh+fx5Y5GmyUGrdXFx4eNhvI6vdNSiJyo0vkzwyEK24nXAuWn0XisUZ8Iq32i1m4Fui92KwaWqlTm9XekMByfj4RQmp6Pj\/ugUn\/5TFVVl9OX3TwXlhkQFaiViaduVs3bE4Zxh5SAbkJTnmZA+9LED2lrC5QiHqFpcaeSQrXnahFMuGVblAAVR6YC0xiY3YlnYBFegzs2AMJeZpYianXP0MDdFu015zIUVwSNkksqwxaa2IlmSEF+EMdjRKB0rFbBZVoi1KzQ8TITUitGgU2uGKrs2lUoO1gFmtQ0jWghzccmhBclCpdSAk4XgO+v23TqZLengpTTYXk+A7CzuuMV4CiMkUnzn10fuV9y\/RALPb6m+d6HQy5PTKZwNjydTmCKb7kSjYjGy6PMH4tFj8CybXirMGFWRqfpnxajrCvn5T2CVRhdFzlAGyu4d8KLvFaKz\/WybljVQav3nv5yLhzCqqYWp9XXbbt9Q2z1WUjpWv0DyzZiOeZoWIjXmMIlZbcDico4h2c1WnH8GOgSubLfptd2x7w8LYSt4y6uOYsrYO7R\/jtOkrpWTrT7\/O2a\/v9VONwxsQ63mg348wzLDKepu6tLPIPj7faXUc6XzTynGUPN4Be3H\/l7Hhy9v38P+E3\/vkY+IdODq2oCxDaTS84mbkrHfGKMCkW9up+3llM29Yj9v9MrWdBM4VSCMYriNo4ukeJdpK0tixULTCnAR90LuFR69CnA\/CeeNnv2ZwnABlayv5eV7Np1v44zEgmY4fmssJEXVccrmc8ZxfoBpwiLJ7qQxp9zGYKjSaBhjCM11Ku13\/PZeBdZjv90mMrVro8C\/pK3o5sZD5dB4Z0LJokx2vJh7AUv8ZJG0Gj3Xg3QxDdQGgNKFO+F3SEq5a1frvr64bFG\/C\/w31F\/d8Q1+PTsN4Fg3R+5jGVRCfbsqrczFlaFGb39v7xFct98sr0UorZP+wK\/n5YGcmeRZ+cYk9ePt1Q7NtVv4bx+njFvWdk3nPbJAPLlfGm70JsWQjnNSyCIVUQ+isKiUBgst7E0VDuNsiXUdIYiGi4jaX3Ej0Nhzkpi5OyneFgY4jecfo2q+Ga6xl2SXftlBaUx6k2mBLQxvHHpJ89eR0ipdYGVOg0UW\/9aECTMBi+FswTF5NKhN2YzC6EvJvSNuFkwY\/2bgam\/\/AA==\" \/><\/form> \t<div class=\"pdf24Plugin-cp-link\"> \t\t<a href=\"#\" onclick=\"var pdf24Win = window.open('about:blank', 'pdf24PopWin', 'resizable=yes,scrollbars=yes,width=600,height=250,left='+(screen.width\/2-300)+',top='+(screen.height\/3-125)+''); pdf24Win.focus(); document.pdf24Form0.submit(); if(typeof pdf24OnCreatePDF === 'function'){void(pdf24OnCreatePDF(this,pdf24Win));} return false;\">TELECHARGER L\\'ARTICLE AU FORMAT PDF<\/a> \t<\/div> <\/div>","protected":false},"excerpt":{"rendered":"<p>art3 d\u00e9veloppe des actions de sensibilisation envers les publics (scolaires, adultes, entreprises etc) \u00e0 partir de la programmation d&rsquo;art3 ou en lien avec des probl\u00e9matiques que nous souhaitons faire partager. ______________________________________ ACTIONS DE SENSIBILISATION ET DE M\u00c9DIATION | LYC\u00c9E _____________________________________ &hellip; <a href=\"http:\/\/www.art-3.org\/art-contemporain\/publics\">Continuer la lecture <span class=\"meta-nav\">&rarr;<\/span><\/a><\/p>\n","protected":false},"author":1,"featured_media":0,"parent":0,"menu_order":0,"comment_status":"closed","ping_status":"open","template":"","meta":{"footnotes":""},"class_list":["post-2839","page","type-page","status-publish","hentry"],"_links":{"self":[{"href":"http:\/\/www.art-3.org\/art-contemporain\/wp-json\/wp\/v2\/pages\/2839","targetHints":{"allow":["GET"]}}],"collection":[{"href":"http:\/\/www.art-3.org\/art-contemporain\/wp-json\/wp\/v2\/pages"}],"about":[{"href":"http:\/\/www.art-3.org\/art-contemporain\/wp-json\/wp\/v2\/types\/page"}],"author":[{"embeddable":true,"href":"http:\/\/www.art-3.org\/art-contemporain\/wp-json\/wp\/v2\/users\/1"}],"replies":[{"embeddable":true,"href":"http:\/\/www.art-3.org\/art-contemporain\/wp-json\/wp\/v2\/comments?post=2839"}],"version-history":[{"count":19,"href":"http:\/\/www.art-3.org\/art-contemporain\/wp-json\/wp\/v2\/pages\/2839\/revisions"}],"predecessor-version":[{"id":4419,"href":"http:\/\/www.art-3.org\/art-contemporain\/wp-json\/wp\/v2\/pages\/2839\/revisions\/4419"}],"wp:attachment":[{"href":"http:\/\/www.art-3.org\/art-contemporain\/wp-json\/wp\/v2\/media?parent=2839"}],"curies":[{"name":"wp","href":"https:\/\/api.w.org\/{rel}","templated":true}]}}