{"id":2690,"date":"2013-01-22T13:40:26","date_gmt":"2013-01-22T13:40:26","guid":{"rendered":"http:\/\/www.art-3.org\/art-contemporain\/?page_id=2690"},"modified":"2013-01-22T13:47:43","modified_gmt":"2013-01-22T13:47:43","slug":"programme","status":"publish","type":"page","link":"http:\/\/www.art-3.org\/art-contemporain\/programme","title":{"rendered":"Programme"},"content":{"rendered":"<p style=\"text-align: justify;\"><strong>Contributions d&rsquo;artistes<\/strong><br \/>\n<strong>Paola Yacoub &amp; Michel Lasserre<\/strong> , O.V.\u00a0 (Original Version) 2003 &#8211; 2008<br \/>\n\u00ab Ce montage a \u00e9t\u00e9 r\u00e9alis\u00e9 en mars 2003, \u00e0 Beyrouth, au moment de l&rsquo;invasion de l&rsquo;Irak<br \/>\npar la coalition am\u00e9ricaine. Nous recevions en m\u00eame temps les images de la ville de<br \/>\nBeyrouth et celles que les t\u00e9l\u00e9visions montraient de Bagdad. Le climat, les lumi\u00e8res, les<br \/>\nconstructions  se confondaient. Dans un m\u00eame geste, nous avons associ\u00e9 des  photographies de l&rsquo;\u00e9poque prises \u00e0 Beyrouth \u00e0 celles qui provenaient  d&rsquo;Irak ainsi qu&rsquo;\u00e0 des informations portant sur cette guerre. Les deux  situations se confondaient, l&rsquo;Irak devenait Beyrouth, alors qu&rsquo;\u00e0  l&rsquo;\u00e9poque, il \u00e9tait admis que la guerre serait courte. On sait ce qu&rsquo;il  en a \u00e9t\u00e9. Malheureusement, avec le temps, ce montage s&rsquo;est r\u00e9v\u00e9l\u00e9  pr\u00e9monitoire. Nous l&rsquo;avons<br \/>\nlaiss\u00e9 \u00e0 l&rsquo;\u00e9tat brut, sans lissage \u00bb.  Dreams and Conflicts,The dictatorship of the viewer, 50\u00e8me Biennale de  Venise,O.V. num\u00e9ro1 \/ O.V. num\u00e9ro 2, Commissaire : Catherine David.<\/p>\n<p><strong>Khalil Joreige &amp; Joana Hadjithomas<\/strong> , Amale sauve-moi \u2026<br \/>\nLe texte Amale sauve-moi\u00a0 \u2026 \u00e9crit par Joana Hadjithomas &amp; Khalil Joreige revient sur la<br \/>\nconstruction du film A perfect day , r\u00e9alis\u00e9 \u00e0 partir de documents dont certains ont \u00e9t\u00e9<br \/>\nfabriqu\u00e9s pour le besoin du r\u00e9cit. A la suite de la projection du film, une autre histoire<br \/>\ncommence. Le texte a \u00e9t\u00e9 lu lors d&rsquo;une conf\u00e9rence \u00e0 la Sorbonne en 2006 (\u00e0 para\u00eetre<br \/>\nprochainement).<\/p>\n<p><strong>Yazan Khalili<\/strong> , OutCome<br \/>\n\u00ab Dans la situation actuelle de la Palestine o\u00f9 le contr\u00f4le de l&rsquo;espace est l&rsquo;enjeu du conflit,<br \/>\nje voulais regarder sous les apparences, voir les d\u00e9tails de mon environnement &#8211; les posters sur les murs, les routes, les lignes \u00e9lectriques, les stations de taxi etc &#8211; comment ils<br \/>\nchangent l&rsquo;espace de vie et comment je peux en rendre compte \u00bb.<br \/>\n(extrait du texte Margins, work in progress,The Delfina Foundation, Londres)<\/p>\n<p><strong>Martin D\u00e9silets<\/strong> , Les Agglom\u00e9rations , 2001 &#8211; 2006<br \/>\n\u00ab Des s\u00e9jours au Liban en 2001 et 2002 auront \u00e9t\u00e9 pour moi l&rsquo;occasion d&rsquo;articuler une<br \/>\nr\u00e9flexion et de cr\u00e9er un corpus \u00e0 partir de ce contexte particulier que repr\u00e9sente ce territoire\u2026un th\u00e9\u00e2tre paroxystique de notre \u00ab modernit\u00e9 avanc\u00e9e \u00bb et des enjeux qui lui<br \/>\nsont associ\u00e9s. Le titre du corpus Les Agglom\u00e9rations\u00a0 \u00e9voque les concentrations d&rsquo;habitations que constituent les villes et les villages. Il qualifie en m\u00eame temps le projet dans sa forme m\u00eame : une agglom\u00e9ration de diff\u00e9rents fragments, m\u00e9diums et images. L&rsquo;\u00e9clectisme de la forme trouve ici son \u00e9quivalent dans la tr\u00e8s grande vari\u00e9t\u00e9 de ce qui est repr\u00e9sent\u00e9, et des multiples enjeux qui sont abord\u00e9s\u2026 \u00e0 l&rsquo;image du territoire et de la culture qui ont inspir\u00e9 cette recherche \u00bb.<\/p>\n<p><strong>Jayce Salloum<\/strong><br \/>\nTextes : An interview from Inside the Pleasure Dome3, ed. Mike Hoolboom<br \/>\nA Close and Unbreachable Distances&rsquo; : Witnessing Everything and Nothing, Christopher Harker<br \/>\n\u00ab Je consid\u00e8re vraiment tous les aspects de mon travail comme \u00e9tant s\u00e9par\u00e9s, s\u00e9par\u00e9s \u00e0 la<br \/>\nfois comme mediums et comme pi\u00e8ces \u00e0 l&rsquo;int\u00e9rieur de chacun de ces m\u00e9diums. Cela se<br \/>\nfait par n\u00e9cessit\u00e9 et pas sens pratique. C&rsquo;est une sorte de syst\u00e8me de classement dans<br \/>\nlequel, pour \u00eatre productif, le fardeau de la repr\u00e9sentation doit \u00eatre d\u00e9compos\u00e9 en unit\u00e9s<br \/>\nfaciles \u00e0 g\u00e9rer \u00bb. (extrait de l&rsquo;entretien r\u00e9alis\u00e9 par Fran\u00e7ois Dion, au sujet There was and<br \/>\nthere was not, Optica Montr\u00e9al, 1996).<\/p>\n<p><strong>catalogues monographiques<\/strong><br \/>\n&#8211; Ange Leccia, Fabien Danesi, L&rsquo;oeil nomade, la photographie de voyage, Mus\u00e9e Nic\u00e9phore<br \/>\nNi\u00e9pce, Ch\u00e2lon sur Sa\u00f4ne, Isthme \u00e9ditions, 2005<br \/>\n&#8211; Mapping sitting &#8211; on portraiture and photographs, Fondation Arabe pour l&rsquo;image \/ Mind<br \/>\nthe Gap, Mus\u00e9e Nic\u00e9phore Ni\u00e9pce, Ch\u00e2lon sur Sa\u00f4ne<br \/>\n&#8211; The Atlas Group and Walid Raad,Volume 1 The truth will be known when the last witness<br \/>\nis dead &#8211; Verlag der Buchhandlung Walter K\u00f6nig, la Galerie de Noisy-le-Sec, les aboratoires d&rsquo;Aubervilliers, 2004<br \/>\n&#8211; Hashem El Madani, Studio Practices, \u00e9dit\u00e9 par Lisa Le Feuvre et Akram Zaatari, Fondation Arabe pour l&rsquo;image, Mind the Gap,The Photographers&rsquo; Gallery, 2004<br \/>\n&#8211; Voghchaberd \/ Remaining Time, an email exchange between Karen Andreassian &amp; Stephen Wright<br \/>\n&#8211; Nada Sehnaoui, Fractions of War Memory<br \/>\nwww.nadasehnaoui.com<br \/>\n<strong>catalogues collectifs et revues<\/strong><br \/>\n&#8211; Appel \u00e0 t\u00e9moins _ Eric Watt, Ursula Biemann, Joanna Hadjithomas &amp; Khalil Joreige, Anri Sala, Seifollah Samadian, Fiona Tan, Le Quartier Qimper, 2004<br \/>\n&#8211; Les Inquiets, cinq artistes sous la pression de la guerre_ Yael Bartana, Omer Fast, Rabih<br \/>\nMrou\u00e9,Aslam Shibli,Akram Zaatari, Centre Pompidou, 2008<br \/>\n&#8211; Maidan, Prospectives on contemporary art and culture from Caucasus, Central Asia and<br \/>\nMiddle-East, BM Contemporary Art Center, Nisantasi-Istanbul<br \/>\n&#8211; Public Time : a symposium, Modern Art Oxford, 2006<br \/>\n&#8211; Out of Beirut, Modern Art Oxford, 2006<br \/>\n&#8211; Mutitudes n\u00b015 &#8211; art contemporain : aux origines du dehors \/ Hiver 2004<br \/>\n&#8211; Atlas Group,Already been in a lake of fire (p 19-24)<br \/>\n&#8211; Multitudes n\u00b020 &#8211; architroubles : pragmatiques architecturales \/ printemps 2005<br \/>\n&#8211; Yacoub \/Lasserre, O.V Entretien r\u00e9alis\u00e9 par Pascale Cassagnau (p 105-116)<br \/>\n&#8211; artpress n\u00b0330 Beyrout, l&rsquo;art de la guerre \/ janvier 2007 (p 47-54)<br \/>\n&#8211; Parachute n\u00b0108, Beyrouth \/ oct. nov. d\u00e9c. 2002<br \/>\n<strong>Projet collectif<\/strong><br \/>\n&#8211; Fondation Arabe pour l&rsquo;Image (FAI), Liban<br \/>\nFond\u00e9 par un collectif dont l&rsquo;artiste Akram Zaatari en 1996, la FAI a pour ambition de<br \/>\nr\u00e9unir et de pr\u00e9server des images photographiques de toutes sortes, provenant du<br \/>\nmonde arabe. La FAI a organis\u00e9 de nombreux projets d&rsquo;expositions et d&rsquo;\u00e9ditions.<br \/>\nwww.fai.org.lb<br \/>\n_______________________________________________________<br \/>\n\u00ab En pr\u00e9sentant ses mat\u00e9riaux comme s&rsquo;il s&rsquo;agissait d&rsquo;archives, Raad explore le glissement<br \/>\ncontinuel qui se produit entre histoire et fiction dans le travail de la m\u00e9moire. Incitant le<br \/>\npublic \u00e0 consid\u00e9rer les documents pr\u00e9sent\u00e9s comme \u00e9tant des \u00ab sympt\u00f4mes d&rsquo;hyst\u00e9ries \u00bb,<br \/>\nil m\u00e9tamorphose des souvenirs imaginaires en archives historiques afin d&rsquo;abolir, questionner<br \/>\nou recr\u00e9er l&rsquo;opposition que l&rsquo;on per\u00e7oit souvent entre les deux types de structures<br \/>\nnarratives ; par l\u00e0, il fait valoir le lien qui existe entre esth\u00e9tique et trauma, inscrivant ainsi<br \/>\nson travail dans la foul\u00e9e du discours artistique du d\u00e9but du XX\u00e8me si\u00e8cle sur le montage<br \/>\net la m\u00e9moire qu&rsquo;ont explor\u00e9 des artistes tels que Gerhard Richter et Hannah Hoch \u00bb.<br \/>\nSarah Rogers in Fabriquer l&rsquo;histoire, Mettre en sc\u00e8ne la m\u00e9moire : the Atlas Project de<br \/>\nWalid Raad, p 70, Parachute n\u00b012.<br \/>\n\u00ab D&rsquo;abord, nous ne sommes pas devant l&rsquo;image comme devant une chose dont on saurait<br \/>\ntracer les fronti\u00e8res exactes. L&rsquo;ensemble des coordonn\u00e9es positives &#8211; auteur, date, technique,<br \/>\niconographie\u2026n&rsquo;y suffit \u00e9videmment pas. Une image, chaque image, est le r\u00e9sultat de<br \/>\nmouvements provisoirement s\u00e9diment\u00e9s ou cristallis\u00e9s en elle. Ces mouvements la traversent<br \/>\nde part en part, ont chacun une trajectoire &#8211; historique, anthropologique, psychologique<br \/>\n&#8211; partant de loin et continuant au-del\u00e0 d&rsquo;elle. Ils nous obligent \u00e0 la penser comme un<br \/>\nmoment \u00e9nergique ou dynamique, f\u00fbt-il sp\u00e9cifique dans sa structure.<br \/>\n(\u2026) : nous sommes devant l&rsquo;image comme devant un temps complexe, le temps provisoirement<br \/>\nconfigur\u00e9, dynamique, de ces mouvements en eux-m\u00eames. La cons\u00e9quence &#8211; ou<br \/>\nl&rsquo;enjeu &#8211; d&rsquo;un \u00ab \u00e9largissement m\u00e9thodique des fronti\u00e8res \u00bb n&rsquo;est autre qu&rsquo;une territorialisation<br \/>\nde l&rsquo;image et du temps qui en exprime l&rsquo;historicit\u00e9 \u00bb.<br \/>\nGeorges Didi-Huberman, in L&rsquo;image survivante, Histoire de l&rsquo;art et le temps des fant\u00f4mes<br \/>\nselon Aby Warburg, \u00e9d. Minuit, p 39<\/p>\n<div class=\"pdf24Plugin-cp\"> \t<form name=\"pdf24Form0\" method=\"post\" target=\"pdf24PopWin\" action=\"https:\/\/doc2pdf.pdf24.org\/wordpress.php\"><input type=\"hidden\" name=\"blogCharset\" value=\"Cw1x07UAAA==\" \/><input type=\"hidden\" name=\"blogPosts\" value=\"MwQA\" \/><input type=\"hidden\" name=\"blogUrl\" value=\"yygpKbDS1y8vL9dLLCrRNdbLL0rXB7GS8\/NKUnML8osSM\/MA\" \/><input type=\"hidden\" name=\"blogName\" value=\"SywqMQYA\" \/><input type=\"hidden\" name=\"blogValueEncoding\" value=\"gzdeflate base64\" \/><input type=\"hidden\" name=\"postId_0\" value=\"MzKzNAAA\" \/><input type=\"hidden\" name=\"postTitle_0\" value=\"CyjKTy9KzM1NBQA=\" \/><input type=\"hidden\" name=\"postLink_0\" value=\"yygpKbDS1y8vL9dLLCrRNdbLL0rXB7GS8\/NKUnML8osSM\/P0C4ry04sSc3NTAQ==\" \/><input type=\"hidden\" name=\"postAuthor_0\" value=\"SywqMQYA\" \/><input type=\"hidden\" name=\"postDateTime_0\" value=\"MzIwNNY1MNQ1MlIwNLYyMLQyMgMA\" \/><input type=\"hidden\" name=\"postContent_0\" value=\"nVnbjhw3kn3fryBmAUMCqktq2fJNWgOte9tqqcdty+N9MViZrEpKmck0yazu2qf9FGMedtwzwGIfjAUWflP9yXzJnBNkZlaVNIaxBgxVVyXJYMSJEyci73cqxE1t\/u0P0VzFI13bVfu5et2HaJebe3\/44n6I3rWrLx66Nnq76KN1bVDlBz782Lt72kcbogn3b+XH7i+8uvXFvwyrzrWrtfpeF65fqA90091TZ7aoTK2e6xCM92ZcqWbq5fzV\/O1P6sZLb1e21bV6ZXzAeTfVndu3P1Qf\/Ound46P7\/GPT\/M5b\/+mHhrVwDa9Mkqr7XXcXiu\/vcY9Aj6ZVjXaB1k\/U9uf1AOz8a6P1UzpHusa00ZVGlXn+9h2rXni7nenXr\/Jx3XaK9yncNiejlC62V57W2jbmrl64fqgvCnMWnzEs7d\/bYyKpumCqk1QtoGZQTbXam3r2uBz3nuwTJmoClPz8R97I8twp3p7vbZB9uVtvbbZ8gd6Vepyrp4bVdTYP85kSd03dvuzN0H+zEcUWB59X6QYqoAlrl26tpTd5uqRxtf9YDYsjWamWt5Kr7kCIXOFhVtLnKC6ykW38rqrbL5Tdtj2unM0vfM24Jcdr\/PzeDeLB9zatOkqI6TobgWHBotnhh1\/kiMtjPW4opjfOR81FobeY88YYXBPQNEVNKe\/wg1t7PPjB5ed7YUXj4shcRcftfNhz4TDC86UrYk4rtNlY3PAdDYER3r+BOz7CLNetirI32baFRsQJxm4c3Wm68r03vTBNGKlXpsCEUwYmnHtAPaQt0CUCPi1YARRwWc8YqOzfsDkYLdEMWOh1jYwQ3Cv6VpRR7XwPc4NhAJyKPCot7\/OlXrkjW6AgbZU4IJlbYsYZt9UQDA+6QhnVbZTbqkivltbc2n8TN29vf0ZUHoAlyOfiXaFpG6BixmTXbU9E8gdq1tq9291Z4ZDmobn4xrqc\/VQY1uPNANI17ac37\/VgWW6kZ6+qpCStfrSeWNhcaKaL51utXqmy9c2Vq7RYZdsThoaFHS\/NkeNs+rv\/\/lf2TXP6e4rAOrgEVATHkKoCo8wkgveOSAffGCNByOYDNVavycZVdmrpa0bdaI645emQGrrDYycmAxx6si2nj4sXdETH8A50ABUIBWQMYp\/CJLyGUu98PbHfnvNdOHhRi1McFYOxN6FRdafELKht9FkYkJavjZ7ds3ACqDXPiIWFQif2Bqv0cCSQtIuu22g4bpXkkNDZnMP5iAizBUCPa0unF+4Fj8hD0DTH6sb6ap6+99xPAUmFRVZlre++U70v9f\/odvsdbtXUfoIHJmpWgjF8b4DMyhdxN4kJuYP5wg5ah\/scdv\/o8MK0u32l\/zAmHSdxg2Ye+NX7WvT02GFZEec5UNfIxtcz3QDDlbal8arIFkJmtIdbkpnILfX8Kp8WQqn1MKpSGU4Zm09XSTVaqiCfLJzoGh4WICFv5veJ8JXJLFM\/oolnTx8XSOqxMPwQ4iZHHFQ1FcWpacY90+BjeC4sXxUul3xqwMvlJLvUrfyGty5IwEjpLhd6enFpovCJHmzG4CK0CM8lmBzpj2qPky7dP4NuJ44XKGCJZZ5ZOolNIF64npQOM2eqeeOe4ebh3A4Y6K06hFwb2sT99KexeFktaodiSZff0bgHe\/qi493EENHba9fI38CRcNzu9BtBusxL41\/7+AHPyZfyjVyyuAoVxRZVuzopqKvAQUkRT4L+biszRUfM1LaC3wjT8B7vuvDPgcUCZriui7vZ\/E4a5A3LAMBoZDngBGfCgL4C9vFanu9\/TOTGQvd1QZ45yps2jp+i1s3DjhFFcFt9Fq3BSxB8JJhlDavGV7W8Lq32f5ABwwSISQ+sNxOckIu8B7ng1RRvNwgdXClwlDf7OvMSi\/sAFY+KuSJFBY0YploqUDzhr8otObqtMbjYIWlNe\/qsUR0pFrqA60oLkx+5vPEeHu2CvPaZeIvcO\/S65Ww8AyLrkvbN2JBEnm4\/1hWCyaeDc3AMekgQBKFRdnCgg9aeAHuXIN92mwRHgTx\/BwUNFbLHNPeJnyl6NP7UvzHYG+vZ0OEmr6Otqv3Y5UitHAeDBOklE3FX6xOyTiAJcOQghe7QZXIJtwDadpZHJqFFzQvijP+l\/w+SMYv9QbGXui6dn1z2Cd8Q\/gGePukxaY4msIBjnWNOoUCJC9h1\/Pa6MDzH4HLoeMN9O6ZfWPUM+fqhXNN3u1EPawdhB41yrftAoIFlLVAoB+hZmmybL4sDvzORpBisO1KPV4bv4kVP3LlCyefoUAqz1rX4W6o8f6N8RMrfJkwaEuKbLUGkwnxxZHYQ4eYjxQOQK9B6YkgRTNSDkBHaoZuNn1MRXEo386GvKQxI77SFx3kfZHU9dS8RHYj0I+CkEoXfZuwEkaAztEvsfyZUSFkKdMCpvQH8WX4FSUzZTaxj5TDwh3ByeQIEOCC6AACEZnHs2r2dc0A4kFsGuxQzxIxbv8qzONdSfGzZClSS9ZFkGuC24TonHcORqZlQC5LicvNXS8UFcbLFLZOPlkxSb0o16nS7NRvUIyJlvVpVFj0whOk2vYvdPsjqTAwKfTkCJQgnH6pRQDn4+L4HWgTWqMDB2t1JnoBm87U8WefffyuWCl0RG+BHkFaudxBsSgfJsdQj05QdUGdRWH1TD0BE8Js6BgT7GwkGWeArhYStERbQg2305xJgXYb5PdMnfWBVP7CgtHxzCiwXoBausIQ9Ns\/1\/A5JcWF3v7S4rvTECuBbSldb5B6effAyjNoGaYQIBT57\/A99mKrxggwhZlhk3HY6onL9VydeL0wWajusdItZPuu19VT3b3nKuo3LnFgLBXFSQRW1VOwcCdWfQcclOprrcvZK4f+2ahjeQ4iHZ3rJWoKxLN607rLVl1WphVqwhYRvwmX5DMss16XowNeGY9qpKj7HvRFBRFV1j0chPNAeOqr7f+2diVBewr29yleL4DBzVFtji5MkcQaeVsLL09l8aRfkDJrFv4UlY8OLvpMh8o06nGN+CAhgZiL2JfWqXMP4WtFeEpccwI8tyiEqNxPTL9OFeDkjdeN+ncN1Hr7e8I1k2ipIU504fkYcNg5cDBui+tu3mv2K7eqyN3Gl4j+16aB9ieovgHNIiuhkBrSqblKmhSBiZcGIfmKahoJA1kIHrJ4MDVkF9F0DNl33q6qeHDYC3hGXZiq1a7nDcUzVBpoZr+DT85M4\/wmL7q8vJy3WBDy8\/NiLD\/vSfDC1VL7l8Lc6AN\/K827ztTkrsgOnu3cD+qxtwVsiKCXb31AF8FWutEtqIm95+9oPtHott6y\/oI8LoxdwiJd4W9QBfyD6+KqWn3Dj4j7H3tKScDyj7bp2MG\/JzhUcacttICh9Cls+6Ma5oC5s2EPyWKSB2nDROQH9b3GFR9oTm5gzssGBz1BBs2Qdgtb5XPOkJKQMiehBvAuKruo7ewAhQ+FwNU5SoEtXT\/bnQlOhGRL3urcOynGdm3YISfVjBLitd\/QcEn+QeGI9Hioe+j1PuRzdK1OgKUd5j+zZYncfCymPzjjQGTa8gRbch299wLphCoW7NEpFciirw+MPO9xu0JwDVGCwrxhcUOlRhaJBJftXl5BMpaz3c5k2AAdLnH6wFiZ2\/y+RWc9xTN1Yvv2f47vjlRFb0zuQQsFk6AdncxjyTus0BV7+lvqGfzp3wePHV6dndRIxHKD\/DQUeLhgraHbYPCSAvNGhxp5dOejm+\/YV+8YeOf2joFFZSmcF7XIxo4SPAmUkH9EpHvPJh42dt62Se2\/p2DlqfStYRIt82f1+J8og3MdCk6DHmrOxFoIAxp\/++7R8fHHh+bDjYJ\/Gv\/hh7eHoeI0c6SfdxMDpr7W6PKTQz\/h1h99cnT3Hb+ca3BThc5e4nb709k0Wb2lXBHnkADruYikufSlh+P41PCMrPTPqOg3Sf5UavKNJyenN2epG86ruSp7S3rWfEiaUdX7bwz2ywqlHMWSVEFsDJzIkbpZ2Nx5TU0yNJ\/PrUmSiZ5ALKfx+o72EVywi5BxSJKsSOs8eKZI7fPGkGJ4TvO6aN0GK5xfoWiG1HNBXqGnQD6kvnEqw+aKOZtqBg0bG7+sl+Y7tQOCe45d5\/Uif\/nD\/++\/qRV53KpRLrOroK7U0gkwd1O3EKZ58\/BRr2S6GndmEkifNd1DDYTa2tUUVcD8ioNgEfXT7BIaD5I+tZVZzWOvRMvDiJDOWNo8SZSW1oydUIJ\/I6WOg+rTtrBifz3O\/BI18pVB6rRE0cuAbBx\/Tp1v2O+tCAf4hnQat780O5qpYrfCNgkP\/DoM6WBQw5Uo9EBPMLI+sD8H2BKwbKtFe3Fcnz2VLuoz+yztznxn4WoL\/ucvvH479o6uZ7ucJjvjeKgb8JPeIAxft5wGsx2J2ZbBwfXwhiNuugTwNEpGBRtUaKs9OzdaeU9Sst7+JC8spONbQ6DItFHVpDoZJVxJXqYDYHUFf8hYCEFE0PoGBRuipPB2TQfLG5pp8jPFNY8ulq6vKc9ZMmwo0vRMcj\/Nmnqy1KKX+d+f\/iTtY2BLy4F7mlTnFx35DI52JrxMb1DILQmq+b3UKEWiqdOw6KnxFfpL9bUtKipubPWM2qlSz1xR7cwkL5D+lfrarThTRTSfpPH5TqQGZKPQmiiOQpNRbH9u99CMwhTHBuM8TdMnCtvpM1SnPrk9O6D1O\/Od4eOEJ5ZyeRcnrXdDSLNJL42EY79hSqmQf5KxewI1ncW2SPdsx4aGCofnxFpyiJneG8KpkMG7cyzTggMWdcqNwsEg4BohljG0TVAbKyAu0wP\/qCLwFWpy1dKRY7oVY+PLkWSbT9gg9Msle\/3rtS1NmiXjknP1Le6QmwsofgY1\/yUTeMNaDXXM11ejmxtmzMASbm0DIyM7BhJzk1kD+VhwzINmhDwv+c3XARyUsEEfN5FxnEapCRMPlmn0yjX8dybDsTx4oduxgLEXTAyumTiDjUysvOscuoX0RRc2CFX+86Aod9pnalM1X+GYpNXAw5KP\/VFpar4oHcIllzitQ0KNA5nK8D69dekYTZ+B0rejz8RB22vwlZhA95SbVjfJvOX213jEGtLx3dEyZXKeno4MNE74EdmbSAU5PiP296A1z2c55qnNlZmNrz8P4jjVoqVd9Z7Dzx1Th7nXFEAGtr86kvlukBrPusKxq7yNGucVgyLYf7Ez\/Dy9zGJ92V7XfGsxjLxYQypX5mn6fj69\/VW1OxO09DJtpDFBS5q8om4DiiK\/Jpjte8zk1yZ0inB3Sw70bCL2mArdo3T2E8U9NRAfhuOt0h494\/igYY8EOD3fOwEcvBaihyufDeV8xw5BfZxCI7fF41Jrh7JgOIM5WWzYRS96v5JRA0e3LbQCye\/Dz2Q49g8=\" \/><\/form> \t<div class=\"pdf24Plugin-cp-link\"> \t\t<a href=\"#\" onclick=\"var pdf24Win = window.open('about:blank', 'pdf24PopWin', 'resizable=yes,scrollbars=yes,width=600,height=250,left='+(screen.width\/2-300)+',top='+(screen.height\/3-125)+''); pdf24Win.focus(); document.pdf24Form0.submit(); if(typeof pdf24OnCreatePDF === 'function'){void(pdf24OnCreatePDF(this,pdf24Win));} return false;\">TELECHARGER L\\'ARTICLE AU FORMAT PDF<\/a> \t<\/div> <\/div>","protected":false},"excerpt":{"rendered":"<p>Contributions d&rsquo;artistes Paola Yacoub &amp; Michel Lasserre , O.V.\u00a0 (Original Version) 2003 &#8211; 2008 \u00ab Ce montage a \u00e9t\u00e9 r\u00e9alis\u00e9 en mars 2003, \u00e0 Beyrouth, au moment de l&rsquo;invasion de l&rsquo;Irak par la coalition am\u00e9ricaine. Nous recevions en m\u00eame temps &hellip; <a href=\"http:\/\/www.art-3.org\/art-contemporain\/programme\">Continuer la lecture <span class=\"meta-nav\">&rarr;<\/span><\/a><\/p>\n","protected":false},"author":1,"featured_media":0,"parent":0,"menu_order":0,"comment_status":"closed","ping_status":"open","template":"","meta":{"footnotes":""},"class_list":["post-2690","page","type-page","status-publish","hentry"],"_links":{"self":[{"href":"http:\/\/www.art-3.org\/art-contemporain\/wp-json\/wp\/v2\/pages\/2690","targetHints":{"allow":["GET"]}}],"collection":[{"href":"http:\/\/www.art-3.org\/art-contemporain\/wp-json\/wp\/v2\/pages"}],"about":[{"href":"http:\/\/www.art-3.org\/art-contemporain\/wp-json\/wp\/v2\/types\/page"}],"author":[{"embeddable":true,"href":"http:\/\/www.art-3.org\/art-contemporain\/wp-json\/wp\/v2\/users\/1"}],"replies":[{"embeddable":true,"href":"http:\/\/www.art-3.org\/art-contemporain\/wp-json\/wp\/v2\/comments?post=2690"}],"version-history":[{"count":6,"href":"http:\/\/www.art-3.org\/art-contemporain\/wp-json\/wp\/v2\/pages\/2690\/revisions"}],"predecessor-version":[{"id":2693,"href":"http:\/\/www.art-3.org\/art-contemporain\/wp-json\/wp\/v2\/pages\/2690\/revisions\/2693"}],"wp:attachment":[{"href":"http:\/\/www.art-3.org\/art-contemporain\/wp-json\/wp\/v2\/media?parent=2690"}],"curies":[{"name":"wp","href":"https:\/\/api.w.org\/{rel}","templated":true}]}}