{"id":2252,"date":"2012-06-21T13:32:59","date_gmt":"2012-06-21T13:32:59","guid":{"rendered":"http:\/\/www.art-3.org\/art-contemporain\/?page_id=2252"},"modified":"2012-06-21T13:47:28","modified_gmt":"2012-06-21T13:47:28","slug":"jochen-lempert","status":"publish","type":"page","link":"http:\/\/www.art-3.org\/art-contemporain\/jochen-lempert","title":{"rendered":"Jochen Lempert"},"content":{"rendered":"<p style=\"text-align: justify;\">Jochen Lempert photographie la faune et la flore, le monde organique qui nous c\u00f4toie tant dans l\u2019espace urbain que dans des zones interstitielles, parcs, rivi\u00e8res, ou de conservation, Mus\u00e9es d\u2019histoires naturelles. Ses tirages en noir et blanc sur du papier baryt\u00e9 mat, \u00e0 la qualit\u00e9 proche de la photographie d\u2019amateur, ne cherchent pas l\u2019extraordinaire. Au contraire, Jochen Lempert observe, avec patience et pr\u00e9cision, \u00e0 la mani\u00e8re d\u2019un chercheur (il est biologiste de formation), l\u2019organisation et les syst\u00e8mes du vivant qui semblent \u00e9chapper \u00e0 notre regard. Bien que son travail ne se situe pas dans la photographie de nature, il enregistre des ph\u00e9nom\u00e8nes naturels (nuages volcaniques, migration et nidifi cation d\u2019oiseaux) comme des faits historiques (pr\u00e9sence de groupes d\u2019animaux qui refl\u00e8teraient encore la position ancienne des continents). Il interroge ainsi la mani\u00e8re dont le monde animal et ses repr\u00e9sentations sont \u00e0 l\u2019intersection de la nature et de la culture posant la question de notre capacit\u00e9 \u00e0 reconna\u00eetre.<\/p>\n<p>L\u2019exposition ONYCHOPHORA pr\u00e9sente des s\u00e9ries de photographies r\u00e9centes et est accompagn\u00e9e d\u2019une \u00e9dition 4 frogs, livre d\u2019artiste.<\/p>\n<p>&nbsp;<\/p>\n<address>Jochen Lempert est n\u00e9 en 1958 \u00e0 Moers. Il vit et travaille \u00e0 Hambourg.Etudes \/formation 1980-1988 Etudes de biologie Universit\u00e9 Frederich-Wilhems de Bonn 1978-1989 Film et performance avec le groupe exp\u00e9rimental Schmelzdahin.<br \/>\nExpositions personnelles (s\u00e9lections)<br \/>\n2010 ONYCHOPHORA, art 3<br \/>\nMuseum Ludwig, Cologne, Allemagne<br \/>\nProjecteSD, Barcelone, Espagne<br \/>\n2009 Field Work, Domaine de Kergu\u00e9hennec Centre d\u2019art Bignan, France Field Work, Culturgest, Lisbonne, Portugal (commissaire Miguel Wandschneider)<br \/>\nTable d\u2019H\u00f4tes, Lyon<br \/>\n2008 Jochen Lempert in der Sammlung Ann und J\u00f6rgen Wilde, Sprengel Museum Hannover 2007 Jochen Lempert, White Light, D\u00fcsseldorf, Allemagne<br \/>\n6 CO2+12H20+C6H1206+6H20+02, Kunstverein Ulm (avec J\u00fcrgen Stollhans), Allemagne Cis-Trans, ProjecteSD, Barcelone, Espagne<br \/>\nExpositions collectives (s\u00e9lections)<br \/>\n2010 Entre Tiempos, Photoespagna, Centro de Arte Teatro Fernan Gomez, Madrid (commissaire Sergio Mah), Espagne<br \/>\nFront Room, Contemporary Art Museum St-Louis, Etats-Unis (commissaire Anthony Huberman)<br \/>\n2009 The Zero Budget Biennal (commissaire Joanna Fiducia et Chris Sharp) venues Cardenas Bellanger et galerie Schleicher+Lange, Paris, France<br \/>\n2009 Galerie Jocelyn Wollf, Paris, France<br \/>\nTactical support. Curator\u2019s choice Tracy William, New-York, Etats-Unis<br \/>\nRaum als Natur \/ Natur als Gesetz, FRISE Kunstlerhaus e.V., Hambourg, Allemagne<br \/>\n2008 Paradies und Zur\u00fcck \u2013 Sammlung Rheingold, Stiftung Schloss Dyck \u2013 Zentrum f\u00fcr Gartenkunst und Landeschaftskultur, Juchen, Allemagne<br \/>\nCrop Rotation, Marianne Boesky Gallery, New-York (commissaire Clarissa Dalrymple)<br \/>\nDas Alter des Universums ist nicht genau bakannt, Kunstverein Hildesheim und Roemer \/ Pelizaus Museum, Hildesheim<br \/>\nSocietate su i ma logica, Kunstverein Schwerte, Allemagne (commissaire Markus Karstiess et Christian Freudenberger)<\/address>\n<div class=\"pdf24Plugin-cp\"> \t<form name=\"pdf24Form0\" method=\"post\" target=\"pdf24PopWin\" action=\"https:\/\/doc2pdf.pdf24.org\/wordpress.php\"><input type=\"hidden\" name=\"blogCharset\" value=\"Cw1x07UAAA==\" \/><input type=\"hidden\" name=\"blogPosts\" value=\"MwQA\" \/><input type=\"hidden\" name=\"blogUrl\" value=\"yygpKbDS1y8vL9dLLCrRNdbLL0rXB7GS8\/NKUnML8osSM\/MA\" \/><input type=\"hidden\" name=\"blogName\" value=\"SywqMQYA\" \/><input type=\"hidden\" name=\"blogValueEncoding\" value=\"gzdeflate base64\" \/><input type=\"hidden\" name=\"postId_0\" value=\"MzIyNQIA\" \/><input type=\"hidden\" name=\"postTitle_0\" value=\"88pPzkjNU\/BJzS1ILSoBAA==\" \/><input type=\"hidden\" name=\"postLink_0\" value=\"yygpKbDS1y8vL9dLLCrRNdbLL0rXB7GS8\/NKUnML8osSM\/P0s\/KTM1LzdHOAAqlFJQA=\" \/><input type=\"hidden\" name=\"postAuthor_0\" value=\"SywqMQYA\" \/><input type=\"hidden\" name=\"postDateTime_0\" value=\"MzIwNNI1MNM1MlQwNLYyMLMytQQA\" \/><input type=\"hidden\" name=\"postContent_0\" value=\"jVZNbxRHEL3zK0o5RLZYr42TgJMQJHtts4D5kNcJglvvTO1M457uoT8WlhP\/IafccsSXnKKcuO0\/yS\/Jq55Ze22iKBLyMv1R9erVq6q+31KIC8M\/fRX5fdxSRlf2B3qTQtSzxY9fPXjsipotnXDTso\/U1i66yqu21kxG0Uwly8Qx\/984zwMyTI2zJZPzlbL6bWJ6mzRZlwIVyz+jw82obKRS2UDm74+\/cWhVwZT8VGlLciFvlRzog7P4q21kD0RRszEcBtQqX+DH67lefvKy4hLOU+FsYD9XUTs7oKcpLC9wvYSPWgd4xlGyKiaf7Qxpgu+ovarwiygtTkgwU6NsQSF5KhN8tZo9TZVfxOUFNSoOaPm7BPw2gS5Za72wJACweo0ica1whZMfEJjCMS+EgknVB\/8+euV8qa0CvCHtJ4kCa1rIvEG\/m0p4WFdzLmAChNgi89\/65UWhQ467Q9eAfCEnY0h25RpBbWhDHBCmdsZVICZDnznfZOI2BxlYl76Ql3KGwVFYhLj81AinieZ6LmmU5AZupkaiAohatcAqIKyLcO+5Ur4c0gGw5uQG2EN8cwUYoCTgn45YF0Y6TdwkkfukDUiQW1gEaIkMQNp6eWFds\/xkr3IbaMOmnNS5M0UnQmik0bC4CsfqUs80Fd2CcOR0YJXeb4L\/pumMz5SOgbJ2fDZCG0J0yKwDVuVdanuFwU2D65kPzzOz\/ATRKi2s4DhKI8flEKs4hMCwZTs3knBtcTJsDumR6fTuXcWEggj6ejZx9qrGslMj8QTY8dyjizmqIFTHLAfg64qIiy7ejKajS25330UyeQEoJbNZ4hBKf6FLZ6FQrFn1sOsZ0K1a\/oGd4f3t9sGt++2Dk6zqy0ifP3s1Gj9\/MX5+uk8reF3YqE6vhT2+lm\/EARnJqSDQRKmqQE5aVVnUc69nhtbKzsO3NANZSLDR817vykfR9SWmr+00tD92X6os0QfCzdYmfmBf+sCd77\/bk\/CeOjCWMzLXUbD0sgX92B2rZuqSr4ZHMUk425cVBAN7O1v4s0f9HkLsq43pZ6vnsJs5PPZcstdFvfVSm5qbfPIAnMLEvT0x8T0da9PkEmefPYj2cv2blQAJdAuXjWTe0KSoGzYfSlVrO7w\/9bT94NbRZUKCGIIwbO6BtIEsmE4VYbM\/vLtzZ2c9b+g3IOibfhdtlVNDJ6l8p6sBjSQsi9rch70GOeL+3Avv3sAwTw4HdICGzcbJsaPQrh3a3dmRCNmU9NL58wEdugaiz9X1hH2Vlhe11ElBIwR3lV20k8oqNLtjnwlZNzHKMkb5o1Of6DCVWAf0wvmYKtCzIfWtQ5AOS091ldjQS2XLUNSWNdKxouFMoallh2PMLekgJwtnr4Dv3WzPWurE00Q1jUm2on3kMdmSHi\/\/AhxLyHEJJJPWs63gtWdyrKx1kATB5r0bNgf0staolxNd1fg4XH4OAZE6P\/uS8Ls0er57+87ueHfn9uju+M7uzt3bd+VjZ3dAT5INEU4YIH+GoDayhB4vP2dkk+iMqdF8N9fM0kiHrTPwi8j\/VzLXRVbAoMhq\/l8aO8opPdOI1YkT6QKcTapBl3AnQtj3YOCMlXwes0fe6aFr+ANGvCq9Lq+ndALZaIetevMmwGMvDfHUuUZ0iw4Dvx6DXTyssjGJWycuacA5QhsNWyjXcN3Bvo21swsapylLPW6ua\/kMD4HXDKAHqaw45rFnb6rusUPKFURbpkIrKe5R7eFmUivfbtKcrcyaEeYmW0zFA5SqgmLy4wQSRsdgqXLDWqb67RPZBH3KC+yuItYxPeyvQFpsFtAhcjP79\/NnCmkqgDekFtzEIaoJQ9N5VAGSWjuNYoMmioWo2WgFJp\/xu61XufKuGOvNnSowqjCQn8mooe3+V1YecuCIFB6fPpocdfIEylrhmcjDX4aDy\/76pdBz7QG9KmVaSIW9Tn75uTinvz\/+elV+pzXEXjlTouTwnI2yJqy5EOhw0Z9+LSoDyBkqAURBafZcsGSzIBbdG0+aWQznuavgSZakPr8ENfKuhbTi6vEJcpUM+AMo+nwhOUB4iyu2ritiZCQZQdGhMn7RtIZXqjqEAPYNZneemf3wSJgUWgYWBABJQCUJL9RzOIzXS30sLSeAiCYHdOq4YcnDCzb6g3DdqX6wdrD3O3F4oSAaPM8SaTxASMZXoa7bB5\/v0KbW2\/+NBqv8Odw8UfKAx9i9FHsEPTL\/MB8t6qiSvru9ms23\/gE=\" \/><\/form> \t<div class=\"pdf24Plugin-cp-link\"> \t\t<a href=\"#\" onclick=\"var pdf24Win = window.open('about:blank', 'pdf24PopWin', 'resizable=yes,scrollbars=yes,width=600,height=250,left='+(screen.width\/2-300)+',top='+(screen.height\/3-125)+''); pdf24Win.focus(); document.pdf24Form0.submit(); if(typeof pdf24OnCreatePDF === 'function'){void(pdf24OnCreatePDF(this,pdf24Win));} return false;\">TELECHARGER L\\'ARTICLE AU FORMAT PDF<\/a> \t<\/div> <\/div>","protected":false},"excerpt":{"rendered":"<p>Jochen Lempert photographie la faune et la flore, le monde organique qui nous c\u00f4toie tant dans l\u2019espace urbain que dans des zones interstitielles, parcs, rivi\u00e8res, ou de conservation, Mus\u00e9es d\u2019histoires naturelles. Ses tirages en noir et blanc sur du papier &hellip; <a href=\"http:\/\/www.art-3.org\/art-contemporain\/jochen-lempert\">Continuer la lecture <span class=\"meta-nav\">&rarr;<\/span><\/a><\/p>\n","protected":false},"author":1,"featured_media":0,"parent":0,"menu_order":0,"comment_status":"closed","ping_status":"open","template":"","meta":{"footnotes":""},"class_list":["post-2252","page","type-page","status-publish","hentry"],"_links":{"self":[{"href":"http:\/\/www.art-3.org\/art-contemporain\/wp-json\/wp\/v2\/pages\/2252","targetHints":{"allow":["GET"]}}],"collection":[{"href":"http:\/\/www.art-3.org\/art-contemporain\/wp-json\/wp\/v2\/pages"}],"about":[{"href":"http:\/\/www.art-3.org\/art-contemporain\/wp-json\/wp\/v2\/types\/page"}],"author":[{"embeddable":true,"href":"http:\/\/www.art-3.org\/art-contemporain\/wp-json\/wp\/v2\/users\/1"}],"replies":[{"embeddable":true,"href":"http:\/\/www.art-3.org\/art-contemporain\/wp-json\/wp\/v2\/comments?post=2252"}],"version-history":[{"count":4,"href":"http:\/\/www.art-3.org\/art-contemporain\/wp-json\/wp\/v2\/pages\/2252\/revisions"}],"predecessor-version":[{"id":2265,"href":"http:\/\/www.art-3.org\/art-contemporain\/wp-json\/wp\/v2\/pages\/2252\/revisions\/2265"}],"wp:attachment":[{"href":"http:\/\/www.art-3.org\/art-contemporain\/wp-json\/wp\/v2\/media?parent=2252"}],"curies":[{"name":"wp","href":"https:\/\/api.w.org\/{rel}","templated":true}]}}