{"id":2229,"date":"2012-06-21T13:01:07","date_gmt":"2012-06-21T13:01:07","guid":{"rendered":"http:\/\/www.art-3.org\/art-contemporain\/?page_id=2229"},"modified":"2012-06-21T13:32:16","modified_gmt":"2012-06-21T13:32:16","slug":"marie-voignier","status":"publish","type":"page","link":"http:\/\/www.art-3.org\/art-contemporain\/marie-voignier","title":{"rendered":"Marie Voignier"},"content":{"rendered":"<p><a href=\"http:\/\/www.art-3.org\/art-contemporain\/wp-content\/uploads\/wordpress-de-correction-HOMME-CONGELE-EDITION-v3.pdf\"><\/a><a href=\"http:\/\/www.art-3.org\/art-contemporain\/wp-content\/uploads\/HOMME-CONGELE-EDITION-art3.pdf\">HOMME CONGELE EDITION-art3<\/a><\/p>\n<address>Marie Voignier est n\u00e9e en 1974. Elle vit et travaille \u00e0 Paris.<br \/>\nhttp:\/\/www.marcellealix.com<br \/>\nFormation<br \/>\n1999-2004 DNSEP et DNAP, ENBA Lyon<br \/>\n1996-1998 Technische Universitaet Berlin (Physics), Humboldt Universit\u00e4t Berlin (Gender Studies)<br \/>\n1992-1997 Universit\u00e9 de Technologie de Compi\u00e8gne (engineering)<br \/>\nExpositions<br \/>\n2010 L\u2019Homme congel\u00e9, art3<br \/>\nMarcelle Alix, Paris, Effigies (solo)<br \/>\n6. Berlin Biennale<br \/>\nInstitute of Visual Arts, Milwaukee (USA,) Spatial City : An Architecture of Idealism<br \/>\n2009<br \/>\nCAC, Bretigny, France (Hinterland)<br \/>\nState Museum of Contemporary Art, Thessaloniki (Greece),<br \/>\nThe Beautiful is just the first degree of the Terrible<br \/>\nMORT &amp; VIF, Bruxelles (Belgium), Nuit Blanche<br \/>\nVideoclub, Paris<br \/>\nPasserelle Centre d\u2019art contemporain, Brest<br \/>\nEn vue\u2026 des mani\u00e8res de voir<br \/>\nNaturellement humain, Conseil G\u00e9n\u00e9ral 93, Villepinte<br \/>\n2008<br \/>\nBienniale d\u2019art contemporain, Rennes (Crossing Values)<br \/>\nLa Foule (0-infini), La T\u00f4lerie, Centre d\u2019art contemporain, Clermond-Ferrand<br \/>\nBe seeing you, Centre Pompidou, Paris,<br \/>\nBass Model Diffusion, Fieldgate Gallery, Londres<br \/>\nRendez-Vous, Contemporary Art Museum, Shanghai, Chine<br \/>\nDebords, Espace En Cours, Paris<br \/>\nA chacun ses \u00e9trangers\u2026? Cit\u00e9 nationale de l\u2019histoire de l\u2019immigration, Paris<br \/>\nProjections<br \/>\n2010 Achtung Berlin, Berlin, Allemagne<br \/>\nFID, Marseille<br \/>\nSuspended Spaces, Amiens (France)<br \/>\nBergamo Film Meeting, Bergame, Italie<br \/>\nFestival Crossing Europe, Linz, Autriche<br \/>\nInvisibles, Espace Khiasma, Les Lilas, France<br \/>\n2009 Doc Lisboa, Lisbonne, Portugal<br \/>\nCentre National de l\u2019Audiovisuel, Luxembourg<br \/>\nLes villes invisibles, Cine 220, Br\u00e9tigny<br \/>\n2008 Cin\u00e9ma V\u00e9rit\u00e9, Iran International Documentary Film Festival, T\u00e9h\u00e9ran, Iran<br \/>\nIdeal #10, Saison vid\u00e9o, Espace Crois\u00e9, Roubaix<br \/>\nPoint Ligne Plan, Centre Pompidou, Paris<br \/>\nLa Vitrine, Paris<br \/>\nSaison vid\u00e9o, Espace Crois\u00e9, Roubaix<br \/>\nPrix et r\u00e9sidences<br \/>\n2009 Prix des M\u00e9diath\u00e8ques, FID, Marseille<br \/>\nR\u00e9sidence Atelier Favier, Saint-Etienne<br \/>\n2008 Quality prize, Centre National de la Cin\u00e9matographie<br \/>\n2007 Centre Pompidou, Paris, Cin\u00e9ma du r\u00e9el Short documentary award<\/address>\n<div class=\"pdf24Plugin-cp\"> \t<form name=\"pdf24Form0\" method=\"post\" target=\"pdf24PopWin\" action=\"https:\/\/doc2pdf.pdf24.org\/wordpress.php\"><input type=\"hidden\" name=\"blogCharset\" value=\"Cw1x07UAAA==\" \/><input type=\"hidden\" name=\"blogPosts\" value=\"MwQA\" \/><input type=\"hidden\" name=\"blogUrl\" value=\"yygpKbDS1y8vL9dLLCrRNdbLL0rXB7GS8\/NKUnML8osSM\/MA\" \/><input type=\"hidden\" name=\"blogName\" value=\"SywqMQYA\" \/><input type=\"hidden\" name=\"blogValueEncoding\" value=\"gzdeflate base64\" \/><input type=\"hidden\" name=\"postId_0\" value=\"MzIysgQA\" \/><input type=\"hidden\" name=\"postTitle_0\" value=\"800sykxVCMvPTM\/LTC0CAA==\" \/><input type=\"hidden\" name=\"postLink_0\" value=\"yygpKbDS1y8vL9dLLCrRNdbLL0rXB7GS8\/NKUnML8osSM\/P0cxOLMlN1y\/Iz0\/MyU4sA\" \/><input type=\"hidden\" name=\"postAuthor_0\" value=\"SywqMQYA\" \/><input type=\"hidden\" name=\"postDateTime_0\" value=\"MzIwNNI1MNM1MlQwNLYyMLMyMAcA\" \/><input type=\"hidden\" name=\"postContent_0\" value=\"rVbNbttGEL7nKQYpUNgAZclOkMSp60KWJVuoJbuWo\/uKXJGTkLvM\/sh2TnmN3nooiujeN9Cb5En6LUVKSpsUKNCLRO7O7Ox+P7M8KU9PBGVGzn98mjlXvm637+\/vD4RxrWcH2qTt8BRr5WRRaiNYte\/L9btybV\/mWiS2fa9NUhppbSuRmDRGxo61al1ej0b9Vu96fNG\/6rf658O74fW4tXh2UCbzp6cnbfE\/1P56DWTWVap5qudpd76q3y5Pn5yIJAm7Px0Jw5KmmlPF0pC0jtRqKUkqOjx++fyA+nkuacGOpCNnxEJwGFj9RjfItAcnM0Pt0yc7ZymEiSViRM4PB7Eu6oiBNoUIENXvh8fHx62jTuc5nY8n\/Zuw\/Pm4exNRf3zWpavH3cAXLfy8ojsZZ4ptnEl6o3ghjWUnkHcmTc6K9m6yR8ux3Y\/o0hcznSduG7f6fRt3IVWCs06cT1ja\/W2do1Dn5U7SkhK5LqtznQIovPZ0UfLqU6ok7UmVspLSsEqbZfoPpUYqDmrrkaPOYYeuPn\/89VIXhSSwmcp8tYyoYmQdM6pBoy5Qi9bYAor5nFHV0p5F\/abCi4PmJGcslRK5rCeGyjp23knSc5qy9SKnrnFYaMT5vfDvJLb8ZtKN9mlSggtM99g90mvqKgTGGTuo2Jsqf5gEBm2xOUTnuH7sdXsRnRnpoJnHiAZGqBgLXzJUanKhkmajEyewl5G30hdhyd5G1+YxbCyiuwwaFLlW\/I7Bi5EylvtRnY5JHFR4x3OfE1t666FOh9E5GzwlMkVCWDiM3UljeLbBYnR9e0ffi6L8gabDQdivfwgAA8szmafsC8hk7KHrM2wZkqrzppxIHed+VpNQD98Ia6WpGOrBioAoAaEgkHbNWsFiXaMERQsvP3\/8Azu1VAgF1WA6aGih2dRRYxEQx8IF1qXMF9U6gMpKzulitYQdDZg6fhaBU8SVAectK6\/qx0oLoPRbO7vFdDh9z2hroVeaitxv1X8laKA9svc6LVZzVgx8MHi3+jOHvmX07+fuIajQKmkNQAMk0GxKkpUyVHvUfrPETXBQEgbWOm+CgTGNdCJzOuf53Ft4CPJimSdpENKFwOkNFHeFQgCyTrsNbv7Qmmpvo39IrFZfRJNMqDQTjJAMlq1zz+UMfTw4zZYCIgZlPe2N\/ZL8LsWZiL3CWSytluiCcLCxYPanYCB0CVV1tgp8STkQytg6cLx556Lg1FRRfxOW0W\/XV8cX7aIbZ84DtrXRo81\/NwhFpJsDDIbncLcwQSwb7U+8LQMoSbB5LHGabgF1gPy1V\/c37JhUFBoQ5wWNJAyt0qoURkH40KEBbApB17wIHaPRT98bXSLsitUHVPDO8NZGQ7VgG+y4xfbnjIUtBBKA4hXnwja9Y6fF0LmOMWlnOgSGf6gWiGnjfCrypgOtdTSuUW9A7qKfa9T1Mkcy\/I5LwJu0UTjKLrhqAbyzux7UQEdHneBdcBt62o65wvRqWQiawoWBasCCPdMw9LqG9bBpH+wbRFeB2aCFDrdaZsHAap3YwBOaK313iKoTwVajU3CyWuoNWECZbah2q\/1M8EOjFg3zA5dw+dzkYdGvW2pr6imDlwrCnfH\/VtPwQ7idgY5FcwRfdpewajo0uNFqmbBw2erTex+A\/ao0bzeLUNfJPHxyDMQCfxUQyrX6LvSx3f5Gv+AeC9dUafjDtg99Qb5oeHIaLisz3lng5bfazobbxIfDoe1MMuiMkh02xb0wCb6a6q+lJ38B\" \/><\/form> \t<div class=\"pdf24Plugin-cp-link\"> \t\t<a href=\"#\" onclick=\"var pdf24Win = window.open('about:blank', 'pdf24PopWin', 'resizable=yes,scrollbars=yes,width=600,height=250,left='+(screen.width\/2-300)+',top='+(screen.height\/3-125)+''); pdf24Win.focus(); document.pdf24Form0.submit(); if(typeof pdf24OnCreatePDF === 'function'){void(pdf24OnCreatePDF(this,pdf24Win));} return false;\">TELECHARGER L\\'ARTICLE AU FORMAT PDF<\/a> \t<\/div> <\/div>","protected":false},"excerpt":{"rendered":"<p>HOMME CONGELE EDITION-art3 Marie Voignier est n\u00e9e en 1974. Elle vit et travaille \u00e0 Paris. http:\/\/www.marcellealix.com Formation 1999-2004 DNSEP et DNAP, ENBA Lyon 1996-1998 Technische Universitaet Berlin (Physics), Humboldt Universit\u00e4t Berlin (Gender Studies) 1992-1997 Universit\u00e9 de Technologie de Compi\u00e8gne (engineering) &hellip; <a href=\"http:\/\/www.art-3.org\/art-contemporain\/marie-voignier\">Continuer la lecture <span class=\"meta-nav\">&rarr;<\/span><\/a><\/p>\n","protected":false},"author":1,"featured_media":0,"parent":0,"menu_order":0,"comment_status":"closed","ping_status":"open","template":"","meta":{"footnotes":""},"class_list":["post-2229","page","type-page","status-publish","hentry"],"_links":{"self":[{"href":"http:\/\/www.art-3.org\/art-contemporain\/wp-json\/wp\/v2\/pages\/2229","targetHints":{"allow":["GET"]}}],"collection":[{"href":"http:\/\/www.art-3.org\/art-contemporain\/wp-json\/wp\/v2\/pages"}],"about":[{"href":"http:\/\/www.art-3.org\/art-contemporain\/wp-json\/wp\/v2\/types\/page"}],"author":[{"embeddable":true,"href":"http:\/\/www.art-3.org\/art-contemporain\/wp-json\/wp\/v2\/users\/1"}],"replies":[{"embeddable":true,"href":"http:\/\/www.art-3.org\/art-contemporain\/wp-json\/wp\/v2\/comments?post=2229"}],"version-history":[{"count":7,"href":"http:\/\/www.art-3.org\/art-contemporain\/wp-json\/wp\/v2\/pages\/2229\/revisions"}],"predecessor-version":[{"id":2231,"href":"http:\/\/www.art-3.org\/art-contemporain\/wp-json\/wp\/v2\/pages\/2229\/revisions\/2231"}],"wp:attachment":[{"href":"http:\/\/www.art-3.org\/art-contemporain\/wp-json\/wp\/v2\/media?parent=2229"}],"curies":[{"name":"wp","href":"https:\/\/api.w.org\/{rel}","templated":true}]}}