{"id":2220,"date":"2012-06-21T12:42:45","date_gmt":"2012-06-21T12:42:45","guid":{"rendered":"http:\/\/www.art-3.org\/art-contemporain\/?page_id=2220"},"modified":"2012-06-28T14:33:44","modified_gmt":"2012-06-28T14:33:44","slug":"yvan-salomone","status":"publish","type":"page","link":"http:\/\/www.art-3.org\/art-contemporain\/yvan-salomone","title":{"rendered":"Yvan Salomone"},"content":{"rendered":"<p style=\"text-align: justify;\"><em>Le troisi\u00e8me monde<\/em> se situe en bordure de l\u2019exposition<em> Tout est ici retrouv\u00e9<\/em> au Ch\u00e2teau des Adh\u00e9mar \u2013 Centre d\u2019art contemporain \u2013 \u00e0 Mont\u00e9limar. Yvan Salomone a pens\u00e9 pour les deux projets un accrochage qui tient compte des sp\u00e9cificit\u00e9s des deux lieux afin de raconter une histoire par le biais de ses chroniques peintes. Yvan Salomone va \u00e0 la rencontre d\u2019images lors de ses errances et ses d\u00e9placements et les fixe sur la pellicule de son appareil photographique pour se constituer une archive visuelle qui donne peu d\u2019indices des lieux de la fabrication de l\u2019image. Les paysages mobiles en bordure de territoires captent les traces de l\u2019activit\u00e9 humaine.<\/p>\n<p style=\"text-align: justify;\">\u201cDe mon travail, l\u2019on pourrait dire, trop rapidement, que je peins des paysages \u00e0 l\u2019aquarelle, que de surcro\u00eet, j\u2019ai l\u2019obsession des chiffres, r\u00e9alisant depuis 18 ans une aquarelle l\u2019une apr\u00e8s l\u2019autre, de m\u00eame format, que ce format correspond \u00e0 peu pr\u00e8s \u00e0 la projection domestique d\u2019une diapositive ou d\u2019un film sur le mur de la cuisine et sur laquelle je m\u2019appuierais pour rendre compte d\u2019un territoire. On pourrait dire \u00e9galement que vivant \u00e0 Saint-Malo, l\u2019\u00e9vidence du motif est persistante s\u2019agissant de site portuaire. Mais ce serait r\u00e9duire cette activit\u00e9 \u00e0 une histoire de formes alors que le fond repose sur la d\u00e9couverte d\u2019une mosa\u00efque d\u2019\u00e9l\u00e9ments \u00e9trangers, dont l\u2019arriv\u00e9e souhait\u00e9e et encourag\u00e9e complexifie ce qui ne peut plus \u00eatre circonscrit par le dessin d\u2019une fronti\u00e8re \u2026 Si selon la d\u00e9finition, un paysage est un tableau repr\u00e9sentant la nature o\u00f9 les figures et les constructions ne sont que des accessoires, force est de constater que dans mes aquarelles il n\u2019en est rien. Celles-ci ne sont pas une r\u00e9alit\u00e9 g\u00e9ographique mais plut\u00f4t une \u00e9laboration mentale travers\u00e9e par un r\u00e9seau de failles. S\u2019il s\u2019agit bien \u00e0 chaque fois de la repr\u00e9sentation de zones existantes en mouvement, aucun \u00e9l\u00e9ment ne permet de les situer avec pr\u00e9cision, de les attribuer \u00e0 un pays, tant la vision est d\u00e9sorganis\u00e9e, puis r\u00e9organis\u00e9e. Les zones d\u00e9peintes sont des lieux de multiples transits, o\u00f9 se d\u00e9ploient et implosent les produits de l\u2019activit\u00e9 humaine. C\u2019est une zone exp\u00e9rimentale, suspendue de toute pr\u00e9sence, avec des mobiles et des immobiles.\u201d Yvan Salomone \u2013 2009<\/p>\n<address>Yvan Salomone est n\u00e9 en 1957, il vit et travaille \u00e0 Saint Malo.<br \/>\nExpositions personnelles (s\u00e9lection)<br \/>\n2009<br \/>\nTout est ici retrouv\u00e9, Ch\u00e2teau des Adh\u00e9mar, Mont\u00e9limar<br \/>\nLe troisi\u00e8me monde, art 3, Valence<br \/>\n2008<br \/>\nPavillonoir, Rudy Ricciotti\/Yvan Salomone, Galerie Sollertis, Toulouse<br \/>\nContrepoint, Frac Limoges<br \/>\nComme si cela n\u2019existait pas, Mus\u00e9e de la chaux-de-Fonds, (CH)<br \/>\nundeuxtrois, le Tube 02, Le Quai, Angers<br \/>\nGalerie Xippas, Paris<br \/>\nLyc\u00e9e de Thi\u00e9rache, Fontaine les Vervins, Frac Picardie, (FR) 2007<br \/>\nMeatmachine, Galerieofmarseilles, Marseille, (FR) Frac Picardie, Nogent-sur-Oise, (FR)<br \/>\nExpositions collectives (s\u00e9lection)<br \/>\n2009 Objet : objet (3), Frac pays de la Loire, Coll\u00e8ge Lucie Aubrac, Vertou<br \/>\n\u00ab Dans l\u2019\u0153il du critique \u2013 Bernard Lamarche-Vadel et les artistes \u00bb, Mus\u00e9e d\u2019Art moderne de Paris<br \/>\nNothing is permanent, Albert Baronian : Profession galeriste La centrale \u00e9lectrique, Bruxelles<br \/>\nPaisagens Oblicas, Mus\u00e9e municipal de Faro, Algarve<br \/>\nL\u2019h\u00f4tel des spectres familiers, Centre d\u2019art Le Lait, Castres<br \/>\nLe printemps de septembre, Toulouse<br \/>\nR\u00e9alit\u00e9s urbaines, Frac Bretagne, L\u2019imagerie Lannion<br \/>\n2008 Ch\u00e2teau-Mus\u00e9e de Dieppe, Dieppe<br \/>\nNext\/ Merchandise Mart, Chicago, (USA)<br \/>\nNos r\u00e9alit\u00e9s, Le Quartier, Quimper<br \/>\nPhoto paintries (pharmacie), Frac Limousin, Limoges Brest &amp; les peintres du XVII \u00e8me \u00e0 nos jours, Mus\u00e9e des Beaux-arts, Brest<br \/>\nLa rencontre #1, Frac Bretagne, Rennes<br \/>\nImages Latentes, Galeria Fucares, Madrid<br \/>\nit Dont acte(s), Galerieofmarseille, Marseille Architectures, Fiac off, Galerie Sollertis, Toulouse<br \/>\nObjet : objet (1), Frac pays de la Loire, Coll\u00e8ge Bellestre, Bouaye<br \/>\nObjet : objet (2), Frac pays de la Loire, Coll\u00e8ge Talence Cent Galerie Defrost, Paris<\/address>\n<div class=\"pdf24Plugin-cp\"> \t<form name=\"pdf24Form0\" method=\"post\" target=\"pdf24PopWin\" action=\"https:\/\/doc2pdf.pdf24.org\/wordpress.php\"><input type=\"hidden\" name=\"blogCharset\" value=\"Cw1x07UAAA==\" \/><input type=\"hidden\" name=\"blogPosts\" value=\"MwQA\" \/><input type=\"hidden\" name=\"blogUrl\" value=\"yygpKbDS1y8vL9dLLCrRNdbLL0rXB7GS8\/NKUnML8osSM\/MA\" \/><input type=\"hidden\" name=\"blogName\" value=\"SywqMQYA\" \/><input type=\"hidden\" name=\"blogValueEncoding\" value=\"gzdeflate base64\" \/><input type=\"hidden\" name=\"postId_0\" value=\"MzIyMgAA\" \/><input type=\"hidden\" name=\"postTitle_0\" value=\"iyxLzFMITszJz83PSwUA\" \/><input type=\"hidden\" name=\"postLink_0\" value=\"yygpKbDS1y8vL9dLLCrRNdbLL0rXB7GS8\/NKUnML8osSM\/P0K8sS83SLE3Pyc\/PzUgE=\" \/><input type=\"hidden\" name=\"postAuthor_0\" value=\"SywqMQYA\" \/><input type=\"hidden\" name=\"postDateTime_0\" value=\"MzIwNNI1MNM1MlQwNLIyMLMyMQUA\" \/><input type=\"hidden\" name=\"postContent_0\" value=\"jVdNb+REEL3vryiBhBLJSXYXIWAJkfJBYKUJG5JlBcceu2emI9vt7Y9Rwin\/gRMSSIgD2gEJLlwQNyz+SH4Jr6rbM5MQYC+Jx27Xx6tXr8q7HflwVesP3wj6Mmyp2kzbJ3QRfTCTqw\/e2NvVzd5IU3DWeNO\/ajQ1tq307g7uk9fkTYiadEtj66roNFWa6pvrb\/RlZ\/HM2JYt0HMbA2kfyJSGnIa5OO8XyYqKdDjrfwgaF5X2tF\/N+kWjHN1cf02Hug1sFSaVC1TaNuims06ZVp7339MJ7vWL2uCVbfpyrlo6V7VFmJoUdbr1\/YI6Gx3VMF7peEmdsxc6eIotqbJ0tpypqaaX0VAw8AcvTRe0BOO7flGaCcKGDy+3xERt+K+aIAxk7JQE5mBR08z4YA2C7hT7pLFRht8CXJ7KmbOteRlx2WmDd\/zdmOeKk6oVYGrZas4e6U3xUm3d0pZ2TrUlXwT5XfWLrlalbpCD3OSEJ+YSpzl7BqOuTRlrqZK3yL5DjNrU1M1ssFOnuhnHluBCdeEfRECFU2bKlTMzR4jGR5hKkFW2xaNOxxRmW5lSJ6ASRkwIRRM1dqZUTIiBIpLRNo0YCnXlJb3Gjg1HfZtQQNYZwRQAKpSmTbkF4C6+xJ4qg5lzmWgWG\/BDb+\/udHsPdv+H4TfX3x4Jq9ncXJm6EGv4zSiAaIEqeC64BzpUujOVIFwQI3WhpY4p4WUaXECO6GUEvAAqna2kEOBb\/wvevuADJvkao3w+QcMUMZMJUi3I9QuE6xXSrXQXwaJH75FqfSrGYFxMyJ3O9a988hwDhwyPTf8TmnZiXaNyyOXwE+V18NOhoTliLmGykPgnXVKmitkGzSvUqLKzyqjU4eCDjfk22FY3iW3wjH+p+CVCRz2Ep8LEl4k+AK\/hYDvkph13iRAPxK+cXnZhsrziwDY9u1Mb6hdTVUtVJMO5mTNmSOMcPAhbJ+itVNV+MUf50DRURdQcFBBV6rTz6Fq8hBJxRFPjM+yscNwQLkQlzk84zpI7UPyjRlXkGEodcHBFQni\/pQZVgh0FVtLEHGjN94C+08By2abo4xL6qF1Ywd1Yr\/pfhwJA7iCR0ub9ArRtp0ig4FYMqfzACvrKTR5nisMR8FlQolNT\/sno1voS0iaM4E5ObQw06gi7P7HylMaxBpSAfpCziqnaLgObQM8CJgMO31z\/SOcGwNSgTMoD+ihDoGCtze0hiHNF1bhmzUfyANEjG0Yc77UqcOPb\/vesYNPo9FLQRJNcFGJ6jtnbXHZuHug54hOpKBjvMrmrspYpFmk5y20kxRjayBN0sOXR1corDqNgG\/OHH22VZumpU6n\/UnNypYHnmnY2wuM6hv63IAdRLAUxS9rHRQNVRWtQM64E4wo4BAMZgRBLw1636Zxlsh4oGTBKEByIhYHFriY2DRYZFksQB439CtMEqF1mYouoNsyrpF4qlvC6ZFKqPvgpYDEcPgk\/4ixZFzAGvVQyP1YhODPmE8J0qS5EMtdwLocT9ojLuqlqDadbkAgZ7K3upSGQ4uUhlgZjgvvWIGliHUyXpb9FgPDINEHvyPCzMr6RggG5rR\/mBJQMPRr+Y1LQIRfep4JxIMANk9+ZXK8CvemxS1RJxgPWGU0Z8RJPBaRqfYClyE2Tb2zfXH93Z9Dz+vL44cP305RSFTTP+73bZzikFnGidI\/ef+fdgjmKyNl8nlbg0qBzxDq3vTt2tLP34KPlAuZF3nhKC8s3gHiddH0zn5Uo0uX9i1px\/4ZWrO9e2cA9yyLgwer2dkEvgCTgWnl9L1+eqjkysS36tqCzWF3RmSlLY0MwO7cAKehj2EBr0rlFNi4YMAAx1zb6we6hLE2dNczyY6wINDKNxVhePm8alnXIHouNLKvcIyJxMHcSpS3z6JqpeLlV6a1jZIKHG4efDKjFljdBSbZgYXwex5oePi5AZvoMw6KgfdHlfHwI\/AvTiZtT5czwbHRVZpfPZwa0U+UMqcJlYHYKh19oN8eekTM6xS7lKoNDG8dnm0yjd7OpE61Cg\/fNGlh2gvp4LaKC\/Ibr\/PIdg58CKsxMzKKtZ8bnQ\/eQquQCcCP9O6fo2Rh7Nj0hK\/833t7M4bNWZIBHVparQ1jrX2E4jGIJkPbjGOcKzhq9lk3++TMdsWxzC\/\/1NToBM5wnk8gud9OBdi2yoJFqeFXVWy9UpethcChmC+vKn3+sigxT+yBnYyu8KxVYr8unNgDIKRnpoUa1opz79Rhh0YHiVR7kfEKnzk7yBjcVyOEHUYBhoCLLfYLHcaQFHbh4Kb24ZL\/huYjMno2xn69xsIkt+rBTNQd2DH\/sfKrcfOD6CPHPMGh0nb9W2AvPTNUYqCYvBXe+oEYcmEEWh8rz0VXbds7Ix1X+vsDu1Yy5NHfa62yYexiDbsz8HEh5AL1QU+bdaFjvmfAj1bb8Hbjq+qWabK167cjorsOr6f+APzb2HTrRKKbChwVkHuTl2GeAaQo0Nj4\/399cFsuvhrIf2hBF1xCVzyJGgh5E6pQ\/d8BCJIwIwd9uplBeMG9zTTIi9pxiEA\/ODrL4lmq6D9JQ4SnFWIOFX7x4+pRE8KDFLeK4wJ61LiV4XbOQIBxfJFMD8Osfem8++geUZxrCPVTpafoIHCn+BGLcU4MrOo5o39TclTNVPg5FO+IZinmnN\/zmfXqwJge0z593AQyKYurYIBA7mbyO5t5p9Eev0egH0gLymXJgo7r6F1OPX8PU8zRXhOrLYI80VlMfBqHdGQbsg78B\" \/><\/form> \t<div class=\"pdf24Plugin-cp-link\"> \t\t<a href=\"#\" onclick=\"var pdf24Win = window.open('about:blank', 'pdf24PopWin', 'resizable=yes,scrollbars=yes,width=600,height=250,left='+(screen.width\/2-300)+',top='+(screen.height\/3-125)+''); pdf24Win.focus(); document.pdf24Form0.submit(); if(typeof pdf24OnCreatePDF === 'function'){void(pdf24OnCreatePDF(this,pdf24Win));} return false;\">TELECHARGER L\\'ARTICLE AU FORMAT PDF<\/a> \t<\/div> <\/div>","protected":false},"excerpt":{"rendered":"<p>Le troisi\u00e8me monde se situe en bordure de l\u2019exposition Tout est ici retrouv\u00e9 au Ch\u00e2teau des Adh\u00e9mar \u2013 Centre d\u2019art contemporain \u2013 \u00e0 Mont\u00e9limar. Yvan Salomone a pens\u00e9 pour les deux projets un accrochage qui tient compte des sp\u00e9cificit\u00e9s des &hellip; <a href=\"http:\/\/www.art-3.org\/art-contemporain\/yvan-salomone\">Continuer la lecture <span class=\"meta-nav\">&rarr;<\/span><\/a><\/p>\n","protected":false},"author":1,"featured_media":0,"parent":0,"menu_order":0,"comment_status":"closed","ping_status":"open","template":"","meta":{"footnotes":""},"class_list":["post-2220","page","type-page","status-publish","hentry"],"_links":{"self":[{"href":"http:\/\/www.art-3.org\/art-contemporain\/wp-json\/wp\/v2\/pages\/2220","targetHints":{"allow":["GET"]}}],"collection":[{"href":"http:\/\/www.art-3.org\/art-contemporain\/wp-json\/wp\/v2\/pages"}],"about":[{"href":"http:\/\/www.art-3.org\/art-contemporain\/wp-json\/wp\/v2\/types\/page"}],"author":[{"embeddable":true,"href":"http:\/\/www.art-3.org\/art-contemporain\/wp-json\/wp\/v2\/users\/1"}],"replies":[{"embeddable":true,"href":"http:\/\/www.art-3.org\/art-contemporain\/wp-json\/wp\/v2\/comments?post=2220"}],"version-history":[{"count":5,"href":"http:\/\/www.art-3.org\/art-contemporain\/wp-json\/wp\/v2\/pages\/2220\/revisions"}],"predecessor-version":[{"id":2369,"href":"http:\/\/www.art-3.org\/art-contemporain\/wp-json\/wp\/v2\/pages\/2220\/revisions\/2369"}],"wp:attachment":[{"href":"http:\/\/www.art-3.org\/art-contemporain\/wp-json\/wp\/v2\/media?parent=2220"}],"curies":[{"name":"wp","href":"https:\/\/api.w.org\/{rel}","templated":true}]}}