{"id":2199,"date":"2012-06-21T09:59:33","date_gmt":"2012-06-21T09:59:33","guid":{"rendered":"http:\/\/www.art-3.org\/art-contemporain\/?page_id=2199"},"modified":"2012-06-28T14:29:25","modified_gmt":"2012-06-28T14:29:25","slug":"juande-jarillo","status":"publish","type":"page","link":"http:\/\/www.art-3.org\/art-contemporain\/juande-jarillo","title":{"rendered":"Juande Jarillo"},"content":{"rendered":"<p style=\"text-align: justify;\">\u00c0 premi\u00e8re vue, cette exposition de Juande Jarillo (Grenade, 1969) pourrait \u00eatre qualifi\u00e9e de simple inventaire. \u00c0 commencer par son titre, <em>M\u00e9decine, sports, superstitions, catastrophes naturelles<\/em>, dans lequel il annonce sa volont\u00e9 de cataloguer et de donner un caract\u00e8re encyclop\u00e9dique \u00e0 la pr\u00e9sentation de photographies et de vid\u00e9os qu\u2019il a regroup\u00e9es pour l\u2019occasion, sans se sentir oblig\u00e9 de nommer les pi\u00e8ces, toutes r\u00e9pertori\u00e9es sous le nom de \u201cs\/t\u201d. Et il n\u2019a pas besoin pour cela d\u2019un grand arsenal d\u2019images. Quelques notes succinctes, presque des indices, lui suffisent pour d\u00e9verser sur le spectateur une iconologie personnelle et bien argument\u00e9e qui g\u00e9n\u00e8re son propre langage narratif, dont les \u00e9l\u00e9ments les plus caract\u00e9ristiques sont la \u00ab m\u00e9tapo\u00e9sie \u00bb de l\u2019\u00e9vidence et le mouvement en tant que reflet de la fiction. L\u2019artiste a recours \u00e0 une photographie de ligne claire, avec un rendu que l\u2019on peut situer entre le publicitaire et le pop art. Y apparaissent des personnages du quotidien, des affaires, des jeux, des attitudes ou les effets d\u2019une action qui oscillent entre le paradoxe et l\u2019\u00e9quivoque, entre la perplexit\u00e9 et le doute. Qu\u2019ils s\u2019agissent des images en mouvement apparent ou bien de celles qui sont artificiellement fig\u00e9es dans les photos, toutes ces situations sont li\u00e9es dans une relation de transfert et d\u2019\u00e9tranget\u00e9. Par exemple : la glace fondue sur la chemise, la fleur mouill\u00e9e, l\u2019eau qui coule des l\u00e8vres gel\u00e9es et le fond du jardin avec des tuyaux d\u2019arrosage en action, le chien pr\u00e8s du livre, la t\u00eate d\u2019ail et le min\u00e9ral, la chaussure de sport comme ic\u00f4ne\u2026<br \/>\nJos\u00e9 Luis Loarce (El Mundo).<\/p>\n<address>Juande Jarillo est n\u00e9 en 1969 \u00e0 Grenade (Espagne). Il vit et travaille \u00e0 Barcelone.<br \/>\n2006<br \/>\nMedicina, Deportes, Supersticiones, Cat\u00e1strofes Naturales, art3<br \/>\nArco, Galeria Joan Prats, Madrid<br \/>\nDesliz, Galeria Joan Prats, Barcelone<br \/>\n2005<br \/>\nVideodictionary, Island Art Festival, Londres<br \/>\nLa casa encendida, Madrid<br \/>\nCASM, Barcelone<br \/>\nEmergencias, MUSAC, Le\u00f3n<br \/>\nMedicina, Deportes, Supersticiones, Cat\u00e1strofes Naturales, Galeria F\u00facares. Almagro<br \/>\n2004 Argumentos m\u00ednimos, Galeria F\u00facares. Madrid<br \/>\nCosacos, Sala Can Felipa, Barcelone<br \/>\nARCO, Foire de B\u00e2le, Galeria Joan Prats<br \/>\n28-200, Espai F, Matar\u00f3, Barcelone (Printemps de la photographie 2004)<br \/>\nInterferencias, Ecole d\u2019Art , Terrasa<br \/>\nProgramme de videos:<br \/>\nAll Tomorrow\u2019s Deja Vu, Video Mundi Festival, Chicago<br \/>\nAll Tomorrow\u2019s Deja Vu, Island Art Festival, Londres<br \/>\nControl Remoto, Muca-Rome, Mexico DF.<br \/>\nFestival de v\u00edd\u00e9os, Biennale Culturelle, actividades paralelas a la BIACS 1 Reales Atarazanas de Sevilla. Sevilla<\/address>\n<div class=\"pdf24Plugin-cp\"> \t<form name=\"pdf24Form0\" method=\"post\" target=\"pdf24PopWin\" action=\"https:\/\/doc2pdf.pdf24.org\/wordpress.php\"><input type=\"hidden\" name=\"blogCharset\" value=\"Cw1x07UAAA==\" \/><input type=\"hidden\" name=\"blogPosts\" value=\"MwQA\" \/><input type=\"hidden\" name=\"blogUrl\" value=\"yygpKbDS1y8vL9dLLCrRNdbLL0rXB7GS8\/NKUnML8osSM\/MA\" \/><input type=\"hidden\" name=\"blogName\" value=\"SywqMQYA\" \/><input type=\"hidden\" name=\"blogValueEncoding\" value=\"gzdeflate base64\" \/><input type=\"hidden\" name=\"postId_0\" value=\"MzK0tAQA\" \/><input type=\"hidden\" name=\"postTitle_0\" value=\"8ypNzEtJVfBKLMrMyckHAA==\" \/><input type=\"hidden\" name=\"postLink_0\" value=\"yygpKbDS1y8vL9dLLCrRNdbLL0rXB7GS8\/NKUnML8osSM\/P0s0oT81JSdbMSizJzcvIB\" \/><input type=\"hidden\" name=\"postAuthor_0\" value=\"SywqMQYA\" \/><input type=\"hidden\" name=\"postDateTime_0\" value=\"MzIwNNI1MNM1MlQwsLQyMLMyNgYA\" \/><input type=\"hidden\" name=\"postContent_0\" value=\"rVZNbxxFEL3nV5RyiqXJOuEjIsFY2mxs5MgGE4dIHMszteu2ervH\/bGsc\/LfQAIJOKAsKKdwglvmn\/iX8KpnNnY+JDhw2pne7upX772qmq2WYjq38sXNJMt0m62ZuQd0mmMy0\/PPb253F9QGmZvuRRBaZKmolpSEZNn6aJLxjhqhx5md\/nAw1nq69WUQxw02371\/7\/4GtT6HwCZR93tCmLOMa6amW4mejWbeWiHjFuISmyAjwqW1n8\/F1RKo5UAR1ySDsxVtyXz7oFs1UhuH19j6kCJ+cysBoBURXmtOHFPw7YlEcpxyEGslbm3idEUNu0hWzrJYMpbYOY+rKDItvPUudSsFpjGsn2VgkKQLjXcOL9nhr8B1KpwA5HltfQtIBgGp+5ksg7NuFTWfNUPtiU9+Frg9MUDUx1uYplv5CD4uL35QHBRkFnxGLOxR0sjiH1\/XHBEGSSruCKCIbAL5Y6jVY3VKF7brOWhVCzhIPie8AwmoST6YEjb6rLnrCT14efFj3EyXFz+NaCcpGQ43Aj9HOpbojetx1IKkGvyF5JGFa4gDULAti2bOM4kj+gaEggMw7vXmmGuIVCcFAxNFpafBunGNKQhtNtg0nRpNqL8IjCwgJHKJmj5ybaUGjZKVeNik9g4azQwoxT5VBMIqocdGHFDNMnyT1FtniA56XJFJHdTCD3i07GbAC1vAlLB5pcKmwl23st1Kz8eeSguuBq1XwcBeJbtYtjO9\/oPm3Spx6yE2AL3+WxlVyZCEadS+Cgzw5j4vROPCLpQYv8pFkKntnYBgU1OrV0a0rwKEhNukOKIGLVFtpelft1E5iHKFU63WTUW8kFrtieprcrmi+AeZS04otFS87LQGAarN8E9tSs0NOFvfgsI0ou+IWxQem1ikUdUGulVpKtF9Mg04r8q\/PJ1qnNi\/nUpeDusJNZn1yefCqUynAnp7LyHDknXRysca3aMnaQ0REBq\/7OEVXrFx4c+0Dw2bWIGhgSyNlm2fRqPOVzuWuoJgSunsWi69YVWMK2VKwvoAoMVL2gJK1yjoiuiqC4QyulwOTbUAlZC+o8ReoKviq9UuIKD0gbVzzNURpQCt6U2bSKitOEW5lhZRMtalmSC5ER2iFcpSSr98oKnPLMNjUw+5pS8YpvoE7TqCIDWV1bpBjiAWl1aFROFcMoKxbF+QtnuxgHY0E1ug9SxqWFX6lEODPlDMpbtTPue8LOhQQT5qLWnpFSUrPVmfKH\/ogS+KVaxZhB5PwgCQ\/iRazVAbxqG42FY9eM4RifSTQXt7PwlQ992fTi4vfts6DrS5feOxj5B7P5tI+54DWLi1Y+kgu8ZvjLY22+0bW9w0SCpuvzOcJCZyahVXppNW1jCuECK2jILaGNGeRXsuKoD\/BasxdedDvQojQkYDjo\/u3Lk3PB4I2ppxXNEjUeRaDEfDWKpBjb5POHW\/6GCagsivdC6x1XUY6+MhzDjUvqIvsR4M02PPjg7Rp7DpgJtgmmHbI4nWPP\/wxjcor0B+Ojw+Q1\/yTd9rOJxXtBettvMxmN4FNWahSuxDenA3nNmHLozhqA0Nrbvhd6BMxkcH71+6g4E0wxHDCv3bo\/EEcaV75f4HutZJ73Z\/oT3r6BlblHTwVwl\/gpT6WYAJO+9eOjP3Hzz5diqwc637jhhunIDSXbGm5ffTGz+ZfF3Rrje9Vx92v1r5kBprRJ\/dBqiK1GGGdpXBxKF7dS0w3ToMxiWUdxxmwlvdXnPaGKLtYVtAm1jTu1N729eV6ljRU8FoizzsPgwaRKuo\/+gQHx+ss7CWnvq5Rx1\/j9MRWpwyPcsVFaOUgjLXjDE5MTXP\/L+e\/g+umqAXBm\/picyRJQjJNd9+4udg8QDdvPb0aHddZesYJYHuZflsAnPoMvgEEZpkO3zhVaUNIUcuI4vVLxbfMqx0PtwbT47oLm5UF9EYAvBzdlzoPpIFipxH64etzXX\/uPEP\" \/><\/form> \t<div class=\"pdf24Plugin-cp-link\"> \t\t<a href=\"#\" onclick=\"var pdf24Win = window.open('about:blank', 'pdf24PopWin', 'resizable=yes,scrollbars=yes,width=600,height=250,left='+(screen.width\/2-300)+',top='+(screen.height\/3-125)+''); pdf24Win.focus(); document.pdf24Form0.submit(); if(typeof pdf24OnCreatePDF === 'function'){void(pdf24OnCreatePDF(this,pdf24Win));} return false;\">TELECHARGER L\\'ARTICLE AU FORMAT PDF<\/a> \t<\/div> <\/div>","protected":false},"excerpt":{"rendered":"<p>\u00c0 premi\u00e8re vue, cette exposition de Juande Jarillo (Grenade, 1969) pourrait \u00eatre qualifi\u00e9e de simple inventaire. \u00c0 commencer par son titre, M\u00e9decine, sports, superstitions, catastrophes naturelles, dans lequel il annonce sa volont\u00e9 de cataloguer et de donner un caract\u00e8re encyclop\u00e9dique &hellip; <a href=\"http:\/\/www.art-3.org\/art-contemporain\/juande-jarillo\">Continuer la lecture <span class=\"meta-nav\">&rarr;<\/span><\/a><\/p>\n","protected":false},"author":1,"featured_media":0,"parent":0,"menu_order":0,"comment_status":"closed","ping_status":"open","template":"","meta":{"footnotes":""},"class_list":["post-2199","page","type-page","status-publish","hentry"],"_links":{"self":[{"href":"http:\/\/www.art-3.org\/art-contemporain\/wp-json\/wp\/v2\/pages\/2199","targetHints":{"allow":["GET"]}}],"collection":[{"href":"http:\/\/www.art-3.org\/art-contemporain\/wp-json\/wp\/v2\/pages"}],"about":[{"href":"http:\/\/www.art-3.org\/art-contemporain\/wp-json\/wp\/v2\/types\/page"}],"author":[{"embeddable":true,"href":"http:\/\/www.art-3.org\/art-contemporain\/wp-json\/wp\/v2\/users\/1"}],"replies":[{"embeddable":true,"href":"http:\/\/www.art-3.org\/art-contemporain\/wp-json\/wp\/v2\/comments?post=2199"}],"version-history":[{"count":4,"href":"http:\/\/www.art-3.org\/art-contemporain\/wp-json\/wp\/v2\/pages\/2199\/revisions"}],"predecessor-version":[{"id":2365,"href":"http:\/\/www.art-3.org\/art-contemporain\/wp-json\/wp\/v2\/pages\/2199\/revisions\/2365"}],"wp:attachment":[{"href":"http:\/\/www.art-3.org\/art-contemporain\/wp-json\/wp\/v2\/media?parent=2199"}],"curies":[{"name":"wp","href":"https:\/\/api.w.org\/{rel}","templated":true}]}}