{"id":2196,"date":"2012-06-21T09:56:24","date_gmt":"2012-06-21T09:56:24","guid":{"rendered":"http:\/\/www.art-3.org\/art-contemporain\/?page_id=2196"},"modified":"2012-06-21T14:01:54","modified_gmt":"2012-06-21T14:01:54","slug":"susanne-burner-marisa-maria-lehrmann","status":"publish","type":"page","link":"http:\/\/www.art-3.org\/art-contemporain\/susanne-burner-marisa-maria-lehrmann","title":{"rendered":"Susanne B\u00fcrner \/ Marisa maria Lehrmann"},"content":{"rendered":"<p style=\"text-align: justify;\">Susanne B\u00fcrner interroge notre rapport aux images fixes et en mouvement en proposant des sc\u00e9narii \u00e0 la mise en sc\u00e8ne pr\u00e9cise. Elle filme et photographie des espaces urbains, des \u00e9l\u00e9ments de la nature, jouant sur la relation entre l\u2019artificiel et le naturel qui emprunte \u00e0 la fiction cin\u00e9matographique. Ce qui est repr\u00e9sent\u00e9 est en m\u00eame temps absent de ces images. Il est flou (Nebel \u2013 brouillard ), tr\u00e8s \u00e9loign\u00e9 (Fading) ou plong\u00e9 dans l\u2019obscurit\u00e9 (Dissolve).<br \/>\nSes derni\u00e8res vid\u00e9os (Finist\u00e8re, 2005 ; Limbo, 2005 ; Montauk, 2004) montrent des groupes de personnes se tenant face \u00e0 un \u00e9v\u00e9nement hors cam\u00e9ra, cr\u00e9ant un suspens. Leurs gestes et attitudes t\u00e9moignent, que quelque chose a lieu, invisible \u00e0 l\u2019\u00e9cran, stimulant notre imagination.<br \/>\nSusanne B\u00fcrner pr\u00e9sente deux vid\u00e9os, Nice Images (2006) et Hohe Kiefer 4 (2005). La premi\u00e8re est constitu\u00e9e d\u2019une s\u00e9rie d\u2019images collect\u00e9es sur internet. Des non-lieux, des cabanes, et des foules se succedent sans commentaire. Hohe Kiefer 4 montre un loup qui quitte une for\u00eat pour entrer dans une banlieue. L\u2019animal p\u00e9n\u00e8tre \u00e0 l\u2019int\u00e9rieur d\u2019une maison.<\/p>\n<p>N\u00e9e en 1970 \u00e0 Ellwangen, Allemagne. Elle vit et travaille \u00e0 Berlin.<\/p>\n<p>Le travail de Marisa Maria Lehrmann est nourri de cin\u00e9ma, de chanson, de litt\u00e9rature populaire comme des grands romans classiques. Elle pr\u00e9l\u00e8ve dans des magazines des images de personnages connus ou anonymes, qu\u2019elle monte, colle, redessine. Souvent associ\u00e9s aux dessins r\u00e9alis\u00e9s au crayon ou \u00e0 l\u2019encre, des textes \u00e9nigmatiques, ou informatifs renforcent son univers fictionnel et sugg\u00e8rent des situations st\u00e9r\u00e9otyp\u00e9es, (Kingdom of Doing , 2005). Elle r\u00e9p\u00e8te l\u2019acte de dessiner ou d\u2019\u00e9crire et se coule progressivement dans le r\u00f4le de l\u2019auteur, \u00e0 partir de sa position de femme. Dans la s\u00e9rie (Pomona Downtown, Tom Waits birthplace, 2006) se mat\u00e9rialisent des identit\u00e9s r\u00e9activ\u00e9es sous nos yeux.<br \/>\nMarisa Maria Lehrmann pr\u00e9sente une s\u00e9rie d\u2019images de personnages connus et d\u2019anonymes qu\u2019elle associe \u00e0 des phrases. La vid\u00e9o, Place du Pr\u00e9sidial, est r\u00e9alis\u00e9e \u00e0 partir d\u2019extraits de films des ann\u00e9es 50 qui montrent des femmes traversant des espaces.<\/p>\n<p>N\u00e9e en 1969 \u00e0 Malsch, Allemagne. Elle vit et travaille \u00e0 Karlsruhe.<\/p>\n<div class=\"pdf24Plugin-cp\"> \t<form name=\"pdf24Form0\" method=\"post\" target=\"pdf24PopWin\" action=\"https:\/\/doc2pdf.pdf24.org\/wordpress.php\"><input type=\"hidden\" name=\"blogCharset\" value=\"Cw1x07UAAA==\" \/><input type=\"hidden\" name=\"blogPosts\" value=\"MwQA\" \/><input type=\"hidden\" name=\"blogUrl\" value=\"yygpKbDS1y8vL9dLLCrRNdbLL0rXB7GS8\/NKUnML8osSM\/MA\" \/><input type=\"hidden\" name=\"blogName\" value=\"SywqMQYA\" \/><input type=\"hidden\" name=\"blogValueEncoding\" value=\"gzdeflate base64\" \/><input type=\"hidden\" name=\"postId_0\" value=\"MzK0NAMA\" \/><input type=\"hidden\" name=\"postTitle_0\" value=\"Cy4tTszLS1VwOrynKC+1SEFfwTexKLM4USEXSCUq+KRmFOUCFQAA\" \/><input type=\"hidden\" name=\"postLink_0\" value=\"HclLCsAwCEXRFRkHnXU3tkgTqCa8GNx+P6N74NaIsTNnZhEEbaXj4k9n91AbHdKc55rirnQsuIJM0Kb8Ebq1wt77AA==\" \/><input type=\"hidden\" name=\"postAuthor_0\" value=\"SywqMQYA\" \/><input type=\"hidden\" name=\"postDateTime_0\" value=\"MzIwNNI1MNM1MlQwsLQyMLMyMgEA\" \/><input type=\"hidden\" name=\"postContent_0\" value=\"jVa7bhtHFO39FReuSGAtK4HlwLEiII4SxNADAhQg9XB5SV5ndmY1D1pM5X9Ilc6l6Npluv0Tf0nOndm17EBFCok7w9n7OI87PO4ppp3lHx4nvk1PjJW1+57e5JhktXv5+OQ6R+Mc06vhn+A4kLjEIfg1k\/MpMAXT9z4kMvmWpDNrjrSSW\/znROyo83nLHbuy6IPvPcIlWuJAbIe9M0GEhvdkDXUSWU9h\/w4J+zDsW2wd0M\/WMoLajjVov\/HJr5F2I1zicOxNi88cFkZcbMrmsLfDXvNGLDW6MykHbuiNz1pAzEF3A1uTxDvk1Wbsp3d\/m4DOpRW2mg2Z65uWbrIQd33IQGAsGefK2604ZDNTXTcZVf\/E9Y2YkEWbicgx7MuGAjN8QD8JASOZhX6nhWofFcUDem3L2ZX1mWaXvEAJn979RYvgs1hrwpLmDaUw3JVuPXhD9NkvZiluPSe81Fvv1thbGhdLa34R2xxEq5idSozebnl+cLwI9PTk0TUrVMHJcBfwuJXlsPcRAcVJTLrZ0LeHh0f0ks6lW\/jPqwvvksl\/lPWzORhXKEeO1yi2L4Gp5xA9lATitW+nLKxAnEKZHVrYQg5VKhsfIrWmG\/bBNNQCOz2MQzHHnh2wOeeMI4ApVaWZlCRlzYjmOsUCcRoQoCSw1c9245HYkBXODWS8lSgLW5kENhBbMK6BGaTLVvNVfSsb4opIPiP1H0tM5Koc4YIRuYYuBd29rp6YAZzncy31V79hOhNe4c1nZf9ojoYMwnBXwC+0t95F7WnYIyzqy0gYAYjU5Wi11sMbLXpWWPPoTsfpgE6x47x7ou3eVk+0ZmGAf6NV6Hrls610xNy2vFToo2ql9Z3yYCRAx1\/XW9lVLiDLvigcfynpFkzqw\/ABFvUopTgqVPHpd8ittSDiubrMoQNLPTgf7jTiSIOoR9AkAkxdd0aigv+0P3l03J9cKiIw0DcvvjvUtzAd3hq3ZnD3I8AALm6aGVtJ2msKZmvEVq5fcbByH+2cp69VoxcYR9GUDwONbUIHogsdDi0FKRatXm\/K8wbdeVeeLVBQweqwAAI9RAT8KpajF4xbRgq+KxhbE6NOijgWqyqyw92WK2T6Bnoxf4rjuhopv7fSqADnclS7G9C965TfmwzoWIMqXfBtkUmDOYQ4URSfa53L4BtF+Fag3zLA69eoEY6zEus2DGh2GHJIMZLErtVpUOyGS6OMWydrDMDSUKNHxUEMurNCONZFW\/SFQNnJFh1M09PVSRvzeq3qn24HaL+4Do+KKyyVdr0KvaHZGUbc0nfkV3Tq8Ux1GM1HKHG4h6rGed4WY469QZEobjkaXgnS1EpTLhxgguu58c6qk1MDfrQlSAmYE+TZKBi9XhZBv4BqcLVJuQ2wXDFYhwnL+2Yy7uzKgxCDmt+6hL+GfkMTvxvBLbWQkDa9xUAsvWBWRJV+cYNyMeEialMd4ZUlILit7vdZDR9pB79Pk+phPd\/Pq4eHysMK06FRjFtV9oXIqoaKu7TCfhNMVFljptVZ2NCVNkbLTFeaW5ZoqalX46Q0\/hJPjXwLX0q9vvXurx5A+aXbo8Myer66awrmsdgZ1U+\/MsZfBw+Mj+cvNOWFsbHd\/L\/ZcWaCjSFvuEb7Fw==\" \/><\/form> \t<div class=\"pdf24Plugin-cp-link\"> \t\t<a href=\"#\" onclick=\"var pdf24Win = window.open('about:blank', 'pdf24PopWin', 'resizable=yes,scrollbars=yes,width=600,height=250,left='+(screen.width\/2-300)+',top='+(screen.height\/3-125)+''); pdf24Win.focus(); document.pdf24Form0.submit(); if(typeof pdf24OnCreatePDF === 'function'){void(pdf24OnCreatePDF(this,pdf24Win));} return false;\">TELECHARGER L\\'ARTICLE AU FORMAT PDF<\/a> \t<\/div> <\/div>","protected":false},"excerpt":{"rendered":"<p>Susanne B\u00fcrner interroge notre rapport aux images fixes et en mouvement en proposant des sc\u00e9narii \u00e0 la mise en sc\u00e8ne pr\u00e9cise. Elle filme et photographie des espaces urbains, des \u00e9l\u00e9ments de la nature, jouant sur la relation entre l\u2019artificiel et &hellip; <a href=\"http:\/\/www.art-3.org\/art-contemporain\/susanne-burner-marisa-maria-lehrmann\">Continuer la lecture <span class=\"meta-nav\">&rarr;<\/span><\/a><\/p>\n","protected":false},"author":1,"featured_media":0,"parent":0,"menu_order":0,"comment_status":"closed","ping_status":"open","template":"","meta":{"footnotes":""},"class_list":["post-2196","page","type-page","status-publish","hentry"],"_links":{"self":[{"href":"http:\/\/www.art-3.org\/art-contemporain\/wp-json\/wp\/v2\/pages\/2196","targetHints":{"allow":["GET"]}}],"collection":[{"href":"http:\/\/www.art-3.org\/art-contemporain\/wp-json\/wp\/v2\/pages"}],"about":[{"href":"http:\/\/www.art-3.org\/art-contemporain\/wp-json\/wp\/v2\/types\/page"}],"author":[{"embeddable":true,"href":"http:\/\/www.art-3.org\/art-contemporain\/wp-json\/wp\/v2\/users\/1"}],"replies":[{"embeddable":true,"href":"http:\/\/www.art-3.org\/art-contemporain\/wp-json\/wp\/v2\/comments?post=2196"}],"version-history":[{"count":2,"href":"http:\/\/www.art-3.org\/art-contemporain\/wp-json\/wp\/v2\/pages\/2196\/revisions"}],"predecessor-version":[{"id":2278,"href":"http:\/\/www.art-3.org\/art-contemporain\/wp-json\/wp\/v2\/pages\/2196\/revisions\/2278"}],"wp:attachment":[{"href":"http:\/\/www.art-3.org\/art-contemporain\/wp-json\/wp\/v2\/media?parent=2196"}],"curies":[{"name":"wp","href":"https:\/\/api.w.org\/{rel}","templated":true}]}}