{"id":2155,"date":"2012-06-21T08:44:45","date_gmt":"2012-06-21T08:44:45","guid":{"rendered":"http:\/\/www.art-3.org\/art-contemporain\/?page_id=2155"},"modified":"2013-01-15T15:14:09","modified_gmt":"2013-01-15T15:14:09","slug":"morning-pack-pascal-thevenet","status":"publish","type":"page","link":"http:\/\/www.art-3.org\/art-contemporain\/morning-pack-pascal-thevenet","title":{"rendered":"Morning pack : Pascal Thevenet"},"content":{"rendered":"<p style=\"text-align: justify;\">Ni vraiment une exposition, ni compl\u00e8tement une performance, et pas seulement une mise en espace de texte.<br \/>\nConform\u00e9ment \u00e0 sa vocation de laboratoire, art3 m&rsquo;a invit\u00e9 \u00e0 donner un  aper\u00e7u de ce que peut \u00eatre un accompagnement \u00e0 la production, sans pour  cela que le projet ne soit men\u00e9 \u00e0 son terme. L&rsquo;objet final prendra la  forme d&rsquo;une publication \u00e0 la fronti\u00e8re du livre d&rsquo;images et du recueil  de textes.<br \/>\nReprenant une m\u00e9taphore de Barthes, je compare ma production \u00e0 une pi\u00e8ce  de monnaie, avec sa double surface de lecture : sur la pile (la valeur)  : l&rsquo;\u00e9criture, sur la face (l&rsquo;effigie) : la plastique.<br \/>\nJamais l&rsquo;avers et le revers ne se regardent mais restent intrins\u00e8quement  li\u00e9s. Je propose donc, comme dans ce jeu d&rsquo;enfant, de faire tourner  cette pi\u00e8ce afin que les deux c\u00f4t\u00e9s par le mouvement de rotation se  confondent.<br \/>\n<em>Morning Pack<\/em> est donc une tentative d&rsquo;\u00e9lucidation d&rsquo;une  pratique domiciliaire parmi tant d&rsquo;autres : celle du petit d\u00e9jeuner. Il  s&rsquo;agit probablement du repas pris le plus fr\u00e9quemment chez soi. Chez  soi. Le cocon : voil\u00e0 une notion qui m&rsquo;\u00e9chappe quand je constate mon  petit nomadisme contraint ou volontaire.<br \/>\nMalgr\u00e9 ce papillonnement sous divers toits, des habitudes demeurent.  Notamment celle qui veut, qu&rsquo;encore mal r\u00e9veill\u00e9, l&rsquo;habitant plonge dans  la lecture des bo\u00eetes d\u00a0\u00bbemballage dispos\u00e9es sur sa table.<br \/>\n\u00ab\u00a0Qu&rsquo;avez-vous lu derni\u00e8rement ?<br \/>\n&#8211; Ma bo\u00eete de corn flakes.<br \/>\n&#8211; On s&rsquo;accorde \u00e0 penser votre \u00e9criture de qualit\u00e9. Quel est votre secret ?<br \/>\n&#8211; Une m\u00e9thode d&rsquo;apprentissage de la lecture : la brique de lait ; la m\u00eame, invariablement tous les matins, \u00e0 la m\u00eame place.\u00a0\u00bb<br \/>\nPascal Thevenet (mai 2001)<\/p>\n<p>&nbsp;<\/p>\n<address>Pascal Thevenet est n\u00e9 en 1969 \u00e0 Lyon. Il vit et travaille \u00e0 Valence.<\/p>\n<div class=\"pdf24Plugin-cp\"> \t<form name=\"pdf24Form0\" method=\"post\" target=\"pdf24PopWin\" action=\"https:\/\/doc2pdf.pdf24.org\/wordpress.php\"><input type=\"hidden\" name=\"blogCharset\" value=\"Cw1x07UAAA==\" \/><input type=\"hidden\" name=\"blogPosts\" value=\"MwQA\" \/><input type=\"hidden\" name=\"blogUrl\" value=\"yygpKbDS1y8vL9dLLCrRNdbLL0rXB7GS8\/NKUnML8osSM\/MA\" \/><input type=\"hidden\" name=\"blogName\" value=\"SywqMQYA\" \/><input type=\"hidden\" name=\"blogValueEncoding\" value=\"gzdeflate base64\" \/><input type=\"hidden\" name=\"postId_0\" value=\"MzI0NQUA\" \/><input type=\"hidden\" name=\"postTitle_0\" value=\"880vysvMS1coSEzOVrBSCEgsTk7MUQjJSC1LzUstAQA=\" \/><input type=\"hidden\" name=\"postLink_0\" value=\"FcYxDoAwCADAF1EGN39DCGkbLRBK5PvqcrmR6SdiVTWKhKNZdPzHpinLLWgqLgud2sGJr4\/NdEMOeUQlXw==\" \/><input type=\"hidden\" name=\"postAuthor_0\" value=\"SywqMQYA\" \/><input type=\"hidden\" name=\"postDateTime_0\" value=\"MzIwNNI1MNM1MlQwsLAyMLMyMQUA\" \/><input type=\"hidden\" name=\"postContent_0\" value=\"ZVVNb9xGDL33VxApYNjAZh2nQJFkXRdoTg3sNAna3imJuzvOaEaeD8HOr\/Gt3hToqbferD\/Wx5G0a7Q3ScMhHx8fn847iunOyg\/Pktym52zNxr2h6xyTWd+tnl28N9QHNq24RNkJyW3no0nGuwU5Q7VvOzs8JNkHdBLWPrTsalmQJOo4UpRsDxGticjjSGLHtVAjpKVleV4FOr345q13mmDYlQvDPUWm3tesNTXYcuUDJ28CCnBI31F7FOJN9ism43qThp3earxzElCQiIFp+CPrZdS7yQoyI\/XXFEQDuNY2eONkLmmZuuCbXI+NRnaROp8DIQHONIUVDblGh2gpepMIl8fSEUCThFaWdDlB85VGro1ji2vimsBahLRTUDBFFf5yZc3U7YhkHbxLZngA2CaTNX043DAtbyQqzzgKUmcxlvaUxpnTT6JFeR7AsEvcbX0o5P8EDrcSF3QtZZyMz+3T\/hVGQQYM4E\/vtCCXjfLfS60Dajxgg4cc1tNMrdQpI9Ub\/VgINQg4xkPPVnI4IRzZqY1hVwej4Ys5uqQ5ns9lvTYbIyd6BZksQ54YwtzeO27ZxH02gAqFExQMUl50Rvqy4dDojEt8kJj0xbgUjIvDA1IWBYDkYReX9K7MGIIXlVO9UH50XCoHwLuWvB+EuDXoXWjna4Y0KUEuKkAEprQnjyGBST4RsfmW6uFvKBby4qB4W5\/7EQQyBZ9GIQAAamMvnKKf2z6X9uLKB2fchj5w\/fn8FB+wVqmgLTPT\/pCiPyhm2Nlcm2ZapyfCQ6tcWMXt1tTGmtIHcLWGkmpnjuaMxYmYBZbBFlF2krAAzbADJWh6ST9DhXEO3+AMPFZcTS5QtKrG0AUdG4rYHKHzYacTKCH1Vr7oWi3prT6Nj5eqUPCA0r03dtKl86WXm2z2TgA9bbnrdNnZNaOyXQQTRbo04XW+5cbEtpwmuBzq+ozUFq\/a\/Ez0FdsNwOnMO4aOrXpLgRk9gDemaAyWlKIqINKWK8i5KTNuIXYdGtF7jHPqrhCniHs40QJPexnVvuyfJRTssc122C32yi55dRQdIGwmJepKzNumJSs\/\/JW09OP94z\/SVmwta6yJUPKww4nuGJY26UDmHh\/\/fLz\/mA8b9OV5r71ZtU1ITO2nQP9xij\/69tXLs7MVXfFUsNgr1Ehry58P1jPH\/eIOgoDfYg3VVzpxEUvSe7XivQtoKkzOqpcv6WMWW1Q9RkWpg\/wfx2+TsW19cxA7NKDcmxgLA\/KUqmIlVRgVrydQxEq\/tcPXFkaEfwkHs9dsKmyAvBZb4jDn0ZxLsDpSLUvle0L1gWONGf66hf04oD2G4dDLFy\/OTs5PO2xud3HkqtitxjduGixUvPjvLW1a\/yn4WZ69\/v61lry8866sF350anGQbc9G1YTD3+Gs+O8uS9Z\/AQ==\" \/><\/form> \t<div class=\"pdf24Plugin-cp-link\"> \t\t<a href=\"#\" onclick=\"var pdf24Win = window.open('about:blank', 'pdf24PopWin', 'resizable=yes,scrollbars=yes,width=600,height=250,left='+(screen.width\/2-300)+',top='+(screen.height\/3-125)+''); pdf24Win.focus(); document.pdf24Form0.submit(); if(typeof pdf24OnCreatePDF === 'function'){void(pdf24OnCreatePDF(this,pdf24Win));} return false;\">TELECHARGER L\\'ARTICLE AU FORMAT PDF<\/a> \t<\/div> <\/div>","protected":false},"excerpt":{"rendered":"<p>Ni vraiment une exposition, ni compl\u00e8tement une performance, et pas seulement une mise en espace de texte. Conform\u00e9ment \u00e0 sa vocation de laboratoire, art3 m&rsquo;a invit\u00e9 \u00e0 donner un aper\u00e7u de ce que peut \u00eatre un accompagnement \u00e0 la production, &hellip; <a href=\"http:\/\/www.art-3.org\/art-contemporain\/morning-pack-pascal-thevenet\">Continuer la lecture <span class=\"meta-nav\">&rarr;<\/span><\/a><\/p>\n","protected":false},"author":1,"featured_media":0,"parent":0,"menu_order":0,"comment_status":"closed","ping_status":"open","template":"","meta":{"footnotes":""},"class_list":["post-2155","page","type-page","status-publish","hentry"],"_links":{"self":[{"href":"http:\/\/www.art-3.org\/art-contemporain\/wp-json\/wp\/v2\/pages\/2155","targetHints":{"allow":["GET"]}}],"collection":[{"href":"http:\/\/www.art-3.org\/art-contemporain\/wp-json\/wp\/v2\/pages"}],"about":[{"href":"http:\/\/www.art-3.org\/art-contemporain\/wp-json\/wp\/v2\/types\/page"}],"author":[{"embeddable":true,"href":"http:\/\/www.art-3.org\/art-contemporain\/wp-json\/wp\/v2\/users\/1"}],"replies":[{"embeddable":true,"href":"http:\/\/www.art-3.org\/art-contemporain\/wp-json\/wp\/v2\/comments?post=2155"}],"version-history":[{"count":5,"href":"http:\/\/www.art-3.org\/art-contemporain\/wp-json\/wp\/v2\/pages\/2155\/revisions"}],"predecessor-version":[{"id":2647,"href":"http:\/\/www.art-3.org\/art-contemporain\/wp-json\/wp\/v2\/pages\/2155\/revisions\/2647"}],"wp:attachment":[{"href":"http:\/\/www.art-3.org\/art-contemporain\/wp-json\/wp\/v2\/media?parent=2155"}],"curies":[{"name":"wp","href":"https:\/\/api.w.org\/{rel}","templated":true}]}}