{"id":2147,"date":"2012-06-20T16:32:20","date_gmt":"2012-06-20T16:32:20","guid":{"rendered":"http:\/\/www.art-3.org\/art-contemporain\/?page_id=2147"},"modified":"2012-06-21T13:53:03","modified_gmt":"2012-06-21T13:53:03","slug":"juste-une-image","status":"publish","type":"page","link":"http:\/\/www.art-3.org\/art-contemporain\/juste-une-image","title":{"rendered":"Juste une image"},"content":{"rendered":"<p style=\"text-align: justify;\">Juste une image<br \/>\nDans la prolif\u00e9ration compulsive des images qui nous arrivent, comment situer celles que nous retenons? Juste une image est une interrogation sur les images et sur ce qui les distingue les unes des autres, mais aussi sur ce qui nous engage \u00e0 en produire nous-m\u00eames.<br \/>\nJuste une image a trouv\u00e9 son origine dans un site web (www.icono\/juste_une_image) pour lequel j\u2019avais invit\u00e9 une vingtaine d\u2019artistes et de critiques d\u2019art \u00e0 pr\u00e9senter\u2026 juste une image et un texte. Les discussions et les r\u00e9flexions qui ont suivi m\u2019ont fait appr\u00e9hender l\u2019int\u00e9r\u00eat de d\u00e9velopper cette exp\u00e9rience dans le contexte d\u2019une Ecole d\u2019art ; dix \u00e9tudiants de l\u2019Ecole R\u00e9gionale des Beaux-Arts de Valence ont r\u00e9pondu \u00e0 cette proposition.<br \/>\nL\u2019art, les images ? Comme si cela allait de soi\u2026 La d\u00e9finition des deux termes \u00e9tant certainement vaine, on peut esp\u00e9rer tirer davantage profit d\u2019une relation et d\u2019une interrogation entre les deux termes plut\u00f4t que d\u2019une tentative de d\u00e9finition de chacun d\u2019eux.<br \/>\nCette exp\u00e9rience, plus pratique que th\u00e9orique, permet d\u2019interroger la fausse \u00e9vidence des images qu\u2019elle rel\u00e8ve de la peinture, de la photographie, de la vid\u00e9o\u2026 Et peut-\u00eatre aussi de poursuivre une r\u00e9flexion critique \u00e0 travers la confrontation des images choisies et des \u0153uvres r\u00e9alis\u00e9es par les uns et les autres : dans notre pratique artistique, qu\u2019est-ce qui nous conduit \u00e0 distinguer une image m\u00e9diatique d\u2019une image artistique, quelle attitude d\u2019artiste cela suppose-t-il \u00e0 l\u2019\u00e9gard des images ?\u2026<br \/>\nOlivier Gourvil<\/p>\n<div class=\"pdf24Plugin-cp\"> \t<form name=\"pdf24Form0\" method=\"post\" target=\"pdf24PopWin\" action=\"https:\/\/doc2pdf.pdf24.org\/wordpress.php\"><input type=\"hidden\" name=\"blogCharset\" value=\"Cw1x07UAAA==\" \/><input type=\"hidden\" name=\"blogPosts\" value=\"MwQA\" \/><input type=\"hidden\" name=\"blogUrl\" value=\"yygpKbDS1y8vL9dLLCrRNdbLL0rXB7GS8\/NKUnML8osSM\/MA\" \/><input type=\"hidden\" name=\"blogName\" value=\"SywqMQYA\" \/><input type=\"hidden\" name=\"blogValueEncoding\" value=\"gzdeflate base64\" \/><input type=\"hidden\" name=\"postId_0\" value=\"MzI0MQcA\" \/><input type=\"hidden\" name=\"postTitle_0\" value=\"8yotLklVKM1LVcjMTUxPBQA=\" \/><input type=\"hidden\" name=\"postLink_0\" value=\"yygpKbDS1y8vL9dLLCrRNdbLL0rXB7GS8\/NKUnML8osSM\/P0s0qLS1J1S\/NSdTNzE9NTAQ==\" \/><input type=\"hidden\" name=\"postAuthor_0\" value=\"SywqMQYA\" \/><input type=\"hidden\" name=\"postDateTime_0\" value=\"MzIwNNI1MNM1MlAwNLMyMLMyMgAA\" \/><input type=\"hidden\" name=\"postContent_0\" value=\"XVS9jhNNEMx5ihYRSPZdDsed+BMSOgnpC0jRsNu2G41nlpmePZPxDl9ERoRYYt5gxYvwJFTP2D7fBbZ2\/qqrq6v7YqCsXzw\/e6i806Xzsg5P6FPJKqsvTx9evsUXUwlMsnVrvviY6PzywSsXMnlHQ4peVvOUnEoM1MXtUHyWkann3F5k+lyEQiyZXEo4Crqwi1t8UBYtnKhj7+tFbhcTK4cY8hXdC0+cta2Cckpx3eLmksjfBmStOx3X0HbQC\/IJa+DbCgC5EnRFE+cFbZ3YImc5fVipcFhb3Pk7vizdvkhqLJfb+deW89lekvtMHWmKZZwnymAYk6wFZ70JV4IlznTDH+nRzc3NmXQxxHMTnT8A4UNFeExDrHlBFk+f\/n795kbjKWEUBayFGpGUugps50mRZxOgZ+qSqOBxPhxaFkOap8ym3t+vP2qd78hr6pI5gc\/ougnXmS4ohh2aegBYed7VLZMpWh2LjEJbhLHVyomSGyzUhkOPAnucoGQwyvyrcuvnaWQfh6FWX0GCdwOOhUO3V8kjA6AZl5qAsXzdRX\/MlZ6C3o7mSUsvLqjVtEZqt\/6bpzVIOt\/M+IJd2S2fp3btPbYtktEFzSGGvpg8jQvqPESUCM8P5b1uMRenPruil+ZjFNMc7Mh5b5kDPkcxea+dJbqSUKEqjZ7LDgInOMeYgzbeplrD2hGjfS3AiwYuCr+bKhBJxf57WCCoVQoUVxZrL0xC\/BqDb\/fu9gjAU7P\/KYXBF51\/a229wzv0nuJNbeJ7\/KnbuA4OsatAOYjz8n4FFwYMdJsLBm0\/3cwT2gCfOLXojemBpbnEwTpwG9ptGqVvVjidIxYVk8KynX82fjaEGBglAXa\/3kSN6+SGjRz3AIfoVpPXWpVdwojQozU97livmYtTa4dbkx\/byOyhyY2c6uiDN1cpVqX2pd3T7DZRshy6MNOf\/wtQa99guuZ5Mtld2k+iY1u1WURPmvlDNHZH\/VpnN+2aDFmXp2OqMwNL7fDjrEsnjb2dJ\/RIAzv6o82pO9BVXqeKudzfGSrN4bkMaAxe6lK8xbJuQ5u51J8qcAWd98545zEYwOQN5B3FX5wPlw\/+AQ==\" \/><\/form> \t<div class=\"pdf24Plugin-cp-link\"> \t\t<a href=\"#\" onclick=\"var pdf24Win = window.open('about:blank', 'pdf24PopWin', 'resizable=yes,scrollbars=yes,width=600,height=250,left='+(screen.width\/2-300)+',top='+(screen.height\/3-125)+''); pdf24Win.focus(); document.pdf24Form0.submit(); if(typeof pdf24OnCreatePDF === 'function'){void(pdf24OnCreatePDF(this,pdf24Win));} return false;\">TELECHARGER L\\'ARTICLE AU FORMAT PDF<\/a> \t<\/div> <\/div>","protected":false},"excerpt":{"rendered":"<p>Juste une image Dans la prolif\u00e9ration compulsive des images qui nous arrivent, comment situer celles que nous retenons? Juste une image est une interrogation sur les images et sur ce qui les distingue les unes des autres, mais aussi sur &hellip; <a href=\"http:\/\/www.art-3.org\/art-contemporain\/juste-une-image\">Continuer la lecture <span class=\"meta-nav\">&rarr;<\/span><\/a><\/p>\n","protected":false},"author":1,"featured_media":0,"parent":0,"menu_order":0,"comment_status":"closed","ping_status":"open","template":"","meta":{"footnotes":""},"class_list":["post-2147","page","type-page","status-publish","hentry"],"_links":{"self":[{"href":"http:\/\/www.art-3.org\/art-contemporain\/wp-json\/wp\/v2\/pages\/2147","targetHints":{"allow":["GET"]}}],"collection":[{"href":"http:\/\/www.art-3.org\/art-contemporain\/wp-json\/wp\/v2\/pages"}],"about":[{"href":"http:\/\/www.art-3.org\/art-contemporain\/wp-json\/wp\/v2\/types\/page"}],"author":[{"embeddable":true,"href":"http:\/\/www.art-3.org\/art-contemporain\/wp-json\/wp\/v2\/users\/1"}],"replies":[{"embeddable":true,"href":"http:\/\/www.art-3.org\/art-contemporain\/wp-json\/wp\/v2\/comments?post=2147"}],"version-history":[{"count":2,"href":"http:\/\/www.art-3.org\/art-contemporain\/wp-json\/wp\/v2\/pages\/2147\/revisions"}],"predecessor-version":[{"id":2274,"href":"http:\/\/www.art-3.org\/art-contemporain\/wp-json\/wp\/v2\/pages\/2147\/revisions\/2274"}],"wp:attachment":[{"href":"http:\/\/www.art-3.org\/art-contemporain\/wp-json\/wp\/v2\/media?parent=2147"}],"curies":[{"name":"wp","href":"https:\/\/api.w.org\/{rel}","templated":true}]}}