{"id":2140,"date":"2012-06-20T16:26:48","date_gmt":"2012-06-20T16:26:48","guid":{"rendered":"http:\/\/www.art-3.org\/art-contemporain\/?page_id=2140"},"modified":"2012-06-21T13:52:39","modified_gmt":"2012-06-21T13:52:39","slug":"judith-yacar-dorothea-schultz","status":"publish","type":"page","link":"http:\/\/www.art-3.org\/art-contemporain\/judith-yacar-dorothea-schultz","title":{"rendered":"Judith Yacar \/ Dorothea Schultz"},"content":{"rendered":"<p style=\"text-align: justify;\">La chambre-installation que Dorothea Schulz nous invite \u00e0 p\u00e9n\u00e9trer n\u2019est  pas une reconstitution r\u00e9aliste ou vraisemblable de l\u2019endroit o\u00f9  l\u2019artiste a r\u00e9ellement \u00ab\u00a0appris la langue fran\u00e7aise\u00a0\u00bb. Il s\u2019agit plut\u00f4t  d\u2019un espace \u00e0 la fois imaginaire et m\u00e9taphorique.<br \/>\nDorothea Schulz est allemande, elle vit et travaille \u00e0 Stuttgart et ne  disposait \u00e0 son arriv\u00e9e \u00e0 art3 que des connaissances tr\u00e8s \u00e9l\u00e9mentaires  de la langue fran\u00e7aise, \u00e0 peine de quoi se faire comprendre chez le  boucher. Son projet artistique fut d\u00e8s lors de mettre \u00e0 profit son  s\u00e9jour pour apprendre, selon une m\u00e9thode tr\u00e8s personnelle, le fran\u00e7ais.  Cette premi\u00e8re \u00e9tape du projet, elle l\u2019a intitul\u00e9e \u00ab\u00a0Enseignez-moi votre  langue, s\u2019il vous pla\u00eet\u00a0\u00bb. Transformant ses interlocuteurs, issus des  horizons les plus divers, en \u00ab\u00a0enseignants\u00a0\u00bb, elle a ainsi choisi de  syst\u00e9matiser l\u2019arbitraire de tout apprentissage d\u2019une langue \u00e9trang\u00e8re.  Surtout, elle s\u2019est par l\u00e0 m\u00eame livr\u00e9e \u00e0 un exercice inhabituel pour un  artiste dont le champ d\u2019expression coutumier est le visuel, car son  effort s\u2019est d\u00e8s lors concentr\u00e9 sur son sens auditif, \u00e0 l\u2019\u00e9coute de tous  les stimuli linguistiques qui lui parvenaient sous la forme de signaux  sonores, cours de ses \u00ab\u00a0enseignants\u00a0\u00bb, radio, bouts de conversation  intercept\u00e9s au hasard. Autrement dit, son rapport \u00e0 l\u2019espace comme champ  d\u2019action privil\u00e9gi\u00e9 s\u2019en trouvait boulevers\u00e9 et c\u2019est de ce  bouleversement que Dorothea Schulz choisit de rendre compte  paradoxalement par la visualisation-mise en sc\u00e8ne d\u2019un lieu, d\u2019une  \u00ab\u00a0chambre\u00a0\u00bb. Le choix du mot \u00ab\u00a0chambre\u00a0\u00bb, qui se retrouve dans le titre  de l\u2019exposition<br \/>\n<em> La Chambre dans laquelle j\u2019ai appris la langue fran\u00e7ais<\/em> n\u2019est  \u00e9videmment pas anodin. Il sert \u00e0 attirer l\u2019attention du spectateur  francophone d\u2019une part sur l\u2019origine allemande de l\u2019artiste (un  germanisme fr\u00e9quent consiste \u00e0 dire \u00ab\u00a0chambre\u00a0\u00bb pour \u00ab\u00a0pi\u00e8ce\u00a0\u00bb), et  d\u2019autre part sur la polys\u00e9mie du mot. A l\u2019\u00e9vocation du mot \u00ab\u00a0chambre\u00a0\u00bb,  on peut indiff\u00e9remment penser \u00e0 l\u2019espace polyvalent qu\u2019est par exemple  la chambre d\u2019enfant, lieu d\u2019individuation par excellence (o\u00f9 l\u2019on peut  aussi bien faire ses devoirs que jouer, bouder, pleurer, s\u2019enfermer\u2026),  mais aussi \u00e0 la chambre \u00e0 coucher, lieu de la plus profonde intimit\u00e9.  Dans la langue fran\u00e7aise, la chambre c\u2019est aussi le lieu de la  r\u00e9v\u00e9lation, le lieu qui rend possible l\u2019image visuelle, qu\u2019on pense \u00e0  des expressions comme \u00ab\u00a0chambre noire\u00a0\u00bb ou \u00ab\u00a0chambre de l\u2019\u0153il\u00a0\u00bb qui  d\u00e9signe l\u2019espace entre l\u2019iris et la corn\u00e9e, autrement dit, le lieu de  l\u2019obscurit\u00e9 qui seul rend la lumi\u00e8re possible. La chambre de Dorothea  Schulz est aussi un de ces espaces de visualisation m\u00e9taphorique. Elle  r\u00e9v\u00e8le au spectateur francophone une partie de sa propre langue qui lui  reste cach\u00e9e par exc\u00e8s d\u2019habitude en m\u00eame temps qu\u2019elle lui livre  l\u2019espace int\u00e9rieur de l\u2019artiste.<br \/>\nL\u2019exposition est accompagn\u00e9e d\u2019un livre, qui constitue le troisi\u00e8me  volet du projet de Dorothea Schulz, \u00e0 la fois objet \u00e0 part enti\u00e8re et  partie int\u00e9grante du projet global, qui s\u2019intitule : <em>Apprendre le fran\u00e7ais<\/em>. Judith Yacar<\/p>\n<p>&nbsp;<\/p>\n<p>&nbsp;<\/p>\n<address>Dorothea Schultz est n\u00e9e en 1965. Elle vit et travaille \u00e0 Stuttgart.<br \/>\nEtudes<br \/>\n1982 \u2013 1987 Kunsterziehung, Staatliche Akademie der Bildenden K\u00fcnste, Stuttgart sous la tutelle du professeur KRH Sonderborg<br \/>\n1985 \u2013 1988 Studium der Germanistik, Universit\u00e4t Stuttgart (Wiss. Beifach der Kunsterziehung)<br \/>\n1988 \u2013 1989 Staatliche Akademie der Bildenden K\u00fcnste, Stuttgart<br \/>\nSous la tutelle du professeur KRH Sonderborg<br \/>\nDepuis 1995 \u00e0 enseign\u00e9 \u00e0 la Staatlichen Akademie der Bildenden K\u00fcnste, Stuttgart et au sein de la section Design Graphique de Pforzheim, Grundlagen der Gestaltung, ,Visuelle Kommunikation<br \/>\nBourses<br \/>\n2000 Bourse de s\u00e9jour \u00e0 Valence (trois mois) \u2013 Ministeriums f\u00fcr Wissenschaft und Kunst (Baden-W\u00fcrttemberg)<br \/>\n1998 Bourse de s\u00e9jour \u00e0 Strasbourg (3 mois) \u2013 Ministerium f\u00fcr Wissenschaft und K\u00fcnst (Baden-W\u00fcrttemberg)<br \/>\n1993 Bourse arts plastiques \u00e0 L\u00fcdenscheid (12 mois)<br \/>\n1992 S\u00e9jour de trois mois \u00e0 Florence<br \/>\n1991 \u2013 1992 Bourse de s\u00e9jour \u00e0 Brooklyn\/New York (12 mois) \u2013 Ministeriums f\u00fcr Wissenschaft und Kunst, Baden-W\u00fcrttemberg<br \/>\nExpositions (s\u00e9lection)<br \/>\n2001 \u00ab La chambre dans laquelle j\u2019ai appris la langue fran\u00e7aise \u00bb, mus\u00e9e de Valence (Exposition personnelle)<br \/>\n1999 \u00ab La Couleur de la Bi\u00e8re \u00bb, CEEAC, Strasbourg (Exposition personnelle)<br \/>\n\u00ab Die Kinder der M\u00e4nner und Frauen von PSR 16 20 20\u2033, Galerie d. Stadt Backnang (mit Olaf Probst)<br \/>\n1998 Projekt \u00ab Kunst am Bau \u00bb, W\u00fcrtt. Versicherung, Stuttgart (Bodengestaltung des Atriums)<br \/>\n\u00ab Es macht dir doch nichts aus, wenn ich f\u00fcr eine Weile zu dir ziehe \u00bb, (Exposition personnelle)<br \/>\nGalerie Patricia Schwarz, Stuttgart<br \/>\n\u00ab Ortung \u00bb Galerie 50 20, Salzburg<br \/>\n\u00ab Downtown und andere unbekannte Orte \u00bb, Kunstverein Stuttgart<br \/>\n\u00ab 1.1. 1990 \u2013 20. 9. 1998\u2033, Galerie Kornhaus, Kirchheim\/Teck (Exposition personnelle)<br \/>\n1996 Galerie Hannappel, Essen (Exposition personnelle)<br \/>\nGalerie Marr\u00e9 &amp; Dahms, Essen (Exposition personnelle)<br \/>\nNORD-S\u00dcD-FAHRT 2, Verein f\u00fcr aktuelle Kunst, Ruhrgebiet e.V. Oberhausen mit Joachim Fleischer, Andreas Opiolka, Erwin Herbst, Ulrike Geitel, Ulrich D\u00fcrrenfeld und Raymund Kaiser<br \/>\n\u00ab Die M\u00e4nner und Frauen von PSR 16 20 20\u2033, Galerie Patricia Schwarz (mit Olaf Probst)&nbsp;<\/p>\n<\/address>\n<div class=\"pdf24Plugin-cp\"> \t<form name=\"pdf24Form0\" method=\"post\" target=\"pdf24PopWin\" action=\"https:\/\/doc2pdf.pdf24.org\/wordpress.php\"><input type=\"hidden\" name=\"blogCharset\" value=\"Cw1x07UAAA==\" \/><input type=\"hidden\" name=\"blogPosts\" value=\"MwQA\" \/><input type=\"hidden\" name=\"blogUrl\" value=\"yygpKbDS1y8vL9dLLCrRNdbLL0rXB7GS8\/NKUnML8osSM\/MA\" \/><input type=\"hidden\" name=\"blogName\" value=\"SywqMQYA\" \/><input type=\"hidden\" name=\"blogValueEncoding\" value=\"gzdeflate base64\" \/><input type=\"hidden\" name=\"postId_0\" value=\"MzI0MQAA\" \/><input type=\"hidden\" name=\"postTitle_0\" value=\"8ypNySzJUIhMTE4sUtBXcMkvyi\/JSE1UCE7OKM0pqQIA\" \/><input type=\"hidden\" name=\"postLink_0\" value=\"FcZBDoAgDATAF5UeuPmbBojFKCV1SaOvN85pFJgbc0QkcVBO5jv\/KzbQrmkuffCxaofSI0WcqrlBm9BddJ14Pw==\" \/><input type=\"hidden\" name=\"postAuthor_0\" value=\"SywqMQYA\" \/><input type=\"hidden\" name=\"postDateTime_0\" value=\"MzIwNNI1MNM1MlAwNLMyMLMysQAA\" \/><input type=\"hidden\" name=\"postContent_0\" value=\"nVjLbhzHFd37Ky68MCigOXwIUkhLEUCKlGVTsgRSluBlTXfNTGm6u9pV1SOSK\/2DVwGy0MJINAmQTbIJopUa+RF9Sc69VT0PiralAHpwerru49xzz73Fuw35cFHqP34Z9HnYVKUZ11\/Ty9YHM7q48+W9R4ryiaqGTm+a2gdVlioYW9NPraYj62yYaEVn+aQtL6m2rSdTz0zQ1L2hppvX3Tw47aj+8PpP2geiRnlqa01O5xbmTGjFmuvm8OxxzrY0c8p4XQ1LNSw1FZpKPl0XzppAtvs3yQPlghxQfFiXpa50Hej939+\/UU3jjKdS4U89Rpwjp+rur2z0\/Zv3\/xnQtyV5tjCGvaZsQ\/cvRFbgSVuT9o3KJXycH1nYMRVerJVxmnSgChmpZmKdAQKDu0NHW\/e+uAoEp6o4JFUXOiOOjoAKnw9OzZThB3BxhvTDGJnwN0CFCuMb6xVexbcewCjnzAz58We8d1NwL7QnwIeYvFd1jk\/BdW89dfOymzMMHKwnge4aEDIpjja1gPtTaw15fC8Z5rZqHGONHyf6khAnDW2Ln92AzhBQ4+xLBBvRZwxo1AYq2H1pnWeLlQ4oujhxdoRcOBHy3fylbR01\/A+XSLxkcF3ia+YEQzuxMBCzabTDwZrByziORQIDovtwoWFeV6Z7y764KEinTfElzIUnYCTzrGQUmR7Htdcgub7crJD5zHKsCaRMeGFKPAWTm1J1\/wiRMs\/g3I+sQ0WRj2aaB+1Km7dBt85nhFK0XipDTI5LsBtBsxF+bGaaX9K1RKBjBDDl2XoKVpFChxngDtYZBpL8hQ+oKDrOo4ki64cGFOJSMVAW2EcsA3NhrBONdV917j\/8xCABtrPW8ZHk0KembBRso1pV97cKB83MJcJxO5xrlxs0hKknCq5bXcYK4jvqW7CwAKXUIhSNRKDPEZP33No5HLaVQfzsSxrBw0pGOdwKM\/QIwIZFOEsugeM5MkM45Nv4sgd2pNrCQJ6ExwxKN2cnPSKoAAMPdlZtaZAPgEhc9WA7nuAvcp5pNBBrhucz0u2uEiOei9OeE3u0yCPjJCK3ufTXltCpwtiMeyXIi4idax7FMrIl1w2qyeHTRHnligEdtGCfCBcyyiRDh3oyHCm3pEfoy6oHWBBWuViG0s0MqD02DJLoJNrHtjPWEARTao4C36Fn8x5gGIptHb+NAVwn6JGKcqIXBegDkGb8VGHPVZJdoZCS0rKOS9abFVjLlPd597bumYl66DZb0FTATAMmdtojLW7PuZkrG66+kEkJPQckecKuklYjNDl3cj8vziGkhuNIGn1XV\/cI0+x+tJWOKaTNvfCSITX066Pj7hafX8yxbj4zha5S8qhpbQtTx9GiY\/VUCMb1bQu5qqVgyMo3Og+KdYPEfm4xT+pl6zY8EJjwfBJaMmalXoyTPsG++Ta4E8ealcn4iiPu5kgKcfGElVcQTMGKcQXK2Mj8sIGK5vLsRsZMiQxjbq4Eo\/B+eQEuoZlTcUDg1IAzm6s+v2urRkxWDbkydWFGo27uevS4ldwVurOnGcglvFyRKchR1ZSi1\/1aEvWmHqEVMyGXPGAvqFAbg4pHc640FIU2eIkQcFNMaEmIFQ0hB2kOcp8XemaN89IZGF3aSXsX\/D9iaB3\/EFtuBPi1+\/D6L4CPKrAlGYxbRB8oPuVxlPaBynyWCcGT0nJ1eVhVBjoBuT6KFL1ugq+Y7ds6uuSpt7TNuxHWh7izZYsvuYW4oYEzzgzTpORFp5dnnrmCvECECnH0Mt6W0u6TKq3UGiugSeTCIrf6RWLtf382pXzNIUDq56y1erX0LPgpHm5FsJFztQ6rJGJS64K5km0s6NDnrWP4kky0ZUyUUWzTstAnPaBHKyxaUb+1NU5QRY+Javq0H4rEr6ndlcWQjllVIvxvebivtf1q1\/cdb+LoUUyFxi0GeD+wkAa3cq7yCU\/nxGgelUz3OJsLkds4xgMaxafmkVWI7WC0J6AS2GAbOtFwTOuy0m+2j9akNCKS8xBQYy7IUtRnTkdp7vd6LZrseIB0bxEQdqoSxVysaGuIR8Cz1bXbDvklXiJlP0ZbSPG0XCIELgl+DCjDyuZH49IOVZnGhCiBbH+aviYeAQf95rm2Uoq6D+g7Xiwm9KPCbnJ3q8HQaO59VQ99c+e6T6oouBPurWcRIm8EHVRjZ\/\/2rcSG37wB9IAfcxl9+rCzv7dLH17\/DCt7f6CTFshqd2n0pK3HGc4qFUoDQaGDqcI0Ego5OjRlgRTh\/KR7x0eylYtGv+zggfAiAjdCHkyCk9OHvOXDytC68TKKW30Ue2yqMG0lnr5JYyeYaUY\/1LLlovl+CSsON15gMx3QoTYjcFeOrSdyY+lmr3ez\/38llwydfX6KR7rBjgjP+7e4Kmm7g4pEQi6DqT8Dar4moe1x0Upq7HVc2o40qx59g1VvYuKFjp5i+7ycaFNleN7WRQktrhPIfO0OUvLseVJnOoH0trWZqpUV55C31AV5dre3tyk+EmVJ9y9k9FylOSjtiXlt\/A1B\/rHhYmqH+noade8ccfGABlRyFCBVRawdbRwChHrzBV7BZlMNtVsp4\/7e9W7PwHyPCerGtHHzeq+\/5lTA\/R2vN3uvwF4ub\/3OD9ePuneFWNSmoI2d3eh9eXaXzlKcRRIteYOPPsBVhNFavryTWIpT1+Z56Kydlhf11vf6Ff1o3XTp8bNQzujjfHuVWEiypw24LiOzbixLv4PpuzbfPm\/dxVTH0la1XkReLymz9Lx6QV+Bcj85vs\/XizRXFBpF1JuN3j8+PrifrbHht43C3hH67cRw00pLPO5+wStOoHrgFLZdTJeanp6d0s5t2t3Gnw+v\/4lOQtSOW3XALVwEAJpPcWmDS+xY9KRUI3rqsDSENfY+5Uky5SU20V1VONlK9LEYA3rOUse7XJLihdwdWtRsvOhZ2ZkOghR7JaFjEAxyyGsMUrIQxhrWgiyOGb3SdU34HNkhv6l5oQ3qdtnKAVbOCObvQNcD8FQhgtzIiHql3OXHoomYnjgJGMtZf+wWI4l3VXk5bBfk43rYV3XAX6kA30ocLzJDPVU1T2NYiuEJfJgKrIHXeNwZ7Ay4kbalL3a3B7Qvn\/fWqneC5W8iuJwYl09YJLee6Xz6CWS8vTDyEJGB7vyLh2Nutk9F7rFy\/PuHr3DxvoOFfFL5TzTw\/ZPTo82z7s9Hmw8OHp4+o92MOcNASFHVNCQhj61+2k7cWOMGgrkxeD6gJ+h2TpoXOlD1Owu2mApqpI2PV4gD3mJw9XzSGFtOFcJyr2D9IQYbG\/yhdGaqMT1M4KT5Iwh1BN+OLyxlIbU7VReVCA73vFtvuM\/tsqsk+7jJVrenrX59+uJ\/\" \/><\/form> \t<div class=\"pdf24Plugin-cp-link\"> \t\t<a href=\"#\" onclick=\"var pdf24Win = window.open('about:blank', 'pdf24PopWin', 'resizable=yes,scrollbars=yes,width=600,height=250,left='+(screen.width\/2-300)+',top='+(screen.height\/3-125)+''); pdf24Win.focus(); document.pdf24Form0.submit(); if(typeof pdf24OnCreatePDF === 'function'){void(pdf24OnCreatePDF(this,pdf24Win));} return false;\">TELECHARGER L\\'ARTICLE AU FORMAT PDF<\/a> \t<\/div> <\/div>","protected":false},"excerpt":{"rendered":"<p>La chambre-installation que Dorothea Schulz nous invite \u00e0 p\u00e9n\u00e9trer n\u2019est pas une reconstitution r\u00e9aliste ou vraisemblable de l\u2019endroit o\u00f9 l\u2019artiste a r\u00e9ellement \u00ab\u00a0appris la langue fran\u00e7aise\u00a0\u00bb. Il s\u2019agit plut\u00f4t d\u2019un espace \u00e0 la fois imaginaire et m\u00e9taphorique. Dorothea Schulz est &hellip; <a href=\"http:\/\/www.art-3.org\/art-contemporain\/judith-yacar-dorothea-schultz\">Continuer la lecture <span class=\"meta-nav\">&rarr;<\/span><\/a><\/p>\n","protected":false},"author":1,"featured_media":0,"parent":0,"menu_order":0,"comment_status":"closed","ping_status":"open","template":"","meta":{"footnotes":""},"class_list":["post-2140","page","type-page","status-publish","hentry"],"_links":{"self":[{"href":"http:\/\/www.art-3.org\/art-contemporain\/wp-json\/wp\/v2\/pages\/2140","targetHints":{"allow":["GET"]}}],"collection":[{"href":"http:\/\/www.art-3.org\/art-contemporain\/wp-json\/wp\/v2\/pages"}],"about":[{"href":"http:\/\/www.art-3.org\/art-contemporain\/wp-json\/wp\/v2\/types\/page"}],"author":[{"embeddable":true,"href":"http:\/\/www.art-3.org\/art-contemporain\/wp-json\/wp\/v2\/users\/1"}],"replies":[{"embeddable":true,"href":"http:\/\/www.art-3.org\/art-contemporain\/wp-json\/wp\/v2\/comments?post=2140"}],"version-history":[{"count":3,"href":"http:\/\/www.art-3.org\/art-contemporain\/wp-json\/wp\/v2\/pages\/2140\/revisions"}],"predecessor-version":[{"id":2273,"href":"http:\/\/www.art-3.org\/art-contemporain\/wp-json\/wp\/v2\/pages\/2140\/revisions\/2273"}],"wp:attachment":[{"href":"http:\/\/www.art-3.org\/art-contemporain\/wp-json\/wp\/v2\/media?parent=2140"}],"curies":[{"name":"wp","href":"https:\/\/api.w.org\/{rel}","templated":true}]}}