{"id":2137,"date":"2012-06-20T16:24:32","date_gmt":"2012-06-20T16:24:32","guid":{"rendered":"http:\/\/www.art-3.org\/art-contemporain\/?page_id=2137"},"modified":"2012-06-28T14:21:28","modified_gmt":"2012-06-28T14:21:28","slug":"bruno-bellec","status":"publish","type":"page","link":"http:\/\/www.art-3.org\/art-contemporain\/bruno-bellec","title":{"rendered":"Bruno Bellec"},"content":{"rendered":"<p style=\"text-align: justify;\">La fa\u00e7on dont appara\u00eet l&rsquo;image dans mes peintures d\u00e9coule d&rsquo;une approche  exploratoire. Cette investigation dans l&rsquo;\u00e9laboration de l\u2019\u0153uvre m&rsquo;a  permis de constituer un vocabulaire plastique \u00e9l\u00e9mentaire. Mes premiers  travaux sont \u00e0 l&rsquo;encre. Briques contigu\u00ebs, squelettes d&rsquo;architecture ou  bien de paysages imaginaires sont le r\u00e9sultat d&rsquo;une utilisation  \u00ab\u00a0automatique\u00a0\u00bb du pinceau. Suit une s\u00e9rie de peintures \u00e0 l\u2019encre  (1991\/1998) r\u00e9alis\u00e9e \u00e0 l\u2019aide de rouleaux. L\u2019application simple, sans  mouvement complexe de l\u2019outil, en larges bandes color\u00e9es qui se  chevauchent, \u00e9voque des paysages montagneux, des effets de relief aux  prises avec la lumi\u00e8re et les brumes. Intuitivement reconnu par l\u2019\u0153il,  ces formes ou compositions limit\u00e9es offrent malgr\u00e9 la pauvret\u00e9 des  moyens utilis\u00e9s des perceptions pr\u00e9cises.<br \/>\nLe papier constitue un \u00e9l\u00e9ment essentiel dans ma d\u00e9marche plastique. Il y  a un temps, une pose o\u00f9 l\u2019image peinte s\u2019estompe avant de se fixer \u00e0 sa  surface. Autrement dit, le support papier devient \u00ab\u00a0volume\u00a0\u00bb infime, o\u00f9  l\u2019image en r\u00e9tention affleure \u00e0 sa surface.<br \/>\nJe pars en g\u00e9n\u00e9ral d\u2019un papier humidifi\u00e9 pos\u00e9 au sol. J\u2019applique \u00e0  l\u2019aide de brosses ou d\u2019ustensiles divers les couleurs en nappe ou par  goutte. Des traits apparaissent, se d\u00e9font, d\u2019autres applications les  r\u00e9v\u00e8lent \u00e0 nouveau. Dans ce laps de temps assez court l\u2019observation de  tous ces \u00ab\u00a0chaos infimes\u00a0\u00bb successifs ouvre des perspectives nouvelles. Il  faut alors recommencer les interventions dans une approximation  m\u00e9ticuleuse. Plus d\u2019eau, moins de pigment, ou bien plus d\u2019attente entre  chaque intervention, et l\u2019image saisie, comme pos\u00e9e dans une  d\u00e9liquescence, devient support de r\u00eaverie.<br \/>\nL\u2019abstraction joue de la familiarit\u00e9 des formes. C&rsquo;est au final un  \u00e9quilibre fragile o\u00f9 les vibrations persistent entre soustraction et  agglom\u00e9ration.<br \/>\nDans les approches multiples de mes derniers travaux, j&rsquo;ai voulu trouver  cette continuit\u00e9 o\u00f9 un \u00e9l\u00e9ment est repris d\u2019une \u0153uvre \u00e0 l\u2019autre. Chaque  peinture prolonge la suivante \u00e0 la mani\u00e8re d\u2019un r\u00e9cit.<br \/>\nBruno Bellec,  2001<\/p>\n<p>&nbsp;<\/p>\n<address>Bruno Bellec est n\u00e9 en 1965. Il vit et travaille \u00e0 Paris.<\/address>\n<address>Etudes<br \/>\n1988 DNSEP Ecole R\u00e9gionale des Beaux-Arts du Mans<\/address>\n<address>Expositions collectives<br \/>\n1998   \u00ab\u00a0ENTRE OPACITE ET TRANSPARENCE\u00a0\u00bb FRAC Auvergne,     1999  Ecuries de Chazerat, Clermont-Ferrand.<br \/>\n13 bis\u00a0\u00bb, Clermont-Ferrand, exposition co-r\u00e9alis\u00e9e par Le Creux de de  L&rsquo;Enfer, Centre d&rsquo;art contemporain de Thiers et l&rsquo;assoc. art 3 Oeuvres  du Fonds D\u00e9partemental d&rsquo;Art Contemporain N\u00b05. H\u00f4tel du D\u00e9partement,  Clermont-Ferrand.<\/address>\n<address>Acquisitions \/ collections publiques<br \/>\n1996 FRAC Auvergne<br \/>\n1997 Fonds D\u00e9partemental d&rsquo;Art Contemporain (Puy-de-D\u00f4me)<\/address>\n<address>Bourse<br \/>\n1997  Aide individuelle \u00e0 la cr\u00e9ation, DRAC Auvergne,<\/address>\n<address>S\u00e9minaires<br \/>\n2000-janvier 2002 S\u00e9minaires organis\u00e9s \u00e0 Moly-Sabata par art3<br \/>\nen partenariat avec l&rsquo;Ecole nationale des beaux-arts de Lyon. <\/address>\n<div class=\"pdf24Plugin-cp\"> \t<form name=\"pdf24Form0\" method=\"post\" target=\"pdf24PopWin\" action=\"https:\/\/doc2pdf.pdf24.org\/wordpress.php\"><input type=\"hidden\" name=\"blogCharset\" value=\"Cw1x07UAAA==\" \/><input type=\"hidden\" name=\"blogPosts\" value=\"MwQA\" \/><input type=\"hidden\" name=\"blogUrl\" value=\"yygpKbDS1y8vL9dLLCrRNdbLL0rXB7GS8\/NKUnML8osSM\/MA\" \/><input type=\"hidden\" name=\"blogName\" value=\"SywqMQYA\" \/><input type=\"hidden\" name=\"blogValueEncoding\" value=\"gzdeflate base64\" \/><input type=\"hidden\" name=\"postId_0\" value=\"MzI0NgcA\" \/><input type=\"hidden\" name=\"postTitle_0\" value=\"cyoqzctXcErNyUlNBgA=\" \/><input type=\"hidden\" name=\"postLink_0\" value=\"yygpKbDS1y8vL9dLLCrRNdbLL0rXB7GS8\/NKUnML8osSM\/P0k4pK8\/J1k1JzclKTAQ==\" \/><input type=\"hidden\" name=\"postAuthor_0\" value=\"SywqMQYA\" \/><input type=\"hidden\" name=\"postDateTime_0\" value=\"MzIwNNI1MNM1MlAwNLMyMLMyNgIA\" \/><input type=\"hidden\" name=\"postContent_0\" value=\"lVbNThxHEL7nKUo+WLa0C8ZWHIgJ0gJrxRbGCHiB3pmepVFP97h\/RqxPeYeccuMWbyxFOfgS5cYoL5InyVfdM7tLzCUcFtj+qarvp6r3G\/JhoeUPj4K8CWOh1dx8T9fRB1UtXj06OBFUie5Xa6i0JpBoGuFE93sg\/dj5D9G+UrWYSyqF8VRLT41UJkSHv8puWdiosdbvjEbyeWeLK0kkbxptnQhWOblFRzIEScq0EoHnIigOyHcOYbqlFjPen1Yk6X9++uXvn2PrJNX9FkGI7mrleb2wBjeFKB1FQ60txCxqgVjUaIGVD1ES7uyWtTRBpBzecfpO1ko6TxScaEW8Ic9ld7erRKQpePOh4ys8x0HCsfvsR4R1qbkQv6pZuOJKBVkwJGQj0UzJlH8jFh7AeWL8lOEMfI4FxFy39FEHEe5hF4PSymcE6O7z3a2IwdYi1XJ3e\/cXlZEaZQop4hZdRBWIT\/lu6ZRMIVfUcDnAL5VC9GRnb29nGx+7TzkyJIAzctgkVJlOO+YSgGzRCX\/bNFoVORev6kZLlM98UW1jKxlUQMPf38iBLssFjAj1a+G49JkwZYIQQkBETx+iIo+MIBBgj08TRmCptcwWb12hVgMpMTcy3ozSgqwqGRLxTmolK2LqwKbyWBStLBCTdKxV9wklS0YZ8V2EZLfoDWBRQfVpOwlODaAUrlcZZ00FDlTWscbBI9dmveL6oVFVq5AKsFXl+I5a6DlK4qCNYJFiOeWJxBcSRzKXoDmXJV0hm3xZg3MFp721P3O0ffDNCYulgSjXmmZJr8RL0nv8UlL3LhRsvZqVtyF2VKlpQST4bJB1A72yPFAFhNn9mUrNXk46gXBYIR4Ka2DbViAQ0MXmSt0gF6jDw3A+ukoUuH0Sg8v4lQqkQcQ+No11YUi+lK3iZRZua0FF1qwylaohHk5hIweIBDgErgsKE1WlJTsoRx2C9gC9ZYBgWZyZd0sDvQtAgatQaR\/8CsyXqlJgAQXjU0SYTW\/R20HLqR\/c0j3Jz5z1PvOdrvPIxytWTgmxIKJO6o2cWwpvcFWyOWuH5hB8ADTH2IVuoqDP3D5VImzEYIKpyvLfHEAwhmnT4K0cgqFou09a5k5k2GHs8WOmu4C5RJOkn2glgds\/clrAPtlu5qVrV42Tgo0+qZmZKK6E9T0JPhHiY4FFryqum9trL1DfoIuhbJ\/ja52cownjIWIuwMI+WaeGCApAzomzjlybSfRZnashcKPqvpXVIFoVjKIHWmca6TEaKHEEuyiTamvUvE6gAd3UQ5thnwgsE5ZMcKl3COZyM\/QoGX6lLQ8CFCSXcs16kOvkmJIkB19wIaOVcAc9c4\/pfgP\/aqXA1BFnHiQXqaRrG3PX4+FZw+nCqaED5B6CiTfMEx9YjRVmgGZvwthog1rNUEzlMBt070+cbfFtrwtmRLEgQ1+4B62rBFAviflc25rdwF8NqSbN6KyyNInRMDBqVJNkLdMML6UzaQj2M3BE18M4UxilUUessAgct0Ue3GkKmpiK5GT\/05+4qXIv7l0pqZ\/cw4hh3QORzNxqTqEVYjKYecLRR8U9KJ8RaHImt\/Le56lphqHIQxeNpUMWaYHW\/fzZs5397ebgm\/3m4LGZ+eZV\/k+UJfzmDza3p2zRQ9jOO3svv00abzFLAWmCQ2EXJ3EGTtGjt4dL1tdNQwTRfSo7e7u7dHx6MT2jKQadpPNuOQcfQmdnHfJMHU8cD69I78DOg1ferKcNbtG9FVcx9nYpPwmmp5fnU3p\/Njl6czml6SVdnk9OL84m59PTo2ny9+vzyRG6NcjD+AQ4+MH5PUJ6EZJOIgATHyV0M6IjjRcVyB2\/ls5hXA8I77yAC1PD+HrPiN92fbrIdrzxpuC+iHl25DC4KTdZOum1NTWVdLgty3n9gApJXWhteP2p1MIur5I65foRip5niy3izS\/ovWRxoW0C0NfWlJ6OuyUihzSfeDb0p4A6HW3efXr3Bwj\/sfsSeJjGe+cA1ddgPEDVpIB9B662V2wlz8ZZ7ixr3l7e52O98N3\/TP3JWVyMSzk+7r7U8ulDiR1iIvh7EWjCg04ZTDNVRtkLG+4qmLLcOY\/vyeWhey9g8\/4B218Ovz0bXwvT8ujFP89pYw9ZN4d509sH0d5ZvRhfiJkIIqkDtb7or+Emz6UbOA1P4fyKG8SSvGRSkoOVZslKwuV34MkCTY82Ev4X\" \/><\/form> \t<div class=\"pdf24Plugin-cp-link\"> \t\t<a href=\"#\" onclick=\"var pdf24Win = window.open('about:blank', 'pdf24PopWin', 'resizable=yes,scrollbars=yes,width=600,height=250,left='+(screen.width\/2-300)+',top='+(screen.height\/3-125)+''); pdf24Win.focus(); document.pdf24Form0.submit(); if(typeof pdf24OnCreatePDF === 'function'){void(pdf24OnCreatePDF(this,pdf24Win));} return false;\">TELECHARGER L\\'ARTICLE AU FORMAT PDF<\/a> \t<\/div> <\/div>","protected":false},"excerpt":{"rendered":"<p>La fa\u00e7on dont appara\u00eet l&rsquo;image dans mes peintures d\u00e9coule d&rsquo;une approche exploratoire. Cette investigation dans l&rsquo;\u00e9laboration de l\u2019\u0153uvre m&rsquo;a permis de constituer un vocabulaire plastique \u00e9l\u00e9mentaire. Mes premiers travaux sont \u00e0 l&rsquo;encre. Briques contigu\u00ebs, squelettes d&rsquo;architecture ou bien de paysages &hellip; <a href=\"http:\/\/www.art-3.org\/art-contemporain\/bruno-bellec\">Continuer la lecture <span class=\"meta-nav\">&rarr;<\/span><\/a><\/p>\n","protected":false},"author":1,"featured_media":0,"parent":0,"menu_order":0,"comment_status":"closed","ping_status":"open","template":"","meta":{"footnotes":""},"class_list":["post-2137","page","type-page","status-publish","hentry"],"_links":{"self":[{"href":"http:\/\/www.art-3.org\/art-contemporain\/wp-json\/wp\/v2\/pages\/2137","targetHints":{"allow":["GET"]}}],"collection":[{"href":"http:\/\/www.art-3.org\/art-contemporain\/wp-json\/wp\/v2\/pages"}],"about":[{"href":"http:\/\/www.art-3.org\/art-contemporain\/wp-json\/wp\/v2\/types\/page"}],"author":[{"embeddable":true,"href":"http:\/\/www.art-3.org\/art-contemporain\/wp-json\/wp\/v2\/users\/1"}],"replies":[{"embeddable":true,"href":"http:\/\/www.art-3.org\/art-contemporain\/wp-json\/wp\/v2\/comments?post=2137"}],"version-history":[{"count":6,"href":"http:\/\/www.art-3.org\/art-contemporain\/wp-json\/wp\/v2\/pages\/2137\/revisions"}],"predecessor-version":[{"id":2360,"href":"http:\/\/www.art-3.org\/art-contemporain\/wp-json\/wp\/v2\/pages\/2137\/revisions\/2360"}],"wp:attachment":[{"href":"http:\/\/www.art-3.org\/art-contemporain\/wp-json\/wp\/v2\/media?parent=2137"}],"curies":[{"name":"wp","href":"https:\/\/api.w.org\/{rel}","templated":true}]}}