{"id":1550,"date":"2012-02-29T08:56:33","date_gmt":"2012-02-29T08:56:33","guid":{"rendered":"http:\/\/www.art-3.org\/art-contemporain\/?page_id=1550"},"modified":"2013-01-15T15:16:51","modified_gmt":"2013-01-15T15:16:51","slug":"sarah-duby-texte-de-pascal-thevenet","status":"publish","type":"page","link":"http:\/\/www.art-3.org\/art-contemporain\/sarah-duby-texte-de-pascal-thevenet","title":{"rendered":"Sarah Duby : texte de Pascal Thevenet"},"content":{"rendered":"<p>Pour peu que l\u2019on survole la production de Sarah Duby, la nouvelle s\u00e9rie expos\u00e9e \u00e0 art 3 marque un tournant avec ce qui fut montr\u00e9 auparavant\u00a0: des paysages a\u00e9riens, des portraits d\u2019oiseaux en vol, des photographies de montagnes, des tirages noir et blanc ou en couleur, grands formats ou non. Et d\u2019autres suites, plus formelles, o\u00f9 la mati\u00e8re premi\u00e8re de la photographie, la lumi\u00e8re, est exp\u00e9riment\u00e9e, analys\u00e9e dans une tentative de compr\u00e9hension de son impact sur la perception.<br \/>\nCe bref r\u00e9sum\u00e9 des ann\u00e9es d\u2019avant, au regard des images ici accroch\u00e9es, semble affirmer une dispersion tant l\u2019h\u00e9t\u00e9rog\u00e9n\u00e9it\u00e9 para\u00eet pr\u00e9valoir dans toute l\u2019\u0153uvre de Sarah Duby. Celle-ci \u00e9crit\u00a0: \u00ab\u00a0En parlant de ses po\u00e8mes, Emily Dickinson disait \u00ab\u00a0my business is circumference\u00a0\u00bb. Ce qui se construit dans mon travail suit cette id\u00e9e d\u2019aller d\u2019\u00e9l\u00e9ment en \u00e9l\u00e9ment en \u00e9largissant petit \u00e0 petit le cercle de visibilit\u00e9. Chaque image am\u00e8ne \u00e0 se replacer et \u00e0 repenser les \u00e9l\u00e9ments qui la fondent\u00a0\u00bb.<br \/>\nPlut\u00f4t que de dispersion s\u2019agirait-il alors plus de diffusion\u00a0? Quel est l\u2019\u00e9cart entre ces deux termes dont le sens est si proche\u00a0? La diffusion est probablement moins al\u00e9atoire que la dispersion, ou du moins elle r\u00e9pond \u00e0 un d\u00e9sir de contr\u00f4le comme l\u2019attesterait son \u00e9tymologie issue du latin imp\u00e9rial alors que celle de dispersion vient de la vulgate. Hors l\u2019acception exacte de chacun des deux termes, il reste ind\u00e9niable qu\u2019il est question de mouvement, de flux. L&rsquo;\u00e9tude physique de la lumi\u00e8re \u00e9tablit la distinction entre dispersion et diffusion comme des interactions avec la mati\u00e8re. Ces \u00e9changes permettent de produire la couleur et de distinguer le volume. Consid\u00e9rer alors la photographie comme un arr\u00eat du temps, un \u00ab\u00a0instant d\u00e9cisif\u00a0\u00bb serait donc impropre. C&rsquo;est pourquoi Sarah Duby s\u2019attelle \u00e0 sa mise en mouvement.<br \/>\nAinsi, cette image, premi\u00e8re ou g\u00e9n\u00e9rique, noire, barr\u00e9e de lignes et bandes verticales, est un \u00e9tat initial sans pour autant qu\u2019elle ne se satisfasse de cette primordialit\u00e9 puisqu\u2019une deuxi\u00e8me image montre une \u00e9volution avec l\u2019apparition d\u2019images dans celle-ci. Puis un triangle color\u00e9, puis un papier blanc pli\u00e9, puis des disparitions, sans parler des divers spectres lumineux, arc en ciel et flare<strong>* <\/strong>qui surgissent avec plus ou moins d\u2019intensit\u00e9 et de r\u00e9gularit\u00e9.<br \/>\nGilles Deleuze \u00e9crivait dans <em>Le pli<\/em> : \u00ab\u00a0[\u2026] le plus petit \u00e9l\u00e9ment de labyrinthe est le pli, non pas le point, qui n\u2019est jamais une partie mais une simple extr\u00e9mit\u00e9 de la ligne\u00a0\u00bb. S\u2019il est souvent question en photographie de faire le point \u2013 un point qui, par ailleurs, n\u2019est pas une quantit\u00e9, donc il n\u2019a pas d\u2019existence physique\u00a0; il est signe et seulement signe \u2013 Sarah Duby ne pouvait, dans l\u2019\u00e9laboration de cette suite d\u2019images, utiliser le traditionnel appareil photographique. Elle a choisi le scanner. Alors que le diaphragme de l\u2019appareil photo s\u2019ouvre un temps donn\u00e9 pour laisser p\u00e9n\u00e9trer une quantit\u00e9 de lumi\u00e8re, le scanner proc\u00e8de par un balayage, lin\u00e9aire et plan. En cela, la photographie serait une capture (d\u2019un flux lumineux) quand le scanner cr\u00e9e sa lumi\u00e8re pour recevoir l\u2019image. Alors que l\u2019appareil photo est un r\u00e9cepteur d\u2019espace, le scanner est un g\u00e9n\u00e9rateur d\u2019espace. Cette g\u00e9n\u00e9ration se fait graduellement, au fur et \u00e0 mesure du passage des lumi\u00e8res, ligne par ligne. La ligne ne pouvant \u00eatre constitu\u00e9e de points, puisqu\u2019ils sont juste ce qui signifie l\u2019extr\u00e9mit\u00e9 de la ligne, celle-ci est faite, conform\u00e9ment \u00e0 l\u2019analyse deleuzienne, de plis, lequel pli pour le philosophe est l\u2019unit\u00e9 de mati\u00e8re. Or que voit-on dans cette suite de Sarah Duby\u00a0: des images d\u2019un volume en bois constitu\u00e9 de plis, les m\u00eames images \u00e9tant parfois pli\u00e9es.\u00a0 Nous voyons invariablement une double ligne verticale qui est la tranche de la plaque de verre faisant pli avec celle du scanner. Et des papiers, blancs, aquarell\u00e9s qui se plient et se d\u00e9plient au fil des images qui affirment leur diff\u00e9rence dans la similitude, leur alt\u00e9rit\u00e9 dans la ressemblance. Elles acqui\u00e8rent la qualit\u00e9 d\u00a0\u2018\u00e9l\u00e9ments dans le tout qu\u2019est la suite, rejoignant la r\u00e9flexion de Leibniz, qui, \u00e9coutant le son de l\u2019oc\u00e9an, d\u00e9termina que le plus infime bruissement de la plus petite vaguelette, ajout\u00e9 \u00e0 un autre, et \u00e0 un autre, \u00e9tait l\u2019\u00e9l\u00e9ment constitutif du grand vacarme du flux et du reflux de l\u2019eau.<\/p>\n<p>C\u2019est par cette absorption de la plus petite unit\u00e9, du plus petit d\u00e9tail qu\u2019un univers se constitue. Reste alors \u00e0 d\u00e9finir si l\u2019univers mis en place par Sarah Duby, avec une simplicit\u00e9 de moyens (documents sur un travail sculptural, papiers blancs et color\u00e9s, plaques de verre et scanner), se prolonge.\u00a0 En effet, on ne peut pas tout d\u00e9plier car on peut d\u00e9plier \u00e0 l\u2019infini.<\/p>\n<p><strong>*<\/strong> flare\u00a0: halos qui se forment dans l&rsquo;objectif lorsqu&rsquo;une source lumineuse ponctuelle se trouve dans l&rsquo;image ou aux abords imm\u00e9diats du cadre.<\/p>\n<p>Pascal Thevenet, f\u00e9vrier 2012<\/p>\n<p>&nbsp;<\/p>\n<p>&nbsp;<\/p>\n<p>Sarah Duby est n\u00e9e en 1984 \u00e0 M\u00e2con. Elle vit et travaille \u00e0 Paris.<br \/>\nFormation, bourses, r\u00e9sidences.<br \/>\n2010\u00a0\u00a0\u00a0 R\u00e9sidente au 6B, Saint-Denis \u2013 Projet de recherche et de documentation des ex-votos de Chypre, en collaboration avec E. Mou zourou. Bourse Coup de Coeur D\u00e9fi Jeune.<br \/>\n2009\u00a0\u00a0\u00a0 R\u00e9sidence \u00e0 la Cit\u00e9 Internationale des Arts, Paris<br \/>\n2008\u00a0\u00a0\u00a0 Laur\u00e9ate du Prix de Paris, Lyon<br \/>\n2008\u00a0\u00a0\u00a0 DNSEP, ENSBA Lyon (avec les f\u00e9licitations du jury)<br \/>\n2006\u00a0\u00a0\u00a0 Master \u00e0 l\u2019Ecole de Cin\u00e9ma et de Photographie de Prague (FAMU)<br \/>\nBourse r\u00e9gionale (Rh\u00f4ne-Alpes) de formation \u00e0 l\u2019\u00e9tranger (Prague)<br \/>\n2004\u00a0\u00a0\u00a0 DNAP, ENSBA Lyon (avec mention)<br \/>\nExpositions<br \/>\n2012\u00a0\u00a0\u00a0 dispersion, diffusion, absorption, art 3 Valence<br \/>\n2011\u00a0\u00a0\u00a0 PaPaPa, Exposition collective, Galerie Arko, Nevers<br \/>\nD\u00e9placer , KulturePalatz, Berlin<br \/>\nInterrompre, exposition collective, 6B, Saint-Denis (commissaire Kurt Forever)<br \/>\n2010\u00a0\u00a0\u00a0 Mulhouse 10, Biennale de la jeune cr\u00e9ation contemporaine, Mulhouse.<br \/>\nOuvrir, exposition collective, 6B, Saint-Denis (commissaire Kurt Forever)<br \/>\n2009\u00a0\u00a0\u00a0 Exposition de No\u00ebl, Ancien Mus\u00e9e de Peinture de Grenoble \u2013 Le Magasin<br \/>\nReconnaissances, exposition collective, Ch\u00e2teau des Adh\u00e9mar, Mont\u00e9limar<br \/>\nDisplacement, exposition collective, Vorwerkstift, Hambourg<br \/>\nLes Enfants du Sabbat 10, exposition collective, Le Creux de l\u2019Enfer, Thiers<br \/>\n2008\u00a0\u00a0\u00a0 6 x 2, exposition personnelle, Galerie Vrais R\u00eaves, Lyon.<br \/>\nEn 1799, l\u2019Entr\u00e9e \u00e9tait d\u00e9j\u00e0 l\u00e0, exposition collective, Ensba Lyon<br \/>\n2007\u00a0\u00a0\u00a0 Grammaire de la ville, exposition collective, Goethe\u00a0 Institut, Lyon (commissaires Joachim Blank, Florian\u00a0 Ebner et Philippe Durand)<br \/>\nLa Calavera \u2013 Projet curatorial en collaboration avec trois artistes<\/p>\n<div class=\"pdf24Plugin-cp\"> \t<form name=\"pdf24Form0\" method=\"post\" target=\"pdf24PopWin\" action=\"https:\/\/doc2pdf.pdf24.org\/wordpress.php\"><input type=\"hidden\" name=\"blogCharset\" value=\"Cw1x07UAAA==\" \/><input type=\"hidden\" name=\"blogPosts\" value=\"MwQA\" \/><input type=\"hidden\" name=\"blogUrl\" value=\"yygpKbDS1y8vL9dLLCrRNdbLL0rXB7GS8\/NKUnML8osSM\/MA\" \/><input type=\"hidden\" name=\"blogName\" value=\"SywqMQYA\" \/><input type=\"hidden\" name=\"blogValueEncoding\" value=\"gzdeflate base64\" \/><input type=\"hidden\" name=\"postId_0\" value=\"MzQ1NQAA\" \/><input type=\"hidden\" name=\"postTitle_0\" value=\"C04sSsxQcClNqlSwUihJrShJVUhJVQhILE5OzFEIyUgtS81LLQEA\" \/><input type=\"hidden\" name=\"postLink_0\" value=\"FcZBDoAgDATAF5UeuPmbChsxUSBlFf29cU5TyL6ozjmDOSWG5pv+S60SZ29ue9VhbkXytb5CPIRkSLeR7BAW3KjgBw==\" \/><input type=\"hidden\" name=\"postAuthor_0\" value=\"SywqMQYA\" \/><input type=\"hidden\" name=\"postDateTime_0\" value=\"MzIwNNI1MNI1slQwsLAyMLIyNgYA\" \/><input type=\"hidden\" name=\"postContent_0\" value=\"rVjLchy3Fd37K7ByUakW9YjLtmKWUhRFyw9SnkiON6ksMD2YGVDdQAtoTESv9A\/eJDuWFynRrsrKm1R2nMqP6EtyzgW6p0lJuxQXnJ5BA\/dx7rnn4qB7OPMpqM4k9TIZ1bx9\/Q\/vVExh4xs8atUFv0h1b\/HtwqjnOui1epzm5xV\/dD5tTIOFcXsZrFHmVefx0ajthdKhV79XrQ7cNznV4xynXa\/0xtSqNjjPqmXqVetdH7aXSqcOu2+w5OriDzgsqk6fR73CBy3bu1jlr33og7Z9VAuaa6PR6ZUyTsHmsmLte78KultbPMFunqFXzpQdehtkX+dtUKZX80a7WvnETWqfGpNCpfC+W0S19KHVOAu\/Ou\/21XEvx+rUB+wQk+25a9ekvJThwLPf\/psBwpt2+yYYhNG0+dMih3VioYSySfn3SpnYM5B0uTWuRzgrpZ1uziWyC+0iwmlUj9+w+0Z2rH3bIYZrxKhkKuKfbTtd98ymHGlCbTpmcv9gHtSdhx8dGTUPZqnwZkwtUsDYaOdwTo6tZAOnJxXMSoeFLLCtxM7WVum6Dr5ec32lomnngIJeLi3CEMTIhY04VmzqmXviC8vhVPCr7SVOsvismPjtv3pFHza6YVbET2Cmz6D8709pk4O3g+C+OmK0b8OQ7WUdrODm6teri2PHHRseyEgIZLZvWhp53NrmXD229QvrGCIYCCTJW+25mqdoARI4F1VtQ53apQnG1ebq4uo\/PE5AGxlvF\/uA3Gc7W\/pH7NpGEAF49zDcLiRjDCTsDPJpe9lsL5lXYu3mgw4rGyPt7kyPbVBG+QPiWiN9jURgY6Od24aRg01rzQKTpCjdbt84qT7YGEzXaLxFgOMbPAIdeAQ+dwdH8QjoWHq3MCw9OFrgMWtSv\/2tF2JYXMtlpEsryyK8DZeRsRBzCci65TJx2dXFH9WfkmkE0Y34XpMVcEygP1yNwu0N4ILP3omfEVbKG9GSfOq14T4nerev\/Iqf5hp4k+i1HtmEGdtL3QM8JnOZnphcsX4XqawUzgLWOjjN2ICekKpI2EluwUe\/NVJVbYafRjojDCVWCBtA+Lz1jV+B9JAxBijhwN5K0bF09RAWmlLLgddjuLEm4xN2blKz0r3ZV1\/xDTmwLrUKKkAN5yJf65qWXg9cpZCBQOuUdfDCWYYFx2IXm2MPE+LA4C0pm0EjE6plk17tq5OPQ3yZ\/BfwKuHLbn0ebUn6hJnoNLYmGiWycDb3hZzPiWsA3C5ZOYhCHI4RlHdi7gIThmR1EZdw0pFeOjrX9yVG0oWYWLxRCFpOMcWQVRJgswOklnvhCFZfwNc5DTc4t5iFcOoQtr\/0zF9v2g7hxHekA+BEKAu71Ci4JSsD4BQIAKs1Ex18J5aX+Aku0ebw2U54KpcLfCEIWJvwGk2LNT9mY6i5Qxxrq4E\/WNTVpHcAw5k1A\/NTSf\/Cvzl9uMz5suxy0tPQvfBpY0Jvay1NifYlAa\/ukQ3bE6WRBEarQfPisCBHbHWsRizobVzqGDMIxbIOvcmHBd7P\/J1slNeE84FNS7otpCT93Ug7ALsjQQKanH8GpgNX2wxPQjZ3F6HVutD7vprhABERKCy3ktJEVreXlRzNXzrdWSQ7d\/KuseNvUi7AZjmEjUo8RoMgJcuvCBJaeWdq6ekEvIMTaHyhFklgSWI9qkUHcwDi92718Hfq4E75KE0hCXebQeAIG\/qBcMQzwB\/JZbwydGH\/KjW0C0Re8v\/EUj+oxwYQ\/9HkvrbRQ585MO3DE0P3Du7go8rt7i9vX\/\/zr0S\/nFk6x9hZpIjn5wHHr02mYtmB6GHYojzDSjACHXHMPlad6VbbLDUQqx4lMz5HQL+h2qNua8WjQhVEX+6Vz3f0EwlyN6EhhPRaLZKItFR3sUS9ff2TJFUeYFVFG5RmcFJACgcjaT4tepmAXBpSldpsZImWBQy+eQWeYCcf2e3q4gs1GEizmZRoUuko+SuaMaljhgK+IB1VzkduagivD3og2FwgogsngAat9GjZuf9SKywEjQ7AkgIwMGUSE9gHpckaBN+tIXGttMYa4syEfXU4dha2FYs3oGfbTABDSY07Cv14kU+sIJIcg+RYt16kIXGLGUCYpQ9Fuo0hlV1HdbozQ7rz9s1C8MGt57rR58JYjcVOklEEFSqEstmxnHX1DhEXSuWRte76hJf2FkIl0p3GarwlFi2mBtTCenHSosShYGqzoYZshvBfi9i7ASq8iN3YdNlbBDLgjPq6x2Vh4WB9YylbGHM\/\/ixSSbDdc5pYJPJZ7r2Q1Ms0SDN0cbqNFgS4cuIRWhqcilWuKwmzfNqnHMrfDZAEZNHFQlGmtk+lH0gFxWrH0LaJVDCo70TJUOYwwt0ubY7OB+q6GvlY4kCv+J13HHsK2cAZia+MKzSANAahw7cXQjv0xrykKsRDASCL0jY++m5gKMn\/YMBOInwXJIVIbn+b1ZabxKTepuPBMEUOHSVjKisEUtDcU+WP4ZraB0W\/\/aXdvcuOSVGuw5IvSXsxcf\/qQj31oNyNP6eksW4DMh9FqfRCnyjGcq7GViwhFz81qcBB4w5jYaOL8MLiINDJ4wBiVeZmUZJpxwWcR2VWZv+D9dIB8R8bAeMN2kAcphbsIrMGiY66pjwTi6iFSay4vsxxIsoJcwg66ilSaOY+zT7AMQSascqLdMPJLuetrAF+ZTCEUYXSoP1qHMCMOgkBDM0yYnF18fb13yezSd7EyBxYdEmOmqS7wuZnHqHVeR+AdtmA6DMPnxg7d\/bHKrcPlLbP8qbJs3GhSjDYpcZ0gGhQTlunB1qVZmrdEkM4puREjtz100mrRao05GdDGCLqZzgGruShQi4JqlLlu2fCyQ4j0dCnByT2dsn8yu0DtsbE1ErChQyNCFXM7HwoLhid9g\/udA8\/OugeHo19MZTC0PPoQzc0pxuW5xqrhHl22mEh9jWqKDquygJpxy5I5TMZObK4hnd4aQlJGTi2lfKVl6B0pd9zFBWzpldIAulRUdh6rHh\/zilwb+ExggsSeIeRJkN2nRr2Ct1UA\/IL8BmiIg7lWob1FHcFReznyrlVSUkErMXAwVpGizLLpQE7I1gkVpOywhD4lXpBXOEElZOZflmIj3hxdkzHqBVHqZg1JKlpjdCNlSk3R66ovKaME35+BkUKODDGL1P5VsIF2qzN0BrpBkRPn\/JVHOUFFdf1zbIWhyDlXRkFy4LVDt6GfGClJfi1AMcOps804tSo79cG2o0xQfVvAl29f\/fe\/WHVx24euy\/e\/zQRToQkb5WIhHsPPv+E4Trd\/lzLfRqN3lihpZLePCbNQKZx0MVfyi2cDPJzOB\/ZFZliuyAjjctg213oT\/ypZ+VXgjSpTx9VQB564e3HxgGSVHaz4M+KEjeg4EAaLkNlwd0g6oCqV7c3kAqCpKP1eSdlzeG2mag\/gfPxvjpFmH+ElT7tq0diLQbS1Mm7njz5mMWivjHI5c7yuw9uWF5LGFCyR1IXX3N8dnKSbrJEOAzs7RKo3Tafl21OdAq8EBH2mAUrhCFrK3WChvXuG4+fPj+eVer46fNHh7JE7eUxDUch\/VKgOo\/v2PIshfNbu00+LZucal6UDAVxXPt883FESdjqEuDZDfk\/C+RQtffl4emfhz1L5DglFZf3nq23vzlz+7DpTLwlY8MAi+E8ClheIAS1l\/ecWPjJ6Obh+7xkwrHT8MIx77LzyLgD1\/2yxfRiabzqqCZkW5X77x9gNxK52+Fe2WGm+QczxmMETCz4DbD1BO\/xRv0wvPCVemrIpWWTx+Qcudir1LepoWKeQXn3aHWPTID0LusEL4EXw8Tq+4+5WRZ7vBbhFSS1+7cJLqDwePitdwvsNDVrT\/K5dxcnU+RlWBKxZ0b0vOAvn+k4eKBQLKXg8OoA\/u8wndjw\/7RyLKZJfGHaU7\/9FS3j0GGkdzAjFpk8M9g95QvmJ9AlnqqNHIFp+1SvdByj+szAF6flmraWS5X323y03v7cozXnOl2sCX54eOp5o9+AjcOQTkCJ6cxzwQd2+8GHv5nwAr13iUVf6ZYkuCo7nOCEY7fULvP4cz2f616y8oHd4NRRMDsFgZcNbPt+bXcom9DCp+qVun9tM2JfhtdmAtUfAu8Hnm1\/2ZjCMEN60VjvffbgQVUO62VsKyIIHfSMtbu9+KC5xy7O9Q3K+qzY9iTothUclJtUKzZ9YKcn3vS8TwaXZq1VFQKYACqqb7yu17ZVjyAoXlTqS7Rfqx2xNHf5On2GccV2nUF3o0wbYIep7AiVCCDqaYOpsaj3ciX8\/paBfo3I8ZIF1Bmlf\/4P\" \/><\/form> \t<div class=\"pdf24Plugin-cp-link\"> \t\t<a href=\"#\" onclick=\"var pdf24Win = window.open('about:blank', 'pdf24PopWin', 'resizable=yes,scrollbars=yes,width=600,height=250,left='+(screen.width\/2-300)+',top='+(screen.height\/3-125)+''); pdf24Win.focus(); document.pdf24Form0.submit(); if(typeof pdf24OnCreatePDF === 'function'){void(pdf24OnCreatePDF(this,pdf24Win));} return false;\">TELECHARGER L\\'ARTICLE AU FORMAT PDF<\/a> \t<\/div> <\/div>","protected":false},"excerpt":{"rendered":"<p>Pour peu que l\u2019on survole la production de Sarah Duby, la nouvelle s\u00e9rie expos\u00e9e \u00e0 art 3 marque un tournant avec ce qui fut montr\u00e9 auparavant\u00a0: des paysages a\u00e9riens, des portraits d\u2019oiseaux en vol, des photographies de montagnes, des tirages &hellip; <a href=\"http:\/\/www.art-3.org\/art-contemporain\/sarah-duby-texte-de-pascal-thevenet\">Continuer la lecture <span class=\"meta-nav\">&rarr;<\/span><\/a><\/p>\n","protected":false},"author":1,"featured_media":0,"parent":0,"menu_order":0,"comment_status":"closed","ping_status":"open","template":"","meta":{"footnotes":""},"class_list":["post-1550","page","type-page","status-publish","hentry"],"_links":{"self":[{"href":"http:\/\/www.art-3.org\/art-contemporain\/wp-json\/wp\/v2\/pages\/1550","targetHints":{"allow":["GET"]}}],"collection":[{"href":"http:\/\/www.art-3.org\/art-contemporain\/wp-json\/wp\/v2\/pages"}],"about":[{"href":"http:\/\/www.art-3.org\/art-contemporain\/wp-json\/wp\/v2\/types\/page"}],"author":[{"embeddable":true,"href":"http:\/\/www.art-3.org\/art-contemporain\/wp-json\/wp\/v2\/users\/1"}],"replies":[{"embeddable":true,"href":"http:\/\/www.art-3.org\/art-contemporain\/wp-json\/wp\/v2\/comments?post=1550"}],"version-history":[{"count":5,"href":"http:\/\/www.art-3.org\/art-contemporain\/wp-json\/wp\/v2\/pages\/1550\/revisions"}],"predecessor-version":[{"id":2649,"href":"http:\/\/www.art-3.org\/art-contemporain\/wp-json\/wp\/v2\/pages\/1550\/revisions\/2649"}],"wp:attachment":[{"href":"http:\/\/www.art-3.org\/art-contemporain\/wp-json\/wp\/v2\/media?parent=1550"}],"curies":[{"name":"wp","href":"https:\/\/api.w.org\/{rel}","templated":true}]}}