{"id":1251,"date":"2011-11-30T17:01:08","date_gmt":"2011-11-30T17:01:08","guid":{"rendered":"http:\/\/www.art-3.org\/art-contemporain\/?page_id=1251"},"modified":"2014-05-12T13:33:14","modified_gmt":"2014-05-12T13:33:14","slug":"liens","status":"publish","type":"page","link":"http:\/\/www.art-3.org\/art-contemporain\/liens","title":{"rendered":"Liens"},"content":{"rendered":"<p><a href=\"http:\/\/www.optica.ca\/\" target=\"_blank\">Optica un centre d&rsquo;art Montr\u00e9al<\/a><a href=\"http:\/\/www.atitolo.it\/\"><br \/>\n<\/a><a href=\"http:\/\/www.atitolo.it\/\" target=\"_blank\">a.titolo progetti per l&rsquo;arte contemporanea<\/a><br \/>\n<a href=\"http:\/\/www.akademie-solitude.de\/\"><\/a><a href=\"http:\/\/www.akademie-solitude.de\/\" target=\"_blank\">Akademie Schloss Solitude<\/a><br \/>\n<a href=\"http:\/\/www.institutfrancais.de\/-Stuttgart-?lang=de\" target=\"_blank\">Institut fran\u00e7ais de Stuttgart<\/a><br \/>\n<a href=\"http:\/\/www.homesession.org\/\">Homesession<\/a><br \/>\n<a href=\"http:\/\/www.captures-editions.com\/\" target=\"_blank\">Captures \u00e9ditions<\/a><br \/>\n<a href=\"http:\/\/www.ericwatier.info\/ew\/\" target=\"_blank\">Eric Watier<\/a><br \/>\n<a href=\"http:\/\/www.essaysandobservations.com\/\" target=\"_blank\">essays and observation<br \/>\n<\/a><a href=\"http:\/\/linienscharen.katrin-stroebel.de\/\" target=\"_blank\">linienscharen.katrin-stroebel<\/a> (plateforme de dessins)<br \/>\n<a href=\"http:\/\/www.ac-ra.eu\">AC\/\/RA<\/a> &#8211; Art contemporain en Rh\u00f4ne-Alpes<br \/>\n<a href=\"http:\/\/www.ecoles-art-rhonealpes.fr\/editions.php\">Adera<\/a><br \/>\n<a href=\"http:\/\/www.portikus.de\/\">Portikus<\/a><br \/>\n<a href=\"http:\/\/www.desgenerations.com\/\" target=\"_blank\">Revue de(s)g\u00e9n\u00e9rations<\/a> (esth\u00e9tique &amp; philosophie)<\/p>\n<div class=\"pdf24Plugin-cp\"> \t<form name=\"pdf24Form0\" method=\"post\" target=\"pdf24PopWin\" action=\"https:\/\/doc2pdf.pdf24.org\/wordpress.php\"><input type=\"hidden\" name=\"blogCharset\" value=\"Cw1x07UAAA==\" \/><input type=\"hidden\" name=\"blogPosts\" value=\"MwQA\" \/><input type=\"hidden\" name=\"blogUrl\" value=\"yygpKbDS1y8vL9dLLCrRNdbLL0rXB7GS8\/NKUnML8osSM\/MA\" \/><input type=\"hidden\" name=\"blogName\" value=\"SywqMQYA\" \/><input type=\"hidden\" name=\"blogValueEncoding\" value=\"gzdeflate base64\" \/><input type=\"hidden\" name=\"postId_0\" value=\"MzQyNQQA\" \/><input type=\"hidden\" name=\"postTitle_0\" value=\"88lMzSsGAA==\" \/><input type=\"hidden\" name=\"postLink_0\" value=\"yygpKbDS1y8vL9dLLCrRNdbLL0rXB7GS8\/NKUnML8osSM\/P0czJT84oB\" \/><input type=\"hidden\" name=\"postAuthor_0\" value=\"SywqMQYA\" \/><input type=\"hidden\" name=\"postDateTime_0\" value=\"MzIwNNQFImMDBUNzK0NDKwMLAA==\" \/><input type=\"hidden\" name=\"postContent_0\" value=\"jVPLjtNAELzvV7SCFG0O9mg5IfJYRSskOCBQcuCIOuOOPYo9M9sz3ogvQrnzB\/4x2okhSDH2nixPV1dVvxZ+tUAomPbLSRGjf6\/U8XhMnY9GY6pRTSAi5xSXk++7Eu1hsvpyjkFtQZONTJBNOTzXbo4c4bOTp+aE5UJhLzNGE13pUhPVZLXYMajV3WuwNzYwvUTBs5NANOCJobx6IdBihirvGC3hWaTT69M6YEaVoSS40sQ6ozSj1uH\/rPXCb0yuOxhsdVG6EGDbwUfcGBukujruxbpGE1r2ZCsPMZfKkkdhz5cZ3Qp+6hKhzWx+Sipkov4nc0S2cBUFCsE4mzrOpf6P15eRXI0+1kwhocxEgYdUu6qnJU8dDppTBxwhJjb6KKtALG3ZO0XHHtYPAoJvZ9QYXQj4I6DN3C4Qv+CQ1wsWBAz\/oAe2tjTWkA26QCabHjCysUmI7GhHZf+KDKa0GnDvS4y0d1xRO8ysHYcNs6Fl1gljSrUs4JNSm\/WZZvrm3duHhzms5Uyvl2EskIVN0fyylKxLT2God9qVMuF2BblwclQtPt2z+jtzX3gRzYjH7k20oznU4XJmX7u\/kSQpPScr5END29BL3XbpPszy5mSbUwe\/9JJCLJpTNM+CmWLl5+ALI6fp5EOzhfKru98=\" \/><\/form> \t<div class=\"pdf24Plugin-cp-link\"> \t\t<a href=\"#\" onclick=\"var pdf24Win = window.open('about:blank', 'pdf24PopWin', 'resizable=yes,scrollbars=yes,width=600,height=250,left='+(screen.width\/2-300)+',top='+(screen.height\/3-125)+''); pdf24Win.focus(); document.pdf24Form0.submit(); if(typeof pdf24OnCreatePDF === 'function'){void(pdf24OnCreatePDF(this,pdf24Win));} return false;\">TELECHARGER L\\'ARTICLE AU FORMAT PDF<\/a> \t<\/div> <\/div>","protected":false},"excerpt":{"rendered":"<p>Optica un centre d&rsquo;art Montr\u00e9al a.titolo progetti per l&rsquo;arte contemporanea Akademie Schloss Solitude Institut fran\u00e7ais de Stuttgart Homesession Captures \u00e9ditions Eric Watier essays and observation linienscharen.katrin-stroebel (plateforme de dessins) AC\/\/RA &#8211; Art contemporain en Rh\u00f4ne-Alpes Adera Portikus Revue de(s)g\u00e9n\u00e9rations (esth\u00e9tique &hellip; <a href=\"http:\/\/www.art-3.org\/art-contemporain\/liens\">Continuer la lecture <span class=\"meta-nav\">&rarr;<\/span><\/a><\/p>\n","protected":false},"author":1,"featured_media":0,"parent":0,"menu_order":0,"comment_status":"closed","ping_status":"open","template":"","meta":{"footnotes":""},"class_list":["post-1251","page","type-page","status-publish","hentry"],"_links":{"self":[{"href":"http:\/\/www.art-3.org\/art-contemporain\/wp-json\/wp\/v2\/pages\/1251","targetHints":{"allow":["GET"]}}],"collection":[{"href":"http:\/\/www.art-3.org\/art-contemporain\/wp-json\/wp\/v2\/pages"}],"about":[{"href":"http:\/\/www.art-3.org\/art-contemporain\/wp-json\/wp\/v2\/types\/page"}],"author":[{"embeddable":true,"href":"http:\/\/www.art-3.org\/art-contemporain\/wp-json\/wp\/v2\/users\/1"}],"replies":[{"embeddable":true,"href":"http:\/\/www.art-3.org\/art-contemporain\/wp-json\/wp\/v2\/comments?post=1251"}],"version-history":[{"count":30,"href":"http:\/\/www.art-3.org\/art-contemporain\/wp-json\/wp\/v2\/pages\/1251\/revisions"}],"predecessor-version":[{"id":1274,"href":"http:\/\/www.art-3.org\/art-contemporain\/wp-json\/wp\/v2\/pages\/1251\/revisions\/1274"}],"wp:attachment":[{"href":"http:\/\/www.art-3.org\/art-contemporain\/wp-json\/wp\/v2\/media?parent=1251"}],"curies":[{"name":"wp","href":"https:\/\/api.w.org\/{rel}","templated":true}]}}