{"id":1035,"date":"2011-08-26T12:25:44","date_gmt":"2011-08-26T12:25:44","guid":{"rendered":"http:\/\/www.art-3.org\/art-contemporain\/?page_id=1035"},"modified":"2012-06-21T09:57:16","modified_gmt":"2012-06-21T09:57:16","slug":"ludovic-paquelier-texte-de-pascal-thevenet","status":"publish","type":"page","link":"http:\/\/www.art-3.org\/art-contemporain\/ludovic-paquelier-texte-de-pascal-thevenet","title":{"rendered":"Ludovic Paquelier : texte de Pascal Thevenet"},"content":{"rendered":"<p>\u00c0 l\u2019invitation d\u2019art3, Ludovic Paquelier pr\u00e9sente le projet, <em>Traumaville<\/em>,  r\u00e9alis\u00e9 sp\u00e9cialement pour l\u2019exposition. Il est compos\u00e9 d\u2019une maquette  de ville de grande dimension et de dessins muraux. La maquette qui se  d\u00e9ploie dans l\u2019espace est faite de mat\u00e9riaux et d\u2019objets de  r\u00e9cup\u00e9ration. Con\u00e7ue comme un d\u00e9cor, en changement constant, elle g\u00e9n\u00e8re  les dessins r\u00e9alis\u00e9s directement sur les murs. L\u2019ensemble rend compte  de l\u2019univers de l\u2019artiste tourn\u00e9 vers la culture urbaine, fait de  r\u00e9f\u00e9rences aussi diverses que la musique rock et son esth\u00e9tique, la  litt\u00e9rature, le cin\u00e9ma de science-fiction et la BD. Pour la premi\u00e8re  fois, les deux pratiques (dessin et sculpture) se confrontent et  s\u2019enrichissent afin de produire une narration ouverte.<br \/>\nLudovic Paquelier d\u00e9veloppe un travail entre la peinture et le dessin,  sur toile ou directement contre le mur. Il peint son univers proche (<em>Douche<\/em>, 1997 ; <em>T\u00e9l\u00e9phone maison<\/em>, 2000 ; <em>Moteur<\/em>,  2001 ; <em>Jour d\u2019\u00e9clipse<\/em>,  2002) ou s\u00e9lectionne des photographies dans les magazines dont certains  d\u00e9tails sont extraits puis recompos\u00e9s, associ\u00e9s \u00e0 l\u2019imaginaire de  l\u2019artiste. \u00ab D\u00e8s lors l\u2019image qui en r\u00e9sulte n\u2019est pas une traduction  picturale de la photo, elle est une peinture graphique (le noir) qui  s\u2019affirme comme tel \u00bb. L.Paquelier \u00bb<br \/>\nart3, dans sa fonction de laboratoire, propose l\u2019exp\u00e9rience visuelle de  l\u2019auscultation. Le sujet en est une mod\u00e9lisation d\u2019un espace urbain.  Quelques d\u00e9bris mais pas de l\u00e9sions apparentes. Nulles traces de coups  mais des plaies. Un sympt\u00f4me : un monochrome qui recouvre la totalit\u00e9 de  <em>Traumaville<\/em>.<br \/>\n<em>Traumaville<\/em> semble l\u2019image d\u2019un pass\u00e9. Pourtant, aucune trace  d\u2019\u00e9rosion, aucune poussi\u00e8re. Comme si la peinture avait tout plaqu\u00e9,  comme si la couleur reconstruisait les contours \u00e9br\u00e9ch\u00e9s. Il s\u2019agit  d\u2019une mise \u00e0 plat de la ruine. Ruine non pas d\u2019un lieu, non pas d\u2019une  zone, mais d\u2019une soci\u00e9t\u00e9. L\u2019industrie a modifi\u00e9 le paysage naturel. Mais  l\u2019organique ne peut, chez Ludovic Paquelier, reprendre le dessus.  Traumaville est hors la loi biologique. Le vivant en est exclu.<br \/>\n<em>Traumaville<\/em> est en l\u00e9thargie. Son observation, jusque dans ses  moindres constituants, est n\u00e9cessaire. Le diagnostic reste difficile.  D\u2019o\u00f9 vient le traumatisme ? De la posture artistique ? du rapport au  paysage ? De la fonction de <em>Traumaville<\/em> ?<br \/>\nL\u2019inspiration n\u2019habite pas Ludovic Paquelier. Il s\u2019en d\u00e9fend m\u00eame.  Pourtant, il est peintre. Mais cette pratique d\u00e9pend fortement des  conditions mat\u00e9rielles qui la g\u00e9n\u00e8rent. Il s\u2019agirait donc d\u2019un art  pragmatique, \u00e0 l\u2019image de cet extrait de soci\u00e9t\u00e9 que montre <em>Traumaville<\/em>.<br \/>\nLorsque Ludovic Paquelier n\u2019avait qu\u2019un studio pour produire, il  peignait son environnement, la s\u00e9rie des salles de bains, ou adaptait sa  pratique \u00e0 l\u2019exigu\u00eft\u00e9 en peignant sur des pans de toiles pli\u00e9es.  L\u2019artiste parle de simplicit\u00e9 logistique : un support brut, une couleur  unique, une adaptabilit\u00e9 aux conditions de travail. Celles-ci d\u00e9pendent  d\u2019un pr\u00e9alable essentiel : la plate-forme documentaire. Avant tout  passage \u00e0 la production, est effectu\u00e9 un entreposage m\u00e9thodique de  formes, d\u2019images. Cette mati\u00e8re premi\u00e8re est vou\u00e9e \u00e0 transformation  puis, si n\u00e9cessaire, \u00e0 la mise en circulation.<br \/>\nMais l\u2019entreprise a grandi. Depuis que Ludovic Paquelier loue un atelier  \u00e0 Centrifuj, ancienne usine de cartonnage, le travail prend une autre  dimension. Il quitte la plan\u00e9it\u00e9 du mur pour se d\u00e9velopper dans  l\u2019espace. Le pictural devient sculptural. La pratique s\u2019adapte,  pragmatiquement, \u00e0 l\u2019esprit d\u2019un lieu. Dans cette friche industrielle,  l\u2019artiste r\u00e9cup\u00e8re, d\u00e9monte, classe des produits de la soci\u00e9t\u00e9  industrielle. \u00c0 mieux observer, cette tour-antenne est le collage de  pi\u00e8ces usin\u00e9es, mais hors d\u2019usage. Ludovic Paquelier d\u00e9mant\u00e8le et  recompose. Un circuit \u00e9lectronique, un rh\u00e9ostat\u2026tous ces composants dont  on ne conna\u00eet pas la fonction exacte, mais dont on sait que, s\u2019ils  manquent, la machine nous \u00e9chappe.<br \/>\nCollecte, stockage, transformation des rebuts, telle est la m\u00e9thode de  travail. Elle est calqu\u00e9e sur un mod\u00e8le v\u00e9hicul\u00e9 par la soci\u00e9t\u00e9  industrielle tout en incluant sa critique. Il s\u2019agit donc bien d\u2019un  labeur quotidien, d\u2019une transpiration r\u00e9guli\u00e8re, d\u2019une \u00ab  contre-inspiration \u00bb. Mais surtout, cette m\u00e9thode d\u00e9crit un rapport au  travail normalis\u00e9, dont le m\u00e9canisme est enray\u00e9 depuis les ann\u00e9es 70.  Ludovic Paquelier le sait, lui qui n\u2019a jamais voulu envoyer un CV ou  r\u00e9diger une lettre de motivation. Mais il travaille. Autrement.<br \/>\nLe paysage est une vue, mais aussi un mot, tous deux invent\u00e9s par le  peintre. Pour avoir lieu, il doit y avoir nom. Le lieu sans nom n\u2019existe  pas. Ludovic Paquelier nomme : <em>Traumaville<\/em>. Trop ma ville.  Autoportrait par d\u00e9faut. Elle est la ville que projette l\u2019artiste. Il  nous en livre un mod\u00e8le, une maquette, comme nous en verrions dans nos  prospections immobili\u00e8res. Mais, au paysage id\u00e9alis\u00e9 de l\u2019architecte,  Ludovic Paquelier substitue un paysage d\u2019un neuf d\u00e9j\u00e0 vieilli, d\u00e9j\u00e0  alt\u00e9r\u00e9. Alt\u00e9ration gagn\u00e9e par la peinture grise mais aussi par notre  conscience de la situation : Traumaville est l\u2019image d\u2019une prosp\u00e9rit\u00e9  perdue, qui montre une nouvelle forme d\u2019utopie. Celle-ci n\u2019est plus  collective. Elle n\u2019est plus le r\u00eave d\u2019une meilleure humanit\u00e9. Elle est  pragmatique et individuelle : comment acqu\u00e9rir une portion de territoire  alors que la condition de cette acquisition (la prosp\u00e9rit\u00e9) s\u2019alt\u00e8re ?<br \/>\nSelon Thomas More, Utopia est un lieu id\u00e9al, donc un hors-lieu. <em>Traumaville<\/em> est l\u2019empreinte d\u2019o\u00f9 pouvait na\u00eetre un id\u00e9al. Ce n\u2019est donc pas un  hors-lieu. \u00ab Nom de lieu : le nom \u00bb. Traumaville. \u00ab Nom de lieu : le  lieu \u00bb. Trop ma ville. Il y a oscillation entre utopie et contre-utopie.  Entre \u00e9l\u00e9vation et mod\u00e9lisation. Entre sculpture et maquette. Entre  paysage et lieu. Est-ce cette ind\u00e9termination qui est traumatisante ?<br \/>\nTrauma : l\u00e9sion locale produite par un agent ext\u00e9rieur agissant m\u00e9caniquement<br \/>\nLa fonction de <em>Traumaville<\/em> n\u2019est pas pr\u00e9cise. Pourrait-elle, en l\u2019\u00e9tat, \u00eatre isol\u00e9e ? Dans un coin du laboratoire, s\u2019\u00e9tend une peinture. <em>Traumaville <\/em>arr\u00eate  momentan\u00e9ment sa prolif\u00e9ration pour laisser une place \u00e0 un mural,  forc\u00e9ment provisoire. Par les liens plastiques qui se tissent entre les  deux productions, elle devient sculpture. Par sa confrontation avec la  peinture, elle devient paysage. Pourtant, pour l\u2019artiste, elle se  destine \u00e0 une autre fonction. \u00c0 partir du moment o\u00f9 Ludovic Paquelier a  auscult\u00e9 la grue laiss\u00e9e par un enfant ; \u00e0 l\u2019instant o\u00f9 il a commenc\u00e9 \u00e0  diss\u00e9quer une machine \u00e0 laver, l\u2019intention \u00e9tait claire. Produisant des  images peintes \u00e0 partir d\u2019une collecte de documents, issus de la presse,  ou personnels, Ludovic Paquelier d\u00e9cida la construction d\u2019un espace  r\u00e9servoir de nouvelles images. La structure documentaire de la d\u00e9marche  s\u2019en trouva modifi\u00e9e. Les piles de vieux magazines, les classeurs de  photocopies, les amoncellements de journaux gratuits indiquent le  basculement du plan vers le volume. Il ne s\u2019agit plus de montrer un  cheminement de la r\u00e9f\u00e9rence mais plut\u00f4t d\u2019en d\u00e9gager une architecture.<br \/>\n<em>Traumaville<\/em> est donc une architecture documentaire g\u00e9n\u00e9ratrice d\u2019images. <em>Traumaville<\/em> a ainsi trouv\u00e9 sa fonction. Elle est d\u00e9cor. Elle est la miniaturisation  d\u2019une partie de notre monde qui appuie l\u2019invention d\u2019images d\u2019un  hors-monde, o\u00f9 la figure humaine se dissout, ou se compl\u00e8te dans des  abstractions inachev\u00e9es. O\u00f9 la d\u00e9termination du trait lutte avec  l\u2019al\u00e9atoire de la tache. O\u00f9 la ma\u00eetrise se voit concurrencer par  l\u2019accident. Le mural est une image g\u00e9n\u00e9r\u00e9e par Traumaville, comme il en  existe toute une s\u00e9rie, d\u00e9notant son potentiel cr\u00e9atif.<br \/>\nActuellement, Ludovic Paquelier exp\u00e9rimente <em>Traumaville<\/em> en  produisant des images manuelles. Il n\u2019est pas \u00e9crit, au vu de son  assiduit\u00e9 et de ses connaissances cin\u00e9matographiques, qu\u2019il ne remplace  le pinceau par la cam\u00e9ra, agent ext\u00e9rieur agissant m\u00e9caniquement. Pascal  Thevenet<\/p>\n<p>&nbsp;<\/p>\n<address>Ludovic Paquelier est n\u00e9 en 1971. Il vit et travaille \u00e0 Valence.<br \/>\nEtudes<br \/>\n1994 \u2013 1995 DNAP, Ecole d\u2019art de Valence<br \/>\n1997- 1998 DNSEP, Ecole d\u2019art de Valence<br \/>\nExpositions personnelles<br \/>\n2006 Traumaville, art3<br \/>\n2005 Espace d\u2019exposition, Viviers<br \/>\n2000 Petit Th\u00e9\u00e2tre de Valence<br \/>\nExpositions collectives<br \/>\n2005 Inauguration de l\u2019atelier Centrifuj, Valence<br \/>\nFestival \u2018midi-minuit\u2019, espace d\u2019exposition, Viviers<br \/>\n2003 Changer son matin, CRAC, Valence<br \/>\nAtelier Rond Point, Valence<br \/>\n2002 Les nouvelles lunes, Alba la Romaine<br \/>\n2001 Int\u00e9rieur, Centre culturel, Bonlieu, Annecy<br \/>\nAdage, salle des Clercs, Valence<\/address>\n<div class=\"pdf24Plugin-cp\"> \t<form name=\"pdf24Form0\" method=\"post\" target=\"pdf24PopWin\" action=\"https:\/\/doc2pdf.pdf24.org\/wordpress.php\"><input type=\"hidden\" name=\"blogCharset\" value=\"Cw1x07UAAA==\" \/><input type=\"hidden\" name=\"blogPosts\" value=\"MwQA\" \/><input type=\"hidden\" name=\"blogUrl\" value=\"yygpKbDS1y8vL9dLLCrRNdbLL0rXB7GS8\/NKUnML8osSM\/MA\" \/><input type=\"hidden\" name=\"blogName\" value=\"SywqMQYA\" \/><input type=\"hidden\" name=\"blogValueEncoding\" value=\"gzdeflate base64\" \/><input type=\"hidden\" name=\"postId_0\" value=\"MzQwNgUA\" \/><input type=\"hidden\" name=\"postTitle_0\" value=\"8ylNyS\/LTFYISCwsTc3JTC1SsFIoSa0oSVVISQUKFicn5iiEZKSWpeallgAA\" \/><input type=\"hidden\" name=\"postLink_0\" value=\"FchBDoAgDATAF5UevPmbBjZCghRrAZ+v3iaT3fvOvNYKYk5bUDv4V9TmOLualMZ1JJ0lUpdroBYYOR4HJXx1R6nkGRMN\/gI=\" \/><input type=\"hidden\" name=\"postAuthor_0\" value=\"SywqMQYA\" \/><input type=\"hidden\" name=\"postDateTime_0\" value=\"MzIwNNQ1sNA1MlMwNLIysLAyMQEA\" \/><input type=\"hidden\" name=\"postContent_0\" value=\"jVpNjxy3Eb37V\/AUSMDsSrLjKJIFCeuVAiSQHUX+uHO6ObNUuputJjmQfNJ\/yCW5BTkkWgdILr4Evnn+iX5J3qsie3q064+TdrpJNln16tWroh6MD\/dvTPfuzd\/8sPPJJh8G0+KnndJHK\/M0t2HnG\/PMvsyu824y47S\/jG5IznQOP8ILl1bmgesffjnZ3Nud7zr34BZ+r4zBUNv5uL80cdxfNt52rsdUM4Y8yTfdqzFEz2+emt93xsVkmtDjGaZwE3lwpuenE75nWmdkef6xneyAf1qPBSP37BIfty5GP0TTZ+zm1al5ag\/zX2ZvIpfZX45d8BhsMVK2EUfbOPn8xvokH+ht2l9OHqvI0hgV1jhr5DserMk40mR17+dh2P8rO26+dyYP\/EYTppVxg2ku7LDVczdhiMkOMJjjMbb7y2H\/dsJ6nYvz1mej4ZGfXJN0bqTJnJws4lzc9RBdv8Y6kxtasVsxUieW8zs3xfoT3vQRrxMsP8C48q6zpsldythBntbWD24l569H3OCAbmjwUZuxN2yH0\/ATBuXkPkfPP6fQ\/JlGinRDTBf7y8TnK44xnU9JDIXPrIiZxmMDveVHYuO5\/snGN6n4EFM+fXxqnglCLADmeq822gQfV8VScMpI2+Mr0dxQy8kOcJ6RX7pJT8PcmykAqjAfXpooRpt8c+EjIWzsBtNagXGbPc0AvA12UreakHHe5E4frCdz6+EHV2MBXt65Loyj+DxNdmc9UDykSewzOj+IdXmuik2EBV2ZgsejkI98jA3LVEcvS0TIEmLY6lDstblw5gZD7nHI+LtE25179+6aTzQU95cdQH4RJHw8ppcxH96+fbuM+Swkl6caqXhxp7z4A01PvAPCnR+jW4z58Ca3DGx2Tjw2yKkMvpQCInK88HSPhBWharf2G6AKjwJPB2NaIpx2w19d5MHgmlewnEdkjdkD\/q4yALxtYwyNZyjs\/64khTX9YOkrgnQB7VPzw7\/N4\/1bfDpMcR6sYY8wJG0B7PCvBDxIyEbxNz7eZsWfGQFEMIdSDD3Ig5Vo5RyOn72qB2YA3MDrIfjppnxMcGY3Gz\/1lRGS68wP3yNsTw\/g+eH7gitlWrFatID5oJuRHawDsIiVETpwPMziKm+SnBg8oMSYXWFFNUhmGKRCTU8RZhnERRvUI\/QBHgDHHNg+86WQoDLBqTF\/wqoSXxi7nnwUJInVuDNYE3PBDONoJ6YDkNLnuaPbYdBGohSHzyPcLRMFJ531HPjVYOJr0NX+O9jmPmOnDwNgPYVe\/UUQ5J1GUQoJfJiYEXDA6zJNDdDr3pnCkQc8lOPiIMCYMo1yss1NwUNDHpUImAKPOb9D4kIMk4\/I+fQsaHEZ6WSARJZNPOzLvL9E4DSLkThXh7iTEyIZTIA8Z9BujH5sBliHvRF84NEoJCB42mLUISd6AAEhgW+kAlWsNGBXz\/kPwDiop\/SswFtevfcQR\/wmkPHVO+WZhluiYZ6KJmgzNolcaQkav8FLyfv2daQtB6H17tR8xkXEyGHa2kGiQmIlw7DgqG+uKokVbDAydSnjkR0zzmsWHhTAXgRNVUjZZu1DF7ZcXYC98zs7zMh2r5ou\/yQWZNRA8KYLO209VvmCPL+ObtpJMKzMixy5eQ1HR\/QGzz1Gzd4+ZXwS1MS1kMiA9Eg6kv203m6HgEENzsZ0C4sht4Hpca7HNM7+f9g0qb4ToGF7IC+A45F5rISD2YIjITUx4yPTZgOqGcOEjJXNbPw6Z8kY1x77UU1g4tE4+pLfyIQXdk3BQ1xc8dAMPieCZkOZ0e+\/7XmaQ9h41W0SArSDQKERxVVztEguzt7gDJrqSAe0aCvqL1a55YRBSAE4WNVHQ1qGwSQKBWeu6IatDD+17W3RHYtkIbTYuDnLiOyoIBch02vS\/SlieQoIcuhVBUATasy\/zLob+K\/1QSVu1RViJFpoO3Co6CSo7YkJlNYQpRTl\/GKYaDvVOYZcDLAh6drWjklmW3MwbDmpe+W3ef9fHgm+0g8VzSi8SzC3TkUHaRjHJw9LjFdpCB7XJBJ9jxGNUC6jreBQeDpmxeF6YmCTMSqhUaCI8flQN7v2ytvU0AtXt65KJZCoOPyk8RUixMZM0SKF7VqIgIIN8MA2GCbgPcjGwAzbhibTiBqFZ8IIQsBC8UQAjWTVGY0GuRDBZgMRA4bmuUSzIfg4vCc9gOwEuCI88Rk4oa2Qitw38U3AiTg9yFSuvAtYVT6Lcw6R823RF5kaFplgwRyrsj\/hdNYLfkL61uxd8CchJX6WbU4cabUE8qdgARFO1wO0C1nEKewlv\/mxcy7jN\/kF8tpACQ6PQcoPGivAA3CJY64KSYmoFaZW32aGy6HykthExNIg6hocTvN1po7VUIhuoZYnpddF7SX0WdUXtqEkWeW87aSSm1EvTECIYY\/LyNdYqjERYai0TIEwFT+r3LRhHeDMnOGAw9WRoKxF3lu6CHsnT+CvpgOqiuyV8NaSkAE808rRqqcGBXbvWbNoomHq0z0w3Z9YFiiDIoflUei6QlswyP4tpRSdw4gtyVoyopyLeD011xYmPdbdv+2k+JhFtRPtJQiDaVTGg4Vq4JoJmgMZyKZ3b\/6JzdFWsVTkzHqq4w1Th1RXg93\/R4X0Mg25V7ZJs7DgDDyMypF4TOdR++P9gAeF\/XqLqkyUS6YAQtEMnFT8n8MmTtaMCbWmYPO90KI\/JrfOTM1p1utcWKNZDTrzzpM6orHdS4lWcqUI0VastttfXnjAD94EMf6Ee5VrELd+gPwQ1oXKA\/JUpSzlmySttXez5KbAJ3e+zCH5Fi9WsxCT482ZGlDc5s4XLJYhqHdKxXiyzOqsM4QwcCLurYLtYAiYl5FBfy9kRY30gTaVBsRKvdfJ3AaqjkpFNdRkX4sgF+ZhTrGDINTcvc20cpWGnCAArkZqZ3qXxGleWAEJCLPLTInhtRMvnH\/NlMdjt34rj6gRU9Kyr4e1dqW8kZNi12X3DLczEhSpYE7fB8FaK6BdrgDV1oZ4HtsT0Et\/wQ87LMHSU\/zvzEHhSHPC7lCWFWWN77cBFn1dng6hF0LjW5wbnIMnWni+EmphzFwXt4NUCvevFyNQxmHEprUJBjPjoIHuE13DXVKkgZ4X8O7KaMkO2q1L7rhsBkI16qiM\/U66IDUMNJvXDtqqVDJ1NJhs0oyuR4wk4xBH7Q3ALX0fqAEI26iuYiU1O8O3c39wblOBBZKG+jXmiXktCly2WFcpsTS4vKEBXoD+kT1waL+qv43tqC5Z1Zx1qbbtzBZqnaFfAnxR2DPBLtDBAUOQtMciQLtWlfVZEchy96+ULu8XnU7tQ6EnPIJM2BKIDIgiQ7Ny4E6opQgczoWnWa6IXqJcmrsYXRYhLQTpd674\/ug1W4T7b3eHXfQ0j+NRL7DfwUu9N2NmmVGZPcB2fudbbTLcVwywedaQOCev0UkclhokERbStKDhmatKv3DWgEWTA4lcxGsH2NxQkTbb56YyJxxGYVWLmC8gIQbz5UXokXY+CyTEr2gcW2Jbg06htVLKxUOmzBPVAD9aGYpo6CF0PLvbbSnXoF5E30uu0+DQxemM2c7yHe0omeXHwNGfI\/TbwgX3jXSKeiHpxSauH6h\/6tCjyEfIgmpMABI7VYql6agwodNKYqi4MU\/kvfQFd7Y2W4\/6QKdlzNxDlREl9OvLA5GmIqmexHTSVHcCKsgybur9oB+R5hvsM9e6VDuzL9UCPKy2k6BWG9vVfqzWJCJet077hFIikXxRlXCpmpiK9qt8\/wtq4mUXkHVG42NhdrLpicpBMqK0gaCIoCu\/pQV8DB1J45GKSeyuCewi5+NuXdR5VTRXbrkCPyPbsRMClHmhD1LKsEPuVErAFp3fzJylVyeWDewSeB3bVSA5sjal8koqlqasgOk7bFlqo2dWrxDguEGacbF00MvNSCpt8dLAZoVeWu21coqlF\/q+QC+LRzv33HW3ducauQWo539vfkHTsgs33w2VBFVmyMUNHEaNKIethUj1tMjskZMmKTzEkIYRfDWPYEOlScoSl5WUEJRnR3AGnRs2RNgnczdB725kSSR8W4gQhuYI1EOcjS9MJWeqnpXaTiS\/rsHLCFpGOuCJ1YS6RhAvkJbOiNaZajYn3e96tELhhfElC9UKGN7xbKLV5vXEqhlwgJRCponsNnRxdX250PjWFo5mV7K5pjMsLXTUL1Q47SFLRVOLYsSdziV5LMvysiGpSiZWXbWrhOID7Dq3FqUMxKl96X7spGqarxH09kcLsKx3W9qhb0hy5bVFIm24L7EIx7zgnRd7EFveQrFeY0aT0kNYdm0JhdKWylLAlvsx7CB0uVfGHdxByUtabWvvSODCLidor3a3pCV7uEIrzfMup\/13WpNqTw0SpABmlj6Mpp9rYpa0djzr2OTSPCNroM51R72La1e1hp0mrx7hha1dRNYsDfRa81hf4tCebeB6nXDQOkSsU6gwUmGsVtv7qDqyd\/XWuUTEYYtzeSSJVKatJOxYZfpt1S0ML1biwLyUObyZkguXsdu\/TaWFK9FkIRsnW1XpgNB0O+2A\/VFXfS9rAQUqquEvihSymHISqF8Zvrg4ca15mV40AsVjJHS8pOEGKYUQmIRYdJkG4SZtzadOSXsuTFQuFudVNlp4q2pwuWc0ptQTrPNUO2oXUZQvrG7L5eEYUmmfNeypJb+pEDsDdGq0XEcN5aaplxv\/6\/E4mJKwZ\/oqboS0lLX1FmOZcbUClWJgl7Uli1UQ1555n11MbdRq132wku2lF6GXx\/W2kdlrpa1XLxGKwk8TotxSoCR3Um+Ivm9sz4BY\/WI5waQWIUgM5KYDTF16cGtEVI4PfzWs4\/iJ\/rItbwfiw2tsp1cEtNCde3fviBV2Xu6i53KV1P41NA92Wl3yJGUYsfy4c+\/er827N3\/h9e7H5vHnZ89W5gnI39X\/pEE7lQUOU+6ecPxvMf6LJz8\/4cn8vzDiIVF08xY+vH37N8cQ5I3l4eXH0ICSINqj\/9GxMl+jbMByh5G3zTOH+g3m3F\/u\/1Gq+R\/fy6Gqicuv\/R5kDhKw8y0pz1Xam4vW5vG6v6N22MGX7978tfetP0GwA2qYuqr57We3\/5E5l\/\/LMQlcKWcx6vz52fn7Hzsru3kO6oK08Qyt4xG8S5dcd8iiXZYUd9atJRE\/D8Jwh\/F3cPCK2JUe1NX\/vwHR92kYtBlxBu81r+tOWmmWyYWChOZ556YmHrZzq8L3g\/8D\" \/><\/form> \t<div class=\"pdf24Plugin-cp-link\"> \t\t<a href=\"#\" onclick=\"var pdf24Win = window.open('about:blank', 'pdf24PopWin', 'resizable=yes,scrollbars=yes,width=600,height=250,left='+(screen.width\/2-300)+',top='+(screen.height\/3-125)+''); pdf24Win.focus(); document.pdf24Form0.submit(); if(typeof pdf24OnCreatePDF === 'function'){void(pdf24OnCreatePDF(this,pdf24Win));} return false;\">TELECHARGER L\\'ARTICLE AU FORMAT PDF<\/a> \t<\/div> <\/div>","protected":false},"excerpt":{"rendered":"<p>\u00c0 l\u2019invitation d\u2019art3, Ludovic Paquelier pr\u00e9sente le projet, Traumaville, r\u00e9alis\u00e9 sp\u00e9cialement pour l\u2019exposition. Il est compos\u00e9 d\u2019une maquette de ville de grande dimension et de dessins muraux. La maquette qui se d\u00e9ploie dans l\u2019espace est faite de mat\u00e9riaux et d\u2019objets &hellip; <a href=\"http:\/\/www.art-3.org\/art-contemporain\/ludovic-paquelier-texte-de-pascal-thevenet\">Continuer la lecture <span class=\"meta-nav\">&rarr;<\/span><\/a><\/p>\n","protected":false},"author":1,"featured_media":0,"parent":0,"menu_order":8,"comment_status":"closed","ping_status":"closed","template":"","meta":{"footnotes":""},"class_list":["post-1035","page","type-page","status-publish","hentry"],"_links":{"self":[{"href":"http:\/\/www.art-3.org\/art-contemporain\/wp-json\/wp\/v2\/pages\/1035","targetHints":{"allow":["GET"]}}],"collection":[{"href":"http:\/\/www.art-3.org\/art-contemporain\/wp-json\/wp\/v2\/pages"}],"about":[{"href":"http:\/\/www.art-3.org\/art-contemporain\/wp-json\/wp\/v2\/types\/page"}],"author":[{"embeddable":true,"href":"http:\/\/www.art-3.org\/art-contemporain\/wp-json\/wp\/v2\/users\/1"}],"replies":[{"embeddable":true,"href":"http:\/\/www.art-3.org\/art-contemporain\/wp-json\/wp\/v2\/comments?post=1035"}],"version-history":[{"count":3,"href":"http:\/\/www.art-3.org\/art-contemporain\/wp-json\/wp\/v2\/pages\/1035\/revisions"}],"predecessor-version":[{"id":2198,"href":"http:\/\/www.art-3.org\/art-contemporain\/wp-json\/wp\/v2\/pages\/1035\/revisions\/2198"}],"wp:attachment":[{"href":"http:\/\/www.art-3.org\/art-contemporain\/wp-json\/wp\/v2\/media?parent=1035"}],"curies":[{"name":"wp","href":"https:\/\/api.w.org\/{rel}","templated":true}]}}